{"id":24156,"date":"2019-04-21T13:24:12","date_gmt":"2019-04-21T13:24:12","guid":{"rendered":"https:\/\/deutschcolor.com\/al\/?post_type=product&#038;p=24156"},"modified":"2025-05-06T06:55:36","modified_gmt":"2025-05-06T06:55:36","slug":"h5000","status":"publish","type":"product","link":"https:\/\/deutschcolor.com\/al\/product\/h5000\/","title":{"rendered":"H5000"},"content":{"rendered":"<p><strong>Karakteristikat e produktit<\/strong><br \/>\n1 Arom\u00eb e leht\u00eb<br \/>\n2 Koh\u00eb normale tharjeje<br \/>\n3 Shum\u00eb rezistent ndaj zverdhjes<br \/>\n4 Nuk ndikon tek sakt\u00ebsia e ngjyrave<br \/>\n5 P\u00ebrmir\u00ebson karakteristikat e zmerilimit<\/p>\n<p><strong>Rekomandimet p\u00ebr p\u00ebrdorim<\/strong><br \/>\nRekomandohet t\u00eb p\u00ebrdoret si katalit p\u00ebr sistemin e astar\u00ebve me baz\u00eb poliuretani si p\u00ebr shembull, Graf 100, Graf 150, Graf 200 dhe Graf 250.<br \/>\nGjithashtu t\u00eb p\u00ebrdoret si katalit p\u00ebr sistemet e boj\u00ebrave me baz\u00eb poliuretani si Bruck 510, Bruck 535 dhe Bruck 560.<br \/>\nDuhet t\u00eb p\u00ebrdoret n\u00eb ato raste ku sip\u00ebrfaqja e lyer nuk do t\u00eb jet\u00eb e ekspozuar n\u00ebn efektin e rrezatimit UV t\u00eb diellit.<\/p>\n<p>###<\/p>\n<p><strong>Ruajtja<\/strong><br \/>\n24 muaj, me kusht q\u00eb kana\u00e7et t\u00eb jen\u00eb t\u00eb mbyllura dhe n\u00eb kushte normale ruajtjeje. Ndalohet rrept\u00ebsisht q\u00eb produkti t\u00eb ekspozohet n\u00eb diell dhe lag\u00ebshtir\u00eb.<\/p>\n<p><strong>Sh\u00ebnime<\/strong><br \/>\n\u2022 Rekomandohet q\u00eb t\u00eb shmanget aplikimi i produktit n\u00eb temperatura n\u00ebn 5\u00baC dhe mbi 30\u00baC.<\/p>\n<p>###<\/p>\n<p>Ofertat qe gjeni p\u00ebr bojra qe jane perdorur ne <a href=\"https:\/\/sq.wikipedia.org\/wiki\/Tirana\">Tirane<\/a> dhe n\u00eb shum vende te tjera te vendit i gjeni ketu. Bojra <a href=\"https:\/\/sq.wikipedia.org\/wiki\/Tirana\">Tirana<\/a> <a href=\"https:\/\/deutschcolor.com\/al\/product-category\/bojra\/\">kliko ketu<\/a>. Partneret tane <a href=\"https:\/\/deltacorporation.eu\/\">kliko ketu<\/a>.<\/p>\n","protected":false},"excerpt":{"rendered":"<p>Katalit transparent universal i nj\u00eb cil\u00ebsie t\u00eb lart\u00eb me tharje normale p\u00ebr t\u00eb gjitha produktet poliuretane<\/p>\n","protected":false},"featured_media":24539,"comment_status":"closed","ping_status":"closed","template":"","meta":{"_glsr_average":0,"_glsr_ranking":0,"_glsr_reviews":0},"class_list":["post-24156","product","type-product","status-publish","has-post-thumbnail","hentry","product_cat-produktet-me-baze-poliuretani","product_cat-katalizatoret"],"yoast_head":"<!-- This site is optimized with the Yoast SEO plugin v15.0 - https:\/\/yoast.com\/wordpress\/plugins\/seo\/ -->\n<title>Bojra nga Tirana Ofron Katalit Transparent Universal - Deutsch Color<\/title>\n<meta name=\"description\" content=\"Bojra nga Tirana. Tirana \u00ebsht\u00eb qyteti i bojra-ve i zbukuruar nga Deutsch Color ofron Katalit transparent universal i nj\u00eb cil\u00ebsie t\u00eb lart\u00eb.\" \/>\n<meta name=\"robots\" content=\"index, follow, max-snippet:-1, max-image-preview:large, max-video-preview:-1\" \/>\n<link rel=\"canonical\" href=\"https:\/\/deutschcolor.com\/al\/product\/h5000\/\" \/>\n<meta property=\"og:locale\" content=\"en_US\" \/>\n<meta property=\"og:type\" content=\"article\" \/>\n<meta property=\"og:title\" content=\"Bojra nga Tirana Ofron Katalit Transparent Universal - Deutsch Color\" \/>\n<meta property=\"og:description\" content=\"Bojra nga Tirana. Tirana \u00ebsht\u00eb qyteti i bojra-ve i zbukuruar nga Deutsch Color ofron Katalit transparent universal i nj\u00eb cil\u00ebsie t\u00eb lart\u00eb.\" \/>\n<meta property=\"og:url\" content=\"https:\/\/deutschcolor.com\/al\/product\/h5000\/\" \/>\n<meta property=\"og:site_name\" content=\"Deutschcolor\" \/>\n<meta property=\"article:publisher\" content=\"https:\/\/www.facebook.com\/deutschcolorofficial\" \/>\n<meta property=\"article:modified_time\" content=\"2025-05-06T06:55:36+00:00\" \/>\n<meta property=\"og:image\" content=\"https:\/\/deutschcolor.com\/al\/wp-content\/uploads\/2019\/04\/H5000-min.png\" \/>\n\t<meta property=\"og:image:width\" content=\"1000\" \/>\n\t<meta property=\"og:image:height\" content=\"1000\" \/>\n<meta name=\"twitter:card\" content=\"summary_large_image\" \/>\n<script type=\"application\/ld+json\" class=\"yoast-schema-graph\">{\"@context\":\"https:\/\/schema.org\",\"@graph\":[{\"@type\":\"WebSite\",\"@id\":\"https:\/\/deutschcolor.com\/al\/#website\",\"url\":\"https:\/\/deutschcolor.com\/al\/\",\"name\":\"Deutschcolor\",\"description\":\"Deutschcolor Albania\",\"potentialAction\":[{\"@type\":\"SearchAction\",\"target\":\"https:\/\/deutschcolor.com\/al\/?s={search_term_string}\",\"query-input\":\"required name=search_term_string\"}],\"inLanguage\":\"en-US\"},{\"@type\":\"ImageObject\",\"@id\":\"https:\/\/deutschcolor.com\/al\/product\/h5000\/#primaryimage\",\"inLanguage\":\"en-US\",\"url\":\"https:\/\/deutschcolor.com\/al\/wp-content\/uploads\/2019\/04\/H5000-min.png\",\"width\":1000,\"height\":1000},{\"@type\":\"WebPage\",\"@id\":\"https:\/\/deutschcolor.com\/al\/product\/h5000\/#webpage\",\"url\":\"https:\/\/deutschcolor.com\/al\/product\/h5000\/\",\"name\":\"Bojra nga Tirana Ofron Katalit Transparent Universal - Deutsch Color\",\"isPartOf\":{\"@id\":\"https:\/\/deutschcolor.com\/al\/#website\"},\"primaryImageOfPage\":{\"@id\":\"https:\/\/deutschcolor.com\/al\/product\/h5000\/#primaryimage\"},\"datePublished\":\"2019-04-21T13:24:12+00:00\",\"dateModified\":\"2025-05-06T06:55:36+00:00\",\"description\":\"Bojra nga Tirana. Tirana \\u00ebsht\\u00eb qyteti i bojra-ve i zbukuruar nga Deutsch Color ofron Katalit transparent universal i nj\\u00eb cil\\u00ebsie t\\u00eb lart\\u00eb.\",\"breadcrumb\":{\"@id\":\"https:\/\/deutschcolor.com\/al\/product\/h5000\/#breadcrumb\"},\"inLanguage\":\"en-US\",\"potentialAction\":[{\"@type\":\"ReadAction\",\"target\":[\"https:\/\/deutschcolor.com\/al\/product\/h5000\/\"]}]},{\"@type\":\"BreadcrumbList\",\"@id\":\"https:\/\/deutschcolor.com\/al\/product\/h5000\/#breadcrumb\",\"itemListElement\":[{\"@type\":\"ListItem\",\"position\":1,\"item\":{\"@type\":\"WebPage\",\"@id\":\"https:\/\/deutschcolor.com\/al\/\",\"url\":\"https:\/\/deutschcolor.com\/al\/\",\"name\":\"Home\"}},{\"@type\":\"ListItem\",\"position\":2,\"item\":{\"@type\":\"WebPage\",\"@id\":\"https:\/\/deutschcolor.com\/al\/shop\/\",\"url\":\"https:\/\/deutschcolor.com\/al\/shop\/\",\"name\":\"SHOP\"}},{\"@type\":\"ListItem\",\"position\":3,\"item\":{\"@type\":\"WebPage\",\"@id\":\"https:\/\/deutschcolor.com\/al\/product-category\/produktet-me-baze-poliuretani\/\",\"url\":\"https:\/\/deutschcolor.com\/al\/product-category\/produktet-me-baze-poliuretani\/\",\"name\":\"Produktet me baze poliuretani\"}},{\"@type\":\"ListItem\",\"position\":4,\"item\":{\"@type\":\"WebPage\",\"@id\":\"https:\/\/deutschcolor.com\/al\/product-category\/produktet-me-baze-poliuretani\/katalizatoret\/\",\"url\":\"https:\/\/deutschcolor.com\/al\/product-category\/produktet-me-baze-poliuretani\/katalizatoret\/\",\"name\":\"11.3. Katalizator\\u00ebt\"}},{\"@type\":\"ListItem\",\"position\":5,\"item\":{\"@type\":\"WebPage\",\"@id\":\"https:\/\/deutschcolor.com\/al\/product\/h5000\/\",\"url\":\"https:\/\/deutschcolor.com\/al\/product\/h5000\/\",\"name\":\"H5000\"}}]}]}<\/script>\n<!-- \/ Yoast SEO plugin. -->","_links":{"self":[{"href":"https:\/\/deutschcolor.com\/al\/wp-json\/wp\/v2\/product\/24156","targetHints":{"allow":["GET"]}}],"collection":[{"href":"https:\/\/deutschcolor.com\/al\/wp-json\/wp\/v2\/product"}],"about":[{"href":"https:\/\/deutschcolor.com\/al\/wp-json\/wp\/v2\/types\/product"}],"replies":[{"embeddable":true,"href":"https:\/\/deutschcolor.com\/al\/wp-json\/wp\/v2\/comments?post=24156"}],"wp:featuredmedia":[{"embeddable":true,"href":"https:\/\/deutschcolor.com\/al\/wp-json\/wp\/v2\/media\/24539"}],"wp:attachment":[{"href":"https:\/\/deutschcolor.com\/al\/wp-json\/wp\/v2\/media?parent=24156"}],"curies":[{"name":"wp","href":"https:\/\/api.w.org\/{rel}","templated":true}]}}