{"id":24164,"date":"2019-04-21T13:29:25","date_gmt":"2019-04-21T13:29:25","guid":{"rendered":"https:\/\/deutschcolor.com\/al\/?post_type=product&#038;p=24164"},"modified":"2025-02-21T14:57:13","modified_gmt":"2025-02-21T14:57:13","slug":"sol-dc-2-slow","status":"publish","type":"product","link":"https:\/\/deutschcolor.com\/al\/product\/sol-dc-2-slow\/","title":{"rendered":"Sol DC 2 Slow"},"content":{"rendered":"<p><strong>Rekomandimet p\u00ebr produktin<\/strong><br \/>\nRekomandohet t\u00eb p\u00ebrdoret si diluent p\u00ebr sistemet e astar\u00ebve q\u00eb do t\u00eb aplikohen mbi t\u00eb gjitha sip\u00ebrfaqet prej druri q\u00eb jane t\u00eb destinuara p\u00ebr mobilje, dyer, tavolina, karrige, objekte t\u00eb ndryshme druri, lodra prej druri etj. Mund t\u00eb p\u00ebrdoret p\u00ebr mobilje q\u00eb do jen\u00eb t\u00eb ekspozuara n\u00eb ambiente t\u00eb jashtme dhe t\u00eb brendshme. Nuk ndikon n\u00eb rezistencat fiziko-mekanike t\u00eb produktit final.<\/p>\n<p>###<\/p>\n<p><strong>Ruajtja<\/strong><br \/>\n36 muaj n\u00ebse ruhet n\u00eb nj\u00eb vend t\u00eb that\u00eb, larg burimeve t\u00eb nxeht\u00ebsis\u00eb, n\u00eb nj\u00eb temperatur\u00eb midis +5\u00b0C dhe +30\u00b0C. Mbrojeni nga ngrica.<\/p>\n","protected":false},"excerpt":{"rendered":"<p>Hollues me avullim t\u00eb ngadalt\u00eb p\u00ebr sistemet e produkteve m\u00eb baz\u00eb poliuretani dy komponent\u00ebsh me baz\u00eb solventi<\/p>\n","protected":false},"featured_media":24520,"comment_status":"closed","ping_status":"closed","template":"","meta":{"_glsr_average":0,"_glsr_ranking":0,"_glsr_reviews":0},"class_list":["post-24164","product","type-product","status-publish","has-post-thumbnail","hentry","product_cat-produktet-me-baze-poliuretani","product_cat-hollues-produktet-me-baze-poliuretani"],"yoast_head":"<!-- This site is optimized with the Yoast SEO plugin v15.0 - https:\/\/yoast.com\/wordpress\/plugins\/seo\/ -->\n<title>Sol DC 2 Slow - Diluent p\u00ebr sistemet e astar\u00ebve - Deutschcolor<\/title>\n<meta name=\"description\" content=\"Diluent p\u00ebr sistemet e astar\u00ebve q\u00eb do t\u00eb aplikohen mbi t\u00eb gjitha sip\u00ebrfaqet prej druri q\u00eb jane t\u00eb destinuara p\u00ebr mobilje, dyer, tavolina, etj\" \/>\n<meta name=\"robots\" content=\"index, follow, max-snippet:-1, max-image-preview:large, max-video-preview:-1\" \/>\n<link rel=\"canonical\" href=\"https:\/\/deutschcolor.com\/al\/product\/sol-dc-2-slow\/\" \/>\n<meta property=\"og:locale\" content=\"en_US\" \/>\n<meta property=\"og:type\" content=\"article\" \/>\n<meta property=\"og:title\" content=\"Sol DC 2 Slow - Diluent p\u00ebr sistemet e astar\u00ebve - Deutschcolor\" \/>\n<meta property=\"og:description\" content=\"Diluent p\u00ebr sistemet e astar\u00ebve q\u00eb do t\u00eb aplikohen mbi t\u00eb gjitha sip\u00ebrfaqet prej druri q\u00eb jane t\u00eb destinuara p\u00ebr mobilje, dyer, tavolina, etj\" \/>\n<meta property=\"og:url\" content=\"https:\/\/deutschcolor.com\/al\/product\/sol-dc-2-slow\/\" \/>\n<meta property=\"og:site_name\" content=\"Deutschcolor\" \/>\n<meta property=\"article:publisher\" content=\"https:\/\/www.facebook.com\/deutschcolorofficial\" \/>\n<meta property=\"article:modified_time\" content=\"2025-02-21T14:57:13+00:00\" \/>\n<meta property=\"og:image\" content=\"https:\/\/deutschcolor.com\/al\/wp-content\/uploads\/2019\/04\/SOL-DC-2-min.png\" \/>\n\t<meta property=\"og:image:width\" content=\"1000\" \/>\n\t<meta property=\"og:image:height\" content=\"1000\" \/>\n<meta name=\"twitter:card\" content=\"summary_large_image\" \/>\n<script type=\"application\/ld+json\" class=\"yoast-schema-graph\">{\"@context\":\"https:\/\/schema.org\",\"@graph\":[{\"@type\":\"WebSite\",\"@id\":\"https:\/\/deutschcolor.com\/al\/#website\",\"url\":\"https:\/\/deutschcolor.com\/al\/\",\"name\":\"Deutschcolor\",\"description\":\"Deutschcolor Albania\",\"potentialAction\":[{\"@type\":\"SearchAction\",\"target\":\"https:\/\/deutschcolor.com\/al\/?s={search_term_string}\",\"query-input\":\"required name=search_term_string\"}],\"inLanguage\":\"en-US\"},{\"@type\":\"ImageObject\",\"@id\":\"https:\/\/deutschcolor.com\/al\/product\/sol-dc-2-slow\/#primaryimage\",\"inLanguage\":\"en-US\",\"url\":\"https:\/\/deutschcolor.com\/al\/wp-content\/uploads\/2019\/04\/SOL-DC-2-min.png\",\"width\":1000,\"height\":1000},{\"@type\":\"WebPage\",\"@id\":\"https:\/\/deutschcolor.com\/al\/product\/sol-dc-2-slow\/#webpage\",\"url\":\"https:\/\/deutschcolor.com\/al\/product\/sol-dc-2-slow\/\",\"name\":\"Sol DC 2 Slow - Diluent p\\u00ebr sistemet e astar\\u00ebve - Deutschcolor\",\"isPartOf\":{\"@id\":\"https:\/\/deutschcolor.com\/al\/#website\"},\"primaryImageOfPage\":{\"@id\":\"https:\/\/deutschcolor.com\/al\/product\/sol-dc-2-slow\/#primaryimage\"},\"datePublished\":\"2019-04-21T13:29:25+00:00\",\"dateModified\":\"2025-02-21T14:57:13+00:00\",\"description\":\"Diluent p\\u00ebr sistemet e astar\\u00ebve q\\u00eb do t\\u00eb aplikohen mbi t\\u00eb gjitha sip\\u00ebrfaqet prej druri q\\u00eb jane t\\u00eb destinuara p\\u00ebr mobilje, dyer, tavolina, etj\",\"breadcrumb\":{\"@id\":\"https:\/\/deutschcolor.com\/al\/product\/sol-dc-2-slow\/#breadcrumb\"},\"inLanguage\":\"en-US\",\"potentialAction\":[{\"@type\":\"ReadAction\",\"target\":[\"https:\/\/deutschcolor.com\/al\/product\/sol-dc-2-slow\/\"]}]},{\"@type\":\"BreadcrumbList\",\"@id\":\"https:\/\/deutschcolor.com\/al\/product\/sol-dc-2-slow\/#breadcrumb\",\"itemListElement\":[{\"@type\":\"ListItem\",\"position\":1,\"item\":{\"@type\":\"WebPage\",\"@id\":\"https:\/\/deutschcolor.com\/al\/\",\"url\":\"https:\/\/deutschcolor.com\/al\/\",\"name\":\"Home\"}},{\"@type\":\"ListItem\",\"position\":2,\"item\":{\"@type\":\"WebPage\",\"@id\":\"https:\/\/deutschcolor.com\/al\/shop\/\",\"url\":\"https:\/\/deutschcolor.com\/al\/shop\/\",\"name\":\"SHOP\"}},{\"@type\":\"ListItem\",\"position\":3,\"item\":{\"@type\":\"WebPage\",\"@id\":\"https:\/\/deutschcolor.com\/al\/product-category\/produktet-me-baze-poliuretani\/\",\"url\":\"https:\/\/deutschcolor.com\/al\/product-category\/produktet-me-baze-poliuretani\/\",\"name\":\"Produktet me baze poliuretani\"}},{\"@type\":\"ListItem\",\"position\":4,\"item\":{\"@type\":\"WebPage\",\"@id\":\"https:\/\/deutschcolor.com\/al\/product-category\/produktet-me-baze-poliuretani\/hollues-produktet-me-baze-poliuretani\/\",\"url\":\"https:\/\/deutschcolor.com\/al\/product-category\/produktet-me-baze-poliuretani\/hollues-produktet-me-baze-poliuretani\/\",\"name\":\"11.4. Hollues\"}},{\"@type\":\"ListItem\",\"position\":5,\"item\":{\"@type\":\"WebPage\",\"@id\":\"https:\/\/deutschcolor.com\/al\/product\/sol-dc-2-slow\/\",\"url\":\"https:\/\/deutschcolor.com\/al\/product\/sol-dc-2-slow\/\",\"name\":\"Sol DC 2 Slow\"}}]}]}<\/script>\n<!-- \/ Yoast SEO plugin. -->","_links":{"self":[{"href":"https:\/\/deutschcolor.com\/al\/wp-json\/wp\/v2\/product\/24164","targetHints":{"allow":["GET"]}}],"collection":[{"href":"https:\/\/deutschcolor.com\/al\/wp-json\/wp\/v2\/product"}],"about":[{"href":"https:\/\/deutschcolor.com\/al\/wp-json\/wp\/v2\/types\/product"}],"replies":[{"embeddable":true,"href":"https:\/\/deutschcolor.com\/al\/wp-json\/wp\/v2\/comments?post=24164"}],"wp:featuredmedia":[{"embeddable":true,"href":"https:\/\/deutschcolor.com\/al\/wp-json\/wp\/v2\/media\/24520"}],"wp:attachment":[{"href":"https:\/\/deutschcolor.com\/al\/wp-json\/wp\/v2\/media?parent=24164"}],"curies":[{"name":"wp","href":"https:\/\/api.w.org\/{rel}","templated":true}]}}