{"id":24605,"date":"2019-12-24T14:43:33","date_gmt":"2019-12-24T14:43:33","guid":{"rendered":"https:\/\/deutschcolor.com\/al\/?post_type=product&#038;p=24605"},"modified":"2025-03-03T07:43:53","modified_gmt":"2025-03-03T07:43:53","slug":"fm-5000","status":"publish","type":"product","link":"https:\/\/deutschcolor.com\/al\/product\/fm-5000\/","title":{"rendered":"FM 5000"},"content":{"rendered":"<p><strong>Klasifikimi i produktit<\/strong><br \/>\nFM 5000 renditet n\u00eb kategorin\u00eb D2TE sipas EN 12004.<\/p>\n<p><strong>KARAKTERISTIKAT<\/strong><br \/>\n&#8211; Rezistent ndaj lag\u00ebshtis\u00eb, acideve t\u00eb holluara, sip\u00ebrfaqeve alkalike (beton, suva),<br \/>\n&#8211; Nuk ndikon n\u00eb materialet e ndjeshme ndaj holluesve<br \/>\n&#8211; Ka jet\u00ebgjat\u00ebsi t\u00eb madhe<br \/>\n&#8211; I mjaftuesh\u00ebm p\u00ebr shtresa sip\u00ebrfaqesh t\u00eb m\u00ebdha, duke krijuar ngjitshm\u00ebri t\u00eb shk\u00eblqyer si n\u00eb sip\u00ebrfaqe me llust\u00ebr ashtu dhe n\u00eb sip\u00ebrfaqe t\u00eb ashpra.<br \/>\n-Rezistenc\u00eb t\u00eb madhe fillestare dhe p\u00ebrfundimtare n\u00eb ngjitje.<br \/>\n###<br \/>\n<strong>APLIKIMI<\/strong><br \/>\nNgjit\u00ebsi shtrohet vet\u00ebm n\u00eb nj\u00ebnshtres\u00eb si\u00e7 \u00ebsht\u00eb, me spatul metalike t\u00eb dh\u00ebmb\u00ebzuar, n\u00eb gjer\u00ebsi 3 &#8211; 5 mm, n\u00eb sip\u00ebrfaqe horizontale dhe vertikale. N\u00eb vazhdim, krihni aq sip\u00ebrfaqe sa nevojitet p\u00ebr t\u00eb punuar n\u00eb 30 &#8211; 40 minutat n\u00eb vazhdim, analogjikisht me kushtet kohore, duke shmangur k\u00ebshtu krijimin e cip\u00ebs. Produktet t\u00eb cilat do t\u00eb bashk\u00ebngjiten vendosen me mund\u00ebsin\u00eb e mikro-riparimeve, duke ushtruar tension t\u00eb leht\u00eb.<\/p>\n<p><strong>JET\u00cbGJAT\u00cbSIA DHE RUAJTJA<\/strong><br \/>\n12 muaj, n\u00eb qoft\u00eb se ruhet ambalazhim t\u00eb mbyllur mir\u00eb, n\u00eb mjedise t\u00eb thata dhe me hije.<\/p>\n<p><strong>PAKETIMI<\/strong><br \/>\nKova plastike 5 dhe 25 Kg.<\/p>\n","protected":false},"excerpt":{"rendered":"<p>Ngjit\u00ebs thiksotropik, elastik, i gatsh\u00ebm p\u00ebr p\u00ebrdorim, me baz\u00eb shp\u00ebrndarjen ujore t\u00eb estereve poliakrilike dhe shtesave t\u00eb ve\u00e7anta.<\/p>\n","protected":false},"featured_media":24606,"comment_status":"closed","ping_status":"closed","template":"","meta":{"_glsr_average":0,"_glsr_ranking":0,"_glsr_reviews":0},"class_list":["post-24605","product","type-product","status-publish","has-post-thumbnail","hentry","product_cat-ngjites","product_cat-ngjiteset-me-baze-shperndarje-per-pllaka"],"yoast_head":"<!-- This site is optimized with the Yoast SEO plugin v15.0 - https:\/\/yoast.com\/wordpress\/plugins\/seo\/ -->\n<title>FM 5000 renditet n\u00eb kategorin\u00eb D2TE sipas EN 12004 - Deutschcolor<\/title>\n<meta name=\"description\" content=\"FM 5000 renditet n\u00eb kategorin\u00eb D2TE sipas EN 12004. Rezistent ndaj lag\u00ebshtis\u00eb, acideve t\u00eb holluara, sip\u00ebrfaqeve alkalike (beton, suva).\" \/>\n<meta name=\"robots\" content=\"index, follow, max-snippet:-1, max-image-preview:large, max-video-preview:-1\" \/>\n<link rel=\"canonical\" href=\"https:\/\/deutschcolor.com\/al\/product\/fm-5000\/\" \/>\n<meta property=\"og:locale\" content=\"en_US\" \/>\n<meta property=\"og:type\" content=\"article\" \/>\n<meta property=\"og:title\" content=\"FM 5000 renditet n\u00eb kategorin\u00eb D2TE sipas EN 12004 - Deutschcolor\" \/>\n<meta property=\"og:description\" content=\"FM 5000 renditet n\u00eb kategorin\u00eb D2TE sipas EN 12004. Rezistent ndaj lag\u00ebshtis\u00eb, acideve t\u00eb holluara, sip\u00ebrfaqeve alkalike (beton, suva).\" \/>\n<meta property=\"og:url\" content=\"https:\/\/deutschcolor.com\/al\/product\/fm-5000\/\" \/>\n<meta property=\"og:site_name\" content=\"Deutschcolor\" \/>\n<meta property=\"article:publisher\" content=\"https:\/\/www.facebook.com\/deutschcolorofficial\" \/>\n<meta property=\"article:modified_time\" content=\"2025-03-03T07:43:53+00:00\" \/>\n<meta property=\"og:image\" content=\"https:\/\/deutschcolor.com\/al\/wp-content\/uploads\/2019\/12\/kova-fm-5000-min.png\" \/>\n\t<meta property=\"og:image:width\" content=\"1000\" \/>\n\t<meta property=\"og:image:height\" content=\"1000\" \/>\n<meta name=\"twitter:card\" content=\"summary_large_image\" \/>\n<script type=\"application\/ld+json\" class=\"yoast-schema-graph\">{\"@context\":\"https:\/\/schema.org\",\"@graph\":[{\"@type\":\"WebSite\",\"@id\":\"https:\/\/deutschcolor.com\/al\/#website\",\"url\":\"https:\/\/deutschcolor.com\/al\/\",\"name\":\"Deutschcolor\",\"description\":\"Deutschcolor Albania\",\"potentialAction\":[{\"@type\":\"SearchAction\",\"target\":\"https:\/\/deutschcolor.com\/al\/?s={search_term_string}\",\"query-input\":\"required name=search_term_string\"}],\"inLanguage\":\"en-US\"},{\"@type\":\"ImageObject\",\"@id\":\"https:\/\/deutschcolor.com\/al\/product\/fm-5000\/#primaryimage\",\"inLanguage\":\"en-US\",\"url\":\"https:\/\/deutschcolor.com\/al\/wp-content\/uploads\/2019\/12\/kova-fm-5000-min.png\",\"width\":1000,\"height\":1000},{\"@type\":\"WebPage\",\"@id\":\"https:\/\/deutschcolor.com\/al\/product\/fm-5000\/#webpage\",\"url\":\"https:\/\/deutschcolor.com\/al\/product\/fm-5000\/\",\"name\":\"FM 5000 renditet n\\u00eb kategorin\\u00eb D2TE sipas EN 12004 - Deutschcolor\",\"isPartOf\":{\"@id\":\"https:\/\/deutschcolor.com\/al\/#website\"},\"primaryImageOfPage\":{\"@id\":\"https:\/\/deutschcolor.com\/al\/product\/fm-5000\/#primaryimage\"},\"datePublished\":\"2019-12-24T14:43:33+00:00\",\"dateModified\":\"2025-03-03T07:43:53+00:00\",\"description\":\"FM 5000 renditet n\\u00eb kategorin\\u00eb D2TE sipas EN 12004. Rezistent ndaj lag\\u00ebshtis\\u00eb, acideve t\\u00eb holluara, sip\\u00ebrfaqeve alkalike (beton, suva).\",\"breadcrumb\":{\"@id\":\"https:\/\/deutschcolor.com\/al\/product\/fm-5000\/#breadcrumb\"},\"inLanguage\":\"en-US\",\"potentialAction\":[{\"@type\":\"ReadAction\",\"target\":[\"https:\/\/deutschcolor.com\/al\/product\/fm-5000\/\"]}]},{\"@type\":\"BreadcrumbList\",\"@id\":\"https:\/\/deutschcolor.com\/al\/product\/fm-5000\/#breadcrumb\",\"itemListElement\":[{\"@type\":\"ListItem\",\"position\":1,\"item\":{\"@type\":\"WebPage\",\"@id\":\"https:\/\/deutschcolor.com\/al\/\",\"url\":\"https:\/\/deutschcolor.com\/al\/\",\"name\":\"Home\"}},{\"@type\":\"ListItem\",\"position\":2,\"item\":{\"@type\":\"WebPage\",\"@id\":\"https:\/\/deutschcolor.com\/al\/shop\/\",\"url\":\"https:\/\/deutschcolor.com\/al\/shop\/\",\"name\":\"SHOP\"}},{\"@type\":\"ListItem\",\"position\":3,\"item\":{\"@type\":\"WebPage\",\"@id\":\"https:\/\/deutschcolor.com\/al\/product-category\/ngjites\/\",\"url\":\"https:\/\/deutschcolor.com\/al\/product-category\/ngjites\/\",\"name\":\"Ngjit\\u00ebs\"}},{\"@type\":\"ListItem\",\"position\":4,\"item\":{\"@type\":\"WebPage\",\"@id\":\"https:\/\/deutschcolor.com\/al\/product-category\/ngjites\/ngjiteset-me-baze-shperndarje-per-pllaka\/\",\"url\":\"https:\/\/deutschcolor.com\/al\/product-category\/ngjites\/ngjiteset-me-baze-shperndarje-per-pllaka\/\",\"name\":\"1.2. Ngjit\\u00ebset me baz\\u00eb shp\\u00ebrndarje p\\u00ebr pllaka\"}},{\"@type\":\"ListItem\",\"position\":5,\"item\":{\"@type\":\"WebPage\",\"@id\":\"https:\/\/deutschcolor.com\/al\/product\/fm-5000\/\",\"url\":\"https:\/\/deutschcolor.com\/al\/product\/fm-5000\/\",\"name\":\"FM 5000\"}}]}]}<\/script>\n<!-- \/ Yoast SEO plugin. -->","_links":{"self":[{"href":"https:\/\/deutschcolor.com\/al\/wp-json\/wp\/v2\/product\/24605","targetHints":{"allow":["GET"]}}],"collection":[{"href":"https:\/\/deutschcolor.com\/al\/wp-json\/wp\/v2\/product"}],"about":[{"href":"https:\/\/deutschcolor.com\/al\/wp-json\/wp\/v2\/types\/product"}],"replies":[{"embeddable":true,"href":"https:\/\/deutschcolor.com\/al\/wp-json\/wp\/v2\/comments?post=24605"}],"wp:featuredmedia":[{"embeddable":true,"href":"https:\/\/deutschcolor.com\/al\/wp-json\/wp\/v2\/media\/24606"}],"wp:attachment":[{"href":"https:\/\/deutschcolor.com\/al\/wp-json\/wp\/v2\/media?parent=24605"}],"curies":[{"name":"wp","href":"https:\/\/api.w.org\/{rel}","templated":true}]}}