{"id":24610,"date":"2019-12-24T14:52:22","date_gmt":"2019-12-24T14:52:22","guid":{"rendered":"https:\/\/deutschcolor.com\/al\/?post_type=product&#038;p=24610"},"modified":"2025-03-05T09:33:16","modified_gmt":"2025-03-05T09:33:16","slug":"epofast-360","status":"publish","type":"product","link":"https:\/\/deutschcolor.com\/al\/product\/epofast-360\/","title":{"rendered":"EPOFAST 360"},"content":{"rendered":"<p><strong>Klasifikimi i produktit<\/strong><br \/>\nSipas standardit EN 12004 klasifikohet si R2FT, ngjit\u00ebs p\u00ebr pllaka me forc\u00eb ngjit\u00ebse e p\u00ebrmir\u00ebsuar, koh\u00eb tharje t\u00eb shpejt\u00eb dhe pa rr\u00ebshkitshm\u00ebri vertikale.<\/p>\n<p><strong>KARAKTERISTIKAT<\/strong><br \/>\n-Nuk p\u00ebrmban solvent<br \/>\n-Rezistenca t\u00eb larta n\u00eb ngjeshje, p\u00ebrkulje si dhe forc\u00eb ngjit\u00ebse<br \/>\n-Rezistent ndaj disa acideve, alkaleve, agjent\u00ebve g\u00ebrryes p\u00ebr beton, agjent\u00ebve t\u00eb pastrimit, ujit t\u00eb detit dhe ujit t\u00eb kripur.<br \/>\n-Punueshm\u00ebri e shk\u00eblqyer<br \/>\n###<br \/>\n<strong>PAKETIMI<\/strong><br \/>\nKova plastike 1 Kg dhe 5 Kg n\u00eb proporcion me p\u00ebrzierjen e paracaktuar n\u00eb pesh\u00eb. Kova e komponentit B \u00ebsht\u00eb e nd\u00ebrfutur n\u00eb en\u00ebn e komponentit A.<\/p>\n<p><strong>JET\u00cbGJAT\u00cbSIA DHE RUAJTJA<\/strong><br \/>\n24 muaj, n\u00eb qoft\u00eb se ruhet n\u00eb paketimin e vet origjinal t\u00eb mbyllur, n\u00eb mjedise t\u00eb thata dhe me hije. Temperatura e magazinimit rekomandohet nd\u00ebrmjet +5\u00b0C dhe +35\u00b0C.<\/p>\n","protected":false},"excerpt":{"rendered":"<p>Ngjit\u00ebs pllakash dy \u2013 komponent\u00ebsh me baz\u00eb rezine epokside, me koh\u00eb tharje t\u00eb shpejt\u00eb.<\/p>\n","protected":false},"featured_media":24612,"comment_status":"closed","ping_status":"closed","template":"","meta":{"_glsr_average":0,"_glsr_ranking":0,"_glsr_reviews":0},"class_list":["post-24610","product","type-product","status-publish","has-post-thumbnail","hentry","product_cat-ngjites","product_cat-ngjites-me-baze-epoksike"],"yoast_head":"<!-- This site is optimized with the Yoast SEO plugin v15.0 - https:\/\/yoast.com\/wordpress\/plugins\/seo\/ -->\n<title>EPOFAST 360 - Rezistent ndaj agjent\u00ebve korroziv\u00eb- Deutsch Color<\/title>\n<meta name=\"description\" content=\"Epofast 360 \u00ebsht\u00eb rezistent ndaj disa acideve, alkaleve, agjent\u00ebve korroziv\u00eb, detergjent\u00ebve, ujit t\u00eb detit dhe ujit t\u00eb kripur.\" \/>\n<meta name=\"robots\" content=\"index, follow, max-snippet:-1, max-image-preview:large, max-video-preview:-1\" \/>\n<link rel=\"canonical\" href=\"https:\/\/deutschcolor.com\/al\/product\/epofast-360\/\" \/>\n<meta property=\"og:locale\" content=\"en_US\" \/>\n<meta property=\"og:type\" content=\"article\" \/>\n<meta property=\"og:title\" content=\"EPOFAST 360 - Rezistent ndaj agjent\u00ebve korroziv\u00eb- Deutsch Color\" \/>\n<meta property=\"og:description\" content=\"Epofast 360 \u00ebsht\u00eb rezistent ndaj disa acideve, alkaleve, agjent\u00ebve korroziv\u00eb, detergjent\u00ebve, ujit t\u00eb detit dhe ujit t\u00eb kripur.\" \/>\n<meta property=\"og:url\" content=\"https:\/\/deutschcolor.com\/al\/product\/epofast-360\/\" \/>\n<meta property=\"og:site_name\" content=\"Deutschcolor\" \/>\n<meta property=\"article:publisher\" content=\"https:\/\/www.facebook.com\/deutschcolorofficial\" \/>\n<meta property=\"article:modified_time\" content=\"2025-03-05T09:33:16+00:00\" \/>\n<meta property=\"og:image\" content=\"https:\/\/deutschcolor.com\/al\/wp-content\/uploads\/2019\/12\/epofast-360compA-min.png\" \/>\n\t<meta property=\"og:image:width\" content=\"1000\" \/>\n\t<meta property=\"og:image:height\" content=\"1000\" \/>\n<meta name=\"twitter:card\" content=\"summary_large_image\" \/>\n<script type=\"application\/ld+json\" class=\"yoast-schema-graph\">{\"@context\":\"https:\/\/schema.org\",\"@graph\":[{\"@type\":\"WebSite\",\"@id\":\"https:\/\/deutschcolor.com\/al\/#website\",\"url\":\"https:\/\/deutschcolor.com\/al\/\",\"name\":\"Deutschcolor\",\"description\":\"Deutschcolor Albania\",\"potentialAction\":[{\"@type\":\"SearchAction\",\"target\":\"https:\/\/deutschcolor.com\/al\/?s={search_term_string}\",\"query-input\":\"required name=search_term_string\"}],\"inLanguage\":\"en-US\"},{\"@type\":\"ImageObject\",\"@id\":\"https:\/\/deutschcolor.com\/al\/product\/epofast-360\/#primaryimage\",\"inLanguage\":\"en-US\",\"url\":\"https:\/\/deutschcolor.com\/al\/wp-content\/uploads\/2019\/12\/epofast-360compA-min.png\",\"width\":1000,\"height\":1000},{\"@type\":\"WebPage\",\"@id\":\"https:\/\/deutschcolor.com\/al\/product\/epofast-360\/#webpage\",\"url\":\"https:\/\/deutschcolor.com\/al\/product\/epofast-360\/\",\"name\":\"EPOFAST 360 - Rezistent ndaj agjent\\u00ebve korroziv\\u00eb- Deutsch Color\",\"isPartOf\":{\"@id\":\"https:\/\/deutschcolor.com\/al\/#website\"},\"primaryImageOfPage\":{\"@id\":\"https:\/\/deutschcolor.com\/al\/product\/epofast-360\/#primaryimage\"},\"datePublished\":\"2019-12-24T14:52:22+00:00\",\"dateModified\":\"2025-03-05T09:33:16+00:00\",\"description\":\"Epofast 360 \\u00ebsht\\u00eb rezistent ndaj disa acideve, alkaleve, agjent\\u00ebve korroziv\\u00eb, detergjent\\u00ebve, ujit t\\u00eb detit dhe ujit t\\u00eb kripur.\",\"breadcrumb\":{\"@id\":\"https:\/\/deutschcolor.com\/al\/product\/epofast-360\/#breadcrumb\"},\"inLanguage\":\"en-US\",\"potentialAction\":[{\"@type\":\"ReadAction\",\"target\":[\"https:\/\/deutschcolor.com\/al\/product\/epofast-360\/\"]}]},{\"@type\":\"BreadcrumbList\",\"@id\":\"https:\/\/deutschcolor.com\/al\/product\/epofast-360\/#breadcrumb\",\"itemListElement\":[{\"@type\":\"ListItem\",\"position\":1,\"item\":{\"@type\":\"WebPage\",\"@id\":\"https:\/\/deutschcolor.com\/al\/\",\"url\":\"https:\/\/deutschcolor.com\/al\/\",\"name\":\"Home\"}},{\"@type\":\"ListItem\",\"position\":2,\"item\":{\"@type\":\"WebPage\",\"@id\":\"https:\/\/deutschcolor.com\/al\/shop\/\",\"url\":\"https:\/\/deutschcolor.com\/al\/shop\/\",\"name\":\"SHOP\"}},{\"@type\":\"ListItem\",\"position\":3,\"item\":{\"@type\":\"WebPage\",\"@id\":\"https:\/\/deutschcolor.com\/al\/product-category\/ngjites\/\",\"url\":\"https:\/\/deutschcolor.com\/al\/product-category\/ngjites\/\",\"name\":\"Ngjit\\u00ebs\"}},{\"@type\":\"ListItem\",\"position\":4,\"item\":{\"@type\":\"WebPage\",\"@id\":\"https:\/\/deutschcolor.com\/al\/product-category\/ngjites\/ngjites-me-baze-epoksike\/\",\"url\":\"https:\/\/deutschcolor.com\/al\/product-category\/ngjites\/ngjites-me-baze-epoksike\/\",\"name\":\"1.3. Ngjit\\u00ebs me baz\\u00eb epoksike\"}},{\"@type\":\"ListItem\",\"position\":5,\"item\":{\"@type\":\"WebPage\",\"@id\":\"https:\/\/deutschcolor.com\/al\/product\/epofast-360\/\",\"url\":\"https:\/\/deutschcolor.com\/al\/product\/epofast-360\/\",\"name\":\"EPOFAST 360\"}}]}]}<\/script>\n<!-- \/ Yoast SEO plugin. -->","_links":{"self":[{"href":"https:\/\/deutschcolor.com\/al\/wp-json\/wp\/v2\/product\/24610","targetHints":{"allow":["GET"]}}],"collection":[{"href":"https:\/\/deutschcolor.com\/al\/wp-json\/wp\/v2\/product"}],"about":[{"href":"https:\/\/deutschcolor.com\/al\/wp-json\/wp\/v2\/types\/product"}],"replies":[{"embeddable":true,"href":"https:\/\/deutschcolor.com\/al\/wp-json\/wp\/v2\/comments?post=24610"}],"wp:featuredmedia":[{"embeddable":true,"href":"https:\/\/deutschcolor.com\/al\/wp-json\/wp\/v2\/media\/24612"}],"wp:attachment":[{"href":"https:\/\/deutschcolor.com\/al\/wp-json\/wp\/v2\/media?parent=24610"}],"curies":[{"name":"wp","href":"https:\/\/api.w.org\/{rel}","templated":true}]}}