{"id":24613,"date":"2019-12-24T14:54:20","date_gmt":"2019-12-24T14:54:20","guid":{"rendered":"https:\/\/deutschcolor.com\/al\/?post_type=product&#038;p=24613"},"modified":"2025-02-28T13:58:45","modified_gmt":"2025-02-28T13:58:45","slug":"tb-400","status":"publish","type":"product","link":"https:\/\/deutschcolor.com\/al\/product\/tb-400\/","title":{"rendered":"TB 400"},"content":{"rendered":"<p><strong>KARAKTERISTIKAT<\/strong><br \/>\n-Punueshm\u00ebri e mir\u00eb<br \/>\n-Ngjitshm\u00ebri n\u00eb sip\u00ebrfaqe t\u00eb v\u00ebshtira<br \/>\n-Hidrofobicitet i lart\u00eb i lla\u00e7it t\u00eb forcuar ndaj shirave<\/p>\n<p><strong>FUSHAT E APLIKIMIT<\/strong><br \/>\nTB 400 sh\u00ebrben p\u00ebr ngjitjen e t\u00eb gjith\u00eb tipeve t\u00eb paneleve q\u00eb p\u00ebrdoren zakonisht p\u00ebr realizimin e sistemeve termoizolues kapot\u00eb, si panele polisteroli, poliuretani, grafiti, fibra minerale n\u00eb mure tulle, betoni ose lla\u00e7i me baz\u00eb \u00e7imento.<br \/>\n###<br \/>\n<strong>PAKETIMI<\/strong><br \/>\nThas\u00eb letre 25 Kg.<\/p>\n<p><strong>JET\u00cbGJAT\u00cbSIA DHE RUAJTJA<\/strong><br \/>\n12 muaj, n\u00eb qoft\u00eb se ruhet n\u00eb kushte normale dhe n\u00eb paketimin origjinal, i mbrojtur nga lag\u00ebshtia dhe ekspozimi direkt ndaj diellit .<\/p>\n","protected":false},"excerpt":{"rendered":"<p>Ngjit\u00ebs n\u00eb form\u00eb pluhuri i p\u00ebrforcuar me fibra p\u00ebr realizimin e sistemeve termoizoluese ETICS.<\/p>\n","protected":false},"featured_media":24615,"comment_status":"closed","ping_status":"closed","template":"","meta":{"_glsr_average":0,"_glsr_ranking":0,"_glsr_reviews":0},"class_list":["post-24613","product","type-product","status-publish","has-post-thumbnail","hentry","product_cat-ngjites","product_cat-ngjites-per-panelet-e-izolimit-termik"],"yoast_head":"<!-- This site is optimized with the Yoast SEO plugin v15.0 - https:\/\/yoast.com\/wordpress\/plugins\/seo\/ -->\n<title>TB 400 sistemeve t\u00eb izolimit termik - Deutsch Color - Zgjedhja ideale.<\/title>\n<meta name=\"description\" content=\"P\u00ebrdoret p\u00ebr ngjitjen e t\u00eb gjitha llojeve t\u00eb paneleve q\u00eb zakonisht p\u00ebrdoren p\u00ebr nd\u00ebrtimin e sistemeve t\u00eb izolimit termik, Zgjidhje Ideale.\" \/>\n<meta name=\"robots\" content=\"index, follow, max-snippet:-1, max-image-preview:large, max-video-preview:-1\" \/>\n<link rel=\"canonical\" href=\"https:\/\/deutschcolor.com\/al\/product\/tb-400\/\" \/>\n<meta property=\"og:locale\" content=\"en_US\" \/>\n<meta property=\"og:type\" content=\"article\" \/>\n<meta property=\"og:title\" content=\"TB 400 sistemeve t\u00eb izolimit termik - Deutsch Color - Zgjedhja ideale.\" \/>\n<meta property=\"og:description\" content=\"P\u00ebrdoret p\u00ebr ngjitjen e t\u00eb gjitha llojeve t\u00eb paneleve q\u00eb zakonisht p\u00ebrdoren p\u00ebr nd\u00ebrtimin e sistemeve t\u00eb izolimit termik, Zgjidhje Ideale.\" \/>\n<meta property=\"og:url\" content=\"https:\/\/deutschcolor.com\/al\/product\/tb-400\/\" \/>\n<meta property=\"og:site_name\" content=\"Deutschcolor\" \/>\n<meta property=\"article:publisher\" content=\"https:\/\/www.facebook.com\/deutschcolorofficial\" \/>\n<meta property=\"article:modified_time\" content=\"2025-02-28T13:58:45+00:00\" \/>\n<meta property=\"og:image\" content=\"https:\/\/deutschcolor.com\/al\/wp-content\/uploads\/2019\/12\/Thesi-TB-400-White-min.png\" \/>\n\t<meta property=\"og:image:width\" content=\"1000\" \/>\n\t<meta property=\"og:image:height\" content=\"1000\" \/>\n<meta name=\"twitter:card\" content=\"summary_large_image\" \/>\n<script type=\"application\/ld+json\" class=\"yoast-schema-graph\">{\"@context\":\"https:\/\/schema.org\",\"@graph\":[{\"@type\":\"WebSite\",\"@id\":\"https:\/\/deutschcolor.com\/al\/#website\",\"url\":\"https:\/\/deutschcolor.com\/al\/\",\"name\":\"Deutschcolor\",\"description\":\"Deutschcolor Albania\",\"potentialAction\":[{\"@type\":\"SearchAction\",\"target\":\"https:\/\/deutschcolor.com\/al\/?s={search_term_string}\",\"query-input\":\"required name=search_term_string\"}],\"inLanguage\":\"en-US\"},{\"@type\":\"ImageObject\",\"@id\":\"https:\/\/deutschcolor.com\/al\/product\/tb-400\/#primaryimage\",\"inLanguage\":\"en-US\",\"url\":\"https:\/\/deutschcolor.com\/al\/wp-content\/uploads\/2019\/12\/Thesi-TB-400-White-min.png\",\"width\":1000,\"height\":1000},{\"@type\":\"WebPage\",\"@id\":\"https:\/\/deutschcolor.com\/al\/product\/tb-400\/#webpage\",\"url\":\"https:\/\/deutschcolor.com\/al\/product\/tb-400\/\",\"name\":\"TB 400 sistemeve t\\u00eb izolimit termik - Deutsch Color - Zgjedhja ideale.\",\"isPartOf\":{\"@id\":\"https:\/\/deutschcolor.com\/al\/#website\"},\"primaryImageOfPage\":{\"@id\":\"https:\/\/deutschcolor.com\/al\/product\/tb-400\/#primaryimage\"},\"datePublished\":\"2019-12-24T14:54:20+00:00\",\"dateModified\":\"2025-02-28T13:58:45+00:00\",\"description\":\"P\\u00ebrdoret p\\u00ebr ngjitjen e t\\u00eb gjitha llojeve t\\u00eb paneleve q\\u00eb zakonisht p\\u00ebrdoren p\\u00ebr nd\\u00ebrtimin e sistemeve t\\u00eb izolimit termik, Zgjidhje Ideale.\",\"breadcrumb\":{\"@id\":\"https:\/\/deutschcolor.com\/al\/product\/tb-400\/#breadcrumb\"},\"inLanguage\":\"en-US\",\"potentialAction\":[{\"@type\":\"ReadAction\",\"target\":[\"https:\/\/deutschcolor.com\/al\/product\/tb-400\/\"]}]},{\"@type\":\"BreadcrumbList\",\"@id\":\"https:\/\/deutschcolor.com\/al\/product\/tb-400\/#breadcrumb\",\"itemListElement\":[{\"@type\":\"ListItem\",\"position\":1,\"item\":{\"@type\":\"WebPage\",\"@id\":\"https:\/\/deutschcolor.com\/al\/\",\"url\":\"https:\/\/deutschcolor.com\/al\/\",\"name\":\"Home\"}},{\"@type\":\"ListItem\",\"position\":2,\"item\":{\"@type\":\"WebPage\",\"@id\":\"https:\/\/deutschcolor.com\/al\/shop\/\",\"url\":\"https:\/\/deutschcolor.com\/al\/shop\/\",\"name\":\"SHOP\"}},{\"@type\":\"ListItem\",\"position\":3,\"item\":{\"@type\":\"WebPage\",\"@id\":\"https:\/\/deutschcolor.com\/al\/product-category\/ngjites\/\",\"url\":\"https:\/\/deutschcolor.com\/al\/product-category\/ngjites\/\",\"name\":\"Ngjit\\u00ebs\"}},{\"@type\":\"ListItem\",\"position\":4,\"item\":{\"@type\":\"WebPage\",\"@id\":\"https:\/\/deutschcolor.com\/al\/product-category\/ngjites\/ngjites-per-panelet-e-izolimit-termik\/\",\"url\":\"https:\/\/deutschcolor.com\/al\/product-category\/ngjites\/ngjites-per-panelet-e-izolimit-termik\/\",\"name\":\"1.4. Ngjit\\u00ebs p\\u00ebr panelet e izolimit termik\"}},{\"@type\":\"ListItem\",\"position\":5,\"item\":{\"@type\":\"WebPage\",\"@id\":\"https:\/\/deutschcolor.com\/al\/product\/tb-400\/\",\"url\":\"https:\/\/deutschcolor.com\/al\/product\/tb-400\/\",\"name\":\"TB 400\"}}]}]}<\/script>\n<!-- \/ Yoast SEO plugin. -->","_links":{"self":[{"href":"https:\/\/deutschcolor.com\/al\/wp-json\/wp\/v2\/product\/24613","targetHints":{"allow":["GET"]}}],"collection":[{"href":"https:\/\/deutschcolor.com\/al\/wp-json\/wp\/v2\/product"}],"about":[{"href":"https:\/\/deutschcolor.com\/al\/wp-json\/wp\/v2\/types\/product"}],"replies":[{"embeddable":true,"href":"https:\/\/deutschcolor.com\/al\/wp-json\/wp\/v2\/comments?post=24613"}],"wp:featuredmedia":[{"embeddable":true,"href":"https:\/\/deutschcolor.com\/al\/wp-json\/wp\/v2\/media\/24615"}],"wp:attachment":[{"href":"https:\/\/deutschcolor.com\/al\/wp-json\/wp\/v2\/media?parent=24613"}],"curies":[{"name":"wp","href":"https:\/\/api.w.org\/{rel}","templated":true}]}}