{"id":24616,"date":"2019-12-24T14:56:23","date_gmt":"2019-12-24T14:56:23","guid":{"rendered":"https:\/\/deutschcolor.com\/al\/?post_type=product&#038;p=24616"},"modified":"2025-02-28T14:57:21","modified_gmt":"2025-02-28T14:57:21","slug":"tb-800","status":"publish","type":"product","link":"https:\/\/deutschcolor.com\/al\/product\/tb-800\/","title":{"rendered":"TB 800"},"content":{"rendered":"<p><strong>KARAKTERISTIKAT<\/strong><br \/>\n-Punueshm\u00ebri e mir\u00eb<br \/>\n-Ngjitshm\u00ebri n\u00eb sip\u00ebrfaqe t\u00eb v\u00ebshtira<br \/>\n-Hidrofobicitet i lart\u00eb i lla\u00e7it t\u00eb forcuar ndaj shirave<\/p>\n<p>Rrafshimi i paneleve duhet t\u00eb b\u00ebhet n\u00eb dy duar duke i kombinuar k\u00ebto me vendosjen e rrjet\u00ebs prej fibrash xhami rezistente ndaj alkalive.<\/p>\n<p><strong>FUSHAT E APLIKIMIT<\/strong><br \/>\nTB 800 sh\u00ebrben p\u00ebr ngjitjen dhe m\u00eb pas rrafshimin e t\u00eb gjith\u00eb tipeve t\u00eb paneleve q\u00eb p\u00ebrdoren zakonisht p\u00ebr realizimin e sistemeve termoizoluese kapot\u00eb, si panele polisteroli, poliuretani, lesh guri, lesh xhami, grafiti, fibra minerale n\u00eb mure tulle, betoni ose lla\u00e7i me baz\u00eb \u00e7imento. TB 800 \u00ebsht\u00eb ideal si p\u00ebr fasada t\u00eb jashtme, ashtu edhe p\u00ebr ambiente t\u00eb brendshme.<br \/>\n###<\/p>\n<p><strong>PAKETIMI<\/strong><br \/>\nThas\u00eb letre 25 Kg.<\/p>\n<p><strong>JET\u00cbGJAT\u00cbSIA DHE RUAJTJA<\/strong><br \/>\n12 muaj, n\u00eb qoft\u00eb se ruhet n\u00eb kushte normale dhe n\u00eb paketimin origjinal, i mbrojtur nga lag\u00ebshtia dhe ekspozimi direkt ndaj diellit.<\/p>\n","protected":false},"excerpt":{"rendered":"<p>Ngjit\u00ebs dhe rrafshues n\u00eb form\u00eb pluhuri i p\u00ebrforcuar me fibra p\u00ebr realizimin e sistemeve termoizoluese ETICS.<\/p>\n","protected":false},"featured_media":24618,"comment_status":"closed","ping_status":"closed","template":"","meta":{"_glsr_average":0,"_glsr_ranking":0,"_glsr_reviews":0},"class_list":["post-24616","product","type-product","status-publish","has-post-thumbnail","hentry","product_cat-ngjites","product_cat-ngjites-per-panelet-e-izolimit-termik"],"yoast_head":"<!-- This site is optimized with the Yoast SEO plugin v15.0 - https:\/\/yoast.com\/wordpress\/plugins\/seo\/ -->\n<title>TB 800 - Sh\u00ebrben p\u00ebr ngjitjen dhe rrafshimin t\u00eb paneleve.- Deutsch Color<\/title>\n<meta name=\"description\" content=\"Sh\u00ebrben p\u00ebr ngjitjen dhe m\u00eb pas rrafshimin e t\u00eb gjith\u00eb tipeve t\u00eb paneleve. Rrafshimi i paneleve duhet t\u00eb b\u00ebhet n\u00eb dy duar duke i kombinuar k\u00ebto me vendosjen e rrjet\u00ebs prej fibrash xhami rezistente ndaj alkalive.\" \/>\n<meta name=\"robots\" content=\"index, follow, max-snippet:-1, max-image-preview:large, max-video-preview:-1\" \/>\n<link rel=\"canonical\" href=\"https:\/\/deutschcolor.com\/al\/product\/tb-800\/\" \/>\n<meta property=\"og:locale\" content=\"en_US\" \/>\n<meta property=\"og:type\" content=\"article\" \/>\n<meta property=\"og:title\" content=\"TB 800 - Sh\u00ebrben p\u00ebr ngjitjen dhe rrafshimin t\u00eb paneleve.- Deutsch Color\" \/>\n<meta property=\"og:description\" content=\"Sh\u00ebrben p\u00ebr ngjitjen dhe m\u00eb pas rrafshimin e t\u00eb gjith\u00eb tipeve t\u00eb paneleve. Rrafshimi i paneleve duhet t\u00eb b\u00ebhet n\u00eb dy duar duke i kombinuar k\u00ebto me vendosjen e rrjet\u00ebs prej fibrash xhami rezistente ndaj alkalive.\" \/>\n<meta property=\"og:url\" content=\"https:\/\/deutschcolor.com\/al\/product\/tb-800\/\" \/>\n<meta property=\"og:site_name\" content=\"Deutschcolor\" \/>\n<meta property=\"article:publisher\" content=\"https:\/\/www.facebook.com\/deutschcolorofficial\" \/>\n<meta property=\"article:modified_time\" content=\"2025-02-28T14:57:21+00:00\" \/>\n<meta property=\"og:image\" content=\"https:\/\/deutschcolor.com\/al\/wp-content\/uploads\/2019\/12\/Thesi-TB-800-Grey-min.png\" \/>\n\t<meta property=\"og:image:width\" content=\"1000\" \/>\n\t<meta property=\"og:image:height\" content=\"1000\" \/>\n<meta name=\"twitter:card\" content=\"summary_large_image\" \/>\n<script type=\"application\/ld+json\" class=\"yoast-schema-graph\">{\"@context\":\"https:\/\/schema.org\",\"@graph\":[{\"@type\":\"WebSite\",\"@id\":\"https:\/\/deutschcolor.com\/al\/#website\",\"url\":\"https:\/\/deutschcolor.com\/al\/\",\"name\":\"Deutschcolor\",\"description\":\"Deutschcolor Albania\",\"potentialAction\":[{\"@type\":\"SearchAction\",\"target\":\"https:\/\/deutschcolor.com\/al\/?s={search_term_string}\",\"query-input\":\"required name=search_term_string\"}],\"inLanguage\":\"en-US\"},{\"@type\":\"ImageObject\",\"@id\":\"https:\/\/deutschcolor.com\/al\/product\/tb-800\/#primaryimage\",\"inLanguage\":\"en-US\",\"url\":\"https:\/\/deutschcolor.com\/al\/wp-content\/uploads\/2019\/12\/Thesi-TB-800-Grey-min.png\",\"width\":1000,\"height\":1000},{\"@type\":\"WebPage\",\"@id\":\"https:\/\/deutschcolor.com\/al\/product\/tb-800\/#webpage\",\"url\":\"https:\/\/deutschcolor.com\/al\/product\/tb-800\/\",\"name\":\"TB 800 - Sh\\u00ebrben p\\u00ebr ngjitjen dhe rrafshimin t\\u00eb paneleve.- Deutsch Color\",\"isPartOf\":{\"@id\":\"https:\/\/deutschcolor.com\/al\/#website\"},\"primaryImageOfPage\":{\"@id\":\"https:\/\/deutschcolor.com\/al\/product\/tb-800\/#primaryimage\"},\"datePublished\":\"2019-12-24T14:56:23+00:00\",\"dateModified\":\"2025-02-28T14:57:21+00:00\",\"description\":\"Sh\\u00ebrben p\\u00ebr ngjitjen dhe m\\u00eb pas rrafshimin e t\\u00eb gjith\\u00eb tipeve t\\u00eb paneleve. Rrafshimi i paneleve duhet t\\u00eb b\\u00ebhet n\\u00eb dy duar duke i kombinuar k\\u00ebto me vendosjen e rrjet\\u00ebs prej fibrash xhami rezistente ndaj alkalive.\",\"breadcrumb\":{\"@id\":\"https:\/\/deutschcolor.com\/al\/product\/tb-800\/#breadcrumb\"},\"inLanguage\":\"en-US\",\"potentialAction\":[{\"@type\":\"ReadAction\",\"target\":[\"https:\/\/deutschcolor.com\/al\/product\/tb-800\/\"]}]},{\"@type\":\"BreadcrumbList\",\"@id\":\"https:\/\/deutschcolor.com\/al\/product\/tb-800\/#breadcrumb\",\"itemListElement\":[{\"@type\":\"ListItem\",\"position\":1,\"item\":{\"@type\":\"WebPage\",\"@id\":\"https:\/\/deutschcolor.com\/al\/\",\"url\":\"https:\/\/deutschcolor.com\/al\/\",\"name\":\"Home\"}},{\"@type\":\"ListItem\",\"position\":2,\"item\":{\"@type\":\"WebPage\",\"@id\":\"https:\/\/deutschcolor.com\/al\/shop\/\",\"url\":\"https:\/\/deutschcolor.com\/al\/shop\/\",\"name\":\"SHOP\"}},{\"@type\":\"ListItem\",\"position\":3,\"item\":{\"@type\":\"WebPage\",\"@id\":\"https:\/\/deutschcolor.com\/al\/product-category\/ngjites\/\",\"url\":\"https:\/\/deutschcolor.com\/al\/product-category\/ngjites\/\",\"name\":\"Ngjit\\u00ebs\"}},{\"@type\":\"ListItem\",\"position\":4,\"item\":{\"@type\":\"WebPage\",\"@id\":\"https:\/\/deutschcolor.com\/al\/product-category\/ngjites\/ngjites-per-panelet-e-izolimit-termik\/\",\"url\":\"https:\/\/deutschcolor.com\/al\/product-category\/ngjites\/ngjites-per-panelet-e-izolimit-termik\/\",\"name\":\"1.4. Ngjit\\u00ebs p\\u00ebr panelet e izolimit termik\"}},{\"@type\":\"ListItem\",\"position\":5,\"item\":{\"@type\":\"WebPage\",\"@id\":\"https:\/\/deutschcolor.com\/al\/product\/tb-800\/\",\"url\":\"https:\/\/deutschcolor.com\/al\/product\/tb-800\/\",\"name\":\"TB 800\"}}]}]}<\/script>\n<!-- \/ Yoast SEO plugin. -->","_links":{"self":[{"href":"https:\/\/deutschcolor.com\/al\/wp-json\/wp\/v2\/product\/24616","targetHints":{"allow":["GET"]}}],"collection":[{"href":"https:\/\/deutschcolor.com\/al\/wp-json\/wp\/v2\/product"}],"about":[{"href":"https:\/\/deutschcolor.com\/al\/wp-json\/wp\/v2\/types\/product"}],"replies":[{"embeddable":true,"href":"https:\/\/deutschcolor.com\/al\/wp-json\/wp\/v2\/comments?post=24616"}],"wp:featuredmedia":[{"embeddable":true,"href":"https:\/\/deutschcolor.com\/al\/wp-json\/wp\/v2\/media\/24618"}],"wp:attachment":[{"href":"https:\/\/deutschcolor.com\/al\/wp-json\/wp\/v2\/media?parent=24616"}],"curies":[{"name":"wp","href":"https:\/\/api.w.org\/{rel}","templated":true}]}}