{"id":24619,"date":"2019-12-24T14:58:31","date_gmt":"2019-12-24T14:58:31","guid":{"rendered":"https:\/\/deutschcolor.com\/al\/?post_type=product&#038;p=24619"},"modified":"2025-03-03T08:24:29","modified_gmt":"2025-03-03T08:24:29","slug":"rfm-800","status":"publish","type":"product","link":"https:\/\/deutschcolor.com\/al\/product\/rfm-800\/","title":{"rendered":"RFM 800"},"content":{"rendered":"<p><strong>KARAKTERISTIKAT<\/strong><br \/>\n-Pluhur me baz\u00eb \u00e7imento<br \/>\n-P\u00ebr ambiente me temperatur\u00eb t\u00eb lart\u00eb dhe me rezistenc\u00eb t\u00eb lart\u00eb mekanike<br \/>\n-P\u00ebr mbushje me trash\u00ebsi deri 20 mm\/shtres\u00eb<br \/>\n-Nuk tkurret<br \/>\n-Punueshm\u00ebri dhe ngjitshm\u00ebri e shk\u00eblqyer<br \/>\n-Rezistenc\u00eb ndaj temperaturave dhe goditjeve.<br \/>\n-Fal\u00eb lidhjeve hidraulike, polimereve t\u00eb ve\u00e7anta, inerteve t\u00eb p\u00ebrzgjedhura dhe t\u00eb fibrave sintetike q\u00eb p\u00ebrmban, nuk \u00e7ahet dhe nuk rr\u00ebshket n\u00eb trash\u00ebsi t\u00eb m\u00ebdha.<\/p>\n<p><strong>FUSHA E APLIKIMIT<\/strong><br \/>\nRFM 800, aplikohet n\u00eb t\u00eb gjitha ato ambiente ku kerkohet rezistenc\u00eb e lart\u00eb ndaj temperaturave, si p\u00ebr sh\u00ebmbull furra, oxhaqe, etj.<br \/>\n###<br \/>\n<strong>KONSUMI<\/strong><br \/>\nRreth 18 kg\/m2 \/cm trash\u00ebsi shtrese<\/p>\n<p><strong>PAKETIMI<\/strong><br \/>\nThas\u00eb letre 25 Kg.<\/p>\n<p><strong>JET\u00cbGJAT\u00cbSIA DHE RUAJTJA<\/strong><br \/>\n12 muaj, n\u00eb qoft\u00eb se ruhet n\u00eb kushte normale dhe n\u00eb paketimin origjinal, i mbrojtur nga lag\u00ebshtia dhe ekspozimi direkt ndaj diellit.<\/p>\n","protected":false},"excerpt":{"rendered":"<p>Lla\u00e7 zjarrdurues me baz\u00eb \u00e7imento, rezinash sintetike dhe adetiv\u00eb special\u00eb p\u00ebr ambjente me temperatur\u00eb t\u00eb lart\u00eb.<\/p>\n","protected":false},"featured_media":24620,"comment_status":"closed","ping_status":"closed","template":"","meta":{"_glsr_average":0,"_glsr_ranking":0,"_glsr_reviews":0},"class_list":["post-24619","product","type-product","status-publish","has-post-thumbnail","hentry","product_cat-ngjites","product_cat-ngjites-rezistent-ndaj-temperatures-se-larte"],"yoast_head":"<!-- This site is optimized with the Yoast SEO plugin v15.0 - https:\/\/yoast.com\/wordpress\/plugins\/seo\/ -->\n<title>RFM 800 - Rezistenc\u00eb e lart\u00eb ndaj temperaturave - Deutsch Color<\/title>\n<meta name=\"description\" content=\"RFM 800, aplikohet n\u00eb t\u00eb gjitha ato ambiente ku kerkohet rezistenc\u00eb e lart\u00eb ndaj temperaturave, si p\u00ebr sh\u00ebmbull furra, oxhaqe, etj.\" \/>\n<meta name=\"robots\" content=\"index, follow, max-snippet:-1, max-image-preview:large, max-video-preview:-1\" \/>\n<link rel=\"canonical\" href=\"https:\/\/deutschcolor.com\/al\/product\/rfm-800\/\" \/>\n<meta property=\"og:locale\" content=\"en_US\" \/>\n<meta property=\"og:type\" content=\"article\" \/>\n<meta property=\"og:title\" content=\"RFM 800 - Rezistenc\u00eb e lart\u00eb ndaj temperaturave - Deutsch Color\" \/>\n<meta property=\"og:description\" content=\"RFM 800, aplikohet n\u00eb t\u00eb gjitha ato ambiente ku kerkohet rezistenc\u00eb e lart\u00eb ndaj temperaturave, si p\u00ebr sh\u00ebmbull furra, oxhaqe, etj.\" \/>\n<meta property=\"og:url\" content=\"https:\/\/deutschcolor.com\/al\/product\/rfm-800\/\" \/>\n<meta property=\"og:site_name\" content=\"Deutschcolor\" \/>\n<meta property=\"article:publisher\" content=\"https:\/\/www.facebook.com\/deutschcolorofficial\" \/>\n<meta property=\"article:modified_time\" content=\"2025-03-03T08:24:29+00:00\" \/>\n<meta property=\"og:image\" content=\"https:\/\/deutschcolor.com\/al\/wp-content\/uploads\/2019\/12\/RFM-800-min.png\" \/>\n\t<meta property=\"og:image:width\" content=\"1000\" \/>\n\t<meta property=\"og:image:height\" content=\"1000\" \/>\n<meta name=\"twitter:card\" content=\"summary_large_image\" \/>\n<script type=\"application\/ld+json\" class=\"yoast-schema-graph\">{\"@context\":\"https:\/\/schema.org\",\"@graph\":[{\"@type\":\"WebSite\",\"@id\":\"https:\/\/deutschcolor.com\/al\/#website\",\"url\":\"https:\/\/deutschcolor.com\/al\/\",\"name\":\"Deutschcolor\",\"description\":\"Deutschcolor Albania\",\"potentialAction\":[{\"@type\":\"SearchAction\",\"target\":\"https:\/\/deutschcolor.com\/al\/?s={search_term_string}\",\"query-input\":\"required name=search_term_string\"}],\"inLanguage\":\"en-US\"},{\"@type\":\"ImageObject\",\"@id\":\"https:\/\/deutschcolor.com\/al\/product\/rfm-800\/#primaryimage\",\"inLanguage\":\"en-US\",\"url\":\"https:\/\/deutschcolor.com\/al\/wp-content\/uploads\/2019\/12\/RFM-800-min.png\",\"width\":1000,\"height\":1000},{\"@type\":\"WebPage\",\"@id\":\"https:\/\/deutschcolor.com\/al\/product\/rfm-800\/#webpage\",\"url\":\"https:\/\/deutschcolor.com\/al\/product\/rfm-800\/\",\"name\":\"RFM 800 - Rezistenc\\u00eb e lart\\u00eb ndaj temperaturave - Deutsch Color\",\"isPartOf\":{\"@id\":\"https:\/\/deutschcolor.com\/al\/#website\"},\"primaryImageOfPage\":{\"@id\":\"https:\/\/deutschcolor.com\/al\/product\/rfm-800\/#primaryimage\"},\"datePublished\":\"2019-12-24T14:58:31+00:00\",\"dateModified\":\"2025-03-03T08:24:29+00:00\",\"description\":\"RFM 800, aplikohet n\\u00eb t\\u00eb gjitha ato ambiente ku kerkohet rezistenc\\u00eb e lart\\u00eb ndaj temperaturave, si p\\u00ebr sh\\u00ebmbull furra, oxhaqe, etj.\",\"breadcrumb\":{\"@id\":\"https:\/\/deutschcolor.com\/al\/product\/rfm-800\/#breadcrumb\"},\"inLanguage\":\"en-US\",\"potentialAction\":[{\"@type\":\"ReadAction\",\"target\":[\"https:\/\/deutschcolor.com\/al\/product\/rfm-800\/\"]}]},{\"@type\":\"BreadcrumbList\",\"@id\":\"https:\/\/deutschcolor.com\/al\/product\/rfm-800\/#breadcrumb\",\"itemListElement\":[{\"@type\":\"ListItem\",\"position\":1,\"item\":{\"@type\":\"WebPage\",\"@id\":\"https:\/\/deutschcolor.com\/al\/\",\"url\":\"https:\/\/deutschcolor.com\/al\/\",\"name\":\"Home\"}},{\"@type\":\"ListItem\",\"position\":2,\"item\":{\"@type\":\"WebPage\",\"@id\":\"https:\/\/deutschcolor.com\/al\/shop\/\",\"url\":\"https:\/\/deutschcolor.com\/al\/shop\/\",\"name\":\"SHOP\"}},{\"@type\":\"ListItem\",\"position\":3,\"item\":{\"@type\":\"WebPage\",\"@id\":\"https:\/\/deutschcolor.com\/al\/product-category\/ngjites\/\",\"url\":\"https:\/\/deutschcolor.com\/al\/product-category\/ngjites\/\",\"name\":\"Ngjit\\u00ebs\"}},{\"@type\":\"ListItem\",\"position\":4,\"item\":{\"@type\":\"WebPage\",\"@id\":\"https:\/\/deutschcolor.com\/al\/product-category\/ngjites\/ngjites-rezistent-ndaj-temperatures-se-larte\/\",\"url\":\"https:\/\/deutschcolor.com\/al\/product-category\/ngjites\/ngjites-rezistent-ndaj-temperatures-se-larte\/\",\"name\":\"1.5. Ngjit\\u00ebs rezistent ndaj temperatur\\u00ebs s\\u00eb lart\\u00eb\"}},{\"@type\":\"ListItem\",\"position\":5,\"item\":{\"@type\":\"WebPage\",\"@id\":\"https:\/\/deutschcolor.com\/al\/product\/rfm-800\/\",\"url\":\"https:\/\/deutschcolor.com\/al\/product\/rfm-800\/\",\"name\":\"RFM 800\"}}]}]}<\/script>\n<!-- \/ Yoast SEO plugin. -->","_links":{"self":[{"href":"https:\/\/deutschcolor.com\/al\/wp-json\/wp\/v2\/product\/24619","targetHints":{"allow":["GET"]}}],"collection":[{"href":"https:\/\/deutschcolor.com\/al\/wp-json\/wp\/v2\/product"}],"about":[{"href":"https:\/\/deutschcolor.com\/al\/wp-json\/wp\/v2\/types\/product"}],"replies":[{"embeddable":true,"href":"https:\/\/deutschcolor.com\/al\/wp-json\/wp\/v2\/comments?post=24619"}],"wp:featuredmedia":[{"embeddable":true,"href":"https:\/\/deutschcolor.com\/al\/wp-json\/wp\/v2\/media\/24620"}],"wp:attachment":[{"href":"https:\/\/deutschcolor.com\/al\/wp-json\/wp\/v2\/media?parent=24619"}],"curies":[{"name":"wp","href":"https:\/\/api.w.org\/{rel}","templated":true}]}}