{"id":24624,"date":"2019-12-24T15:03:13","date_gmt":"2019-12-24T15:03:13","guid":{"rendered":"https:\/\/deutschcolor.com\/al\/?post_type=product&#038;p=24624"},"modified":"2025-03-05T09:45:29","modified_gmt":"2025-03-05T09:45:29","slug":"wa-600-2k","status":"publish","type":"product","link":"https:\/\/deutschcolor.com\/al\/product\/wa-600-2k\/","title":{"rendered":"WA 600 2K"},"content":{"rendered":"<p><strong>KARAKTERISTIKAT<\/strong><br \/>\n-Ngjit\u00ebs 2 komponent\u00ebsh.<br \/>\n-Forcohet edhe n\u00eb temperatura af\u00ebr ngrirjes. Rekomandohet instalimi n\u00eb temperatura +10\u00b0C.<br \/>\n-Ngjitshm\u00ebri t\u00eb lart\u00eb \u00e7ka b\u00ebn te mundur shkelje pas 24 or\u00ebsh.<br \/>\n-Nivel t\u00eb lart\u00eb fleksibiliteti dhe ngjitshm\u00ebrie \u00e7ka e b\u00ebn t\u00eb p\u00ebrshtatsh\u00ebm ndaj l\u00ebvizjeve higrometrike t\u00eb drurit.<br \/>\n-Krejt\u00ebsisht rezistent ndaj mykut dhe baktereve p\u00ebr shkak t\u00eb shtesave t\u00eb ve\u00e7anta q\u00eb ai p\u00ebrmban.<br \/>\n-Nuk klasifikohet si material i rreziksh\u00ebm.<\/p>\n<p><strong>PRO\u00c7EDURA E APLIKIMIT<\/strong><br \/>\nSip\u00ebrfaqja duhet t\u00eb jet\u00eb plot\u00ebsisht e that\u00eb, absorbuese, e niveluar, mekanikisht e q\u00ebndrueshme, pa pluhur, grimca t\u00eb lira, bojra, dyll, vaj, etj. P\u00ebrmbajtja e lag\u00ebshtis\u00eb duhet t\u00eb jet\u00eb m\u00eb e ul\u00ebt se niveli maksimal i paracaktuar nga prodhuesit e parketeve. Kontrolloni lag\u00ebshtin\u00eb n\u00eb t\u00eb gjith\u00eb trash\u00ebsin\u00eb e sip\u00ebrfaqes, duke p\u00ebrdorur nj\u00eb mat\u00ebs lag\u00ebshtie.<br \/>\n###<br \/>\n<strong>KONSUMI<\/strong><br \/>\nN\u00eb var\u00ebsi t\u00eb llojit t\u00eb mall\u00ebs s\u00eb p\u00ebrdorur:<br \/>\n600 &#8211; 800 g\/m\u00b2 duke p\u00ebrdorur nj\u00eb mall\u00eb m\u00eb dh\u00ebmb\u00eb 4 mm.<br \/>\n800 &#8211; 1000 g\/m\u00b2 duke p\u00ebrdorur nj\u00eb mall\u00eb me dh\u00ebmb\u00eb 6 mm.<\/p>\n<p><strong>PAKETIMI<\/strong><br \/>\nKova plastike 5kg\/15 kg<\/p>\n<p><strong>JET\u00cbGJAT\u00cbSIA DHE RUAJTJA<\/strong><br \/>\n24 muaj n\u00eb qoft\u00eb se ruhet n\u00eb nj\u00eb vend t\u00eb fresk\u00ebt n\u00eb paketimin e vet origjinal, t\u00eb mbyllur.<\/p>\n","protected":false},"excerpt":{"rendered":"<p>Ngjit\u00ebs dy komponent\u00ebsh, me baz\u00eb poliuretani i p\u00ebrshtatsh\u00ebm p\u00ebr t\u00eb gjitha tipet e parketeve<\/p>\n","protected":false},"featured_media":24625,"comment_status":"closed","ping_status":"closed","template":"","meta":{"_glsr_average":0,"_glsr_ranking":0,"_glsr_reviews":0},"class_list":["post-24624","product","type-product","status-publish","has-post-thumbnail","hentry","product_cat-ngjites","product_cat-ngjites-per-pvc-linoleum-dhe-parket"],"yoast_head":"<!-- This site is optimized with the Yoast SEO plugin v15.0 - https:\/\/yoast.com\/wordpress\/plugins\/seo\/ -->\n<title>WA 600 2K - Rezistent ndaj mykut dhe baktereve- Deutsch Color - Ngjyrat e jetes.<\/title>\n<meta name=\"description\" content=\"WA 600 2K \u00ebsht\u00eb krejt\u00ebsisht rezistent ndaj mykut dhe baktereve p\u00ebr shkak t\u00eb shtesave t\u00eb ve\u00e7anta q\u00eb ai p\u00ebrmban. Ngjyrat e jetes.\" \/>\n<meta name=\"robots\" content=\"index, follow, max-snippet:-1, max-image-preview:large, max-video-preview:-1\" \/>\n<link rel=\"canonical\" href=\"https:\/\/deutschcolor.com\/al\/product\/wa-600-2k\/\" \/>\n<meta property=\"og:locale\" content=\"en_US\" \/>\n<meta property=\"og:type\" content=\"article\" \/>\n<meta property=\"og:title\" content=\"WA 600 2K - Rezistent ndaj mykut dhe baktereve- Deutsch Color - Ngjyrat e jetes.\" \/>\n<meta property=\"og:description\" content=\"WA 600 2K \u00ebsht\u00eb krejt\u00ebsisht rezistent ndaj mykut dhe baktereve p\u00ebr shkak t\u00eb shtesave t\u00eb ve\u00e7anta q\u00eb ai p\u00ebrmban. Ngjyrat e jetes.\" \/>\n<meta property=\"og:url\" content=\"https:\/\/deutschcolor.com\/al\/product\/wa-600-2k\/\" \/>\n<meta property=\"og:site_name\" content=\"Deutschcolor\" \/>\n<meta property=\"article:publisher\" content=\"https:\/\/www.facebook.com\/deutschcolorofficial\" \/>\n<meta property=\"article:modified_time\" content=\"2025-03-05T09:45:29+00:00\" \/>\n<meta property=\"og:image\" content=\"https:\/\/deutschcolor.com\/al\/wp-content\/uploads\/2019\/12\/wa-600-2k-min.png\" \/>\n\t<meta property=\"og:image:width\" content=\"1000\" \/>\n\t<meta property=\"og:image:height\" content=\"1000\" \/>\n<meta name=\"twitter:card\" content=\"summary_large_image\" \/>\n<script type=\"application\/ld+json\" class=\"yoast-schema-graph\">{\"@context\":\"https:\/\/schema.org\",\"@graph\":[{\"@type\":\"WebSite\",\"@id\":\"https:\/\/deutschcolor.com\/al\/#website\",\"url\":\"https:\/\/deutschcolor.com\/al\/\",\"name\":\"Deutschcolor\",\"description\":\"Deutschcolor Albania\",\"potentialAction\":[{\"@type\":\"SearchAction\",\"target\":\"https:\/\/deutschcolor.com\/al\/?s={search_term_string}\",\"query-input\":\"required name=search_term_string\"}],\"inLanguage\":\"en-US\"},{\"@type\":\"ImageObject\",\"@id\":\"https:\/\/deutschcolor.com\/al\/product\/wa-600-2k\/#primaryimage\",\"inLanguage\":\"en-US\",\"url\":\"https:\/\/deutschcolor.com\/al\/wp-content\/uploads\/2019\/12\/wa-600-2k-min.png\",\"width\":1000,\"height\":1000},{\"@type\":\"WebPage\",\"@id\":\"https:\/\/deutschcolor.com\/al\/product\/wa-600-2k\/#webpage\",\"url\":\"https:\/\/deutschcolor.com\/al\/product\/wa-600-2k\/\",\"name\":\"WA 600 2K - Rezistent ndaj mykut dhe baktereve- Deutsch Color - Ngjyrat e jetes.\",\"isPartOf\":{\"@id\":\"https:\/\/deutschcolor.com\/al\/#website\"},\"primaryImageOfPage\":{\"@id\":\"https:\/\/deutschcolor.com\/al\/product\/wa-600-2k\/#primaryimage\"},\"datePublished\":\"2019-12-24T15:03:13+00:00\",\"dateModified\":\"2025-03-05T09:45:29+00:00\",\"description\":\"WA 600 2K \\u00ebsht\\u00eb krejt\\u00ebsisht rezistent ndaj mykut dhe baktereve p\\u00ebr shkak t\\u00eb shtesave t\\u00eb ve\\u00e7anta q\\u00eb ai p\\u00ebrmban. Ngjyrat e jetes.\",\"breadcrumb\":{\"@id\":\"https:\/\/deutschcolor.com\/al\/product\/wa-600-2k\/#breadcrumb\"},\"inLanguage\":\"en-US\",\"potentialAction\":[{\"@type\":\"ReadAction\",\"target\":[\"https:\/\/deutschcolor.com\/al\/product\/wa-600-2k\/\"]}]},{\"@type\":\"BreadcrumbList\",\"@id\":\"https:\/\/deutschcolor.com\/al\/product\/wa-600-2k\/#breadcrumb\",\"itemListElement\":[{\"@type\":\"ListItem\",\"position\":1,\"item\":{\"@type\":\"WebPage\",\"@id\":\"https:\/\/deutschcolor.com\/al\/\",\"url\":\"https:\/\/deutschcolor.com\/al\/\",\"name\":\"Home\"}},{\"@type\":\"ListItem\",\"position\":2,\"item\":{\"@type\":\"WebPage\",\"@id\":\"https:\/\/deutschcolor.com\/al\/shop\/\",\"url\":\"https:\/\/deutschcolor.com\/al\/shop\/\",\"name\":\"SHOP\"}},{\"@type\":\"ListItem\",\"position\":3,\"item\":{\"@type\":\"WebPage\",\"@id\":\"https:\/\/deutschcolor.com\/al\/product-category\/ngjites\/\",\"url\":\"https:\/\/deutschcolor.com\/al\/product-category\/ngjites\/\",\"name\":\"Ngjit\\u00ebs\"}},{\"@type\":\"ListItem\",\"position\":4,\"item\":{\"@type\":\"WebPage\",\"@id\":\"https:\/\/deutschcolor.com\/al\/product-category\/ngjites\/ngjites-per-pvc-linoleum-dhe-parket\/\",\"url\":\"https:\/\/deutschcolor.com\/al\/product-category\/ngjites\/ngjites-per-pvc-linoleum-dhe-parket\/\",\"name\":\"1.6. Ngjit\\u00ebs p\\u00ebr PVC, Linoleum dhe parket\"}},{\"@type\":\"ListItem\",\"position\":5,\"item\":{\"@type\":\"WebPage\",\"@id\":\"https:\/\/deutschcolor.com\/al\/product\/wa-600-2k\/\",\"url\":\"https:\/\/deutschcolor.com\/al\/product\/wa-600-2k\/\",\"name\":\"WA 600 2K\"}}]}]}<\/script>\n<!-- \/ Yoast SEO plugin. -->","_links":{"self":[{"href":"https:\/\/deutschcolor.com\/al\/wp-json\/wp\/v2\/product\/24624","targetHints":{"allow":["GET"]}}],"collection":[{"href":"https:\/\/deutschcolor.com\/al\/wp-json\/wp\/v2\/product"}],"about":[{"href":"https:\/\/deutschcolor.com\/al\/wp-json\/wp\/v2\/types\/product"}],"replies":[{"embeddable":true,"href":"https:\/\/deutschcolor.com\/al\/wp-json\/wp\/v2\/comments?post=24624"}],"wp:featuredmedia":[{"embeddable":true,"href":"https:\/\/deutschcolor.com\/al\/wp-json\/wp\/v2\/media\/24625"}],"wp:attachment":[{"href":"https:\/\/deutschcolor.com\/al\/wp-json\/wp\/v2\/media?parent=24624"}],"curies":[{"name":"wp","href":"https:\/\/api.w.org\/{rel}","templated":true}]}}