{"id":24628,"date":"2019-12-24T15:06:38","date_gmt":"2019-12-24T15:06:38","guid":{"rendered":"https:\/\/deutschcolor.com\/al\/?post_type=product&#038;p=24628"},"modified":"2025-03-05T15:15:45","modified_gmt":"2025-03-05T15:15:45","slug":"pvc-adhesive","status":"publish","type":"product","link":"https:\/\/deutschcolor.com\/al\/product\/pvc-adhesive\/","title":{"rendered":"PVC ADHESIVE"},"content":{"rendered":"<p><strong>KARAKTERISTIKAT<\/strong><\/p>\n<p>-Ngjit\u00ebs i fort\u00eb p\u00ebr tuba plastike PVC<br \/>\n-P\u00ebr tubat e uj\u00ebsjell\u00ebsit dhe kanalizimeve.<br \/>\n-Rezistente ndaj ndryshimeve t\u00eb temperatur\u00ebs, ujit t\u00eb ftoht\u00eb dhe t\u00eb nxeht\u00eb, dridhjeve dhe koh\u00ebs.<br \/>\n-Dend\u00ebsia e q\u00ebndrueshme dhe ideale e ngjit\u00ebsit PVC mbush boshll\u00ebqet q\u00eb mund t\u00eb krijohen gjat\u00eb montimit t\u00eb pajisjeve, duke siguruar k\u00ebshtu q\u00eb ngjitja e tyre t\u00eb jet\u00eb e pathyeshme.<br \/>\n-Bashkangjitur n\u00eb kapak, ka nj\u00eb fur\u00e7\u00eb t\u00eb posa\u00e7me sferike<br \/>\n-Nuk rripet.<br \/>\n###<br \/>\n<strong>KONSUMI<\/strong><br \/>\n250 ml\/m2 shtres\u00eb.<\/p>\n<p><strong>JET\u00cbGJAT\u00cbSIA DHE RUAJTJA<\/strong><br \/>\n18 muaj n\u00ebse ruhet n\u00eb ambalazhim t\u00eb mbyllur mire, v\u00ebnde t\u00eb thata dhe n\u00ebn hije dhe i mbrojtur nga \u00e7do burim nxeht\u00ebsie.<\/p>\n<p><strong>PAKETIMI<\/strong><br \/>\nKana\u00e7e 250 ml \/ 500 ml<\/p>\n","protected":false},"excerpt":{"rendered":"<p>Ngjit\u00ebs i fort\u00eb p\u00ebr tuba plastike PVC<\/p>\n","protected":false},"featured_media":24629,"comment_status":"closed","ping_status":"closed","template":"","meta":{"_glsr_average":0,"_glsr_ranking":0,"_glsr_reviews":0},"class_list":["post-24628","product","type-product","status-publish","has-post-thumbnail","hentry","product_cat-ngjites","product_cat-ngjites-per-pvc-linoleum-dhe-parket"],"yoast_head":"<!-- This site is optimized with the Yoast SEO plugin v15.0 - https:\/\/yoast.com\/wordpress\/plugins\/seo\/ -->\n<title>PVC ADHESIVE - Dend\u00ebsia e q\u00ebndrueshme - Deutschcolor - Ngjitje ideale.<\/title>\n<meta name=\"description\" content=\"Dend\u00ebsia e q\u00ebndrueshme dhe ideale e ngjit\u00ebsit PVC mbush boshll\u00ebqet q\u00eb mund t\u00eb krijohen gjat\u00eb montimit t\u00eb pajisjeve, duke siguruar nje ngjitje ideale.\" \/>\n<meta name=\"robots\" content=\"index, follow, max-snippet:-1, max-image-preview:large, max-video-preview:-1\" \/>\n<link rel=\"canonical\" href=\"https:\/\/deutschcolor.com\/al\/product\/pvc-adhesive\/\" \/>\n<meta property=\"og:locale\" content=\"en_US\" \/>\n<meta property=\"og:type\" content=\"article\" \/>\n<meta property=\"og:title\" content=\"PVC ADHESIVE - Dend\u00ebsia e q\u00ebndrueshme - Deutschcolor - Ngjitje ideale.\" \/>\n<meta property=\"og:description\" content=\"Dend\u00ebsia e q\u00ebndrueshme dhe ideale e ngjit\u00ebsit PVC mbush boshll\u00ebqet q\u00eb mund t\u00eb krijohen gjat\u00eb montimit t\u00eb pajisjeve, duke siguruar nje ngjitje ideale.\" \/>\n<meta property=\"og:url\" content=\"https:\/\/deutschcolor.com\/al\/product\/pvc-adhesive\/\" \/>\n<meta property=\"og:site_name\" content=\"Deutschcolor\" \/>\n<meta property=\"article:publisher\" content=\"https:\/\/www.facebook.com\/deutschcolorofficial\" \/>\n<meta property=\"article:modified_time\" content=\"2025-03-05T15:15:45+00:00\" \/>\n<meta property=\"og:image\" content=\"https:\/\/deutschcolor.com\/al\/wp-content\/uploads\/2019\/12\/PVC-Adhesive-min.png\" \/>\n\t<meta property=\"og:image:width\" content=\"1000\" \/>\n\t<meta property=\"og:image:height\" content=\"1000\" \/>\n<meta name=\"twitter:card\" content=\"summary_large_image\" \/>\n<script type=\"application\/ld+json\" class=\"yoast-schema-graph\">{\"@context\":\"https:\/\/schema.org\",\"@graph\":[{\"@type\":\"WebSite\",\"@id\":\"https:\/\/deutschcolor.com\/al\/#website\",\"url\":\"https:\/\/deutschcolor.com\/al\/\",\"name\":\"Deutschcolor\",\"description\":\"Deutschcolor Albania\",\"potentialAction\":[{\"@type\":\"SearchAction\",\"target\":\"https:\/\/deutschcolor.com\/al\/?s={search_term_string}\",\"query-input\":\"required name=search_term_string\"}],\"inLanguage\":\"en-US\"},{\"@type\":\"ImageObject\",\"@id\":\"https:\/\/deutschcolor.com\/al\/product\/pvc-adhesive\/#primaryimage\",\"inLanguage\":\"en-US\",\"url\":\"https:\/\/deutschcolor.com\/al\/wp-content\/uploads\/2019\/12\/PVC-Adhesive-min.png\",\"width\":1000,\"height\":1000},{\"@type\":\"WebPage\",\"@id\":\"https:\/\/deutschcolor.com\/al\/product\/pvc-adhesive\/#webpage\",\"url\":\"https:\/\/deutschcolor.com\/al\/product\/pvc-adhesive\/\",\"name\":\"PVC ADHESIVE - Dend\\u00ebsia e q\\u00ebndrueshme - Deutschcolor - Ngjitje ideale.\",\"isPartOf\":{\"@id\":\"https:\/\/deutschcolor.com\/al\/#website\"},\"primaryImageOfPage\":{\"@id\":\"https:\/\/deutschcolor.com\/al\/product\/pvc-adhesive\/#primaryimage\"},\"datePublished\":\"2019-12-24T15:06:38+00:00\",\"dateModified\":\"2025-03-05T15:15:45+00:00\",\"description\":\"Dend\\u00ebsia e q\\u00ebndrueshme dhe ideale e ngjit\\u00ebsit PVC mbush boshll\\u00ebqet q\\u00eb mund t\\u00eb krijohen gjat\\u00eb montimit t\\u00eb pajisjeve, duke siguruar nje ngjitje ideale.\",\"breadcrumb\":{\"@id\":\"https:\/\/deutschcolor.com\/al\/product\/pvc-adhesive\/#breadcrumb\"},\"inLanguage\":\"en-US\",\"potentialAction\":[{\"@type\":\"ReadAction\",\"target\":[\"https:\/\/deutschcolor.com\/al\/product\/pvc-adhesive\/\"]}]},{\"@type\":\"BreadcrumbList\",\"@id\":\"https:\/\/deutschcolor.com\/al\/product\/pvc-adhesive\/#breadcrumb\",\"itemListElement\":[{\"@type\":\"ListItem\",\"position\":1,\"item\":{\"@type\":\"WebPage\",\"@id\":\"https:\/\/deutschcolor.com\/al\/\",\"url\":\"https:\/\/deutschcolor.com\/al\/\",\"name\":\"Home\"}},{\"@type\":\"ListItem\",\"position\":2,\"item\":{\"@type\":\"WebPage\",\"@id\":\"https:\/\/deutschcolor.com\/al\/shop\/\",\"url\":\"https:\/\/deutschcolor.com\/al\/shop\/\",\"name\":\"SHOP\"}},{\"@type\":\"ListItem\",\"position\":3,\"item\":{\"@type\":\"WebPage\",\"@id\":\"https:\/\/deutschcolor.com\/al\/product-category\/ngjites\/\",\"url\":\"https:\/\/deutschcolor.com\/al\/product-category\/ngjites\/\",\"name\":\"Ngjit\\u00ebs\"}},{\"@type\":\"ListItem\",\"position\":4,\"item\":{\"@type\":\"WebPage\",\"@id\":\"https:\/\/deutschcolor.com\/al\/product-category\/ngjites\/ngjites-per-pvc-linoleum-dhe-parket\/\",\"url\":\"https:\/\/deutschcolor.com\/al\/product-category\/ngjites\/ngjites-per-pvc-linoleum-dhe-parket\/\",\"name\":\"1.6. Ngjit\\u00ebs p\\u00ebr PVC, Linoleum dhe parket\"}},{\"@type\":\"ListItem\",\"position\":5,\"item\":{\"@type\":\"WebPage\",\"@id\":\"https:\/\/deutschcolor.com\/al\/product\/pvc-adhesive\/\",\"url\":\"https:\/\/deutschcolor.com\/al\/product\/pvc-adhesive\/\",\"name\":\"PVC ADHESIVE\"}}]}]}<\/script>\n<!-- \/ Yoast SEO plugin. -->","_links":{"self":[{"href":"https:\/\/deutschcolor.com\/al\/wp-json\/wp\/v2\/product\/24628","targetHints":{"allow":["GET"]}}],"collection":[{"href":"https:\/\/deutschcolor.com\/al\/wp-json\/wp\/v2\/product"}],"about":[{"href":"https:\/\/deutschcolor.com\/al\/wp-json\/wp\/v2\/types\/product"}],"replies":[{"embeddable":true,"href":"https:\/\/deutschcolor.com\/al\/wp-json\/wp\/v2\/comments?post=24628"}],"wp:featuredmedia":[{"embeddable":true,"href":"https:\/\/deutschcolor.com\/al\/wp-json\/wp\/v2\/media\/24629"}],"wp:attachment":[{"href":"https:\/\/deutschcolor.com\/al\/wp-json\/wp\/v2\/media?parent=24628"}],"curies":[{"name":"wp","href":"https:\/\/api.w.org\/{rel}","templated":true}]}}