{"id":24630,"date":"2019-12-24T15:14:47","date_gmt":"2019-12-24T15:14:47","guid":{"rendered":"https:\/\/deutschcolor.com\/al\/?post_type=product&#038;p=24630"},"modified":"2025-03-03T09:47:42","modified_gmt":"2025-03-03T09:47:42","slug":"griff-l45","status":"publish","type":"product","link":"https:\/\/deutschcolor.com\/al\/product\/griff-l45\/","title":{"rendered":"GRIFF L45"},"content":{"rendered":"<p><strong>KARAKTERISTIKAT<\/strong><br \/>\n-Nuk e d\u00ebmton letr\u00ebn<br \/>\n-Nuk rrjedh<br \/>\n-Leht\u00ebsisht i korrektuesh\u00ebm<br \/>\n-Ngjitshm\u00ebri e lart\u00eb<br \/>\n-I leht\u00eb p\u00ebr p\u00ebrdorim<br \/>\n-Koh\u00eb e gjat\u00eb punimi<br \/>\n-pH-neutral<br \/>\n-Rezistente ndaj lag\u00ebshtir\u00ebs<\/p>\n<p><strong>REKOMANDIMET P\u00cbR P\u00cbRDORIM<\/strong><br \/>\nI p\u00ebrshtatsh\u00ebm p\u00ebr ngjitjen e t\u00eb gjitha llojeve t\u00eb letr\u00ebs murale n\u00eb ambiente t\u00eb brendshme.<br \/>\n###<br \/>\n<strong>Aplikimi <\/strong><br \/>\nProdukti i p\u00ebrftuar aplikohet me an\u00ebn e nj\u00eb furce ose rruli mbi sip\u00ebrfaqen e pasme te letr\u00ebs murale duke i kushtuar r\u00ebnd\u00ebsi q\u00eb skajet e letr\u00ebs t\u00eb jen\u00eb te lagura plot\u00ebsisht. Ngjit\u00ebsi aplikohet n\u00eb drejtim nga q\u00ebndra e letr\u00ebs drejt skajeve t\u00eb saj.<br \/>\nVeglat e pun\u00ebs pastrohen me uj\u00eb te rrjedhsh\u00ebm pas aplikimit.<\/p>\n<p><strong>PAKETIMI <\/strong><br \/>\nKuti plastike 0,25 kg<\/p>\n<p><strong>JET\u00cbGJAT\u00cbSIA DHE RUAJTJA<\/strong><br \/>\n24 muaj n\u00ebse ruhet n\u00eb paketimin e vet origjinal t\u00eb pahapur.<\/p>\n","protected":false},"excerpt":{"rendered":"<p>Ngjit\u00ebs p\u00ebr let\u00ebr murale bazuar n\u00eb celuloz\u00eb me cil\u00ebsi t\u00eb lart\u00eb<\/p>\n","protected":false},"featured_media":24631,"comment_status":"closed","ping_status":"closed","template":"","meta":{"_glsr_average":0,"_glsr_ranking":0,"_glsr_reviews":0},"class_list":["post-24630","product","type-product","status-publish","has-post-thumbnail","hentry","product_cat-ngjites","product_cat-ngjites-per-letrat-e-murit"],"yoast_head":"<!-- This site is optimized with the Yoast SEO plugin v15.0 - https:\/\/yoast.com\/wordpress\/plugins\/seo\/ -->\n<title>GRIFF L45 - Ngjitjen e t\u00eb gjitha llojeve t\u00eb letr\u00ebs murale- Deutsch Color<\/title>\n<meta name=\"description\" content=\"Ngjit\u00ebsi aplikohet n\u00eb drejtim nga q\u00ebndra e letr\u00ebs drejt skajeve t\u00eb saj. I p\u00ebrshtatsh\u00ebm p\u00ebr ngjitjen e t\u00eb gjitha llojeve t\u00eb letr\u00ebs murale n\u00eb ambiente t\u00eb brendshme.\" \/>\n<meta name=\"robots\" content=\"index, follow, max-snippet:-1, max-image-preview:large, max-video-preview:-1\" \/>\n<link rel=\"canonical\" href=\"https:\/\/deutschcolor.com\/al\/product\/griff-l45\/\" \/>\n<meta property=\"og:locale\" content=\"en_US\" \/>\n<meta property=\"og:type\" content=\"article\" \/>\n<meta property=\"og:title\" content=\"GRIFF L45 - Ngjitjen e t\u00eb gjitha llojeve t\u00eb letr\u00ebs murale- Deutsch Color\" \/>\n<meta property=\"og:description\" content=\"Ngjit\u00ebsi aplikohet n\u00eb drejtim nga q\u00ebndra e letr\u00ebs drejt skajeve t\u00eb saj. I p\u00ebrshtatsh\u00ebm p\u00ebr ngjitjen e t\u00eb gjitha llojeve t\u00eb letr\u00ebs murale n\u00eb ambiente t\u00eb brendshme.\" \/>\n<meta property=\"og:url\" content=\"https:\/\/deutschcolor.com\/al\/product\/griff-l45\/\" \/>\n<meta property=\"og:site_name\" content=\"Deutschcolor\" \/>\n<meta property=\"article:publisher\" content=\"https:\/\/www.facebook.com\/deutschcolorofficial\" \/>\n<meta property=\"article:modified_time\" content=\"2025-03-03T09:47:42+00:00\" \/>\n<meta property=\"og:image\" content=\"https:\/\/deutschcolor.com\/al\/wp-content\/uploads\/2019\/12\/GRIFF-L45-min.png\" \/>\n\t<meta property=\"og:image:width\" content=\"1000\" \/>\n\t<meta property=\"og:image:height\" content=\"1000\" \/>\n<meta name=\"twitter:card\" content=\"summary_large_image\" \/>\n<script type=\"application\/ld+json\" class=\"yoast-schema-graph\">{\"@context\":\"https:\/\/schema.org\",\"@graph\":[{\"@type\":\"WebSite\",\"@id\":\"https:\/\/deutschcolor.com\/al\/#website\",\"url\":\"https:\/\/deutschcolor.com\/al\/\",\"name\":\"Deutschcolor\",\"description\":\"Deutschcolor Albania\",\"potentialAction\":[{\"@type\":\"SearchAction\",\"target\":\"https:\/\/deutschcolor.com\/al\/?s={search_term_string}\",\"query-input\":\"required name=search_term_string\"}],\"inLanguage\":\"en-US\"},{\"@type\":\"ImageObject\",\"@id\":\"https:\/\/deutschcolor.com\/al\/product\/griff-l45\/#primaryimage\",\"inLanguage\":\"en-US\",\"url\":\"https:\/\/deutschcolor.com\/al\/wp-content\/uploads\/2019\/12\/GRIFF-L45-min.png\",\"width\":1000,\"height\":1000},{\"@type\":\"WebPage\",\"@id\":\"https:\/\/deutschcolor.com\/al\/product\/griff-l45\/#webpage\",\"url\":\"https:\/\/deutschcolor.com\/al\/product\/griff-l45\/\",\"name\":\"GRIFF L45 - Ngjitjen e t\\u00eb gjitha llojeve t\\u00eb letr\\u00ebs murale- Deutsch Color\",\"isPartOf\":{\"@id\":\"https:\/\/deutschcolor.com\/al\/#website\"},\"primaryImageOfPage\":{\"@id\":\"https:\/\/deutschcolor.com\/al\/product\/griff-l45\/#primaryimage\"},\"datePublished\":\"2019-12-24T15:14:47+00:00\",\"dateModified\":\"2025-03-03T09:47:42+00:00\",\"description\":\"Ngjit\\u00ebsi aplikohet n\\u00eb drejtim nga q\\u00ebndra e letr\\u00ebs drejt skajeve t\\u00eb saj. I p\\u00ebrshtatsh\\u00ebm p\\u00ebr ngjitjen e t\\u00eb gjitha llojeve t\\u00eb letr\\u00ebs murale n\\u00eb ambiente t\\u00eb brendshme.\",\"breadcrumb\":{\"@id\":\"https:\/\/deutschcolor.com\/al\/product\/griff-l45\/#breadcrumb\"},\"inLanguage\":\"en-US\",\"potentialAction\":[{\"@type\":\"ReadAction\",\"target\":[\"https:\/\/deutschcolor.com\/al\/product\/griff-l45\/\"]}]},{\"@type\":\"BreadcrumbList\",\"@id\":\"https:\/\/deutschcolor.com\/al\/product\/griff-l45\/#breadcrumb\",\"itemListElement\":[{\"@type\":\"ListItem\",\"position\":1,\"item\":{\"@type\":\"WebPage\",\"@id\":\"https:\/\/deutschcolor.com\/al\/\",\"url\":\"https:\/\/deutschcolor.com\/al\/\",\"name\":\"Home\"}},{\"@type\":\"ListItem\",\"position\":2,\"item\":{\"@type\":\"WebPage\",\"@id\":\"https:\/\/deutschcolor.com\/al\/shop\/\",\"url\":\"https:\/\/deutschcolor.com\/al\/shop\/\",\"name\":\"SHOP\"}},{\"@type\":\"ListItem\",\"position\":3,\"item\":{\"@type\":\"WebPage\",\"@id\":\"https:\/\/deutschcolor.com\/al\/product-category\/ngjites\/\",\"url\":\"https:\/\/deutschcolor.com\/al\/product-category\/ngjites\/\",\"name\":\"Ngjit\\u00ebs\"}},{\"@type\":\"ListItem\",\"position\":4,\"item\":{\"@type\":\"WebPage\",\"@id\":\"https:\/\/deutschcolor.com\/al\/product-category\/ngjites\/ngjites-per-letrat-e-murit\/\",\"url\":\"https:\/\/deutschcolor.com\/al\/product-category\/ngjites\/ngjites-per-letrat-e-murit\/\",\"name\":\"1.7. Ngjit\\u00ebs p\\u00ebr letrat e murit\"}},{\"@type\":\"ListItem\",\"position\":5,\"item\":{\"@type\":\"WebPage\",\"@id\":\"https:\/\/deutschcolor.com\/al\/product\/griff-l45\/\",\"url\":\"https:\/\/deutschcolor.com\/al\/product\/griff-l45\/\",\"name\":\"GRIFF L45\"}}]}]}<\/script>\n<!-- \/ Yoast SEO plugin. -->","_links":{"self":[{"href":"https:\/\/deutschcolor.com\/al\/wp-json\/wp\/v2\/product\/24630","targetHints":{"allow":["GET"]}}],"collection":[{"href":"https:\/\/deutschcolor.com\/al\/wp-json\/wp\/v2\/product"}],"about":[{"href":"https:\/\/deutschcolor.com\/al\/wp-json\/wp\/v2\/types\/product"}],"replies":[{"embeddable":true,"href":"https:\/\/deutschcolor.com\/al\/wp-json\/wp\/v2\/comments?post=24630"}],"wp:featuredmedia":[{"embeddable":true,"href":"https:\/\/deutschcolor.com\/al\/wp-json\/wp\/v2\/media\/24631"}],"wp:attachment":[{"href":"https:\/\/deutschcolor.com\/al\/wp-json\/wp\/v2\/media?parent=24630"}],"curies":[{"name":"wp","href":"https:\/\/api.w.org\/{rel}","templated":true}]}}