{"id":24632,"date":"2019-12-24T15:23:03","date_gmt":"2019-12-24T15:23:03","guid":{"rendered":"https:\/\/deutschcolor.com\/al\/?post_type=product&#038;p=24632"},"modified":"2025-03-04T11:22:43","modified_gmt":"2025-03-04T11:22:43","slug":"fm-primer","status":"publish","type":"product","link":"https:\/\/deutschcolor.com\/al\/product\/fm-primer\/","title":{"rendered":"FM PRIMER"},"content":{"rendered":"<p><strong>REKOMANDIMET P\u00cbR P\u00cbRDORIM<\/strong><br \/>\nP\u00ebrdoret p\u00ebr t\u2019i dh\u00ebn\u00eb suportit cil\u00ebsit\u00eb e d\u00ebshiruara para aplikimit t\u00eb ngjit\u00ebsve t\u00eb pllakave me baz\u00eb \u00e7imento. FM PRIMER mund t\u00eb aplikohet si nj\u00eb shtres\u00eb par\u00ebsore n\u00eb suporte t\u00eb ndryshme, si\u00e7 jan\u00eb: pllakat e vjetra, sip\u00ebrfaqet e l\u00ebmuara, gur\u00ebt natyral\u00eb, sip\u00ebrfaqe dyshemeje prej \u00e7imentoje, druri dhe metali.<\/p>\n<p><strong>P\u00cbRGATITJA E SIP\u00cbRFAQES <\/strong><br \/>\nSip\u00ebrfaqja ku do t\u00eb aplikohet FM PRIMER duhet t\u00eb jet\u00eb pa lag\u00ebshti, pluhur dhe vajra.<br \/>\n###<br \/>\n<strong>SH\u00cbNIME<\/strong><br \/>\nTemperatura e ambientit gjat\u00eb aplikimit duhet t\u00eb jet\u00eb nd\u00ebrmjet +5\u00b0C dhe 35\u00b0C. Koha maksimale e pritjes pas aplikimit \u00ebsht\u00eb 12 or\u00eb. N\u00ebqoft\u00ebse kjo koh\u00eb kalon at\u00ebher\u00eb nevojitet nj\u00eb shtres\u00eb e re para aplikimit t\u00eb ngjit\u00ebsit t\u00eb pllakave. FM PRIMER \u00ebsht\u00eb i domosdosh\u00ebm kur duhet t\u00eb b\u00ebhet ngjitja e pllak\u00ebs, mbi pllak\u00eb.<\/p>\n<p><strong>PAKETIMI<\/strong><br \/>\nShishe plastike 1Kg \/ 5Kg \/ 10Kg<\/p>\n","protected":false},"excerpt":{"rendered":"<p>Astar me baz\u00eb rezine akrilike<\/p>\n","protected":false},"featured_media":24633,"comment_status":"closed","ping_status":"closed","template":"","meta":{"_glsr_average":0,"_glsr_ranking":0,"_glsr_reviews":0},"class_list":["post-24632","product","type-product","status-publish","has-post-thumbnail","hentry","product_cat-ngjites","product_cat-ngjites-per-letrat-e-murit"],"yoast_head":"<!-- This site is optimized with the Yoast SEO plugin v15.0 - https:\/\/yoast.com\/wordpress\/plugins\/seo\/ -->\n<title>FM PRIMER - Ngjites t\u00eb pllakave me baz\u00eb \u00e7imento - Deutsch Color<\/title>\n<meta name=\"description\" content=\"P\u00ebrdoret p\u00ebr t\u2019i dh\u00ebn\u00eb suportit cil\u00ebsit\u00eb e d\u00ebshiruara para aplikimit t\u00eb ngjit\u00ebsve t\u00eb pllakave me baz\u00eb \u00e7imento. Produkt juaj profesional.\" \/>\n<meta name=\"robots\" content=\"index, follow, max-snippet:-1, max-image-preview:large, max-video-preview:-1\" \/>\n<link rel=\"canonical\" href=\"https:\/\/deutschcolor.com\/al\/product\/fm-primer\/\" \/>\n<meta property=\"og:locale\" content=\"en_US\" \/>\n<meta property=\"og:type\" content=\"article\" \/>\n<meta property=\"og:title\" content=\"FM PRIMER - Ngjites t\u00eb pllakave me baz\u00eb \u00e7imento - Deutsch Color\" \/>\n<meta property=\"og:description\" content=\"P\u00ebrdoret p\u00ebr t\u2019i dh\u00ebn\u00eb suportit cil\u00ebsit\u00eb e d\u00ebshiruara para aplikimit t\u00eb ngjit\u00ebsve t\u00eb pllakave me baz\u00eb \u00e7imento. Produkt juaj profesional.\" \/>\n<meta property=\"og:url\" content=\"https:\/\/deutschcolor.com\/al\/product\/fm-primer\/\" \/>\n<meta property=\"og:site_name\" content=\"Deutschcolor\" \/>\n<meta property=\"article:publisher\" content=\"https:\/\/www.facebook.com\/deutschcolorofficial\" \/>\n<meta property=\"article:modified_time\" content=\"2025-03-04T11:22:43+00:00\" \/>\n<meta property=\"og:image\" content=\"https:\/\/deutschcolor.com\/al\/wp-content\/uploads\/2019\/12\/fm-primer-min.png\" \/>\n\t<meta property=\"og:image:width\" content=\"1000\" \/>\n\t<meta property=\"og:image:height\" content=\"1000\" \/>\n<meta name=\"twitter:card\" content=\"summary_large_image\" \/>\n<script type=\"application\/ld+json\" class=\"yoast-schema-graph\">{\"@context\":\"https:\/\/schema.org\",\"@graph\":[{\"@type\":\"WebSite\",\"@id\":\"https:\/\/deutschcolor.com\/al\/#website\",\"url\":\"https:\/\/deutschcolor.com\/al\/\",\"name\":\"Deutschcolor\",\"description\":\"Deutschcolor Albania\",\"potentialAction\":[{\"@type\":\"SearchAction\",\"target\":\"https:\/\/deutschcolor.com\/al\/?s={search_term_string}\",\"query-input\":\"required name=search_term_string\"}],\"inLanguage\":\"en-US\"},{\"@type\":\"ImageObject\",\"@id\":\"https:\/\/deutschcolor.com\/al\/product\/fm-primer\/#primaryimage\",\"inLanguage\":\"en-US\",\"url\":\"https:\/\/deutschcolor.com\/al\/wp-content\/uploads\/2019\/12\/fm-primer-min.png\",\"width\":1000,\"height\":1000},{\"@type\":\"WebPage\",\"@id\":\"https:\/\/deutschcolor.com\/al\/product\/fm-primer\/#webpage\",\"url\":\"https:\/\/deutschcolor.com\/al\/product\/fm-primer\/\",\"name\":\"FM PRIMER - Ngjites t\\u00eb pllakave me baz\\u00eb \\u00e7imento - Deutsch Color\",\"isPartOf\":{\"@id\":\"https:\/\/deutschcolor.com\/al\/#website\"},\"primaryImageOfPage\":{\"@id\":\"https:\/\/deutschcolor.com\/al\/product\/fm-primer\/#primaryimage\"},\"datePublished\":\"2019-12-24T15:23:03+00:00\",\"dateModified\":\"2025-03-04T11:22:43+00:00\",\"description\":\"P\\u00ebrdoret p\\u00ebr t\\u2019i dh\\u00ebn\\u00eb suportit cil\\u00ebsit\\u00eb e d\\u00ebshiruara para aplikimit t\\u00eb ngjit\\u00ebsve t\\u00eb pllakave me baz\\u00eb \\u00e7imento. Produkt juaj profesional.\",\"breadcrumb\":{\"@id\":\"https:\/\/deutschcolor.com\/al\/product\/fm-primer\/#breadcrumb\"},\"inLanguage\":\"en-US\",\"potentialAction\":[{\"@type\":\"ReadAction\",\"target\":[\"https:\/\/deutschcolor.com\/al\/product\/fm-primer\/\"]}]},{\"@type\":\"BreadcrumbList\",\"@id\":\"https:\/\/deutschcolor.com\/al\/product\/fm-primer\/#breadcrumb\",\"itemListElement\":[{\"@type\":\"ListItem\",\"position\":1,\"item\":{\"@type\":\"WebPage\",\"@id\":\"https:\/\/deutschcolor.com\/al\/\",\"url\":\"https:\/\/deutschcolor.com\/al\/\",\"name\":\"Home\"}},{\"@type\":\"ListItem\",\"position\":2,\"item\":{\"@type\":\"WebPage\",\"@id\":\"https:\/\/deutschcolor.com\/al\/shop\/\",\"url\":\"https:\/\/deutschcolor.com\/al\/shop\/\",\"name\":\"SHOP\"}},{\"@type\":\"ListItem\",\"position\":3,\"item\":{\"@type\":\"WebPage\",\"@id\":\"https:\/\/deutschcolor.com\/al\/product-category\/ngjites\/\",\"url\":\"https:\/\/deutschcolor.com\/al\/product-category\/ngjites\/\",\"name\":\"Ngjit\\u00ebs\"}},{\"@type\":\"ListItem\",\"position\":4,\"item\":{\"@type\":\"WebPage\",\"@id\":\"https:\/\/deutschcolor.com\/al\/product-category\/ngjites\/ngjites-per-letrat-e-murit\/\",\"url\":\"https:\/\/deutschcolor.com\/al\/product-category\/ngjites\/ngjites-per-letrat-e-murit\/\",\"name\":\"1.7. Ngjit\\u00ebs p\\u00ebr letrat e murit\"}},{\"@type\":\"ListItem\",\"position\":5,\"item\":{\"@type\":\"WebPage\",\"@id\":\"https:\/\/deutschcolor.com\/al\/product\/fm-primer\/\",\"url\":\"https:\/\/deutschcolor.com\/al\/product\/fm-primer\/\",\"name\":\"FM PRIMER\"}}]}]}<\/script>\n<!-- \/ Yoast SEO plugin. -->","_links":{"self":[{"href":"https:\/\/deutschcolor.com\/al\/wp-json\/wp\/v2\/product\/24632","targetHints":{"allow":["GET"]}}],"collection":[{"href":"https:\/\/deutschcolor.com\/al\/wp-json\/wp\/v2\/product"}],"about":[{"href":"https:\/\/deutschcolor.com\/al\/wp-json\/wp\/v2\/types\/product"}],"replies":[{"embeddable":true,"href":"https:\/\/deutschcolor.com\/al\/wp-json\/wp\/v2\/comments?post=24632"}],"wp:featuredmedia":[{"embeddable":true,"href":"https:\/\/deutschcolor.com\/al\/wp-json\/wp\/v2\/media\/24633"}],"wp:attachment":[{"href":"https:\/\/deutschcolor.com\/al\/wp-json\/wp\/v2\/media?parent=24632"}],"curies":[{"name":"wp","href":"https:\/\/api.w.org\/{rel}","templated":true}]}}