{"id":24637,"date":"2019-12-24T15:26:19","date_gmt":"2019-12-24T15:26:19","guid":{"rendered":"https:\/\/deutschcolor.com\/al\/?post_type=product&#038;p=24637"},"modified":"2025-03-06T10:36:19","modified_gmt":"2025-03-06T10:36:19","slug":"prestige-2k","status":"publish","type":"product","link":"https:\/\/deutschcolor.com\/al\/product\/prestige-2k\/","title":{"rendered":"PRESTIGE 2K"},"content":{"rendered":"<p><strong>KARAKTERISTIKAT<\/strong><br \/>\nMaterial dy komponent\u00ebsh. Komponenti A \u00ebsht\u00eb n\u00eb form\u00eb pluhuri me baz\u00eb \u00e7imento, guri natyror, rezina sintetike dhe pigmente speciale; dhe komponenti B \u00ebsht\u00eb nj\u00eb l\u00ebng me baz\u00eb elastomerike p\u00ebr rezistenc\u00eb m\u00eb t\u00eb lart\u00eb n\u00eb shtypje dhe p\u00ebrkulje si edhe rezistenc\u00eb ndaj agjent\u00ebve kimike dhe detergjent\u00ebve lar\u00ebs.<\/p>\n<p><strong>P\u00cbRGATITJA E SIP\u00cbRFAQES<\/strong><br \/>\nSip\u00ebrfaqja e mbuluar me pllaka dhe hap\u00ebsirat midis tyre duhet t\u00eb jen\u00eb plot\u00ebsisht t\u00eb pastra. N\u00ebse ngjitja e pllakave \u00ebsht\u00eb realizuar me ngjit\u00ebs, mbushja e fugave n\u00eb mure b\u00ebhet mbas 8 \u2013 12 or\u00ebsh, nd\u00ebrsa mbushja e fugave n\u00eb dysheme b\u00ebhet mbas 12 &#8211; 24 or\u00ebsh. N\u00ebse ngjitja e pllakave \u00ebsht\u00eb realizuar me lla\u00e7 tradicional ose t\u00eb parap\u00ebrgatitur me baz\u00eb \u00e7imento, mbushja e fugave n\u00eb mure b\u00ebhet mbas 2 &#8211; 3 dit\u00ebsh nd\u00ebrsa mbushja e fugave n\u00eb dysheme b\u00ebhet mbas 8 &#8211; 10 dit\u00ebsh.<br \/>\n###<br \/>\n<strong>TEMPERATURA E APLIKIMIT<\/strong><br \/>\n+5\u00b0C n\u00eb +35\u00b0C.<\/p>\n<p><strong>PAKETIMI<\/strong><br \/>\nKova plastike 2.2Kg<\/p>\n<p><strong>JET\u00cbGJAT\u00cbSIA DHE RUAJTJA<\/strong><br \/>\n24 muaj n\u00ebse ruhet n\u00eb paketimin e vet origjinal t\u00eb pahapur.<\/p>\n","protected":false},"excerpt":{"rendered":"<p>Material dy komponent\u00ebsh. . Komponenti A \u00ebsht\u00eb pluhur me baz\u00eb \u00e7imento. Komponenti B \u00ebsht\u00eb l\u00ebng me baz\u00eb elastomerik.<\/p>\n","protected":false},"featured_media":24636,"comment_status":"closed","ping_status":"closed","template":"","meta":{"_glsr_average":0,"_glsr_ranking":0,"_glsr_reviews":0},"class_list":["post-24637","product","type-product","status-publish","has-post-thumbnail","hentry","product_cat-stuko-pllakash","product_cat-stuko-me-baze-cimento"],"yoast_head":"<!-- This site is optimized with the Yoast SEO plugin v15.0 - https:\/\/yoast.com\/wordpress\/plugins\/seo\/ -->\n<title>PRESTIGE 2K - Material dy komponent\u00ebsh - Deutsch Color<\/title>\n<meta name=\"description\" content=\"Material dy komponent\u00ebsh. Komponenti A \u00ebsht\u00eb n\u00eb form\u00eb pluhuri me baz\u00eb \u00e7imento, guri natyror, rezina sintetike dhe pigmente speciale; dhe komponenti B \u00ebsht\u00eb nj\u00eb l\u00ebng me baz\u00eb elastomerike p\u00ebr rezistenc\u00eb m\u00eb t\u00eb lart\u00eb n\u00eb shtypje dhe p\u00ebrkulje.\" \/>\n<meta name=\"robots\" content=\"index, follow, max-snippet:-1, max-image-preview:large, max-video-preview:-1\" \/>\n<link rel=\"canonical\" href=\"https:\/\/deutschcolor.com\/al\/product\/prestige-2k\/\" \/>\n<meta property=\"og:locale\" content=\"en_US\" \/>\n<meta property=\"og:type\" content=\"article\" \/>\n<meta property=\"og:title\" content=\"PRESTIGE 2K - Material dy komponent\u00ebsh - Deutsch Color\" \/>\n<meta property=\"og:description\" content=\"Material dy komponent\u00ebsh. Komponenti A \u00ebsht\u00eb n\u00eb form\u00eb pluhuri me baz\u00eb \u00e7imento, guri natyror, rezina sintetike dhe pigmente speciale; dhe komponenti B \u00ebsht\u00eb nj\u00eb l\u00ebng me baz\u00eb elastomerike p\u00ebr rezistenc\u00eb m\u00eb t\u00eb lart\u00eb n\u00eb shtypje dhe p\u00ebrkulje.\" \/>\n<meta property=\"og:url\" content=\"https:\/\/deutschcolor.com\/al\/product\/prestige-2k\/\" \/>\n<meta property=\"og:site_name\" content=\"Deutschcolor\" \/>\n<meta property=\"article:publisher\" content=\"https:\/\/www.facebook.com\/deutschcolorofficial\" \/>\n<meta property=\"article:modified_time\" content=\"2025-03-06T10:36:19+00:00\" \/>\n<meta property=\"og:image\" content=\"https:\/\/deutschcolor.com\/al\/wp-content\/uploads\/2019\/12\/prestige-2k-blu-min.png\" \/>\n\t<meta property=\"og:image:width\" content=\"1000\" \/>\n\t<meta property=\"og:image:height\" content=\"1000\" \/>\n<meta name=\"twitter:card\" content=\"summary_large_image\" \/>\n<script type=\"application\/ld+json\" class=\"yoast-schema-graph\">{\"@context\":\"https:\/\/schema.org\",\"@graph\":[{\"@type\":\"WebSite\",\"@id\":\"https:\/\/deutschcolor.com\/al\/#website\",\"url\":\"https:\/\/deutschcolor.com\/al\/\",\"name\":\"Deutschcolor\",\"description\":\"Deutschcolor Albania\",\"potentialAction\":[{\"@type\":\"SearchAction\",\"target\":\"https:\/\/deutschcolor.com\/al\/?s={search_term_string}\",\"query-input\":\"required name=search_term_string\"}],\"inLanguage\":\"en-US\"},{\"@type\":\"ImageObject\",\"@id\":\"https:\/\/deutschcolor.com\/al\/product\/prestige-2k\/#primaryimage\",\"inLanguage\":\"en-US\",\"url\":\"https:\/\/deutschcolor.com\/al\/wp-content\/uploads\/2019\/12\/prestige-2k-blu-min.png\",\"width\":1000,\"height\":1000},{\"@type\":\"WebPage\",\"@id\":\"https:\/\/deutschcolor.com\/al\/product\/prestige-2k\/#webpage\",\"url\":\"https:\/\/deutschcolor.com\/al\/product\/prestige-2k\/\",\"name\":\"PRESTIGE 2K - Material dy komponent\\u00ebsh - Deutsch Color\",\"isPartOf\":{\"@id\":\"https:\/\/deutschcolor.com\/al\/#website\"},\"primaryImageOfPage\":{\"@id\":\"https:\/\/deutschcolor.com\/al\/product\/prestige-2k\/#primaryimage\"},\"datePublished\":\"2019-12-24T15:26:19+00:00\",\"dateModified\":\"2025-03-06T10:36:19+00:00\",\"description\":\"Material dy komponent\\u00ebsh. Komponenti A \\u00ebsht\\u00eb n\\u00eb form\\u00eb pluhuri me baz\\u00eb \\u00e7imento, guri natyror, rezina sintetike dhe pigmente speciale; dhe komponenti B \\u00ebsht\\u00eb nj\\u00eb l\\u00ebng me baz\\u00eb elastomerike p\\u00ebr rezistenc\\u00eb m\\u00eb t\\u00eb lart\\u00eb n\\u00eb shtypje dhe p\\u00ebrkulje.\",\"breadcrumb\":{\"@id\":\"https:\/\/deutschcolor.com\/al\/product\/prestige-2k\/#breadcrumb\"},\"inLanguage\":\"en-US\",\"potentialAction\":[{\"@type\":\"ReadAction\",\"target\":[\"https:\/\/deutschcolor.com\/al\/product\/prestige-2k\/\"]}]},{\"@type\":\"BreadcrumbList\",\"@id\":\"https:\/\/deutschcolor.com\/al\/product\/prestige-2k\/#breadcrumb\",\"itemListElement\":[{\"@type\":\"ListItem\",\"position\":1,\"item\":{\"@type\":\"WebPage\",\"@id\":\"https:\/\/deutschcolor.com\/al\/\",\"url\":\"https:\/\/deutschcolor.com\/al\/\",\"name\":\"Home\"}},{\"@type\":\"ListItem\",\"position\":2,\"item\":{\"@type\":\"WebPage\",\"@id\":\"https:\/\/deutschcolor.com\/al\/shop\/\",\"url\":\"https:\/\/deutschcolor.com\/al\/shop\/\",\"name\":\"SHOP\"}},{\"@type\":\"ListItem\",\"position\":3,\"item\":{\"@type\":\"WebPage\",\"@id\":\"https:\/\/deutschcolor.com\/al\/product-category\/stuko-pllakash\/\",\"url\":\"https:\/\/deutschcolor.com\/al\/product-category\/stuko-pllakash\/\",\"name\":\"Stuko Pllakash\"}},{\"@type\":\"ListItem\",\"position\":4,\"item\":{\"@type\":\"WebPage\",\"@id\":\"https:\/\/deutschcolor.com\/al\/product-category\/stuko-pllakash\/stuko-me-baze-cimento\/\",\"url\":\"https:\/\/deutschcolor.com\/al\/product-category\/stuko-pllakash\/stuko-me-baze-cimento\/\",\"name\":\"2.1. Stuko me baz\\u00eb \\u00e7imento\"}},{\"@type\":\"ListItem\",\"position\":5,\"item\":{\"@type\":\"WebPage\",\"@id\":\"https:\/\/deutschcolor.com\/al\/product\/prestige-2k\/\",\"url\":\"https:\/\/deutschcolor.com\/al\/product\/prestige-2k\/\",\"name\":\"PRESTIGE 2K\"}}]}]}<\/script>\n<!-- \/ Yoast SEO plugin. -->","_links":{"self":[{"href":"https:\/\/deutschcolor.com\/al\/wp-json\/wp\/v2\/product\/24637","targetHints":{"allow":["GET"]}}],"collection":[{"href":"https:\/\/deutschcolor.com\/al\/wp-json\/wp\/v2\/product"}],"about":[{"href":"https:\/\/deutschcolor.com\/al\/wp-json\/wp\/v2\/types\/product"}],"replies":[{"embeddable":true,"href":"https:\/\/deutschcolor.com\/al\/wp-json\/wp\/v2\/comments?post=24637"}],"wp:featuredmedia":[{"embeddable":true,"href":"https:\/\/deutschcolor.com\/al\/wp-json\/wp\/v2\/media\/24636"}],"wp:attachment":[{"href":"https:\/\/deutschcolor.com\/al\/wp-json\/wp\/v2\/media?parent=24637"}],"curies":[{"name":"wp","href":"https:\/\/api.w.org\/{rel}","templated":true}]}}