{"id":24638,"date":"2019-12-24T15:28:50","date_gmt":"2019-12-24T15:28:50","guid":{"rendered":"https:\/\/deutschcolor.com\/al\/?post_type=product&#038;p=24638"},"modified":"2025-03-06T08:33:51","modified_gmt":"2025-03-06T08:33:51","slug":"intense","status":"publish","type":"product","link":"https:\/\/deutschcolor.com\/al\/product\/intense\/","title":{"rendered":"INTENSE"},"content":{"rendered":"<p><strong>KARAKTERISTIKAT <\/strong><br \/>\n-\u00cbsht\u00eb material n\u00eb form\u00eb pluhuri me baz\u00eb \u00e7imento,me pluhur guri natyral me granulometri t\u00eb seleksionuar, rezina sintetike, adetiv\u00eb hidrofobik\u00eb dhe pigmente ngjyrues.<br \/>\n-Punueshm\u00ebri dhe hapje mjaft e mir\u00eb.<br \/>\n-Pastrohet leht\u00ebsisht.<br \/>\n-N\u00eb p\u00ebrfundim jep nj\u00eb sip\u00ebrfaqe t\u00eb l\u00ebmuar.<br \/>\n-I pap\u00ebrshkuesh\u00ebm nga uji.<br \/>\n-Rezistenc\u00eb t\u00eb lart\u00eb kundrejt bazave (alkaleve) dhe detergjent\u00ebve.<br \/>\n-Rezistente ndaj g\u00ebrryerjes (korrozionit)<br \/>\n-Rezistente ndaj rrezatimit UV.<br \/>\n-Parandalon pro\u00e7esin e floreshenc\u00ebs.<br \/>\n-Sipas klasifikimit t\u00eb EN 13888 i p\u00ebrket kategoris\u00eb CG2.<br \/>\n###<br \/>\n<strong>M\u00cbNYRA E APLIKIMIT<\/strong><br \/>\nHap\u00ebsirat midis pllakave mbushen leht\u00ebsisht duke p\u00ebrdorur nj\u00eb mall\u00eb prej gome. Heqja e mas\u00ebs s\u00eb mbetur duhet t\u00eb b\u00ebhet me nj\u00eb sfungjer t\u00eb lag\u00ebsht n\u00eb momentin kur INTENSE t\u00eb ket\u00eb arritur q\u00ebndrueshm\u00ebrin\u00eb, konsistenc\u00ebn e k\u00ebrkuar (konsistenc\u00eb kjo q\u00eb arrihet p\u00ebr rreth 20 minuta mbas aplikimit t\u00eb INTENSE). Pastrimi p\u00ebrfundimtar i pllakave b\u00ebhet me nj\u00eb cop\u00eb t\u00eb that\u00eb. Pastrimi p\u00ebrfundimtar mund t\u00eb b\u00ebhet edhe mbas nj\u00eb dite kur materiali \u00ebsht\u00eb forcuar, n\u00eb k\u00ebt\u00eb rast zgjidhet nj\u00eb cop\u00eb e p\u00ebrshtashme p\u00ebr pastrim.<\/p>\n<p><strong>PAKETIMI <\/strong><br \/>\nThas\u00eb plastik 2Kg \/ 5Kg<\/p>\n<p><strong>JET\u00cbGJAT\u00cbSIA DHE RUAJTJA<\/strong><br \/>\n24 muaj n\u00ebse ruhet n\u00eb paketimin e vet origjinal t\u00eb pahapur.<\/p>\n","protected":false},"excerpt":{"rendered":"<p>Stuko p\u00ebr mbushjen e fugave,me granulometri t\u00eb seleksionuar dhe me nj\u00eb q\u00ebndrueshm\u00ebri t\u00eb lart\u00eb ndaj ujit; sh\u00ebrben p\u00ebr mbushjen e fugave nga 0 &#8211; 6 mm.<\/p>\n","protected":false},"featured_media":24639,"comment_status":"closed","ping_status":"closed","template":"","meta":{"_glsr_average":0,"_glsr_ranking":0,"_glsr_reviews":0},"class_list":["post-24638","product","type-product","status-publish","has-post-thumbnail","hentry","product_cat-stuko-pllakash","product_cat-stuko-me-baze-cimento"],"yoast_head":"<!-- This site is optimized with the Yoast SEO plugin v15.0 - https:\/\/yoast.com\/wordpress\/plugins\/seo\/ -->\n<title>INTENSE me pluhur guri natyral - Deutsch Color - Pastrohet leht\u00ebsisht.<\/title>\n<meta name=\"description\" content=\"\u00cbsht\u00eb material n\u00eb form\u00eb pluhuri me baz\u00eb \u00e7imento,me pluhur guri natyral, adetiv\u00eb hidrofobik\u00eb dhe pigmente ngjyrues. Pastrohet leht\u00ebsisht.\" \/>\n<meta name=\"robots\" content=\"index, follow, max-snippet:-1, max-image-preview:large, max-video-preview:-1\" \/>\n<link rel=\"canonical\" href=\"https:\/\/deutschcolor.com\/al\/product\/intense\/\" \/>\n<meta property=\"og:locale\" content=\"en_US\" \/>\n<meta property=\"og:type\" content=\"article\" \/>\n<meta property=\"og:title\" content=\"INTENSE me pluhur guri natyral - Deutsch Color - Pastrohet leht\u00ebsisht.\" \/>\n<meta property=\"og:description\" content=\"\u00cbsht\u00eb material n\u00eb form\u00eb pluhuri me baz\u00eb \u00e7imento,me pluhur guri natyral, adetiv\u00eb hidrofobik\u00eb dhe pigmente ngjyrues. Pastrohet leht\u00ebsisht.\" \/>\n<meta property=\"og:url\" content=\"https:\/\/deutschcolor.com\/al\/product\/intense\/\" \/>\n<meta property=\"og:site_name\" content=\"Deutschcolor\" \/>\n<meta property=\"article:publisher\" content=\"https:\/\/www.facebook.com\/deutschcolorofficial\" \/>\n<meta property=\"article:modified_time\" content=\"2025-03-06T08:33:51+00:00\" \/>\n<meta property=\"og:image\" content=\"https:\/\/deutschcolor.com\/al\/wp-content\/uploads\/2019\/12\/Fuga-Intense-5kg-min.png\" \/>\n\t<meta property=\"og:image:width\" content=\"1000\" \/>\n\t<meta property=\"og:image:height\" content=\"1000\" \/>\n<meta name=\"twitter:card\" content=\"summary_large_image\" \/>\n<script type=\"application\/ld+json\" class=\"yoast-schema-graph\">{\"@context\":\"https:\/\/schema.org\",\"@graph\":[{\"@type\":\"WebSite\",\"@id\":\"https:\/\/deutschcolor.com\/al\/#website\",\"url\":\"https:\/\/deutschcolor.com\/al\/\",\"name\":\"Deutschcolor\",\"description\":\"Deutschcolor Albania\",\"potentialAction\":[{\"@type\":\"SearchAction\",\"target\":\"https:\/\/deutschcolor.com\/al\/?s={search_term_string}\",\"query-input\":\"required name=search_term_string\"}],\"inLanguage\":\"en-US\"},{\"@type\":\"ImageObject\",\"@id\":\"https:\/\/deutschcolor.com\/al\/product\/intense\/#primaryimage\",\"inLanguage\":\"en-US\",\"url\":\"https:\/\/deutschcolor.com\/al\/wp-content\/uploads\/2019\/12\/Fuga-Intense-5kg-min.png\",\"width\":1000,\"height\":1000},{\"@type\":\"WebPage\",\"@id\":\"https:\/\/deutschcolor.com\/al\/product\/intense\/#webpage\",\"url\":\"https:\/\/deutschcolor.com\/al\/product\/intense\/\",\"name\":\"INTENSE me pluhur guri natyral - Deutsch Color - Pastrohet leht\\u00ebsisht.\",\"isPartOf\":{\"@id\":\"https:\/\/deutschcolor.com\/al\/#website\"},\"primaryImageOfPage\":{\"@id\":\"https:\/\/deutschcolor.com\/al\/product\/intense\/#primaryimage\"},\"datePublished\":\"2019-12-24T15:28:50+00:00\",\"dateModified\":\"2025-03-06T08:33:51+00:00\",\"description\":\"\\u00cbsht\\u00eb material n\\u00eb form\\u00eb pluhuri me baz\\u00eb \\u00e7imento,me pluhur guri natyral, adetiv\\u00eb hidrofobik\\u00eb dhe pigmente ngjyrues. Pastrohet leht\\u00ebsisht.\",\"breadcrumb\":{\"@id\":\"https:\/\/deutschcolor.com\/al\/product\/intense\/#breadcrumb\"},\"inLanguage\":\"en-US\",\"potentialAction\":[{\"@type\":\"ReadAction\",\"target\":[\"https:\/\/deutschcolor.com\/al\/product\/intense\/\"]}]},{\"@type\":\"BreadcrumbList\",\"@id\":\"https:\/\/deutschcolor.com\/al\/product\/intense\/#breadcrumb\",\"itemListElement\":[{\"@type\":\"ListItem\",\"position\":1,\"item\":{\"@type\":\"WebPage\",\"@id\":\"https:\/\/deutschcolor.com\/al\/\",\"url\":\"https:\/\/deutschcolor.com\/al\/\",\"name\":\"Home\"}},{\"@type\":\"ListItem\",\"position\":2,\"item\":{\"@type\":\"WebPage\",\"@id\":\"https:\/\/deutschcolor.com\/al\/shop\/\",\"url\":\"https:\/\/deutschcolor.com\/al\/shop\/\",\"name\":\"SHOP\"}},{\"@type\":\"ListItem\",\"position\":3,\"item\":{\"@type\":\"WebPage\",\"@id\":\"https:\/\/deutschcolor.com\/al\/product-category\/stuko-pllakash\/\",\"url\":\"https:\/\/deutschcolor.com\/al\/product-category\/stuko-pllakash\/\",\"name\":\"Stuko Pllakash\"}},{\"@type\":\"ListItem\",\"position\":4,\"item\":{\"@type\":\"WebPage\",\"@id\":\"https:\/\/deutschcolor.com\/al\/product-category\/stuko-pllakash\/stuko-me-baze-cimento\/\",\"url\":\"https:\/\/deutschcolor.com\/al\/product-category\/stuko-pllakash\/stuko-me-baze-cimento\/\",\"name\":\"2.1. Stuko me baz\\u00eb \\u00e7imento\"}},{\"@type\":\"ListItem\",\"position\":5,\"item\":{\"@type\":\"WebPage\",\"@id\":\"https:\/\/deutschcolor.com\/al\/product\/intense\/\",\"url\":\"https:\/\/deutschcolor.com\/al\/product\/intense\/\",\"name\":\"INTENSE\"}}]}]}<\/script>\n<!-- \/ Yoast SEO plugin. -->","_links":{"self":[{"href":"https:\/\/deutschcolor.com\/al\/wp-json\/wp\/v2\/product\/24638","targetHints":{"allow":["GET"]}}],"collection":[{"href":"https:\/\/deutschcolor.com\/al\/wp-json\/wp\/v2\/product"}],"about":[{"href":"https:\/\/deutschcolor.com\/al\/wp-json\/wp\/v2\/types\/product"}],"replies":[{"embeddable":true,"href":"https:\/\/deutschcolor.com\/al\/wp-json\/wp\/v2\/comments?post=24638"}],"wp:featuredmedia":[{"embeddable":true,"href":"https:\/\/deutschcolor.com\/al\/wp-json\/wp\/v2\/media\/24639"}],"wp:attachment":[{"href":"https:\/\/deutschcolor.com\/al\/wp-json\/wp\/v2\/media?parent=24638"}],"curies":[{"name":"wp","href":"https:\/\/api.w.org\/{rel}","templated":true}]}}