{"id":24642,"date":"2019-12-24T15:32:14","date_gmt":"2019-12-24T15:32:14","guid":{"rendered":"https:\/\/deutschcolor.com\/al\/?post_type=product&#038;p=24642"},"modified":"2025-04-25T07:00:25","modified_gmt":"2025-04-25T07:00:25","slug":"3d-fugen","status":"publish","type":"product","link":"https:\/\/deutschcolor.com\/al\/product\/3d-fugen\/","title":{"rendered":"3D FUGEN"},"content":{"rendered":"<p><strong>KARAKTERISTIKAT<\/strong><br \/>\n<a href=\"https:\/\/deutschcolor.com\/al\/product-category\/stuko-pllakash\/\">Stuko<\/a> me 2 komponent me 30 nuanca t\u00eb gatshme, pa hollues, me baz\u00eb rezina epokside dhe inerte silicilike t\u00eb holla.<br \/>\n1 Rezistente ndaj acideve, alkaleve, dhe pastruesve t\u00eb fuqish\u00ebm, shumic\u00ebs t\u00eb holluesve organik gjithashtu dhe ndaj ujit t\u00eb kloruar ose me krip\u00eb.<br \/>\n2 Shfaq punueshm\u00ebri t\u00eb shk\u00eblqyer<br \/>\n3 Ngjitshm\u00ebri t\u00eb madhe n\u00eb an\u00ebt e fug\u00ebs<br \/>\n4 Plot\u00ebsisht hidroizolues<br \/>\n5 Nuk \u00ebsht\u00eb p\u00ebrthith\u00ebs, nuk lejon zvillimin e baktereve, pastrohet leht\u00ebsisht n\u00eb baz\u00eb t\u00eb p\u00ebrditshme, dhe \u00ebsht\u00eb gjithashtu rezistent n\u00eb kushtet e higjen\u00ebs.<br \/>\n6 \u00cbsht\u00eb e p\u00ebrshtatshme p\u00ebr gjer\u00ebsi fugash 1 &#8211; 10 mm<br \/>\n7 Sip\u00ebrfaqja p\u00ebrfundimtare \u00ebsht\u00eb absolutisht e l\u00ebmuar, si porcelani.<br \/>\n8 Para ngurt\u00ebsimit pastrohet leht\u00ebsisht me uj\u00eb t\u00eb vak\u00ebt.<br \/>\n9 Klasifikohet n\u00eb kategorin\u00eb RG2, sipas EN13888.<br \/>\n###<br \/>\n<strong>M\u00cbNYRA E P\u00cbRDORIMIT<\/strong><br \/>\n1. P\u00ebrgatitja e sip\u00ebrfaqes<br \/>\nLargojm\u00eb nga fugat dhe sip\u00ebrfaqja e granit\u00ebve ose mermer\u00ebve mbeturinat e mundshme t\u00eb <a href=\"https:\/\/deutschcolor.com\/al\/product-category\/ngjites\/\">ngjit\u00ebsit<\/a> me baz\u00eb \u00e7imento dhe pluhurat.<\/p>\n<p>2. Aplikimi<br \/>\nAplikimi b\u00ebhet me spatul gome, duke e hapur dhe duke e shtypur diagonalisht me fugat, pa l\u00ebn\u00eb boshll\u00ebqe dhe prapambetje.<\/p>\n<p>PAKETIMI<br \/>\nKova plastike 3Kg (A+B)<\/p>\n<p><strong>JET\u00cbGJAT\u00cbSIA DHE RUAJTJA<\/strong><br \/>\n24 muaj n\u00ebse ruhet n\u00eb paketimin e vet origjinal t\u00eb pahapur.<\/p>\n<p>###<\/p>\n<p>P\u00ebr m\u00eb shume produkte <a href=\"https:\/\/deutschcolor.com\/al\/product-category\/stuko-pllakash\/\">kliko ketu<\/a>. Partneret tane <a href=\"https:\/\/deltacorporation.eu\/\">Delta Corporation<\/a><\/p>\n","protected":false},"excerpt":{"rendered":"<p>Stuko pllakash 2 komponente, me baz\u00eb epokside<\/p>\n","protected":false},"featured_media":24643,"comment_status":"closed","ping_status":"closed","template":"","meta":{"_glsr_average":0,"_glsr_ranking":0,"_glsr_reviews":0},"class_list":["post-24642","product","type-product","status-publish","has-post-thumbnail","hentry","product_cat-stuko-pllakash","product_cat-stuko-me-baze-epoksike"],"yoast_head":"<!-- This site is optimized with the Yoast SEO plugin v15.0 - https:\/\/yoast.com\/wordpress\/plugins\/seo\/ -->\n<title>Stuko p\u00ebr pllaka me 2 komponent me 30 nuanca - Deutsch Color<\/title>\n<meta name=\"description\" content=\"Stuko p\u00ebr pllaka me 2 komponent me 30 nuanca t\u00eb gatshme, pa hollues, me baz\u00eb rezina epokside. Stuko cil\u00ebsore p\u00ebr sht\u00ebpin\u00eb dhe zyr\u00ebn.\" \/>\n<meta name=\"robots\" content=\"index, follow, max-snippet:-1, max-image-preview:large, max-video-preview:-1\" \/>\n<link rel=\"canonical\" href=\"https:\/\/deutschcolor.com\/al\/product\/3d-fugen\/\" \/>\n<meta property=\"og:locale\" content=\"en_US\" \/>\n<meta property=\"og:type\" content=\"article\" \/>\n<meta property=\"og:title\" content=\"Stuko p\u00ebr pllaka me 2 komponent me 30 nuanca - Deutsch Color\" \/>\n<meta property=\"og:description\" content=\"Stuko p\u00ebr pllaka me 2 komponent me 30 nuanca t\u00eb gatshme, pa hollues, me baz\u00eb rezina epokside. Stuko cil\u00ebsore p\u00ebr sht\u00ebpin\u00eb dhe zyr\u00ebn.\" \/>\n<meta property=\"og:url\" content=\"https:\/\/deutschcolor.com\/al\/product\/3d-fugen\/\" \/>\n<meta property=\"og:site_name\" content=\"Deutschcolor\" \/>\n<meta property=\"article:publisher\" content=\"https:\/\/www.facebook.com\/deutschcolorofficial\" \/>\n<meta property=\"article:modified_time\" content=\"2025-04-25T07:00:25+00:00\" \/>\n<meta property=\"og:image\" content=\"https:\/\/deutschcolor.com\/al\/wp-content\/uploads\/2019\/12\/3d-fugen-min.png\" \/>\n\t<meta property=\"og:image:width\" content=\"1000\" \/>\n\t<meta property=\"og:image:height\" content=\"1000\" \/>\n<meta name=\"twitter:card\" content=\"summary_large_image\" \/>\n<script type=\"application\/ld+json\" class=\"yoast-schema-graph\">{\"@context\":\"https:\/\/schema.org\",\"@graph\":[{\"@type\":\"WebSite\",\"@id\":\"https:\/\/deutschcolor.com\/al\/#website\",\"url\":\"https:\/\/deutschcolor.com\/al\/\",\"name\":\"Deutschcolor\",\"description\":\"Deutschcolor Albania\",\"potentialAction\":[{\"@type\":\"SearchAction\",\"target\":\"https:\/\/deutschcolor.com\/al\/?s={search_term_string}\",\"query-input\":\"required name=search_term_string\"}],\"inLanguage\":\"en-US\"},{\"@type\":\"ImageObject\",\"@id\":\"https:\/\/deutschcolor.com\/al\/product\/3d-fugen\/#primaryimage\",\"inLanguage\":\"en-US\",\"url\":\"https:\/\/deutschcolor.com\/al\/wp-content\/uploads\/2019\/12\/3d-fugen-min.png\",\"width\":1000,\"height\":1000,\"caption\":\"stuko pllakash me cilesi te larte\"},{\"@type\":\"WebPage\",\"@id\":\"https:\/\/deutschcolor.com\/al\/product\/3d-fugen\/#webpage\",\"url\":\"https:\/\/deutschcolor.com\/al\/product\/3d-fugen\/\",\"name\":\"Stuko p\\u00ebr pllaka me 2 komponent me 30 nuanca - Deutsch Color\",\"isPartOf\":{\"@id\":\"https:\/\/deutschcolor.com\/al\/#website\"},\"primaryImageOfPage\":{\"@id\":\"https:\/\/deutschcolor.com\/al\/product\/3d-fugen\/#primaryimage\"},\"datePublished\":\"2019-12-24T15:32:14+00:00\",\"dateModified\":\"2025-04-25T07:00:25+00:00\",\"description\":\"Stuko p\\u00ebr pllaka me 2 komponent me 30 nuanca t\\u00eb gatshme, pa hollues, me baz\\u00eb rezina epokside. Stuko cil\\u00ebsore p\\u00ebr sht\\u00ebpin\\u00eb dhe zyr\\u00ebn.\",\"breadcrumb\":{\"@id\":\"https:\/\/deutschcolor.com\/al\/product\/3d-fugen\/#breadcrumb\"},\"inLanguage\":\"en-US\",\"potentialAction\":[{\"@type\":\"ReadAction\",\"target\":[\"https:\/\/deutschcolor.com\/al\/product\/3d-fugen\/\"]}]},{\"@type\":\"BreadcrumbList\",\"@id\":\"https:\/\/deutschcolor.com\/al\/product\/3d-fugen\/#breadcrumb\",\"itemListElement\":[{\"@type\":\"ListItem\",\"position\":1,\"item\":{\"@type\":\"WebPage\",\"@id\":\"https:\/\/deutschcolor.com\/al\/\",\"url\":\"https:\/\/deutschcolor.com\/al\/\",\"name\":\"Home\"}},{\"@type\":\"ListItem\",\"position\":2,\"item\":{\"@type\":\"WebPage\",\"@id\":\"https:\/\/deutschcolor.com\/al\/shop\/\",\"url\":\"https:\/\/deutschcolor.com\/al\/shop\/\",\"name\":\"SHOP\"}},{\"@type\":\"ListItem\",\"position\":3,\"item\":{\"@type\":\"WebPage\",\"@id\":\"https:\/\/deutschcolor.com\/al\/product-category\/stuko-pllakash\/\",\"url\":\"https:\/\/deutschcolor.com\/al\/product-category\/stuko-pllakash\/\",\"name\":\"Stuko Pllakash\"}},{\"@type\":\"ListItem\",\"position\":4,\"item\":{\"@type\":\"WebPage\",\"@id\":\"https:\/\/deutschcolor.com\/al\/product-category\/stuko-pllakash\/stuko-me-baze-epoksike\/\",\"url\":\"https:\/\/deutschcolor.com\/al\/product-category\/stuko-pllakash\/stuko-me-baze-epoksike\/\",\"name\":\"2.2. Stuko me baz\\u00eb epoksike\"}},{\"@type\":\"ListItem\",\"position\":5,\"item\":{\"@type\":\"WebPage\",\"@id\":\"https:\/\/deutschcolor.com\/al\/product\/3d-fugen\/\",\"url\":\"https:\/\/deutschcolor.com\/al\/product\/3d-fugen\/\",\"name\":\"3D FUGEN\"}}]}]}<\/script>\n<!-- \/ Yoast SEO plugin. -->","_links":{"self":[{"href":"https:\/\/deutschcolor.com\/al\/wp-json\/wp\/v2\/product\/24642","targetHints":{"allow":["GET"]}}],"collection":[{"href":"https:\/\/deutschcolor.com\/al\/wp-json\/wp\/v2\/product"}],"about":[{"href":"https:\/\/deutschcolor.com\/al\/wp-json\/wp\/v2\/types\/product"}],"replies":[{"embeddable":true,"href":"https:\/\/deutschcolor.com\/al\/wp-json\/wp\/v2\/comments?post=24642"}],"wp:featuredmedia":[{"embeddable":true,"href":"https:\/\/deutschcolor.com\/al\/wp-json\/wp\/v2\/media\/24643"}],"wp:attachment":[{"href":"https:\/\/deutschcolor.com\/al\/wp-json\/wp\/v2\/media?parent=24642"}],"curies":[{"name":"wp","href":"https:\/\/api.w.org\/{rel}","templated":true}]}}