{"id":24644,"date":"2019-12-24T15:37:12","date_gmt":"2019-12-24T15:37:12","guid":{"rendered":"https:\/\/deutschcolor.com\/al\/?post_type=product&#038;p=24644"},"modified":"2025-03-07T10:27:52","modified_gmt":"2025-03-07T10:27:52","slug":"epo-color","status":"publish","type":"product","link":"https:\/\/deutschcolor.com\/al\/product\/epo-color\/","title":{"rendered":"EPO COLOR"},"content":{"rendered":"<p><strong>P\u00cbRSHKRIMI<\/strong><br \/>\n-Pa solvent<br \/>\n-Rezistenc\u00eb ndaj ngjeshjes t\u00eb lart\u00eb, p\u00ebrkuljes dhe forc\u00ebs ngjit\u00ebse t\u00eb lart\u00eb.<br \/>\n-Rezistent ndaj disa acideve, bazave, agjent\u00ebve g\u00ebrryes p\u00ebr beton, agjent\u00ebve t\u00eb pastrimit, ujit t\u00eb detit dhe ujit t\u00eb kripur.<br \/>\n-Punueshm\u00ebri t\u00eb shk\u00eblqyer p\u00ebr aplikime n\u00eb dysheme dhe p\u00ebr aplikime n\u00eb mur<br \/>\n-Pastrohet leht\u00eb me uj\u00eb para se t\u00eb forcohet.<br \/>\n-P\u00ebr dimensione fuge nga 0 &#8211; 12 mm.<br \/>\n-Produkti \u00ebsht\u00eb klasifikuar si stuko pllakash me norm\u00ebn RG2 sipas EN 13888 dhe si ngjit\u00ebs pllakash me norm\u00ebn R2T sipas EN 12004.<br \/>\n###<br \/>\n<strong>JET\u00cbGJAT\u00cbSIA DHE RUAJTJA<\/strong><br \/>\n24 muaj n\u00eb qoft\u00eb se ruhet n\u00eb paketimin e vet original dhe t\u00eb mbyllur, n\u00eb zona t\u00eb mbrojtura nga lag\u00ebshtia dhe ekspozimi i drejtp\u00ebrdrejt\u00eb ndaj diellit.<\/p>\n<p><strong>PAKETIMI <\/strong><br \/>\nKova plastike 5Kg<\/p>\n","protected":false},"excerpt":{"rendered":"<p>Bi-komponent, ngjit\u00ebs epoksik dhe mbush\u00ebs fugash p\u00ebr mure dhe dysheme.<\/p>\n","protected":false},"featured_media":24645,"comment_status":"closed","ping_status":"closed","template":"","meta":{"_glsr_average":0,"_glsr_ranking":0,"_glsr_reviews":0},"class_list":["post-24644","product","type-product","status-publish","has-post-thumbnail","hentry","product_cat-stuko-pllakash","product_cat-stuko-me-baze-epoksike"],"yoast_head":"<!-- This site is optimized with the Yoast SEO plugin v15.0 - https:\/\/yoast.com\/wordpress\/plugins\/seo\/ -->\n<title>EPO COLOR \u00ebsht\u00eb stuko pllakash pa solvent - Deutsch Color<\/title>\n<meta name=\"description\" content=\"Epo Color \u00ebsht\u00eb stuko pllakash pa solvent, me rezistenc\u00eb t\u00eb lart\u00eb ndaj acideve, bazave dhe ujit t\u00eb kripur, i p\u00ebrshtatsh\u00ebm p\u00ebr fugat 0-12 mm.\" \/>\n<meta name=\"robots\" content=\"index, follow, max-snippet:-1, max-image-preview:large, max-video-preview:-1\" \/>\n<link rel=\"canonical\" href=\"https:\/\/deutschcolor.com\/al\/product\/epo-color\/\" \/>\n<meta property=\"og:locale\" content=\"en_US\" \/>\n<meta property=\"og:type\" content=\"article\" \/>\n<meta property=\"og:title\" content=\"EPO COLOR \u00ebsht\u00eb stuko pllakash pa solvent - Deutsch Color\" \/>\n<meta property=\"og:description\" content=\"Epo Color \u00ebsht\u00eb stuko pllakash pa solvent, me rezistenc\u00eb t\u00eb lart\u00eb ndaj acideve, bazave dhe ujit t\u00eb kripur, i p\u00ebrshtatsh\u00ebm p\u00ebr fugat 0-12 mm.\" \/>\n<meta property=\"og:url\" content=\"https:\/\/deutschcolor.com\/al\/product\/epo-color\/\" \/>\n<meta property=\"og:site_name\" content=\"Deutschcolor\" \/>\n<meta property=\"article:publisher\" content=\"https:\/\/www.facebook.com\/deutschcolorofficial\" \/>\n<meta property=\"article:modified_time\" content=\"2025-03-07T10:27:52+00:00\" \/>\n<meta property=\"og:image\" content=\"https:\/\/deutschcolor.com\/al\/wp-content\/uploads\/2019\/12\/EpoColor-min.png\" \/>\n\t<meta property=\"og:image:width\" content=\"1000\" \/>\n\t<meta property=\"og:image:height\" content=\"1000\" \/>\n<meta name=\"twitter:card\" content=\"summary_large_image\" \/>\n<script type=\"application\/ld+json\" class=\"yoast-schema-graph\">{\"@context\":\"https:\/\/schema.org\",\"@graph\":[{\"@type\":\"WebSite\",\"@id\":\"https:\/\/deutschcolor.com\/al\/#website\",\"url\":\"https:\/\/deutschcolor.com\/al\/\",\"name\":\"Deutschcolor\",\"description\":\"Deutschcolor Albania\",\"potentialAction\":[{\"@type\":\"SearchAction\",\"target\":\"https:\/\/deutschcolor.com\/al\/?s={search_term_string}\",\"query-input\":\"required name=search_term_string\"}],\"inLanguage\":\"en-US\"},{\"@type\":\"ImageObject\",\"@id\":\"https:\/\/deutschcolor.com\/al\/product\/epo-color\/#primaryimage\",\"inLanguage\":\"en-US\",\"url\":\"https:\/\/deutschcolor.com\/al\/wp-content\/uploads\/2019\/12\/EpoColor-min.png\",\"width\":1000,\"height\":1000},{\"@type\":\"WebPage\",\"@id\":\"https:\/\/deutschcolor.com\/al\/product\/epo-color\/#webpage\",\"url\":\"https:\/\/deutschcolor.com\/al\/product\/epo-color\/\",\"name\":\"EPO COLOR \\u00ebsht\\u00eb stuko pllakash pa solvent - Deutsch Color\",\"isPartOf\":{\"@id\":\"https:\/\/deutschcolor.com\/al\/#website\"},\"primaryImageOfPage\":{\"@id\":\"https:\/\/deutschcolor.com\/al\/product\/epo-color\/#primaryimage\"},\"datePublished\":\"2019-12-24T15:37:12+00:00\",\"dateModified\":\"2025-03-07T10:27:52+00:00\",\"description\":\"Epo Color \\u00ebsht\\u00eb stuko pllakash pa solvent, me rezistenc\\u00eb t\\u00eb lart\\u00eb ndaj acideve, bazave dhe ujit t\\u00eb kripur, i p\\u00ebrshtatsh\\u00ebm p\\u00ebr fugat 0-12 mm.\",\"breadcrumb\":{\"@id\":\"https:\/\/deutschcolor.com\/al\/product\/epo-color\/#breadcrumb\"},\"inLanguage\":\"en-US\",\"potentialAction\":[{\"@type\":\"ReadAction\",\"target\":[\"https:\/\/deutschcolor.com\/al\/product\/epo-color\/\"]}]},{\"@type\":\"BreadcrumbList\",\"@id\":\"https:\/\/deutschcolor.com\/al\/product\/epo-color\/#breadcrumb\",\"itemListElement\":[{\"@type\":\"ListItem\",\"position\":1,\"item\":{\"@type\":\"WebPage\",\"@id\":\"https:\/\/deutschcolor.com\/al\/\",\"url\":\"https:\/\/deutschcolor.com\/al\/\",\"name\":\"Home\"}},{\"@type\":\"ListItem\",\"position\":2,\"item\":{\"@type\":\"WebPage\",\"@id\":\"https:\/\/deutschcolor.com\/al\/shop\/\",\"url\":\"https:\/\/deutschcolor.com\/al\/shop\/\",\"name\":\"SHOP\"}},{\"@type\":\"ListItem\",\"position\":3,\"item\":{\"@type\":\"WebPage\",\"@id\":\"https:\/\/deutschcolor.com\/al\/product-category\/stuko-pllakash\/\",\"url\":\"https:\/\/deutschcolor.com\/al\/product-category\/stuko-pllakash\/\",\"name\":\"Stuko Pllakash\"}},{\"@type\":\"ListItem\",\"position\":4,\"item\":{\"@type\":\"WebPage\",\"@id\":\"https:\/\/deutschcolor.com\/al\/product-category\/stuko-pllakash\/stuko-me-baze-epoksike\/\",\"url\":\"https:\/\/deutschcolor.com\/al\/product-category\/stuko-pllakash\/stuko-me-baze-epoksike\/\",\"name\":\"2.2. Stuko me baz\\u00eb epoksike\"}},{\"@type\":\"ListItem\",\"position\":5,\"item\":{\"@type\":\"WebPage\",\"@id\":\"https:\/\/deutschcolor.com\/al\/product\/epo-color\/\",\"url\":\"https:\/\/deutschcolor.com\/al\/product\/epo-color\/\",\"name\":\"EPO COLOR\"}}]}]}<\/script>\n<!-- \/ Yoast SEO plugin. -->","_links":{"self":[{"href":"https:\/\/deutschcolor.com\/al\/wp-json\/wp\/v2\/product\/24644","targetHints":{"allow":["GET"]}}],"collection":[{"href":"https:\/\/deutschcolor.com\/al\/wp-json\/wp\/v2\/product"}],"about":[{"href":"https:\/\/deutschcolor.com\/al\/wp-json\/wp\/v2\/types\/product"}],"replies":[{"embeddable":true,"href":"https:\/\/deutschcolor.com\/al\/wp-json\/wp\/v2\/comments?post=24644"}],"wp:featuredmedia":[{"embeddable":true,"href":"https:\/\/deutschcolor.com\/al\/wp-json\/wp\/v2\/media\/24645"}],"wp:attachment":[{"href":"https:\/\/deutschcolor.com\/al\/wp-json\/wp\/v2\/media?parent=24644"}],"curies":[{"name":"wp","href":"https:\/\/api.w.org\/{rel}","templated":true}]}}