{"id":24646,"date":"2019-12-24T15:38:52","date_gmt":"2019-12-24T15:38:52","guid":{"rendered":"https:\/\/deutschcolor.com\/al\/?post_type=product&#038;p=24646"},"modified":"2025-03-07T14:24:20","modified_gmt":"2025-03-07T14:24:20","slug":"fuga-shine","status":"publish","type":"product","link":"https:\/\/deutschcolor.com\/al\/product\/fuga-shine\/","title":{"rendered":"FUGA SHINE"},"content":{"rendered":"<p><strong>KARAKTERISTIKAT<\/strong><br \/>\n\u00cbsht\u00eb nj\u00eb pastrues n\u00eb trajt\u00eb t\u00eb l\u00ebngshme i bazuar n\u00eb acide, i cili p\u00ebrdoret p\u00ebr t\u00eb pastruar mbetjet e betonit, lla\u00e7rave t\u00eb ndrysh\u00ebm<br \/>\nsi dhe krip\u00ebrave nga pllaka. Sh\u00ebrben p\u00ebr pastrimin e ambjenteve ku ruhet uji i pijsh\u00ebm dhe ushqimi pasi nuk l\u00eb mbetje.<br \/>\n###<br \/>\n<strong>Konsumi<\/strong><br \/>\n0.2 \u2013 1Kg\/m2<\/p>\n<p><strong>PAKETIMI <\/strong><br \/>\nBidona plastik 1Kg \/ 5Kg \/ 10Kg<\/p>\n","protected":false},"excerpt":{"rendered":"<p>Pastrues i l\u00ebngsh\u00ebm, me baz\u00eb acidi<\/p>\n","protected":false},"featured_media":24647,"comment_status":"closed","ping_status":"closed","template":"","meta":{"_glsr_average":0,"_glsr_ranking":0,"_glsr_reviews":0},"class_list":["post-24646","product","type-product","status-publish","has-post-thumbnail","hentry","product_cat-stuko-pllakash","product_cat-produkte-shoqeruese"],"yoast_head":"<!-- This site is optimized with the Yoast SEO plugin v15.0 - https:\/\/yoast.com\/wordpress\/plugins\/seo\/ -->\n<title>FUGA SHINE - Perdoret p\u00ebr te pastruar mbetjet e betonit - Deutsch Color<\/title>\n<meta name=\"description\" content=\"\u00cbsht\u00eb nj\u00eb pastrues n\u00eb trajt\u00eb t\u00eb l\u00ebngshme i bazuar n\u00eb acide, i cili p\u00ebrdoret p\u00ebr t\u00eb pastruar mbetjet e betonit, krip\u00ebrave nga pllaka.\" \/>\n<meta name=\"robots\" content=\"index, follow, max-snippet:-1, max-image-preview:large, max-video-preview:-1\" \/>\n<link rel=\"canonical\" href=\"https:\/\/deutschcolor.com\/al\/product\/fuga-shine\/\" \/>\n<meta property=\"og:locale\" content=\"en_US\" \/>\n<meta property=\"og:type\" content=\"article\" \/>\n<meta property=\"og:title\" content=\"FUGA SHINE - Perdoret p\u00ebr te pastruar mbetjet e betonit - Deutsch Color\" \/>\n<meta property=\"og:description\" content=\"\u00cbsht\u00eb nj\u00eb pastrues n\u00eb trajt\u00eb t\u00eb l\u00ebngshme i bazuar n\u00eb acide, i cili p\u00ebrdoret p\u00ebr t\u00eb pastruar mbetjet e betonit, krip\u00ebrave nga pllaka.\" \/>\n<meta property=\"og:url\" content=\"https:\/\/deutschcolor.com\/al\/product\/fuga-shine\/\" \/>\n<meta property=\"og:site_name\" content=\"Deutschcolor\" \/>\n<meta property=\"article:publisher\" content=\"https:\/\/www.facebook.com\/deutschcolorofficial\" \/>\n<meta property=\"article:modified_time\" content=\"2025-03-07T14:24:20+00:00\" \/>\n<meta property=\"og:image\" content=\"https:\/\/deutschcolor.com\/al\/wp-content\/uploads\/2019\/12\/Fuga-Shine-min.png\" \/>\n\t<meta property=\"og:image:width\" content=\"1000\" \/>\n\t<meta property=\"og:image:height\" content=\"1000\" \/>\n<meta name=\"twitter:card\" content=\"summary_large_image\" \/>\n<script type=\"application\/ld+json\" class=\"yoast-schema-graph\">{\"@context\":\"https:\/\/schema.org\",\"@graph\":[{\"@type\":\"WebSite\",\"@id\":\"https:\/\/deutschcolor.com\/al\/#website\",\"url\":\"https:\/\/deutschcolor.com\/al\/\",\"name\":\"Deutschcolor\",\"description\":\"Deutschcolor Albania\",\"potentialAction\":[{\"@type\":\"SearchAction\",\"target\":\"https:\/\/deutschcolor.com\/al\/?s={search_term_string}\",\"query-input\":\"required name=search_term_string\"}],\"inLanguage\":\"en-US\"},{\"@type\":\"ImageObject\",\"@id\":\"https:\/\/deutschcolor.com\/al\/product\/fuga-shine\/#primaryimage\",\"inLanguage\":\"en-US\",\"url\":\"https:\/\/deutschcolor.com\/al\/wp-content\/uploads\/2019\/12\/Fuga-Shine-min.png\",\"width\":1000,\"height\":1000},{\"@type\":\"WebPage\",\"@id\":\"https:\/\/deutschcolor.com\/al\/product\/fuga-shine\/#webpage\",\"url\":\"https:\/\/deutschcolor.com\/al\/product\/fuga-shine\/\",\"name\":\"FUGA SHINE - Perdoret p\\u00ebr te pastruar mbetjet e betonit - Deutsch Color\",\"isPartOf\":{\"@id\":\"https:\/\/deutschcolor.com\/al\/#website\"},\"primaryImageOfPage\":{\"@id\":\"https:\/\/deutschcolor.com\/al\/product\/fuga-shine\/#primaryimage\"},\"datePublished\":\"2019-12-24T15:38:52+00:00\",\"dateModified\":\"2025-03-07T14:24:20+00:00\",\"description\":\"\\u00cbsht\\u00eb nj\\u00eb pastrues n\\u00eb trajt\\u00eb t\\u00eb l\\u00ebngshme i bazuar n\\u00eb acide, i cili p\\u00ebrdoret p\\u00ebr t\\u00eb pastruar mbetjet e betonit, krip\\u00ebrave nga pllaka.\",\"breadcrumb\":{\"@id\":\"https:\/\/deutschcolor.com\/al\/product\/fuga-shine\/#breadcrumb\"},\"inLanguage\":\"en-US\",\"potentialAction\":[{\"@type\":\"ReadAction\",\"target\":[\"https:\/\/deutschcolor.com\/al\/product\/fuga-shine\/\"]}]},{\"@type\":\"BreadcrumbList\",\"@id\":\"https:\/\/deutschcolor.com\/al\/product\/fuga-shine\/#breadcrumb\",\"itemListElement\":[{\"@type\":\"ListItem\",\"position\":1,\"item\":{\"@type\":\"WebPage\",\"@id\":\"https:\/\/deutschcolor.com\/al\/\",\"url\":\"https:\/\/deutschcolor.com\/al\/\",\"name\":\"Home\"}},{\"@type\":\"ListItem\",\"position\":2,\"item\":{\"@type\":\"WebPage\",\"@id\":\"https:\/\/deutschcolor.com\/al\/shop\/\",\"url\":\"https:\/\/deutschcolor.com\/al\/shop\/\",\"name\":\"SHOP\"}},{\"@type\":\"ListItem\",\"position\":3,\"item\":{\"@type\":\"WebPage\",\"@id\":\"https:\/\/deutschcolor.com\/al\/product-category\/stuko-pllakash\/\",\"url\":\"https:\/\/deutschcolor.com\/al\/product-category\/stuko-pllakash\/\",\"name\":\"Stuko Pllakash\"}},{\"@type\":\"ListItem\",\"position\":4,\"item\":{\"@type\":\"WebPage\",\"@id\":\"https:\/\/deutschcolor.com\/al\/product-category\/stuko-pllakash\/produkte-shoqeruese\/\",\"url\":\"https:\/\/deutschcolor.com\/al\/product-category\/stuko-pllakash\/produkte-shoqeruese\/\",\"name\":\"2.3. Produkte shoq\\u00ebruese\"}},{\"@type\":\"ListItem\",\"position\":5,\"item\":{\"@type\":\"WebPage\",\"@id\":\"https:\/\/deutschcolor.com\/al\/product\/fuga-shine\/\",\"url\":\"https:\/\/deutschcolor.com\/al\/product\/fuga-shine\/\",\"name\":\"FUGA SHINE\"}}]}]}<\/script>\n<!-- \/ Yoast SEO plugin. -->","_links":{"self":[{"href":"https:\/\/deutschcolor.com\/al\/wp-json\/wp\/v2\/product\/24646","targetHints":{"allow":["GET"]}}],"collection":[{"href":"https:\/\/deutschcolor.com\/al\/wp-json\/wp\/v2\/product"}],"about":[{"href":"https:\/\/deutschcolor.com\/al\/wp-json\/wp\/v2\/types\/product"}],"replies":[{"embeddable":true,"href":"https:\/\/deutschcolor.com\/al\/wp-json\/wp\/v2\/comments?post=24646"}],"wp:featuredmedia":[{"embeddable":true,"href":"https:\/\/deutschcolor.com\/al\/wp-json\/wp\/v2\/media\/24647"}],"wp:attachment":[{"href":"https:\/\/deutschcolor.com\/al\/wp-json\/wp\/v2\/media?parent=24646"}],"curies":[{"name":"wp","href":"https:\/\/api.w.org\/{rel}","templated":true}]}}