{"id":24651,"date":"2019-12-27T08:50:25","date_gmt":"2019-12-27T08:50:25","guid":{"rendered":"https:\/\/deutschcolor.com\/al\/?post_type=product&#038;p=24651"},"modified":"2025-02-26T14:58:39","modified_gmt":"2025-02-26T14:58:39","slug":"wasserproof-1k","status":"publish","type":"product","link":"https:\/\/deutschcolor.com\/al\/product\/wasserproof-1k\/","title":{"rendered":"WASSERPROOF 1K"},"content":{"rendered":"<p><strong>KARAKTERISTIKAT<\/strong><br \/>\n-Ofron cil\u00ebsi t\u00eb mira izoluese ndaj lag\u00ebshtis\u00eb<br \/>\n-Mbron betonin nga karbonizimi.<br \/>\n-\u00cbsht\u00eb i leht\u00eb n\u00eb aplikim dhe ka kosto t\u00eb ul\u00ebt aplikimi<br \/>\n-Nuk ka efekt korrodues p\u00ebr betonet e p\u00ebrforcuara me \u00e7elik<\/p>\n<p><strong>FUSHAT E APLIKIMIT<\/strong><br \/>\nP\u00ebrdoret p\u00ebr hidroizolimin e sip\u00ebrfaqeve prej betoni, suvas\u00eb dhe mureve nga lag\u00ebshtia. I p\u00ebrshtatsh\u00ebm p\u00ebr hidroizolimin e depozitave t\u00eb ujit, ambienteve n\u00ebntok\u00ebsore etj. I p\u00ebrshtatsh\u00ebm p\u00ebr hidroizolimin e brendsh\u00ebm p\u00ebr zonat n\u00ebntok\u00ebsore, si p\u00ebr shembull bodrumeve, pasi i rezizton presioneve t\u00eb larta p\u00ebr shkak t\u00eb lidhjen shum\u00eb t\u00eb fort\u00eb q\u00eb krijon me suportin.<br \/>\n###<br \/>\n<strong>APLIKIMI<\/strong><br \/>\nWASSERPROOF 1K shtohet gradualisht n\u00eb sasin\u00eb e k\u00ebrkuar t\u00eb ujit n\u00ebn nj\u00eb p\u00ebrzierje t\u00eb vazhdueshme derisa t\u00eb formohet nj\u00eb mas\u00eb viskoze e p\u00ebrshtatshme p\u00ebr tu aplikuar me fur\u00e7\u00eb. Sip\u00ebrfaqja ku do t\u00eb aplikohet duhet t\u00eb jet\u00eb ter\u00ebsisht e thar\u00eb dhe nuk duhet t\u00eb ket\u00eb gjurm\u00eb lag\u00ebshtie. Produkti aplikohet me dy ose m\u00eb shum\u00eb shtresa n\u00eb var\u00ebsi t\u00eb mjedisit. \u00c7do shtres\u00eb nuk duhet t\u00eb jet\u00eb m\u00eb shum\u00eb se 1mm e trash\u00eb p\u00ebr t\u00eb shmangur plasaritjet dhe shtresa pasardh\u00ebse aplikohet mbasi t\u00eb jet\u00eb thar\u00eb plot\u00ebsisht shtresa parardh\u00ebse.<\/p>\n<p><strong>PAKETIMI<\/strong><br \/>\nThas\u00eb 25 Kg \/ Kova plastike 5Kg.<\/p>\n<p><strong>JET\u00cbGJAT\u00cbSIA DHE RUAJTJA<\/strong><br \/>\n12 muaj n\u00ebse ruhet n\u00eb ambalazh origjinal dhe mbrohet nga ngricat dhe ekspozimi i drejtp\u00ebrdrejt\u00eb n\u00eb diell.<\/p>\n","protected":false},"excerpt":{"rendered":"<p>Lla\u00e7 hidroizolues i p\u00ebrb\u00ebr\u00eb prej nj\u00eb komponenti, me baz\u00eb \u00e7imento<\/p>\n","protected":false},"featured_media":24652,"comment_status":"closed","ping_status":"closed","template":"","meta":{"_glsr_average":0,"_glsr_ranking":0,"_glsr_reviews":0},"class_list":["post-24651","product","type-product","status-publish","has-post-thumbnail","hentry","product_cat-hidroizolues","product_cat-produkt-hidroizolues-njekomponentesh-me-baze-cimento"],"yoast_head":"<!-- This site is optimized with the Yoast SEO plugin v15.0 - https:\/\/yoast.com\/wordpress\/plugins\/seo\/ -->\n<title>WASSERPROOF 1K - Hidroizoliom i sip\u00ebrfaqeve prej betoni- Deutsch Color<\/title>\n<meta name=\"description\" content=\"Hidroizoliom i sip\u00ebrfaqeve prej betoni, suvas\u00eb dhe mureve nga lag\u00ebshtia. I p\u00ebrshtatsh\u00ebm p\u00ebr hidroizolimin e depozitave t\u00eb ujit, bodrumeve, ambienteve n\u00ebntok\u00ebsore etj.\" \/>\n<meta name=\"robots\" content=\"index, follow, max-snippet:-1, max-image-preview:large, max-video-preview:-1\" \/>\n<link rel=\"canonical\" href=\"https:\/\/deutschcolor.com\/al\/product\/wasserproof-1k\/\" \/>\n<meta property=\"og:locale\" content=\"en_US\" \/>\n<meta property=\"og:type\" content=\"article\" \/>\n<meta property=\"og:title\" content=\"WASSERPROOF 1K - Hidroizoliom i sip\u00ebrfaqeve prej betoni- Deutsch Color\" \/>\n<meta property=\"og:description\" content=\"Hidroizoliom i sip\u00ebrfaqeve prej betoni, suvas\u00eb dhe mureve nga lag\u00ebshtia. I p\u00ebrshtatsh\u00ebm p\u00ebr hidroizolimin e depozitave t\u00eb ujit, bodrumeve, ambienteve n\u00ebntok\u00ebsore etj.\" \/>\n<meta property=\"og:url\" content=\"https:\/\/deutschcolor.com\/al\/product\/wasserproof-1k\/\" \/>\n<meta property=\"og:site_name\" content=\"Deutschcolor\" \/>\n<meta property=\"article:publisher\" content=\"https:\/\/www.facebook.com\/deutschcolorofficial\" \/>\n<meta property=\"article:modified_time\" content=\"2025-02-26T14:58:39+00:00\" \/>\n<meta property=\"og:image\" content=\"https:\/\/deutschcolor.com\/al\/wp-content\/uploads\/2019\/12\/Thesi-Wasseproof-1K-min.png\" \/>\n\t<meta property=\"og:image:width\" content=\"1000\" \/>\n\t<meta property=\"og:image:height\" content=\"1000\" \/>\n<meta name=\"twitter:card\" content=\"summary_large_image\" \/>\n<script type=\"application\/ld+json\" class=\"yoast-schema-graph\">{\"@context\":\"https:\/\/schema.org\",\"@graph\":[{\"@type\":\"WebSite\",\"@id\":\"https:\/\/deutschcolor.com\/al\/#website\",\"url\":\"https:\/\/deutschcolor.com\/al\/\",\"name\":\"Deutschcolor\",\"description\":\"Deutschcolor Albania\",\"potentialAction\":[{\"@type\":\"SearchAction\",\"target\":\"https:\/\/deutschcolor.com\/al\/?s={search_term_string}\",\"query-input\":\"required name=search_term_string\"}],\"inLanguage\":\"en-US\"},{\"@type\":\"ImageObject\",\"@id\":\"https:\/\/deutschcolor.com\/al\/product\/wasserproof-1k\/#primaryimage\",\"inLanguage\":\"en-US\",\"url\":\"https:\/\/deutschcolor.com\/al\/wp-content\/uploads\/2019\/12\/Thesi-Wasseproof-1K-min.png\",\"width\":1000,\"height\":1000},{\"@type\":\"WebPage\",\"@id\":\"https:\/\/deutschcolor.com\/al\/product\/wasserproof-1k\/#webpage\",\"url\":\"https:\/\/deutschcolor.com\/al\/product\/wasserproof-1k\/\",\"name\":\"WASSERPROOF 1K - Hidroizoliom i sip\\u00ebrfaqeve prej betoni- Deutsch Color\",\"isPartOf\":{\"@id\":\"https:\/\/deutschcolor.com\/al\/#website\"},\"primaryImageOfPage\":{\"@id\":\"https:\/\/deutschcolor.com\/al\/product\/wasserproof-1k\/#primaryimage\"},\"datePublished\":\"2019-12-27T08:50:25+00:00\",\"dateModified\":\"2025-02-26T14:58:39+00:00\",\"description\":\"Hidroizoliom i sip\\u00ebrfaqeve prej betoni, suvas\\u00eb dhe mureve nga lag\\u00ebshtia. I p\\u00ebrshtatsh\\u00ebm p\\u00ebr hidroizolimin e depozitave t\\u00eb ujit, bodrumeve, ambienteve n\\u00ebntok\\u00ebsore etj.\",\"breadcrumb\":{\"@id\":\"https:\/\/deutschcolor.com\/al\/product\/wasserproof-1k\/#breadcrumb\"},\"inLanguage\":\"en-US\",\"potentialAction\":[{\"@type\":\"ReadAction\",\"target\":[\"https:\/\/deutschcolor.com\/al\/product\/wasserproof-1k\/\"]}]},{\"@type\":\"BreadcrumbList\",\"@id\":\"https:\/\/deutschcolor.com\/al\/product\/wasserproof-1k\/#breadcrumb\",\"itemListElement\":[{\"@type\":\"ListItem\",\"position\":1,\"item\":{\"@type\":\"WebPage\",\"@id\":\"https:\/\/deutschcolor.com\/al\/\",\"url\":\"https:\/\/deutschcolor.com\/al\/\",\"name\":\"Home\"}},{\"@type\":\"ListItem\",\"position\":2,\"item\":{\"@type\":\"WebPage\",\"@id\":\"https:\/\/deutschcolor.com\/al\/shop\/\",\"url\":\"https:\/\/deutschcolor.com\/al\/shop\/\",\"name\":\"SHOP\"}},{\"@type\":\"ListItem\",\"position\":3,\"item\":{\"@type\":\"WebPage\",\"@id\":\"https:\/\/deutschcolor.com\/al\/product-category\/hidroizolues\/\",\"url\":\"https:\/\/deutschcolor.com\/al\/product-category\/hidroizolues\/\",\"name\":\"Hidroizolues\"}},{\"@type\":\"ListItem\",\"position\":4,\"item\":{\"@type\":\"WebPage\",\"@id\":\"https:\/\/deutschcolor.com\/al\/product-category\/hidroizolues\/produkt-hidroizolues-njekomponentesh-me-baze-cimento\/\",\"url\":\"https:\/\/deutschcolor.com\/al\/product-category\/hidroizolues\/produkt-hidroizolues-njekomponentesh-me-baze-cimento\/\",\"name\":\"3.1. Produkt hidroizolues nj\\u00ebkomponent\\u00ebsh me baz\\u00eb \\u00e7imento\"}},{\"@type\":\"ListItem\",\"position\":5,\"item\":{\"@type\":\"WebPage\",\"@id\":\"https:\/\/deutschcolor.com\/al\/product\/wasserproof-1k\/\",\"url\":\"https:\/\/deutschcolor.com\/al\/product\/wasserproof-1k\/\",\"name\":\"WASSERPROOF 1K\"}}]}]}<\/script>\n<!-- \/ Yoast SEO plugin. -->","_links":{"self":[{"href":"https:\/\/deutschcolor.com\/al\/wp-json\/wp\/v2\/product\/24651","targetHints":{"allow":["GET"]}}],"collection":[{"href":"https:\/\/deutschcolor.com\/al\/wp-json\/wp\/v2\/product"}],"about":[{"href":"https:\/\/deutschcolor.com\/al\/wp-json\/wp\/v2\/types\/product"}],"replies":[{"embeddable":true,"href":"https:\/\/deutschcolor.com\/al\/wp-json\/wp\/v2\/comments?post=24651"}],"wp:featuredmedia":[{"embeddable":true,"href":"https:\/\/deutschcolor.com\/al\/wp-json\/wp\/v2\/media\/24652"}],"wp:attachment":[{"href":"https:\/\/deutschcolor.com\/al\/wp-json\/wp\/v2\/media?parent=24651"}],"curies":[{"name":"wp","href":"https:\/\/api.w.org\/{rel}","templated":true}]}}