{"id":24653,"date":"2019-12-27T08:52:34","date_gmt":"2019-12-27T08:52:34","guid":{"rendered":"https:\/\/deutschcolor.com\/al\/?post_type=product&#038;p=24653"},"modified":"2025-02-26T15:31:06","modified_gmt":"2025-02-26T15:31:06","slug":"wasser-stop","status":"publish","type":"product","link":"https:\/\/deutschcolor.com\/al\/product\/wasser-stop\/","title":{"rendered":"WASSER STOP"},"content":{"rendered":"<p><strong>Karakteristikat<\/strong><br \/>\nThahet shpejt pas kontaktit me ujin<\/p>\n<p><strong>Rekomandimet p\u00ebr p\u00ebrdorim<\/strong><br \/>\nWASSER STOP p\u00ebrdoret p\u00ebr mbylljen e rrjedhjeve t\u00eb ujit pasi mund\u00ebson tharje dhe ngjitje t\u00eb shpejt\u00eb.<\/p>\n<p><strong>M\u00cbNYRA E P\u00cbRDORIMIT<\/strong><br \/>\nP\u00ebrgatitja e suportit<br \/>\nSuporti duhet t\u00eb jet\u00eb i past\u00ebr, dhe i lag\u00ebsht. Pjes\u00ebt e mbetura, vajrat, boj\u00ebrat duhet t\u00eb pastrohen.<br \/>\n###<br \/>\n<strong>RUAJTJA DHE JET\u00cbGJAT\u00cbSIA<\/strong><br \/>\n12 muaj n\u00ebse ruhet n\u00eb ambalazhin e vet origjinal t\u00eb pahapur.<\/p>\n<p><strong>KONSUMI<\/strong><br \/>\nAf\u00ebrsisht 1,6 Kg WASSER STOP nevojitet p\u00ebr p\u00ebrgatitjen e nj\u00eb volumi prej<br \/>\n1 L.<\/p>\n<p><strong>PAKETIMI <\/strong><br \/>\nKova plastike 3Kg<\/p>\n","protected":false},"excerpt":{"rendered":"<p>Hidroizolues me tharje t\u00eb shpejt\u00eb p\u00eb mbylljen e rrjedhjeve.<\/p>\n","protected":false},"featured_media":24654,"comment_status":"closed","ping_status":"closed","template":"","meta":{"_glsr_average":0,"_glsr_ranking":0,"_glsr_reviews":0},"class_list":["post-24653","product","type-product","status-publish","has-post-thumbnail","hentry","product_cat-hidroizolues","product_cat-produkt-hidroizolues-njekomponentesh-me-baze-cimento"],"yoast_head":"<!-- This site is optimized with the Yoast SEO plugin v15.0 - https:\/\/yoast.com\/wordpress\/plugins\/seo\/ -->\n<title>WASSER STOP - Produkt hidroizolues - Deutschcolor Zgjedhja juaj Ideale.<\/title>\n<meta name=\"description\" content=\"Produkt hidroizolues. WASSER STOP \u00ebsht\u00eb hidroizolues me tharje t\u00eb shpejt\u00eb pas kontaktit me ujin. Produkt ideal p\u00ebr ju.\" \/>\n<meta name=\"robots\" content=\"index, follow, max-snippet:-1, max-image-preview:large, max-video-preview:-1\" \/>\n<link rel=\"canonical\" href=\"https:\/\/deutschcolor.com\/al\/product\/wasser-stop\/\" \/>\n<meta property=\"og:locale\" content=\"en_US\" \/>\n<meta property=\"og:type\" content=\"article\" \/>\n<meta property=\"og:title\" content=\"WASSER STOP - Produkt hidroizolues - Deutschcolor Zgjedhja juaj Ideale.\" \/>\n<meta property=\"og:description\" content=\"Produkt hidroizolues. WASSER STOP \u00ebsht\u00eb hidroizolues me tharje t\u00eb shpejt\u00eb pas kontaktit me ujin. Produkt ideal p\u00ebr ju.\" \/>\n<meta property=\"og:url\" content=\"https:\/\/deutschcolor.com\/al\/product\/wasser-stop\/\" \/>\n<meta property=\"og:site_name\" content=\"Deutschcolor\" \/>\n<meta property=\"article:publisher\" content=\"https:\/\/www.facebook.com\/deutschcolorofficial\" \/>\n<meta property=\"article:modified_time\" content=\"2025-02-26T15:31:06+00:00\" \/>\n<meta property=\"og:image\" content=\"https:\/\/deutschcolor.com\/al\/wp-content\/uploads\/2019\/12\/wasser-stop-min.png\" \/>\n\t<meta property=\"og:image:width\" content=\"1000\" \/>\n\t<meta property=\"og:image:height\" content=\"1000\" \/>\n<meta name=\"twitter:card\" content=\"summary_large_image\" \/>\n<script type=\"application\/ld+json\" class=\"yoast-schema-graph\">{\"@context\":\"https:\/\/schema.org\",\"@graph\":[{\"@type\":\"WebSite\",\"@id\":\"https:\/\/deutschcolor.com\/al\/#website\",\"url\":\"https:\/\/deutschcolor.com\/al\/\",\"name\":\"Deutschcolor\",\"description\":\"Deutschcolor Albania\",\"potentialAction\":[{\"@type\":\"SearchAction\",\"target\":\"https:\/\/deutschcolor.com\/al\/?s={search_term_string}\",\"query-input\":\"required name=search_term_string\"}],\"inLanguage\":\"en-US\"},{\"@type\":\"ImageObject\",\"@id\":\"https:\/\/deutschcolor.com\/al\/product\/wasser-stop\/#primaryimage\",\"inLanguage\":\"en-US\",\"url\":\"https:\/\/deutschcolor.com\/al\/wp-content\/uploads\/2019\/12\/wasser-stop-min.png\",\"width\":1000,\"height\":1000},{\"@type\":\"WebPage\",\"@id\":\"https:\/\/deutschcolor.com\/al\/product\/wasser-stop\/#webpage\",\"url\":\"https:\/\/deutschcolor.com\/al\/product\/wasser-stop\/\",\"name\":\"WASSER STOP - Produkt hidroizolues - Deutschcolor Zgjedhja juaj Ideale.\",\"isPartOf\":{\"@id\":\"https:\/\/deutschcolor.com\/al\/#website\"},\"primaryImageOfPage\":{\"@id\":\"https:\/\/deutschcolor.com\/al\/product\/wasser-stop\/#primaryimage\"},\"datePublished\":\"2019-12-27T08:52:34+00:00\",\"dateModified\":\"2025-02-26T15:31:06+00:00\",\"description\":\"Produkt hidroizolues. WASSER STOP \\u00ebsht\\u00eb hidroizolues me tharje t\\u00eb shpejt\\u00eb pas kontaktit me ujin. Produkt ideal p\\u00ebr ju.\",\"breadcrumb\":{\"@id\":\"https:\/\/deutschcolor.com\/al\/product\/wasser-stop\/#breadcrumb\"},\"inLanguage\":\"en-US\",\"potentialAction\":[{\"@type\":\"ReadAction\",\"target\":[\"https:\/\/deutschcolor.com\/al\/product\/wasser-stop\/\"]}]},{\"@type\":\"BreadcrumbList\",\"@id\":\"https:\/\/deutschcolor.com\/al\/product\/wasser-stop\/#breadcrumb\",\"itemListElement\":[{\"@type\":\"ListItem\",\"position\":1,\"item\":{\"@type\":\"WebPage\",\"@id\":\"https:\/\/deutschcolor.com\/al\/\",\"url\":\"https:\/\/deutschcolor.com\/al\/\",\"name\":\"Home\"}},{\"@type\":\"ListItem\",\"position\":2,\"item\":{\"@type\":\"WebPage\",\"@id\":\"https:\/\/deutschcolor.com\/al\/shop\/\",\"url\":\"https:\/\/deutschcolor.com\/al\/shop\/\",\"name\":\"SHOP\"}},{\"@type\":\"ListItem\",\"position\":3,\"item\":{\"@type\":\"WebPage\",\"@id\":\"https:\/\/deutschcolor.com\/al\/product-category\/hidroizolues\/\",\"url\":\"https:\/\/deutschcolor.com\/al\/product-category\/hidroizolues\/\",\"name\":\"Hidroizolues\"}},{\"@type\":\"ListItem\",\"position\":4,\"item\":{\"@type\":\"WebPage\",\"@id\":\"https:\/\/deutschcolor.com\/al\/product-category\/hidroizolues\/produkt-hidroizolues-njekomponentesh-me-baze-cimento\/\",\"url\":\"https:\/\/deutschcolor.com\/al\/product-category\/hidroizolues\/produkt-hidroizolues-njekomponentesh-me-baze-cimento\/\",\"name\":\"3.1. Produkt hidroizolues nj\\u00ebkomponent\\u00ebsh me baz\\u00eb \\u00e7imento\"}},{\"@type\":\"ListItem\",\"position\":5,\"item\":{\"@type\":\"WebPage\",\"@id\":\"https:\/\/deutschcolor.com\/al\/product\/wasser-stop\/\",\"url\":\"https:\/\/deutschcolor.com\/al\/product\/wasser-stop\/\",\"name\":\"WASSER STOP\"}}]}]}<\/script>\n<!-- \/ Yoast SEO plugin. -->","_links":{"self":[{"href":"https:\/\/deutschcolor.com\/al\/wp-json\/wp\/v2\/product\/24653","targetHints":{"allow":["GET"]}}],"collection":[{"href":"https:\/\/deutschcolor.com\/al\/wp-json\/wp\/v2\/product"}],"about":[{"href":"https:\/\/deutschcolor.com\/al\/wp-json\/wp\/v2\/types\/product"}],"replies":[{"embeddable":true,"href":"https:\/\/deutschcolor.com\/al\/wp-json\/wp\/v2\/comments?post=24653"}],"wp:featuredmedia":[{"embeddable":true,"href":"https:\/\/deutschcolor.com\/al\/wp-json\/wp\/v2\/media\/24654"}],"wp:attachment":[{"href":"https:\/\/deutschcolor.com\/al\/wp-json\/wp\/v2\/media?parent=24653"}],"curies":[{"name":"wp","href":"https:\/\/api.w.org\/{rel}","templated":true}]}}