{"id":24655,"date":"2019-12-27T08:54:33","date_gmt":"2019-12-27T08:54:33","guid":{"rendered":"https:\/\/deutschcolor.com\/al\/?post_type=product&#038;p=24655"},"modified":"2025-02-27T11:49:07","modified_gmt":"2025-02-27T11:49:07","slug":"wasserproof-2kf","status":"publish","type":"product","link":"https:\/\/deutschcolor.com\/al\/product\/wasserproof-2kf\/","title":{"rendered":"WASSERPROOF 2KF"},"content":{"rendered":"<p><strong>KARAKTERISTIKAT<\/strong><br \/>\nHidroizolues dy-komponent\u00ebsh me baz\u00eb \u00e7imento, inertesh me granulometri t\u00eb seleksionuar, aditiv\u00ebsh special\u00eb dhe polimere sintetike n\u00eb dispersion ujor. Duke p\u00ebrzier dy komponent\u00ebt, p\u00ebrftohet nj\u00eb mas\u00eb q\u00eb mund t\u00eb aplikohet edhe n\u00eb sip\u00ebrfaqe vertikale, me nj\u00eb trash\u00ebsi deri n\u00eb 1 mm p\u00ebr shtres\u00eb. Fal\u00eb p\u00ebrmbajtjes s\u00eb lart\u00eb t\u00eb rezinave sintetike dhe cil\u00ebsive t\u00eb tyre, ai garanton nj\u00eb ngjitje t\u00eb shk\u00eblqyer n\u00eb t\u00eb gjitha sip\u00ebrfaqet e betonit, tullave dhe qeramik\u00ebs (t\u00eb parap\u00ebrgatitura). Pas forcimit, ai krijon nj\u00eb shtres\u00eb hidroizoluese dhe elastike, rezistente ndaj agjent\u00ebve atmosferik\u00eb.<br \/>\n###<br \/>\n<strong>PAKETIMI<\/strong><br \/>\nThas\u00eb letre 25Kg (komp. A) dhe Bidona plastik\u00eb 8Kg (komp. B)<\/p>\n<p><strong>JET\u00cbGJAT\u00cbSIA DHE RUAJTJA<\/strong><br \/>\n12 muaj n\u00ebse ruhet n\u00eb ambalazhin e vet origjinal dhe mbrohet nga ngricat dhe ekspozimi i drejtp\u00ebrdrejt\u00eb n\u00eb diell.<\/p>\n","protected":false},"excerpt":{"rendered":"<p>Material elastik dy komponent\u00ebsh me baz\u00eb \u00e7imento dhe hidroizolues, me funksion mbrojt\u00ebs p\u00ebr tarraca, themele dhe bodrume<\/p>\n","protected":false},"featured_media":24656,"comment_status":"closed","ping_status":"closed","template":"","meta":{"_glsr_average":0,"_glsr_ranking":0,"_glsr_reviews":0},"class_list":["post-24655","product","type-product","status-publish","has-post-thumbnail","hentry","product_cat-hidroizolues","product_cat-produkt-hidroizolues-dy-komponentesh-me-baze-cimento"],"yoast_head":"<!-- This site is optimized with the Yoast SEO plugin v15.0 - https:\/\/yoast.com\/wordpress\/plugins\/seo\/ -->\n<title>WASSERPROOF 2KF garanton nj\u00eb ngjitje t\u00eb shk\u00eblqyer - Deutsch Color<\/title>\n<meta name=\"description\" content=\"Fal\u00eb p\u00ebrmbajtjes s\u00eb lart\u00eb t\u00eb rezinave sintetike dhe cil\u00ebsive t\u00eb tyre, ai garanton nj\u00eb ngjitje t\u00eb shk\u00eblqyer n\u00eb t\u00eb gjitha sip\u00ebrfaqet e betonit.\" \/>\n<meta name=\"robots\" content=\"index, follow, max-snippet:-1, max-image-preview:large, max-video-preview:-1\" \/>\n<link rel=\"canonical\" href=\"https:\/\/deutschcolor.com\/al\/product\/wasserproof-2kf\/\" \/>\n<meta property=\"og:locale\" content=\"en_US\" \/>\n<meta property=\"og:type\" content=\"article\" \/>\n<meta property=\"og:title\" content=\"WASSERPROOF 2KF garanton nj\u00eb ngjitje t\u00eb shk\u00eblqyer - Deutsch Color\" \/>\n<meta property=\"og:description\" content=\"Fal\u00eb p\u00ebrmbajtjes s\u00eb lart\u00eb t\u00eb rezinave sintetike dhe cil\u00ebsive t\u00eb tyre, ai garanton nj\u00eb ngjitje t\u00eb shk\u00eblqyer n\u00eb t\u00eb gjitha sip\u00ebrfaqet e betonit.\" \/>\n<meta property=\"og:url\" content=\"https:\/\/deutschcolor.com\/al\/product\/wasserproof-2kf\/\" \/>\n<meta property=\"og:site_name\" content=\"Deutschcolor\" \/>\n<meta property=\"article:publisher\" content=\"https:\/\/www.facebook.com\/deutschcolorofficial\" \/>\n<meta property=\"article:modified_time\" content=\"2025-02-27T11:49:07+00:00\" \/>\n<meta property=\"og:image\" content=\"https:\/\/deutschcolor.com\/al\/wp-content\/uploads\/2019\/12\/Thesi-Wasseproof-2KF-min.png\" \/>\n\t<meta property=\"og:image:width\" content=\"1000\" \/>\n\t<meta property=\"og:image:height\" content=\"1000\" \/>\n<meta name=\"twitter:card\" content=\"summary_large_image\" \/>\n<script type=\"application\/ld+json\" class=\"yoast-schema-graph\">{\"@context\":\"https:\/\/schema.org\",\"@graph\":[{\"@type\":\"WebSite\",\"@id\":\"https:\/\/deutschcolor.com\/al\/#website\",\"url\":\"https:\/\/deutschcolor.com\/al\/\",\"name\":\"Deutschcolor\",\"description\":\"Deutschcolor Albania\",\"potentialAction\":[{\"@type\":\"SearchAction\",\"target\":\"https:\/\/deutschcolor.com\/al\/?s={search_term_string}\",\"query-input\":\"required name=search_term_string\"}],\"inLanguage\":\"en-US\"},{\"@type\":\"ImageObject\",\"@id\":\"https:\/\/deutschcolor.com\/al\/product\/wasserproof-2kf\/#primaryimage\",\"inLanguage\":\"en-US\",\"url\":\"https:\/\/deutschcolor.com\/al\/wp-content\/uploads\/2019\/12\/Thesi-Wasseproof-2KF-min.png\",\"width\":1000,\"height\":1000},{\"@type\":\"WebPage\",\"@id\":\"https:\/\/deutschcolor.com\/al\/product\/wasserproof-2kf\/#webpage\",\"url\":\"https:\/\/deutschcolor.com\/al\/product\/wasserproof-2kf\/\",\"name\":\"WASSERPROOF 2KF garanton nj\\u00eb ngjitje t\\u00eb shk\\u00eblqyer - Deutsch Color\",\"isPartOf\":{\"@id\":\"https:\/\/deutschcolor.com\/al\/#website\"},\"primaryImageOfPage\":{\"@id\":\"https:\/\/deutschcolor.com\/al\/product\/wasserproof-2kf\/#primaryimage\"},\"datePublished\":\"2019-12-27T08:54:33+00:00\",\"dateModified\":\"2025-02-27T11:49:07+00:00\",\"description\":\"Fal\\u00eb p\\u00ebrmbajtjes s\\u00eb lart\\u00eb t\\u00eb rezinave sintetike dhe cil\\u00ebsive t\\u00eb tyre, ai garanton nj\\u00eb ngjitje t\\u00eb shk\\u00eblqyer n\\u00eb t\\u00eb gjitha sip\\u00ebrfaqet e betonit.\",\"breadcrumb\":{\"@id\":\"https:\/\/deutschcolor.com\/al\/product\/wasserproof-2kf\/#breadcrumb\"},\"inLanguage\":\"en-US\",\"potentialAction\":[{\"@type\":\"ReadAction\",\"target\":[\"https:\/\/deutschcolor.com\/al\/product\/wasserproof-2kf\/\"]}]},{\"@type\":\"BreadcrumbList\",\"@id\":\"https:\/\/deutschcolor.com\/al\/product\/wasserproof-2kf\/#breadcrumb\",\"itemListElement\":[{\"@type\":\"ListItem\",\"position\":1,\"item\":{\"@type\":\"WebPage\",\"@id\":\"https:\/\/deutschcolor.com\/al\/\",\"url\":\"https:\/\/deutschcolor.com\/al\/\",\"name\":\"Home\"}},{\"@type\":\"ListItem\",\"position\":2,\"item\":{\"@type\":\"WebPage\",\"@id\":\"https:\/\/deutschcolor.com\/al\/shop\/\",\"url\":\"https:\/\/deutschcolor.com\/al\/shop\/\",\"name\":\"SHOP\"}},{\"@type\":\"ListItem\",\"position\":3,\"item\":{\"@type\":\"WebPage\",\"@id\":\"https:\/\/deutschcolor.com\/al\/product-category\/hidroizolues\/\",\"url\":\"https:\/\/deutschcolor.com\/al\/product-category\/hidroizolues\/\",\"name\":\"Hidroizolues\"}},{\"@type\":\"ListItem\",\"position\":4,\"item\":{\"@type\":\"WebPage\",\"@id\":\"https:\/\/deutschcolor.com\/al\/product-category\/hidroizolues\/produkt-hidroizolues-dy-komponentesh-me-baze-cimento\/\",\"url\":\"https:\/\/deutschcolor.com\/al\/product-category\/hidroizolues\/produkt-hidroizolues-dy-komponentesh-me-baze-cimento\/\",\"name\":\"3.2. Produkt hidroizolues dy komponent\\u00ebsh me baz\\u00eb \\u00e7imento\"}},{\"@type\":\"ListItem\",\"position\":5,\"item\":{\"@type\":\"WebPage\",\"@id\":\"https:\/\/deutschcolor.com\/al\/product\/wasserproof-2kf\/\",\"url\":\"https:\/\/deutschcolor.com\/al\/product\/wasserproof-2kf\/\",\"name\":\"WASSERPROOF 2KF\"}}]}]}<\/script>\n<!-- \/ Yoast SEO plugin. -->","_links":{"self":[{"href":"https:\/\/deutschcolor.com\/al\/wp-json\/wp\/v2\/product\/24655","targetHints":{"allow":["GET"]}}],"collection":[{"href":"https:\/\/deutschcolor.com\/al\/wp-json\/wp\/v2\/product"}],"about":[{"href":"https:\/\/deutschcolor.com\/al\/wp-json\/wp\/v2\/types\/product"}],"replies":[{"embeddable":true,"href":"https:\/\/deutschcolor.com\/al\/wp-json\/wp\/v2\/comments?post=24655"}],"wp:featuredmedia":[{"embeddable":true,"href":"https:\/\/deutschcolor.com\/al\/wp-json\/wp\/v2\/media\/24656"}],"wp:attachment":[{"href":"https:\/\/deutschcolor.com\/al\/wp-json\/wp\/v2\/media?parent=24655"}],"curies":[{"name":"wp","href":"https:\/\/api.w.org\/{rel}","templated":true}]}}