{"id":24657,"date":"2019-12-27T08:57:03","date_gmt":"2019-12-27T08:57:03","guid":{"rendered":"https:\/\/deutschcolor.com\/al\/?post_type=product&#038;p=24657"},"modified":"2025-02-27T12:53:56","modified_gmt":"2025-02-27T12:53:56","slug":"wasserproof-elastisch-uv","status":"publish","type":"product","link":"https:\/\/deutschcolor.com\/al\/product\/wasserproof-elastisch-uv\/","title":{"rendered":"WASSERPROOF ELASTISCH UV"},"content":{"rendered":"<p><strong>KARAKTERISTIKAT<\/strong><br \/>\nHidroizolues dy-komponent\u00ebsh me baz\u00eb \u00e7imentoje, inert\u00ebsh me granulometri t\u00eb seleksionuar, aditiv\u00ebsh special\u00eb dhe polimere sintetik\u00eb n\u00eb dispersion ujor. Duke p\u00ebrzier dy komponent\u00ebt, p\u00ebrftohet nj\u00eb mas\u00eb q\u00eb mund t\u00eb aplikohet edhe n\u00eb sip\u00ebrfaqe vertikale, me nj\u00eb trash\u00ebsi deri n\u00eb 1 mm p\u00ebr shtres\u00eb. Fal\u00eb p\u00ebrmbajtjes s\u00eb lart\u00eb t\u00eb rezinave sintetike dhe cil\u00ebsive t\u00eb tyre, ai garanton nj\u00eb ngjitje t\u00eb shk\u00eblqyer n\u00eb t\u00eb gjitha sip\u00ebrfaqet e betonit, tullave dhe qeramik\u00ebs (t\u00eb parap\u00ebrgatitura). Pas fort\u00ebsimit, ai krijon nj\u00eb shtres\u00eb hidroizoluese dhe elastike, rezistente ndaj agjent\u00ebve atmosferik\u00eb.<br \/>\n###<br \/>\n<strong>APLIKIMI<\/strong><br \/>\nDerdhni komponentin B (l\u00ebngun) n\u00eb nj\u00eb en\u00eb t\u00eb past\u00ebr t\u00eb p\u00ebrshtatshme, m\u00eb pas, shtoni me ngadal\u00eb komponentin A (pluhurin) duke e p\u00ebrzier mekanikisht. P\u00ebrziejeni me kujdes me nj\u00eb p\u00ebrzier\u00ebs mekanik me shpejt\u00ebsi t\u00eb vog\u00ebl, derisa t\u00eb p\u00ebrftohet nj\u00eb mas\u00eb homogjene. Nuk k\u00ebshillohet p\u00ebrgatitja e p\u00ebrzierjes manualisht. Aplikimi i materialit b\u00ebhet me fur\u00e7\u00eb ose me rrul n\u00eb disa duar n\u00eb var\u00ebsi t\u00eb mbrojtjes q\u00eb duam t\u00eb sigurojm\u00eb ndaj ujit. Materiali aplikohet 1 mm p\u00ebr shtres\u00eb. Shtresa pasardh\u00ebse aplikohet mbasi t\u00eb jet\u00eb thar\u00eb shtresa paraardh\u00ebse. Mbasi t\u00eb keni aplikuar materialin duhet ta mbroni at\u00eb nga temperaturat e larta, shiu, etj. N\u00eb k\u00ebndet lidh\u00ebse midis dyshemeve dhe mureve apo n\u00eb sip\u00ebrfaqet me shum\u00eb shtypje dhe mikro\u00e7arje etj, WASSERPROOF ELASTISCH UV ka nevoj\u00eb p\u00ebr p\u00ebrforcim duke mbuluar sip\u00ebrfaqet me nj\u00eb shirit rrjete me fibra 10 cm dhe n\u00ebse sip\u00ebrfaqja \u00ebsht\u00eb shum\u00eb difektoze at\u00ebhere duhet t\u00eb mbulohet komplet me rrjet\u00eb me fibra xhami nga 65-125 gr p\u00ebr m2. Gjithashtu rrjeta p\u00ebrdoret dhe p\u00ebr pishina apo tarraca.<\/p>\n","protected":false},"excerpt":{"rendered":"<p>Material hidroizolues dy komponent\u00ebsh me baz\u00eb \u00e7imentoje, me elasticitet dhe me funksion mbrojt\u00ebs p\u00ebr tarraca<\/p>\n","protected":false},"featured_media":24659,"comment_status":"closed","ping_status":"closed","template":"","meta":{"_glsr_average":0,"_glsr_ranking":0,"_glsr_reviews":0},"class_list":["post-24657","product","type-product","status-publish","has-post-thumbnail","hentry","product_cat-hidroizolues","product_cat-produkt-hidroizolues-dy-komponentesh-me-baze-cimento"],"yoast_head":"<!-- This site is optimized with the Yoast SEO plugin v15.0 - https:\/\/yoast.com\/wordpress\/plugins\/seo\/ -->\n<title>WASSERPROOF ELASTISCH UV - Hidroizulues rezistent - Deutsch Color<\/title>\n<meta name=\"description\" content=\"Hidroizolues rezistent ndaj ujit dhe lag\u00ebshtir\u00ebs p\u00ebr sip\u00ebrfaqet e betonit dhe pllakave. Produkt me cil\u00ebsi t\u00eb lart\u00eb, i p\u00ebrshtatsh\u00ebm p\u00ebr mbrojtjen dhe izolimin.\" \/>\n<meta name=\"robots\" content=\"index, follow, max-snippet:-1, max-image-preview:large, max-video-preview:-1\" \/>\n<link rel=\"canonical\" href=\"https:\/\/deutschcolor.com\/al\/product\/wasserproof-elastisch-uv\/\" \/>\n<meta property=\"og:locale\" content=\"en_US\" \/>\n<meta property=\"og:type\" content=\"article\" \/>\n<meta property=\"og:title\" content=\"WASSERPROOF ELASTISCH UV - Hidroizulues rezistent - Deutsch Color\" \/>\n<meta property=\"og:description\" content=\"Hidroizolues rezistent ndaj ujit dhe lag\u00ebshtir\u00ebs p\u00ebr sip\u00ebrfaqet e betonit dhe pllakave. Produkt me cil\u00ebsi t\u00eb lart\u00eb, i p\u00ebrshtatsh\u00ebm p\u00ebr mbrojtjen dhe izolimin.\" \/>\n<meta property=\"og:url\" content=\"https:\/\/deutschcolor.com\/al\/product\/wasserproof-elastisch-uv\/\" \/>\n<meta property=\"og:site_name\" content=\"Deutschcolor\" \/>\n<meta property=\"article:publisher\" content=\"https:\/\/www.facebook.com\/deutschcolorofficial\" \/>\n<meta property=\"article:modified_time\" content=\"2025-02-27T12:53:56+00:00\" \/>\n<meta property=\"og:image\" content=\"https:\/\/deutschcolor.com\/al\/wp-content\/uploads\/2019\/12\/Wasserproof-elastic-2k-min.png\" \/>\n\t<meta property=\"og:image:width\" content=\"1000\" \/>\n\t<meta property=\"og:image:height\" content=\"1000\" \/>\n<meta name=\"twitter:card\" content=\"summary_large_image\" \/>\n<script type=\"application\/ld+json\" class=\"yoast-schema-graph\">{\"@context\":\"https:\/\/schema.org\",\"@graph\":[{\"@type\":\"WebSite\",\"@id\":\"https:\/\/deutschcolor.com\/al\/#website\",\"url\":\"https:\/\/deutschcolor.com\/al\/\",\"name\":\"Deutschcolor\",\"description\":\"Deutschcolor Albania\",\"potentialAction\":[{\"@type\":\"SearchAction\",\"target\":\"https:\/\/deutschcolor.com\/al\/?s={search_term_string}\",\"query-input\":\"required name=search_term_string\"}],\"inLanguage\":\"en-US\"},{\"@type\":\"ImageObject\",\"@id\":\"https:\/\/deutschcolor.com\/al\/product\/wasserproof-elastisch-uv\/#primaryimage\",\"inLanguage\":\"en-US\",\"url\":\"https:\/\/deutschcolor.com\/al\/wp-content\/uploads\/2019\/12\/Wasserproof-elastic-2k-min.png\",\"width\":1000,\"height\":1000},{\"@type\":\"WebPage\",\"@id\":\"https:\/\/deutschcolor.com\/al\/product\/wasserproof-elastisch-uv\/#webpage\",\"url\":\"https:\/\/deutschcolor.com\/al\/product\/wasserproof-elastisch-uv\/\",\"name\":\"WASSERPROOF ELASTISCH UV - Hidroizulues rezistent - Deutsch Color\",\"isPartOf\":{\"@id\":\"https:\/\/deutschcolor.com\/al\/#website\"},\"primaryImageOfPage\":{\"@id\":\"https:\/\/deutschcolor.com\/al\/product\/wasserproof-elastisch-uv\/#primaryimage\"},\"datePublished\":\"2019-12-27T08:57:03+00:00\",\"dateModified\":\"2025-02-27T12:53:56+00:00\",\"description\":\"Hidroizolues rezistent ndaj ujit dhe lag\\u00ebshtir\\u00ebs p\\u00ebr sip\\u00ebrfaqet e betonit dhe pllakave. Produkt me cil\\u00ebsi t\\u00eb lart\\u00eb, i p\\u00ebrshtatsh\\u00ebm p\\u00ebr mbrojtjen dhe izolimin.\",\"breadcrumb\":{\"@id\":\"https:\/\/deutschcolor.com\/al\/product\/wasserproof-elastisch-uv\/#breadcrumb\"},\"inLanguage\":\"en-US\",\"potentialAction\":[{\"@type\":\"ReadAction\",\"target\":[\"https:\/\/deutschcolor.com\/al\/product\/wasserproof-elastisch-uv\/\"]}]},{\"@type\":\"BreadcrumbList\",\"@id\":\"https:\/\/deutschcolor.com\/al\/product\/wasserproof-elastisch-uv\/#breadcrumb\",\"itemListElement\":[{\"@type\":\"ListItem\",\"position\":1,\"item\":{\"@type\":\"WebPage\",\"@id\":\"https:\/\/deutschcolor.com\/al\/\",\"url\":\"https:\/\/deutschcolor.com\/al\/\",\"name\":\"Home\"}},{\"@type\":\"ListItem\",\"position\":2,\"item\":{\"@type\":\"WebPage\",\"@id\":\"https:\/\/deutschcolor.com\/al\/shop\/\",\"url\":\"https:\/\/deutschcolor.com\/al\/shop\/\",\"name\":\"SHOP\"}},{\"@type\":\"ListItem\",\"position\":3,\"item\":{\"@type\":\"WebPage\",\"@id\":\"https:\/\/deutschcolor.com\/al\/product-category\/hidroizolues\/\",\"url\":\"https:\/\/deutschcolor.com\/al\/product-category\/hidroizolues\/\",\"name\":\"Hidroizolues\"}},{\"@type\":\"ListItem\",\"position\":4,\"item\":{\"@type\":\"WebPage\",\"@id\":\"https:\/\/deutschcolor.com\/al\/product-category\/hidroizolues\/produkt-hidroizolues-dy-komponentesh-me-baze-cimento\/\",\"url\":\"https:\/\/deutschcolor.com\/al\/product-category\/hidroizolues\/produkt-hidroizolues-dy-komponentesh-me-baze-cimento\/\",\"name\":\"3.2. Produkt hidroizolues dy komponent\\u00ebsh me baz\\u00eb \\u00e7imento\"}},{\"@type\":\"ListItem\",\"position\":5,\"item\":{\"@type\":\"WebPage\",\"@id\":\"https:\/\/deutschcolor.com\/al\/product\/wasserproof-elastisch-uv\/\",\"url\":\"https:\/\/deutschcolor.com\/al\/product\/wasserproof-elastisch-uv\/\",\"name\":\"WASSERPROOF ELASTISCH UV\"}}]}]}<\/script>\n<!-- \/ Yoast SEO plugin. -->","_links":{"self":[{"href":"https:\/\/deutschcolor.com\/al\/wp-json\/wp\/v2\/product\/24657","targetHints":{"allow":["GET"]}}],"collection":[{"href":"https:\/\/deutschcolor.com\/al\/wp-json\/wp\/v2\/product"}],"about":[{"href":"https:\/\/deutschcolor.com\/al\/wp-json\/wp\/v2\/types\/product"}],"replies":[{"embeddable":true,"href":"https:\/\/deutschcolor.com\/al\/wp-json\/wp\/v2\/comments?post=24657"}],"wp:featuredmedia":[{"embeddable":true,"href":"https:\/\/deutschcolor.com\/al\/wp-json\/wp\/v2\/media\/24659"}],"wp:attachment":[{"href":"https:\/\/deutschcolor.com\/al\/wp-json\/wp\/v2\/media?parent=24657"}],"curies":[{"name":"wp","href":"https:\/\/api.w.org\/{rel}","templated":true}]}}