{"id":24660,"date":"2019-12-27T09:00:20","date_gmt":"2019-12-27T09:00:20","guid":{"rendered":"https:\/\/deutschcolor.com\/al\/?post_type=product&#038;p=24660"},"modified":"2025-05-08T10:44:49","modified_gmt":"2025-05-08T10:44:49","slug":"isogreen-elastisch","status":"publish","type":"product","link":"https:\/\/deutschcolor.com\/al\/product\/isogreen-elastisch\/","title":{"rendered":"ISOGREEN ELASTISCH"},"content":{"rendered":"<p><strong>KARAKTERISTIKAT<\/strong><br \/>\n1 Rezistent ndaj presionit hidrostatik negativ dhe pozitiv<br \/>\n2 Mbyllje elastike e mikroplasaritjeve<br \/>\n3 Elastik<br \/>\n4 Ekonomik<br \/>\n5 Jo toksik<br \/>\n6 Nuk p\u00ebrmban kloride<br \/>\n7 Direkt mbi hidroizolues mund t\u00eb aplikohet edhe ngjit\u00ebsi i pllakave<br \/>\n8 Rezistent ndaj baktereve<br \/>\n9 I leht\u00eb n\u00eb aplikim<br \/>\n10 Ngjitje shum\u00eb e mir\u00eb mbi sip\u00ebrfaqen ku aplikohet<br \/>\n11 Aplikohet mbi sip\u00ebrfaqe t\u00eb njom\u00eb<\/p>\n<p><strong>Rekomandime p\u00ebr p\u00ebrdorim<\/strong><br \/>\nP\u00ebr <a href=\"https:\/\/deutschcolor.com\/al\/product-category\/hidroizolues\/\">hidroizolimin e nd\u00ebrtesave<\/a> t\u00eb ekspozuara ndaj presionit hidrostatik pozitiv dhe negativ si: pishina, depozita, impiante t\u00eb trajtimit t\u00eb ujit, muret e bodrumeve dhe sip\u00ebrfaqet e dyshemeve, rezervuare, kanale, tuba betoni, puseta, ballkone, kanalizime sanitare, <a href=\"https:\/\/deltahome.al\/\">kuzhina<\/a>, dhoma lavanderie etj.<br \/>\n###<br \/>\n<strong>KONSUMI<\/strong><br \/>\n1.0 Kg \/ m2 p\u00ebr shtres\u00eb<\/p>\n<p><strong>PAKETIMI<\/strong><br \/>\nKova plastike (komponent A) &#8211; 5kg dhe (komponenti B) &#8211; 5 kg.<\/p>\n<p><strong>RUAJTJA DHE JET\u00cbGJAT\u00cbSIA<\/strong><br \/>\n24 muaj n\u00eb qoft\u00eb se ruhet n\u00eb paketim origjinal t\u00eb mbyllur, n\u00eb vende t\u00eb thata, n\u00eb nj\u00eb temperatur\u00eb midis 10\u00b0C dhe 30\u00b0C, i mbrojtur nga ekspozimi i drejtp\u00ebrdrejt\u00eb ndaj rrezeve t\u00eb diellit.<\/p>\n","protected":false},"excerpt":{"rendered":"<p>\u00cbsht\u00eb hidroizolues elastik i p\u00ebrb\u00ebr\u00eb prej dy komponent\u00ebsh, me baz\u00eb \u00e7imento dhe polimeri. \u00cbsht\u00eb n\u00eb p\u00ebrputhje me standardin EN 1504-2.<\/p>\n","protected":false},"featured_media":24662,"comment_status":"closed","ping_status":"closed","template":"","meta":{"_glsr_average":0,"_glsr_ranking":0,"_glsr_reviews":0},"class_list":["post-24660","product","type-product","status-publish","has-post-thumbnail","hentry","product_cat-hidroizolues","product_cat-produkt-hidroizolues-dy-komponentesh-me-baze-cimento"],"yoast_head":"<!-- This site is optimized with the Yoast SEO plugin v15.0 - https:\/\/yoast.com\/wordpress\/plugins\/seo\/ -->\n<title>Hidroizolimin e nd\u00ebrtesave - Isogreen Elastisch - Deutsch Color<\/title>\n<meta name=\"description\" content=\"Hidroizolimin e nd\u00ebrtesave t\u00eb ekspozuara ndaj presionit hidrostatik pozitiv dhe negativ si: pishina, depozita, impiante t\u00eb trajtimit t\u00eb ujit,\" \/>\n<meta name=\"robots\" content=\"index, follow, max-snippet:-1, max-image-preview:large, max-video-preview:-1\" \/>\n<link rel=\"canonical\" href=\"https:\/\/deutschcolor.com\/al\/product\/isogreen-elastisch\/\" \/>\n<meta property=\"og:locale\" content=\"en_US\" \/>\n<meta property=\"og:type\" content=\"article\" \/>\n<meta property=\"og:title\" content=\"Hidroizolimin e nd\u00ebrtesave - Isogreen Elastisch - Deutsch Color\" \/>\n<meta property=\"og:description\" content=\"Hidroizolimin e nd\u00ebrtesave t\u00eb ekspozuara ndaj presionit hidrostatik pozitiv dhe negativ si: pishina, depozita, impiante t\u00eb trajtimit t\u00eb ujit,\" \/>\n<meta property=\"og:url\" content=\"https:\/\/deutschcolor.com\/al\/product\/isogreen-elastisch\/\" \/>\n<meta property=\"og:site_name\" content=\"Deutschcolor\" \/>\n<meta property=\"article:publisher\" content=\"https:\/\/www.facebook.com\/deutschcolorofficial\" \/>\n<meta property=\"article:modified_time\" content=\"2025-05-08T10:44:49+00:00\" \/>\n<meta property=\"og:image\" content=\"https:\/\/deutschcolor.com\/al\/wp-content\/uploads\/2019\/12\/isogreen-elastic-ACOMP-min.png\" \/>\n\t<meta property=\"og:image:width\" content=\"1000\" \/>\n\t<meta property=\"og:image:height\" content=\"1000\" \/>\n<meta name=\"twitter:card\" content=\"summary_large_image\" \/>\n<script type=\"application\/ld+json\" class=\"yoast-schema-graph\">{\"@context\":\"https:\/\/schema.org\",\"@graph\":[{\"@type\":\"WebSite\",\"@id\":\"https:\/\/deutschcolor.com\/al\/#website\",\"url\":\"https:\/\/deutschcolor.com\/al\/\",\"name\":\"Deutschcolor\",\"description\":\"Deutschcolor Albania\",\"potentialAction\":[{\"@type\":\"SearchAction\",\"target\":\"https:\/\/deutschcolor.com\/al\/?s={search_term_string}\",\"query-input\":\"required name=search_term_string\"}],\"inLanguage\":\"en-US\"},{\"@type\":\"ImageObject\",\"@id\":\"https:\/\/deutschcolor.com\/al\/product\/isogreen-elastisch\/#primaryimage\",\"inLanguage\":\"en-US\",\"url\":\"https:\/\/deutschcolor.com\/al\/wp-content\/uploads\/2019\/12\/isogreen-elastic-ACOMP-min.png\",\"width\":1000,\"height\":1000},{\"@type\":\"WebPage\",\"@id\":\"https:\/\/deutschcolor.com\/al\/product\/isogreen-elastisch\/#webpage\",\"url\":\"https:\/\/deutschcolor.com\/al\/product\/isogreen-elastisch\/\",\"name\":\"Hidroizolimin e nd\\u00ebrtesave - Isogreen Elastisch - Deutsch Color\",\"isPartOf\":{\"@id\":\"https:\/\/deutschcolor.com\/al\/#website\"},\"primaryImageOfPage\":{\"@id\":\"https:\/\/deutschcolor.com\/al\/product\/isogreen-elastisch\/#primaryimage\"},\"datePublished\":\"2019-12-27T09:00:20+00:00\",\"dateModified\":\"2025-05-08T10:44:49+00:00\",\"description\":\"Hidroizolimin e nd\\u00ebrtesave t\\u00eb ekspozuara ndaj presionit hidrostatik pozitiv dhe negativ si: pishina, depozita, impiante t\\u00eb trajtimit t\\u00eb ujit,\",\"breadcrumb\":{\"@id\":\"https:\/\/deutschcolor.com\/al\/product\/isogreen-elastisch\/#breadcrumb\"},\"inLanguage\":\"en-US\",\"potentialAction\":[{\"@type\":\"ReadAction\",\"target\":[\"https:\/\/deutschcolor.com\/al\/product\/isogreen-elastisch\/\"]}]},{\"@type\":\"BreadcrumbList\",\"@id\":\"https:\/\/deutschcolor.com\/al\/product\/isogreen-elastisch\/#breadcrumb\",\"itemListElement\":[{\"@type\":\"ListItem\",\"position\":1,\"item\":{\"@type\":\"WebPage\",\"@id\":\"https:\/\/deutschcolor.com\/al\/\",\"url\":\"https:\/\/deutschcolor.com\/al\/\",\"name\":\"Home\"}},{\"@type\":\"ListItem\",\"position\":2,\"item\":{\"@type\":\"WebPage\",\"@id\":\"https:\/\/deutschcolor.com\/al\/shop\/\",\"url\":\"https:\/\/deutschcolor.com\/al\/shop\/\",\"name\":\"SHOP\"}},{\"@type\":\"ListItem\",\"position\":3,\"item\":{\"@type\":\"WebPage\",\"@id\":\"https:\/\/deutschcolor.com\/al\/product-category\/hidroizolues\/\",\"url\":\"https:\/\/deutschcolor.com\/al\/product-category\/hidroizolues\/\",\"name\":\"Hidroizolues\"}},{\"@type\":\"ListItem\",\"position\":4,\"item\":{\"@type\":\"WebPage\",\"@id\":\"https:\/\/deutschcolor.com\/al\/product-category\/hidroizolues\/produkt-hidroizolues-dy-komponentesh-me-baze-cimento\/\",\"url\":\"https:\/\/deutschcolor.com\/al\/product-category\/hidroizolues\/produkt-hidroizolues-dy-komponentesh-me-baze-cimento\/\",\"name\":\"3.2. Produkt hidroizolues dy komponent\\u00ebsh me baz\\u00eb \\u00e7imento\"}},{\"@type\":\"ListItem\",\"position\":5,\"item\":{\"@type\":\"WebPage\",\"@id\":\"https:\/\/deutschcolor.com\/al\/product\/isogreen-elastisch\/\",\"url\":\"https:\/\/deutschcolor.com\/al\/product\/isogreen-elastisch\/\",\"name\":\"ISOGREEN ELASTISCH\"}}]}]}<\/script>\n<!-- \/ Yoast SEO plugin. -->","_links":{"self":[{"href":"https:\/\/deutschcolor.com\/al\/wp-json\/wp\/v2\/product\/24660","targetHints":{"allow":["GET"]}}],"collection":[{"href":"https:\/\/deutschcolor.com\/al\/wp-json\/wp\/v2\/product"}],"about":[{"href":"https:\/\/deutschcolor.com\/al\/wp-json\/wp\/v2\/types\/product"}],"replies":[{"embeddable":true,"href":"https:\/\/deutschcolor.com\/al\/wp-json\/wp\/v2\/comments?post=24660"}],"wp:featuredmedia":[{"embeddable":true,"href":"https:\/\/deutschcolor.com\/al\/wp-json\/wp\/v2\/media\/24662"}],"wp:attachment":[{"href":"https:\/\/deutschcolor.com\/al\/wp-json\/wp\/v2\/media?parent=24660"}],"curies":[{"name":"wp","href":"https:\/\/api.w.org\/{rel}","templated":true}]}}