{"id":24669,"date":"2019-12-27T09:11:03","date_gmt":"2019-12-27T09:11:03","guid":{"rendered":"https:\/\/deutschcolor.com\/al\/?post_type=product&#038;p=24669"},"modified":"2025-02-27T08:16:39","modified_gmt":"2025-02-27T08:16:39","slug":"isoline","status":"publish","type":"product","link":"https:\/\/deutschcolor.com\/al\/product\/isoline\/","title":{"rendered":"ISOLINE"},"content":{"rendered":"<p><strong>P\u00cbRSHKRIMI<\/strong><br \/>\nISOLINE \u00ebsht\u00eb nj\u00eb produkt i gatsh\u00ebm p\u00ebr p\u00ebrdorim i cili aplikohet me fur\u00e7\u00eb ose me rrul. Pas tharjes formon nj\u00eb membrane shum\u00eb elastike e cila \u00ebsht\u00eb e pap\u00ebrshkueshme nga uji dhe lejon avullimin e tij.<\/p>\n<p><strong>Rekomandime p\u00ebr aplikim<\/strong><br \/>\nISOLINE \u00ebsht\u00eb ideal p\u00ebr hidroizolimin e sip\u00ebrfaqeve, si ballkone, banjo, etj, p\u00ebrpara vendosjes s\u00eb pllakave qeramike. \u00cbsht\u00eb i p\u00ebrshtatsh\u00ebm p\u00ebr t\u00eb gjitha sip\u00ebrfaqet e dyshemes\u00eb ose t\u00eb murit t\u00eb nd\u00ebrtuara me beton, pllaka gipsi etj. Ky produkt nuk mund t\u00eb aplikohet n\u00eb sip\u00ebrfaqe ku ka presion uji.<\/p>\n<p><strong>RUAJTJA DHE JET\u00cbGJAT\u00cbSIA<\/strong><br \/>\n18 muaj n\u00eb qoft\u00eb se ruhet n\u00eb paketim origjinal t\u00eb mbyllur, n\u00eb vende t\u00eb thata, e mbrojtur nga ekspozimi i drejtp\u00ebrdrejt\u00eb ndaj rrezeve t\u00eb diellit.<br \/>\n###<br \/>\n<strong>APLIKIMI<\/strong><br \/>\nISOLINE aplikohet me fur\u00e7\u00eb ose rrul me dy shtresa pasi shtresa e HYDRO PRIMER t\u00eb jet\u00eb thar\u00eb plot\u00ebsisht. Shtresa e dyt\u00eb duhet t\u00eb aplikohet pasi shtresa e par\u00eb t\u00eb jet\u00eb thar\u00eb. Membrana hidroizoluese e ISOLINE duhet t\u00eb p\u00ebrforcohet n\u00eb k\u00ebndet e dyshemes\u00eb dhe n\u00eb hap\u00ebsirat e fugave duke p\u00ebrdorur nj\u00eb rrjet\u00eb me fije qelqi e tipit 65 g\/m2. Mjet\u00ebt e pun\u00ebs duhet t\u00eb pastrohen nd\u00ebrkoh\u00eb q\u00eb ISOLINE \u00ebsht\u00eb akoma i pathar\u00eb. Vendosja e pllakave qeramike duhet b\u00ebr\u00eb duke p\u00ebrdorur nj\u00eb ngjit\u00ebs me veti elastike ose duke p\u00ebrdorur LATEX si elastifikues p\u00ebr ngjit\u00ebsin.<\/p>\n<p><strong>KONSUMI<\/strong><br \/>\n1 -1.2 lt \/ m2<\/p>\n<p><strong>PAKETIMI<\/strong><br \/>\nKova plastike 5Kg \/ 15Kg \/ 20Kg.<\/p>\n","protected":false},"excerpt":{"rendered":"<p>Hidroizolues i l\u00ebngsh\u00ebm elastik<\/p>\n","protected":false},"featured_media":24670,"comment_status":"closed","ping_status":"closed","template":"","meta":{"_glsr_average":0,"_glsr_ranking":0,"_glsr_reviews":0},"class_list":["post-24669","product","type-product","status-publish","has-post-thumbnail","hentry","product_cat-hidroizolues","product_cat-produkt-hidroizolues-njekomponentesh-gati-per-perdorim"],"yoast_head":"<!-- This site is optimized with the Yoast SEO plugin v15.0 - https:\/\/yoast.com\/wordpress\/plugins\/seo\/ -->\n<title>ISOLINE ideal p\u00ebr hidroizolimin e sip\u00ebrfaqeve - Deutsch Color -<\/title>\n<meta name=\"description\" content=\"Aplikohet me penel ose rull\u00eb n\u00eb dy shtresa, pasi shtresa e HYDRO PRIMER t\u00eb jet\u00eb thar\u00eb. ISOLINE \u00ebsht\u00eb ideal p\u00ebr hidroizolimin e sip\u00ebrfaqeve, si ballkone, banjo.\" \/>\n<meta name=\"robots\" content=\"index, follow, max-snippet:-1, max-image-preview:large, max-video-preview:-1\" \/>\n<link rel=\"canonical\" href=\"https:\/\/deutschcolor.com\/al\/product\/isoline\/\" \/>\n<meta property=\"og:locale\" content=\"en_US\" \/>\n<meta property=\"og:type\" content=\"article\" \/>\n<meta property=\"og:title\" content=\"ISOLINE ideal p\u00ebr hidroizolimin e sip\u00ebrfaqeve - Deutsch Color -\" \/>\n<meta property=\"og:description\" content=\"Aplikohet me penel ose rull\u00eb n\u00eb dy shtresa, pasi shtresa e HYDRO PRIMER t\u00eb jet\u00eb thar\u00eb. ISOLINE \u00ebsht\u00eb ideal p\u00ebr hidroizolimin e sip\u00ebrfaqeve, si ballkone, banjo.\" \/>\n<meta property=\"og:url\" content=\"https:\/\/deutschcolor.com\/al\/product\/isoline\/\" \/>\n<meta property=\"og:site_name\" content=\"Deutschcolor\" \/>\n<meta property=\"article:publisher\" content=\"https:\/\/www.facebook.com\/deutschcolorofficial\" \/>\n<meta property=\"article:modified_time\" content=\"2025-02-27T08:16:39+00:00\" \/>\n<meta property=\"og:image\" content=\"https:\/\/deutschcolor.com\/al\/wp-content\/uploads\/2019\/12\/Isoline-min.png\" \/>\n\t<meta property=\"og:image:width\" content=\"1000\" \/>\n\t<meta property=\"og:image:height\" content=\"1000\" \/>\n<meta name=\"twitter:card\" content=\"summary_large_image\" \/>\n<script type=\"application\/ld+json\" class=\"yoast-schema-graph\">{\"@context\":\"https:\/\/schema.org\",\"@graph\":[{\"@type\":\"WebSite\",\"@id\":\"https:\/\/deutschcolor.com\/al\/#website\",\"url\":\"https:\/\/deutschcolor.com\/al\/\",\"name\":\"Deutschcolor\",\"description\":\"Deutschcolor Albania\",\"potentialAction\":[{\"@type\":\"SearchAction\",\"target\":\"https:\/\/deutschcolor.com\/al\/?s={search_term_string}\",\"query-input\":\"required name=search_term_string\"}],\"inLanguage\":\"en-US\"},{\"@type\":\"ImageObject\",\"@id\":\"https:\/\/deutschcolor.com\/al\/product\/isoline\/#primaryimage\",\"inLanguage\":\"en-US\",\"url\":\"https:\/\/deutschcolor.com\/al\/wp-content\/uploads\/2019\/12\/Isoline-min.png\",\"width\":1000,\"height\":1000},{\"@type\":\"WebPage\",\"@id\":\"https:\/\/deutschcolor.com\/al\/product\/isoline\/#webpage\",\"url\":\"https:\/\/deutschcolor.com\/al\/product\/isoline\/\",\"name\":\"ISOLINE ideal p\\u00ebr hidroizolimin e sip\\u00ebrfaqeve - Deutsch Color -\",\"isPartOf\":{\"@id\":\"https:\/\/deutschcolor.com\/al\/#website\"},\"primaryImageOfPage\":{\"@id\":\"https:\/\/deutschcolor.com\/al\/product\/isoline\/#primaryimage\"},\"datePublished\":\"2019-12-27T09:11:03+00:00\",\"dateModified\":\"2025-02-27T08:16:39+00:00\",\"description\":\"Aplikohet me penel ose rull\\u00eb n\\u00eb dy shtresa, pasi shtresa e HYDRO PRIMER t\\u00eb jet\\u00eb thar\\u00eb. ISOLINE \\u00ebsht\\u00eb ideal p\\u00ebr hidroizolimin e sip\\u00ebrfaqeve, si ballkone, banjo.\",\"breadcrumb\":{\"@id\":\"https:\/\/deutschcolor.com\/al\/product\/isoline\/#breadcrumb\"},\"inLanguage\":\"en-US\",\"potentialAction\":[{\"@type\":\"ReadAction\",\"target\":[\"https:\/\/deutschcolor.com\/al\/product\/isoline\/\"]}]},{\"@type\":\"BreadcrumbList\",\"@id\":\"https:\/\/deutschcolor.com\/al\/product\/isoline\/#breadcrumb\",\"itemListElement\":[{\"@type\":\"ListItem\",\"position\":1,\"item\":{\"@type\":\"WebPage\",\"@id\":\"https:\/\/deutschcolor.com\/al\/\",\"url\":\"https:\/\/deutschcolor.com\/al\/\",\"name\":\"Home\"}},{\"@type\":\"ListItem\",\"position\":2,\"item\":{\"@type\":\"WebPage\",\"@id\":\"https:\/\/deutschcolor.com\/al\/shop\/\",\"url\":\"https:\/\/deutschcolor.com\/al\/shop\/\",\"name\":\"SHOP\"}},{\"@type\":\"ListItem\",\"position\":3,\"item\":{\"@type\":\"WebPage\",\"@id\":\"https:\/\/deutschcolor.com\/al\/product-category\/hidroizolues\/\",\"url\":\"https:\/\/deutschcolor.com\/al\/product-category\/hidroizolues\/\",\"name\":\"Hidroizolues\"}},{\"@type\":\"ListItem\",\"position\":4,\"item\":{\"@type\":\"WebPage\",\"@id\":\"https:\/\/deutschcolor.com\/al\/product-category\/hidroizolues\/produkt-hidroizolues-njekomponentesh-gati-per-perdorim\/\",\"url\":\"https:\/\/deutschcolor.com\/al\/product-category\/hidroizolues\/produkt-hidroizolues-njekomponentesh-gati-per-perdorim\/\",\"name\":\"3.3. Produkt hidroizolues nj\\u00ebkomponent\\u00ebsh gati p\\u00ebr p\\u00ebrdorim\"}},{\"@type\":\"ListItem\",\"position\":5,\"item\":{\"@type\":\"WebPage\",\"@id\":\"https:\/\/deutschcolor.com\/al\/product\/isoline\/\",\"url\":\"https:\/\/deutschcolor.com\/al\/product\/isoline\/\",\"name\":\"ISOLINE\"}}]}]}<\/script>\n<!-- \/ Yoast SEO plugin. -->","_links":{"self":[{"href":"https:\/\/deutschcolor.com\/al\/wp-json\/wp\/v2\/product\/24669","targetHints":{"allow":["GET"]}}],"collection":[{"href":"https:\/\/deutschcolor.com\/al\/wp-json\/wp\/v2\/product"}],"about":[{"href":"https:\/\/deutschcolor.com\/al\/wp-json\/wp\/v2\/types\/product"}],"replies":[{"embeddable":true,"href":"https:\/\/deutschcolor.com\/al\/wp-json\/wp\/v2\/comments?post=24669"}],"wp:featuredmedia":[{"embeddable":true,"href":"https:\/\/deutschcolor.com\/al\/wp-json\/wp\/v2\/media\/24670"}],"wp:attachment":[{"href":"https:\/\/deutschcolor.com\/al\/wp-json\/wp\/v2\/media?parent=24669"}],"curies":[{"name":"wp","href":"https:\/\/api.w.org\/{rel}","templated":true}]}}