{"id":24673,"date":"2019-12-27T09:19:55","date_gmt":"2019-12-27T09:19:55","guid":{"rendered":"https:\/\/deutschcolor.com\/al\/?post_type=product&#038;p=24673"},"modified":"2025-02-27T14:28:24","modified_gmt":"2025-02-27T14:28:24","slug":"hydro-primer","status":"publish","type":"product","link":"https:\/\/deutschcolor.com\/al\/product\/hydro-primer\/","title":{"rendered":"HYDRO PRIMER"},"content":{"rendered":"<p><strong>P\u00cbRSHKRIMI<\/strong><br \/>\nAstar elastomerik p\u00ebr suportet ku do t\u00eb aplikohen hidroizoluesit.<br \/>\nPolimer n\u00eb dispersion ujor i cili aplikohet mbi sip\u00ebrfaqe poroze duke rritur ndjesh\u00ebm ngjitshm\u00ebrin\u00eb midis hidroizoluesve me baz\u00eb elastomer\u00ebsh dhe suportit. HYDRO PRIMER ka aft\u00ebsi dep\u00ebrtuese n\u00eb t\u00eb gjitha poret e sip\u00ebrfaqes ku do t\u00eb aplikohet hidroizoluesi duke p\u00ebrmir\u00ebsuar dhe rritur aft\u00ebsin\u00eb ngjit\u00ebse midis hidroizoluesit dhe sip\u00ebrfaqes q\u00eb do t\u00eb hidroizolohet.<\/p>\n<p><strong>Rekomandime p\u00ebr p\u00ebrdorim<\/strong><br \/>\nHYDRO PRIMER \u00ebsht\u00eb astar i gatsh\u00ebm p\u00ebr p\u00ebrdorim, i cili p\u00ebrforcon ndjesh\u00ebm ngjitjen e hidroizolues\u00ebve mbi shtresa me p\u00ebrb\u00ebrje betoni, lla\u00e7i, suvaje dhe paneleve t\u00eb gipsit.<br \/>\n###<br \/>\n<strong>APLIKIMI &#8211; KONSUMI<\/strong><br \/>\nSip\u00ebrfaqet q\u00eb do t\u00eb trajtohen me PRIMER duhet t\u00eb jen\u00eb plot\u00ebsisht t\u00eb thata dhe t\u00eb pastra pa pranin\u00eb e pluhurave.<br \/>\nRekomandohet q\u00eb produkti t\u00eb p\u00ebrzihet p\u00ebrpara aplikimit. Leht\u00ebsisht i aplikuesh\u00ebm me fur\u00e7\u00eb ose me rrul mbi sip\u00ebrfaqet p\u00ebrpara<br \/>\naplikimit t\u00eb hidroizoluesve elastomerik\u00eb. Konsumi 200 &#8211; 300 g\/m2, varet nga poroziteti i sip\u00ebrfaqes q\u00eb do t\u00eb trajtohet.<\/p>\n<p><strong>JET\u00cbGJAT\u00cbSIA DHE RUAJTJA<\/strong><br \/>\nProdukti mund t\u00eb ruhet p\u00ebr 18 muaj n\u00eb paketim origjinal dhe n\u00eb vend t\u00eb that\u00eb n\u00eb temperatura nga +5\u00b0C deri n\u00eb +35\u00b0C.<br \/>\nDuhet t\u00eb evitohet ekspozimi i produktit n\u00eb temperatura t\u00eb ul\u00ebta (ngrica) si dhe n\u00eb temperatura t\u00eb larta.<\/p>\n<p><strong>Shenime<\/strong><br \/>\nProdukti rekomandohet t\u00eb aplikohet n\u00eb temperatura nga +5\u00b0C deri n\u00eb +35\u00b0C<br \/>\n<strong>Paketimi<\/strong><br \/>\nShishe plastike 1Kg \/ 5Kg \/ 10Kg<\/p>\n","protected":false},"excerpt":{"rendered":"<p>Astar elastomerik p\u00ebr suportet ku do t\u00eb aplikohen hidroizoluesit<\/p>\n","protected":false},"featured_media":24674,"comment_status":"closed","ping_status":"closed","template":"","meta":{"_glsr_average":0,"_glsr_ranking":0,"_glsr_reviews":0},"class_list":["post-24673","product","type-product","status-publish","has-post-thumbnail","hentry","product_cat-hidroizolues","product_cat-3-4-produkte-shoqeruese"],"yoast_head":"<!-- This site is optimized with the Yoast SEO plugin v15.0 - https:\/\/yoast.com\/wordpress\/plugins\/seo\/ -->\n<title>Hydro Primer ka veti dep\u00ebrtuese- Deutsch Color -Cilesia pran jush.<\/title>\n<meta name=\"description\" content=\"Hydro Primer ka veti dep\u00ebrtuese n\u00eb t\u00eb gjitha poret e sip\u00ebrfaqes ku do t\u00eb aplikohet impermeabilizimi, duke p\u00ebrmir\u00ebsuar dhe rritur aft\u00ebsin\u00eb ngjit\u00ebse midis impermeabilizuesit\" \/>\n<meta name=\"robots\" content=\"index, follow, max-snippet:-1, max-image-preview:large, max-video-preview:-1\" \/>\n<link rel=\"canonical\" href=\"https:\/\/deutschcolor.com\/al\/product\/hydro-primer\/\" \/>\n<meta property=\"og:locale\" content=\"en_US\" \/>\n<meta property=\"og:type\" content=\"article\" \/>\n<meta property=\"og:title\" content=\"Hydro Primer ka veti dep\u00ebrtuese- Deutsch Color -Cilesia pran jush.\" \/>\n<meta property=\"og:description\" content=\"Hydro Primer ka veti dep\u00ebrtuese n\u00eb t\u00eb gjitha poret e sip\u00ebrfaqes ku do t\u00eb aplikohet impermeabilizimi, duke p\u00ebrmir\u00ebsuar dhe rritur aft\u00ebsin\u00eb ngjit\u00ebse midis impermeabilizuesit\" \/>\n<meta property=\"og:url\" content=\"https:\/\/deutschcolor.com\/al\/product\/hydro-primer\/\" \/>\n<meta property=\"og:site_name\" content=\"Deutschcolor\" \/>\n<meta property=\"article:publisher\" content=\"https:\/\/www.facebook.com\/deutschcolorofficial\" \/>\n<meta property=\"article:modified_time\" content=\"2025-02-27T14:28:24+00:00\" \/>\n<meta property=\"og:image\" content=\"https:\/\/deutschcolor.com\/al\/wp-content\/uploads\/2019\/12\/Hidroprimer-min.png\" \/>\n\t<meta property=\"og:image:width\" content=\"1000\" \/>\n\t<meta property=\"og:image:height\" content=\"1000\" \/>\n<meta name=\"twitter:card\" content=\"summary_large_image\" \/>\n<script type=\"application\/ld+json\" class=\"yoast-schema-graph\">{\"@context\":\"https:\/\/schema.org\",\"@graph\":[{\"@type\":\"WebSite\",\"@id\":\"https:\/\/deutschcolor.com\/al\/#website\",\"url\":\"https:\/\/deutschcolor.com\/al\/\",\"name\":\"Deutschcolor\",\"description\":\"Deutschcolor Albania\",\"potentialAction\":[{\"@type\":\"SearchAction\",\"target\":\"https:\/\/deutschcolor.com\/al\/?s={search_term_string}\",\"query-input\":\"required name=search_term_string\"}],\"inLanguage\":\"en-US\"},{\"@type\":\"ImageObject\",\"@id\":\"https:\/\/deutschcolor.com\/al\/product\/hydro-primer\/#primaryimage\",\"inLanguage\":\"en-US\",\"url\":\"https:\/\/deutschcolor.com\/al\/wp-content\/uploads\/2019\/12\/Hidroprimer-min.png\",\"width\":1000,\"height\":1000},{\"@type\":\"WebPage\",\"@id\":\"https:\/\/deutschcolor.com\/al\/product\/hydro-primer\/#webpage\",\"url\":\"https:\/\/deutschcolor.com\/al\/product\/hydro-primer\/\",\"name\":\"Hydro Primer ka veti dep\\u00ebrtuese- Deutsch Color -Cilesia pran jush.\",\"isPartOf\":{\"@id\":\"https:\/\/deutschcolor.com\/al\/#website\"},\"primaryImageOfPage\":{\"@id\":\"https:\/\/deutschcolor.com\/al\/product\/hydro-primer\/#primaryimage\"},\"datePublished\":\"2019-12-27T09:19:55+00:00\",\"dateModified\":\"2025-02-27T14:28:24+00:00\",\"description\":\"Hydro Primer ka veti dep\\u00ebrtuese n\\u00eb t\\u00eb gjitha poret e sip\\u00ebrfaqes ku do t\\u00eb aplikohet impermeabilizimi, duke p\\u00ebrmir\\u00ebsuar dhe rritur aft\\u00ebsin\\u00eb ngjit\\u00ebse midis impermeabilizuesit\",\"breadcrumb\":{\"@id\":\"https:\/\/deutschcolor.com\/al\/product\/hydro-primer\/#breadcrumb\"},\"inLanguage\":\"en-US\",\"potentialAction\":[{\"@type\":\"ReadAction\",\"target\":[\"https:\/\/deutschcolor.com\/al\/product\/hydro-primer\/\"]}]},{\"@type\":\"BreadcrumbList\",\"@id\":\"https:\/\/deutschcolor.com\/al\/product\/hydro-primer\/#breadcrumb\",\"itemListElement\":[{\"@type\":\"ListItem\",\"position\":1,\"item\":{\"@type\":\"WebPage\",\"@id\":\"https:\/\/deutschcolor.com\/al\/\",\"url\":\"https:\/\/deutschcolor.com\/al\/\",\"name\":\"Home\"}},{\"@type\":\"ListItem\",\"position\":2,\"item\":{\"@type\":\"WebPage\",\"@id\":\"https:\/\/deutschcolor.com\/al\/shop\/\",\"url\":\"https:\/\/deutschcolor.com\/al\/shop\/\",\"name\":\"SHOP\"}},{\"@type\":\"ListItem\",\"position\":3,\"item\":{\"@type\":\"WebPage\",\"@id\":\"https:\/\/deutschcolor.com\/al\/product-category\/hidroizolues\/\",\"url\":\"https:\/\/deutschcolor.com\/al\/product-category\/hidroizolues\/\",\"name\":\"Hidroizolues\"}},{\"@type\":\"ListItem\",\"position\":4,\"item\":{\"@type\":\"WebPage\",\"@id\":\"https:\/\/deutschcolor.com\/al\/product-category\/hidroizolues\/3-4-produkte-shoqeruese\/\",\"url\":\"https:\/\/deutschcolor.com\/al\/product-category\/hidroizolues\/3-4-produkte-shoqeruese\/\",\"name\":\"3.4. Produkte shoq\\u00ebruese\"}},{\"@type\":\"ListItem\",\"position\":5,\"item\":{\"@type\":\"WebPage\",\"@id\":\"https:\/\/deutschcolor.com\/al\/product\/hydro-primer\/\",\"url\":\"https:\/\/deutschcolor.com\/al\/product\/hydro-primer\/\",\"name\":\"HYDRO PRIMER\"}}]}]}<\/script>\n<!-- \/ Yoast SEO plugin. -->","_links":{"self":[{"href":"https:\/\/deutschcolor.com\/al\/wp-json\/wp\/v2\/product\/24673","targetHints":{"allow":["GET"]}}],"collection":[{"href":"https:\/\/deutschcolor.com\/al\/wp-json\/wp\/v2\/product"}],"about":[{"href":"https:\/\/deutschcolor.com\/al\/wp-json\/wp\/v2\/types\/product"}],"replies":[{"embeddable":true,"href":"https:\/\/deutschcolor.com\/al\/wp-json\/wp\/v2\/comments?post=24673"}],"wp:featuredmedia":[{"embeddable":true,"href":"https:\/\/deutschcolor.com\/al\/wp-json\/wp\/v2\/media\/24674"}],"wp:attachment":[{"href":"https:\/\/deutschcolor.com\/al\/wp-json\/wp\/v2\/media?parent=24673"}],"curies":[{"name":"wp","href":"https:\/\/api.w.org\/{rel}","templated":true}]}}