{"id":24690,"date":"2019-12-27T09:36:57","date_gmt":"2019-12-27T09:36:57","guid":{"rendered":"https:\/\/deutschcolor.com\/al\/?post_type=product&#038;p=24690"},"modified":"2025-03-11T07:33:51","modified_gmt":"2025-03-11T07:33:51","slug":"sl-03-epoxy","status":"publish","type":"product","link":"https:\/\/deutschcolor.com\/al\/product\/sl-03-epoxy\/","title":{"rendered":"SL 03 EPOXY"},"content":{"rendered":"<p><strong>KARAKTERISTIKA<\/strong><br \/>\nSL 03 EPOXY \u00ebsht\u00eb nj\u00eb produkt nivelizues me baz\u00eb rezinash epokside, si dhe nuk p\u00ebrmban solvent. Ofron avantazhet e m\u00ebposhtme:<br \/>\n\u2022 Rezistenca t\u00eb larta mekanike.<br \/>\n\u2022 Lidhje shum\u00eb e mir\u00eb me sip\u00ebrfaqen ku aplikohet.<br \/>\n\u2022 Rezistenc\u00eb e lart\u00eb ndaj lag\u00ebshtir\u00ebs.<br \/>\n\u2022 Ka aft\u00ebsi shum\u00eb t\u00eb mira nivelizuese.<br \/>\n\u2022 Nuk ka efekt korrodues.<br \/>\n\u2022 Klasifikohet si CT &#8211; C50 &#8211; F10 &#8211; AR0,5 sipas EN 13813.<br \/>\n###<br \/>\n<strong>PASTRIMI I MJETEVE:<\/strong><br \/>\nMjetet duhet t\u00eb pastrohen me uj\u00eb menj\u00ebher\u00eb pas p\u00ebrdorimit. Materiali i fort\u00ebsuar mund t\u00eb hiqet vet\u00ebm mekanikisht.<\/p>\n<p><strong>PAKETIMI<\/strong><br \/>\nKova plastike 2Kg (komp. A) 6Kg (komp. B) dhe Thas\u00eb letre 25Kg<\/p>\n<p><strong>JET\u00cbGJAT\u00cbSIA DHE RUAJTJA<\/strong><br \/>\n24 muaj n\u00ebse ruhet n\u00eb paketim origjinal dhe t\u00eb pahapur i pa ekspozuar ndaj rrezeve t\u00eb diellit dhe ngric\u00ebs.<\/p>\n","protected":false},"excerpt":{"rendered":"<p>Vet\u00ebnivelues me baz\u00eb epokside, 3 komponent\u00ebsh.<\/p>\n","protected":false},"featured_media":24691,"comment_status":"closed","ping_status":"closed","template":"","meta":{"_glsr_average":0,"_glsr_ranking":0,"_glsr_reviews":0},"class_list":["post-24690","product","type-product","status-publish","has-post-thumbnail","hentry","product_cat-dysheme-dokorative-sportive-dhe-industriale","product_cat-baza-epokside-vete-niveluese"],"yoast_head":"<!-- This site is optimized with the Yoast SEO plugin v15.0 - https:\/\/yoast.com\/wordpress\/plugins\/seo\/ -->\n<title>Sl 03 Epoxy - Produkt nivelizues - deutsch Color - Produkt ideal.<\/title>\n<meta name=\"description\" content=\"SL 03 EPOXY \u00ebsht\u00eb nj\u00eb produkt nivelizues me baz\u00eb rezinash epokside, si dhe nuk p\u00ebrmban solvent. Rezistenca t\u00eb larta mekanike.\" \/>\n<meta name=\"robots\" content=\"index, follow, max-snippet:-1, max-image-preview:large, max-video-preview:-1\" \/>\n<link rel=\"canonical\" href=\"https:\/\/deutschcolor.com\/al\/product\/sl-03-epoxy\/\" \/>\n<meta property=\"og:locale\" content=\"en_US\" \/>\n<meta property=\"og:type\" content=\"article\" \/>\n<meta property=\"og:title\" content=\"Sl 03 Epoxy - Produkt nivelizues - deutsch Color - Produkt ideal.\" \/>\n<meta property=\"og:description\" content=\"SL 03 EPOXY \u00ebsht\u00eb nj\u00eb produkt nivelizues me baz\u00eb rezinash epokside, si dhe nuk p\u00ebrmban solvent. Rezistenca t\u00eb larta mekanike.\" \/>\n<meta property=\"og:url\" content=\"https:\/\/deutschcolor.com\/al\/product\/sl-03-epoxy\/\" \/>\n<meta property=\"og:site_name\" content=\"Deutschcolor\" \/>\n<meta property=\"article:publisher\" content=\"https:\/\/www.facebook.com\/deutschcolorofficial\" \/>\n<meta property=\"article:modified_time\" content=\"2025-03-11T07:33:51+00:00\" \/>\n<meta property=\"og:image\" content=\"https:\/\/deutschcolor.com\/al\/wp-content\/uploads\/2019\/12\/SL-0.3Epoxy-min.png\" \/>\n\t<meta property=\"og:image:width\" content=\"1000\" \/>\n\t<meta property=\"og:image:height\" content=\"1000\" \/>\n<meta name=\"twitter:card\" content=\"summary_large_image\" \/>\n<script type=\"application\/ld+json\" class=\"yoast-schema-graph\">{\"@context\":\"https:\/\/schema.org\",\"@graph\":[{\"@type\":\"WebSite\",\"@id\":\"https:\/\/deutschcolor.com\/al\/#website\",\"url\":\"https:\/\/deutschcolor.com\/al\/\",\"name\":\"Deutschcolor\",\"description\":\"Deutschcolor Albania\",\"potentialAction\":[{\"@type\":\"SearchAction\",\"target\":\"https:\/\/deutschcolor.com\/al\/?s={search_term_string}\",\"query-input\":\"required name=search_term_string\"}],\"inLanguage\":\"en-US\"},{\"@type\":\"ImageObject\",\"@id\":\"https:\/\/deutschcolor.com\/al\/product\/sl-03-epoxy\/#primaryimage\",\"inLanguage\":\"en-US\",\"url\":\"https:\/\/deutschcolor.com\/al\/wp-content\/uploads\/2019\/12\/SL-0.3Epoxy-min.png\",\"width\":1000,\"height\":1000},{\"@type\":\"WebPage\",\"@id\":\"https:\/\/deutschcolor.com\/al\/product\/sl-03-epoxy\/#webpage\",\"url\":\"https:\/\/deutschcolor.com\/al\/product\/sl-03-epoxy\/\",\"name\":\"Sl 03 Epoxy - Produkt nivelizues - deutsch Color - Produkt ideal.\",\"isPartOf\":{\"@id\":\"https:\/\/deutschcolor.com\/al\/#website\"},\"primaryImageOfPage\":{\"@id\":\"https:\/\/deutschcolor.com\/al\/product\/sl-03-epoxy\/#primaryimage\"},\"datePublished\":\"2019-12-27T09:36:57+00:00\",\"dateModified\":\"2025-03-11T07:33:51+00:00\",\"description\":\"SL 03 EPOXY \\u00ebsht\\u00eb nj\\u00eb produkt nivelizues me baz\\u00eb rezinash epokside, si dhe nuk p\\u00ebrmban solvent. Rezistenca t\\u00eb larta mekanike.\",\"breadcrumb\":{\"@id\":\"https:\/\/deutschcolor.com\/al\/product\/sl-03-epoxy\/#breadcrumb\"},\"inLanguage\":\"en-US\",\"potentialAction\":[{\"@type\":\"ReadAction\",\"target\":[\"https:\/\/deutschcolor.com\/al\/product\/sl-03-epoxy\/\"]}]},{\"@type\":\"BreadcrumbList\",\"@id\":\"https:\/\/deutschcolor.com\/al\/product\/sl-03-epoxy\/#breadcrumb\",\"itemListElement\":[{\"@type\":\"ListItem\",\"position\":1,\"item\":{\"@type\":\"WebPage\",\"@id\":\"https:\/\/deutschcolor.com\/al\/\",\"url\":\"https:\/\/deutschcolor.com\/al\/\",\"name\":\"Home\"}},{\"@type\":\"ListItem\",\"position\":2,\"item\":{\"@type\":\"WebPage\",\"@id\":\"https:\/\/deutschcolor.com\/al\/shop\/\",\"url\":\"https:\/\/deutschcolor.com\/al\/shop\/\",\"name\":\"SHOP\"}},{\"@type\":\"ListItem\",\"position\":3,\"item\":{\"@type\":\"WebPage\",\"@id\":\"https:\/\/deutschcolor.com\/al\/product-category\/dysheme-dokorative-sportive-dhe-industriale\/\",\"url\":\"https:\/\/deutschcolor.com\/al\/product-category\/dysheme-dokorative-sportive-dhe-industriale\/\",\"name\":\"Dysheme dekorative, sportive dhe industriale\"}},{\"@type\":\"ListItem\",\"position\":4,\"item\":{\"@type\":\"WebPage\",\"@id\":\"https:\/\/deutschcolor.com\/al\/product-category\/dysheme-dokorative-sportive-dhe-industriale\/baza-epokside-vete-niveluese\/\",\"url\":\"https:\/\/deutschcolor.com\/al\/product-category\/dysheme-dokorative-sportive-dhe-industriale\/baza-epokside-vete-niveluese\/\",\"name\":\"4.2. Baza epokside vet\\u00eb-niveluese\"}},{\"@type\":\"ListItem\",\"position\":5,\"item\":{\"@type\":\"WebPage\",\"@id\":\"https:\/\/deutschcolor.com\/al\/product\/sl-03-epoxy\/\",\"url\":\"https:\/\/deutschcolor.com\/al\/product\/sl-03-epoxy\/\",\"name\":\"SL 03 EPOXY\"}}]}]}<\/script>\n<!-- \/ Yoast SEO plugin. -->","_links":{"self":[{"href":"https:\/\/deutschcolor.com\/al\/wp-json\/wp\/v2\/product\/24690","targetHints":{"allow":["GET"]}}],"collection":[{"href":"https:\/\/deutschcolor.com\/al\/wp-json\/wp\/v2\/product"}],"about":[{"href":"https:\/\/deutschcolor.com\/al\/wp-json\/wp\/v2\/types\/product"}],"replies":[{"embeddable":true,"href":"https:\/\/deutschcolor.com\/al\/wp-json\/wp\/v2\/comments?post=24690"}],"wp:featuredmedia":[{"embeddable":true,"href":"https:\/\/deutschcolor.com\/al\/wp-json\/wp\/v2\/media\/24691"}],"wp:attachment":[{"href":"https:\/\/deutschcolor.com\/al\/wp-json\/wp\/v2\/media?parent=24690"}],"curies":[{"name":"wp","href":"https:\/\/api.w.org\/{rel}","templated":true}]}}