{"id":24692,"date":"2019-12-27T09:39:09","date_gmt":"2019-12-27T09:39:09","guid":{"rendered":"https:\/\/deutschcolor.com\/al\/?post_type=product&#038;p=24692"},"modified":"2025-03-11T08:10:48","modified_gmt":"2025-03-11T08:10:48","slug":"sl-3d-epoxy","status":"publish","type":"product","link":"https:\/\/deutschcolor.com\/al\/product\/sl-3d-epoxy\/","title":{"rendered":"SL 3D EPOXY"},"content":{"rendered":"<p><strong>KARAKTERISTIKA<\/strong><br \/>\nSL 3D EPOXY \u00ebsht\u00eb nj\u00eb produkt nivelizues me baz\u00eb \u00e7imento dhe rezinash epokside, si dhe nuk p\u00ebrmban solvent. Ofron avantazhet e m\u00ebposhtme:<br \/>\n\u2022 Rezistenca t\u00eb larta mekanike.<br \/>\n\u2022 Lidhje shum\u00eb e mir\u00eb me sip\u00ebrfaqen ku aplikohet.<br \/>\n\u2022 Rezistenc\u00eb e lart\u00eb ndaj lag\u00ebshtir\u00ebs.<br \/>\n\u2022 Ka aft\u00ebsi shum\u00eb t\u00eb mira nivelizuese.<br \/>\n\u2022 Nuk ka efekt korrodues.<br \/>\n\u2022 Klasifikohet si CT &#8211; C50 &#8211; F10 &#8211; AR0,5 sipas EN 13813.<br \/>\n###<br \/>\n<strong>Aplikimi<\/strong><br \/>\nSL 3D EPOXY duhet t\u00eb aplikohen n\u00eb nj\u00eb trash\u00ebsi deri n\u00eb 3 mm duke p\u00ebrdorur nj\u00eb mall\u00eb me dh\u00ebmb\u00ebza. N\u00eb m\u00ebnyr\u00eb q\u00eb t\u00eb largohet ajri brenda shtres\u00ebs vet\u00ebniveluese, sip\u00ebrfaqja duhet t\u00eb kalohet me nj\u00eb rrul t\u00eb ve\u00e7ant\u00eb me gjemba. Kjo parandalon formimin e flluskave dhe ndihmon p\u00ebr t\u00eb arritur nj\u00eb trash\u00ebsi uniform\u00eb.<\/p>\n<p><strong>PASTRIMI I MJETEVE:<\/strong><br \/>\nMjetet duhet t\u00eb pastrohen me uj\u00eb menj\u00ebher\u00eb pas p\u00ebrdorimit. Materiali i fort\u00ebsuar mund t\u00eb hiqet vet\u00ebm mekanikisht.<\/p>\n<p><strong>PAKETIMI<\/strong><br \/>\nKova plastike 5Kg \/ 10 Kg \/ (A+B)<\/p>\n<p><strong>JET\u00cbGJAT\u00cbSIA <\/strong>DHE RUAJTJA<br \/>\n24 muaj n\u00ebse ruhet n\u00eb paketim origjinal dhe t\u00eb pahapur i pa ekspozuar ndaj rrezeve t\u00eb diellit dhe ngric\u00ebs.<\/p>\n","protected":false},"excerpt":{"rendered":"<p>Vet\u00ebnivelues me baz\u00eb epokside, 2 komponent\u00ebsh.<\/p>\n","protected":false},"featured_media":24693,"comment_status":"closed","ping_status":"closed","template":"","meta":{"_glsr_average":0,"_glsr_ranking":0,"_glsr_reviews":0},"class_list":["post-24692","product","type-product","status-publish","has-post-thumbnail","hentry","product_cat-dysheme-dokorative-sportive-dhe-industriale","product_cat-baza-epokside-vete-niveluese"],"yoast_head":"<!-- This site is optimized with the Yoast SEO plugin v15.0 - https:\/\/yoast.com\/wordpress\/plugins\/seo\/ -->\n<title>SL 3D EPOXY - Aplikohet kur betoni \u00ebsht\u00eb i fresk\u00ebt - Deutsch Color<\/title>\n<meta name=\"description\" content=\"Aplikohet kur betoni \u00ebsht\u00eb relativisht i fresk\u00ebt, p\u00ebr t\u00eb krijuar nj\u00eb sip\u00ebrfaqe t\u00eb p\u00ebrshtatshme p\u00ebr aplikimin e shtresave epokside,\" \/>\n<meta name=\"robots\" content=\"index, follow, max-snippet:-1, max-image-preview:large, max-video-preview:-1\" \/>\n<link rel=\"canonical\" href=\"https:\/\/deutschcolor.com\/al\/product\/sl-3d-epoxy\/\" \/>\n<meta property=\"og:locale\" content=\"en_US\" \/>\n<meta property=\"og:type\" content=\"article\" \/>\n<meta property=\"og:title\" content=\"SL 3D EPOXY - Aplikohet kur betoni \u00ebsht\u00eb i fresk\u00ebt - Deutsch Color\" \/>\n<meta property=\"og:description\" content=\"Aplikohet kur betoni \u00ebsht\u00eb relativisht i fresk\u00ebt, p\u00ebr t\u00eb krijuar nj\u00eb sip\u00ebrfaqe t\u00eb p\u00ebrshtatshme p\u00ebr aplikimin e shtresave epokside,\" \/>\n<meta property=\"og:url\" content=\"https:\/\/deutschcolor.com\/al\/product\/sl-3d-epoxy\/\" \/>\n<meta property=\"og:site_name\" content=\"Deutschcolor\" \/>\n<meta property=\"article:publisher\" content=\"https:\/\/www.facebook.com\/deutschcolorofficial\" \/>\n<meta property=\"article:modified_time\" content=\"2025-03-11T08:10:48+00:00\" \/>\n<meta property=\"og:image\" content=\"https:\/\/deutschcolor.com\/al\/wp-content\/uploads\/2019\/12\/sl-3d-epoxy.png\" \/>\n\t<meta property=\"og:image:width\" content=\"1000\" \/>\n\t<meta property=\"og:image:height\" content=\"1000\" \/>\n<meta name=\"twitter:card\" content=\"summary_large_image\" \/>\n<script type=\"application\/ld+json\" class=\"yoast-schema-graph\">{\"@context\":\"https:\/\/schema.org\",\"@graph\":[{\"@type\":\"WebSite\",\"@id\":\"https:\/\/deutschcolor.com\/al\/#website\",\"url\":\"https:\/\/deutschcolor.com\/al\/\",\"name\":\"Deutschcolor\",\"description\":\"Deutschcolor Albania\",\"potentialAction\":[{\"@type\":\"SearchAction\",\"target\":\"https:\/\/deutschcolor.com\/al\/?s={search_term_string}\",\"query-input\":\"required name=search_term_string\"}],\"inLanguage\":\"en-US\"},{\"@type\":\"ImageObject\",\"@id\":\"https:\/\/deutschcolor.com\/al\/product\/sl-3d-epoxy\/#primaryimage\",\"inLanguage\":\"en-US\",\"url\":\"https:\/\/deutschcolor.com\/al\/wp-content\/uploads\/2019\/12\/sl-3d-epoxy.png\",\"width\":1000,\"height\":1000},{\"@type\":\"WebPage\",\"@id\":\"https:\/\/deutschcolor.com\/al\/product\/sl-3d-epoxy\/#webpage\",\"url\":\"https:\/\/deutschcolor.com\/al\/product\/sl-3d-epoxy\/\",\"name\":\"SL 3D EPOXY - Aplikohet kur betoni \\u00ebsht\\u00eb i fresk\\u00ebt - Deutsch Color\",\"isPartOf\":{\"@id\":\"https:\/\/deutschcolor.com\/al\/#website\"},\"primaryImageOfPage\":{\"@id\":\"https:\/\/deutschcolor.com\/al\/product\/sl-3d-epoxy\/#primaryimage\"},\"datePublished\":\"2019-12-27T09:39:09+00:00\",\"dateModified\":\"2025-03-11T08:10:48+00:00\",\"description\":\"Aplikohet kur betoni \\u00ebsht\\u00eb relativisht i fresk\\u00ebt, p\\u00ebr t\\u00eb krijuar nj\\u00eb sip\\u00ebrfaqe t\\u00eb p\\u00ebrshtatshme p\\u00ebr aplikimin e shtresave epokside,\",\"breadcrumb\":{\"@id\":\"https:\/\/deutschcolor.com\/al\/product\/sl-3d-epoxy\/#breadcrumb\"},\"inLanguage\":\"en-US\",\"potentialAction\":[{\"@type\":\"ReadAction\",\"target\":[\"https:\/\/deutschcolor.com\/al\/product\/sl-3d-epoxy\/\"]}]},{\"@type\":\"BreadcrumbList\",\"@id\":\"https:\/\/deutschcolor.com\/al\/product\/sl-3d-epoxy\/#breadcrumb\",\"itemListElement\":[{\"@type\":\"ListItem\",\"position\":1,\"item\":{\"@type\":\"WebPage\",\"@id\":\"https:\/\/deutschcolor.com\/al\/\",\"url\":\"https:\/\/deutschcolor.com\/al\/\",\"name\":\"Home\"}},{\"@type\":\"ListItem\",\"position\":2,\"item\":{\"@type\":\"WebPage\",\"@id\":\"https:\/\/deutschcolor.com\/al\/shop\/\",\"url\":\"https:\/\/deutschcolor.com\/al\/shop\/\",\"name\":\"SHOP\"}},{\"@type\":\"ListItem\",\"position\":3,\"item\":{\"@type\":\"WebPage\",\"@id\":\"https:\/\/deutschcolor.com\/al\/product-category\/dysheme-dokorative-sportive-dhe-industriale\/\",\"url\":\"https:\/\/deutschcolor.com\/al\/product-category\/dysheme-dokorative-sportive-dhe-industriale\/\",\"name\":\"Dysheme dekorative, sportive dhe industriale\"}},{\"@type\":\"ListItem\",\"position\":4,\"item\":{\"@type\":\"WebPage\",\"@id\":\"https:\/\/deutschcolor.com\/al\/product-category\/dysheme-dokorative-sportive-dhe-industriale\/baza-epokside-vete-niveluese\/\",\"url\":\"https:\/\/deutschcolor.com\/al\/product-category\/dysheme-dokorative-sportive-dhe-industriale\/baza-epokside-vete-niveluese\/\",\"name\":\"4.2. Baza epokside vet\\u00eb-niveluese\"}},{\"@type\":\"ListItem\",\"position\":5,\"item\":{\"@type\":\"WebPage\",\"@id\":\"https:\/\/deutschcolor.com\/al\/product\/sl-3d-epoxy\/\",\"url\":\"https:\/\/deutschcolor.com\/al\/product\/sl-3d-epoxy\/\",\"name\":\"SL 3D EPOXY\"}}]}]}<\/script>\n<!-- \/ Yoast SEO plugin. -->","_links":{"self":[{"href":"https:\/\/deutschcolor.com\/al\/wp-json\/wp\/v2\/product\/24692","targetHints":{"allow":["GET"]}}],"collection":[{"href":"https:\/\/deutschcolor.com\/al\/wp-json\/wp\/v2\/product"}],"about":[{"href":"https:\/\/deutschcolor.com\/al\/wp-json\/wp\/v2\/types\/product"}],"replies":[{"embeddable":true,"href":"https:\/\/deutschcolor.com\/al\/wp-json\/wp\/v2\/comments?post=24692"}],"wp:featuredmedia":[{"embeddable":true,"href":"https:\/\/deutschcolor.com\/al\/wp-json\/wp\/v2\/media\/24693"}],"wp:attachment":[{"href":"https:\/\/deutschcolor.com\/al\/wp-json\/wp\/v2\/media?parent=24692"}],"curies":[{"name":"wp","href":"https:\/\/api.w.org\/{rel}","templated":true}]}}