{"id":24694,"date":"2019-12-27T09:41:14","date_gmt":"2019-12-27T09:41:14","guid":{"rendered":"https:\/\/deutschcolor.com\/al\/?post_type=product&#038;p=24694"},"modified":"2025-03-11T10:53:23","modified_gmt":"2025-03-11T10:53:23","slug":"sl-industrial","status":"publish","type":"product","link":"https:\/\/deutschcolor.com\/al\/product\/sl-industrial\/","title":{"rendered":"SL INDUSTRIAL"},"content":{"rendered":"<p><strong>KARAKTERISTIKA<\/strong><br \/>\nSL INDUSTRIAL \u00ebsht\u00eb nj\u00eb produkt nivelizues me baz\u00eb rezinash epokside, si dhe nuk p\u00ebrmban solvent. Ofron avantazhet e m\u00ebposhtme:<br \/>\n&#8211; Rezistenca t\u00eb larta mekanike.<br \/>\n&#8211; Lidhje shum\u00eb e mir\u00eb me sip\u00ebrfaqen ku aplikohet.<br \/>\n&#8211; Rezistenc\u00eb e lart\u00eb ndaj lageshtir\u00ebs.<br \/>\n&#8211; Ka aft\u00ebsi shum\u00eb t\u00eb mira nivelizuese.<br \/>\n&#8211; Nuk ka efekt korrodues.<br \/>\nKlasifikohet si SR &#8211; B2,0 &#8211; AR0,5 &#8211; IR4 sipas EN 13813.<br \/>\n###<br \/>\n<strong>PAKETIMI<\/strong><br \/>\nKova plastike 15Kg \/ 25Kg (A+B)<\/p>\n<p><strong>JET\u00cbGJAT\u00cbSIA DHE RUAJTJA<\/strong><br \/>\n24 muaj n\u00ebse ruhet n\u00eb paketimin origjinal dhe t\u00eb pahapur e t\u00eb paekspozuar ndaj rrezeve te diellit dhe ngric\u00ebs.<\/p>\n","protected":false},"excerpt":{"rendered":"<p>Vet\u00ebnivelues me baz\u00eb epokside, 2 komponent\u00ebsh.<\/p>\n","protected":false},"featured_media":24695,"comment_status":"closed","ping_status":"closed","template":"","meta":{"_glsr_average":0,"_glsr_ranking":0,"_glsr_reviews":0},"class_list":["post-24694","product","type-product","status-publish","has-post-thumbnail","hentry","product_cat-dysheme-dokorative-sportive-dhe-industriale","product_cat-baza-epokside-vete-niveluese"],"yoast_head":"<!-- This site is optimized with the Yoast SEO plugin v15.0 - https:\/\/yoast.com\/wordpress\/plugins\/seo\/ -->\n<title>SL INDUSTRIAL - Aft\u00ebsi shum\u00eb t\u00eb mira nivelizuese - Deutsch Color<\/title>\n<meta name=\"description\" content=\"Ofron avantazhet si, aft\u00ebsi shum\u00eb t\u00eb mira nivelizuese, rezistenc\u00eb e lart\u00eb ndaj lageshtir\u00ebs, nuk ka efekt korrodues, etj\" \/>\n<meta name=\"robots\" content=\"index, follow, max-snippet:-1, max-image-preview:large, max-video-preview:-1\" \/>\n<link rel=\"canonical\" href=\"https:\/\/deutschcolor.com\/al\/product\/sl-industrial\/\" \/>\n<meta property=\"og:locale\" content=\"en_US\" \/>\n<meta property=\"og:type\" content=\"article\" \/>\n<meta property=\"og:title\" content=\"SL INDUSTRIAL - Aft\u00ebsi shum\u00eb t\u00eb mira nivelizuese - Deutsch Color\" \/>\n<meta property=\"og:description\" content=\"Ofron avantazhet si, aft\u00ebsi shum\u00eb t\u00eb mira nivelizuese, rezistenc\u00eb e lart\u00eb ndaj lageshtir\u00ebs, nuk ka efekt korrodues, etj\" \/>\n<meta property=\"og:url\" content=\"https:\/\/deutschcolor.com\/al\/product\/sl-industrial\/\" \/>\n<meta property=\"og:site_name\" content=\"Deutschcolor\" \/>\n<meta property=\"article:publisher\" content=\"https:\/\/www.facebook.com\/deutschcolorofficial\" \/>\n<meta property=\"article:modified_time\" content=\"2025-03-11T10:53:23+00:00\" \/>\n<meta property=\"og:image\" content=\"https:\/\/deutschcolor.com\/al\/wp-content\/uploads\/2019\/12\/SL-INDUSTRIAL.png\" \/>\n\t<meta property=\"og:image:width\" content=\"1000\" \/>\n\t<meta property=\"og:image:height\" content=\"1000\" \/>\n<meta name=\"twitter:card\" content=\"summary_large_image\" \/>\n<script type=\"application\/ld+json\" class=\"yoast-schema-graph\">{\"@context\":\"https:\/\/schema.org\",\"@graph\":[{\"@type\":\"WebSite\",\"@id\":\"https:\/\/deutschcolor.com\/al\/#website\",\"url\":\"https:\/\/deutschcolor.com\/al\/\",\"name\":\"Deutschcolor\",\"description\":\"Deutschcolor Albania\",\"potentialAction\":[{\"@type\":\"SearchAction\",\"target\":\"https:\/\/deutschcolor.com\/al\/?s={search_term_string}\",\"query-input\":\"required name=search_term_string\"}],\"inLanguage\":\"en-US\"},{\"@type\":\"ImageObject\",\"@id\":\"https:\/\/deutschcolor.com\/al\/product\/sl-industrial\/#primaryimage\",\"inLanguage\":\"en-US\",\"url\":\"https:\/\/deutschcolor.com\/al\/wp-content\/uploads\/2019\/12\/SL-INDUSTRIAL.png\",\"width\":1000,\"height\":1000},{\"@type\":\"WebPage\",\"@id\":\"https:\/\/deutschcolor.com\/al\/product\/sl-industrial\/#webpage\",\"url\":\"https:\/\/deutschcolor.com\/al\/product\/sl-industrial\/\",\"name\":\"SL INDUSTRIAL - Aft\\u00ebsi shum\\u00eb t\\u00eb mira nivelizuese - Deutsch Color\",\"isPartOf\":{\"@id\":\"https:\/\/deutschcolor.com\/al\/#website\"},\"primaryImageOfPage\":{\"@id\":\"https:\/\/deutschcolor.com\/al\/product\/sl-industrial\/#primaryimage\"},\"datePublished\":\"2019-12-27T09:41:14+00:00\",\"dateModified\":\"2025-03-11T10:53:23+00:00\",\"description\":\"Ofron avantazhet si, aft\\u00ebsi shum\\u00eb t\\u00eb mira nivelizuese, rezistenc\\u00eb e lart\\u00eb ndaj lageshtir\\u00ebs, nuk ka efekt korrodues, etj\",\"breadcrumb\":{\"@id\":\"https:\/\/deutschcolor.com\/al\/product\/sl-industrial\/#breadcrumb\"},\"inLanguage\":\"en-US\",\"potentialAction\":[{\"@type\":\"ReadAction\",\"target\":[\"https:\/\/deutschcolor.com\/al\/product\/sl-industrial\/\"]}]},{\"@type\":\"BreadcrumbList\",\"@id\":\"https:\/\/deutschcolor.com\/al\/product\/sl-industrial\/#breadcrumb\",\"itemListElement\":[{\"@type\":\"ListItem\",\"position\":1,\"item\":{\"@type\":\"WebPage\",\"@id\":\"https:\/\/deutschcolor.com\/al\/\",\"url\":\"https:\/\/deutschcolor.com\/al\/\",\"name\":\"Home\"}},{\"@type\":\"ListItem\",\"position\":2,\"item\":{\"@type\":\"WebPage\",\"@id\":\"https:\/\/deutschcolor.com\/al\/shop\/\",\"url\":\"https:\/\/deutschcolor.com\/al\/shop\/\",\"name\":\"SHOP\"}},{\"@type\":\"ListItem\",\"position\":3,\"item\":{\"@type\":\"WebPage\",\"@id\":\"https:\/\/deutschcolor.com\/al\/product-category\/dysheme-dokorative-sportive-dhe-industriale\/\",\"url\":\"https:\/\/deutschcolor.com\/al\/product-category\/dysheme-dokorative-sportive-dhe-industriale\/\",\"name\":\"Dysheme dekorative, sportive dhe industriale\"}},{\"@type\":\"ListItem\",\"position\":4,\"item\":{\"@type\":\"WebPage\",\"@id\":\"https:\/\/deutschcolor.com\/al\/product-category\/dysheme-dokorative-sportive-dhe-industriale\/baza-epokside-vete-niveluese\/\",\"url\":\"https:\/\/deutschcolor.com\/al\/product-category\/dysheme-dokorative-sportive-dhe-industriale\/baza-epokside-vete-niveluese\/\",\"name\":\"4.2. Baza epokside vet\\u00eb-niveluese\"}},{\"@type\":\"ListItem\",\"position\":5,\"item\":{\"@type\":\"WebPage\",\"@id\":\"https:\/\/deutschcolor.com\/al\/product\/sl-industrial\/\",\"url\":\"https:\/\/deutschcolor.com\/al\/product\/sl-industrial\/\",\"name\":\"SL INDUSTRIAL\"}}]}]}<\/script>\n<!-- \/ Yoast SEO plugin. -->","_links":{"self":[{"href":"https:\/\/deutschcolor.com\/al\/wp-json\/wp\/v2\/product\/24694","targetHints":{"allow":["GET"]}}],"collection":[{"href":"https:\/\/deutschcolor.com\/al\/wp-json\/wp\/v2\/product"}],"about":[{"href":"https:\/\/deutschcolor.com\/al\/wp-json\/wp\/v2\/types\/product"}],"replies":[{"embeddable":true,"href":"https:\/\/deutschcolor.com\/al\/wp-json\/wp\/v2\/comments?post=24694"}],"wp:featuredmedia":[{"embeddable":true,"href":"https:\/\/deutschcolor.com\/al\/wp-json\/wp\/v2\/media\/24695"}],"wp:attachment":[{"href":"https:\/\/deutschcolor.com\/al\/wp-json\/wp\/v2\/media?parent=24694"}],"curies":[{"name":"wp","href":"https:\/\/api.w.org\/{rel}","templated":true}]}}