{"id":24696,"date":"2019-12-27T09:46:12","date_gmt":"2019-12-27T09:46:12","guid":{"rendered":"https:\/\/deutschcolor.com\/al\/?post_type=product&#038;p=24696"},"modified":"2025-03-08T09:00:00","modified_gmt":"2025-03-08T09:00:00","slug":"pu-s880","status":"publish","type":"product","link":"https:\/\/deutschcolor.com\/al\/product\/pu-s880\/","title":{"rendered":"PU S880"},"content":{"rendered":"<p><strong>KARAKTERISTIKAT<\/strong><br \/>\n&#8211; PU S880 \u00ebsht\u00eb ngjit\u00ebs sintetik me baz\u00eb poliuretani.<br \/>\n&#8211; PU S880 nuk p\u00ebrmban solvent.<br \/>\n&#8211; PU S880 arrin nj\u00eb nivel t\u00eb lart\u00eb t\u00eb fleksibilitetit dhe ngjitshm\u00ebrie.<br \/>\n&#8211; PU S880 siguron ngjitshm\u00ebri t\u00eb lart\u00eb n\u00eb \u00e7do lloj suporti.<br \/>\n&#8211; PU S880 siguron punueshm\u00ebri t\u00eb mir\u00eb edhe n\u00eb temperatura t\u00eb ul\u00ebta.<\/p>\n<p><strong>PRO\u00c7EDURA E APLIKIMIT<\/strong><br \/>\nP\u00ebrgatitja e sip\u00ebrfaqes<br \/>\nSip\u00ebrfaqja duhet t\u00eb parap\u00ebrgatitet sipas kushteve teknike t\u00eb standarteve p\u00ebr fushat sportive.<br \/>\n###<br \/>\n<strong>APLIKIMI<\/strong><br \/>\nPara p\u00ebrdorimit, p\u00ebrzieni ngjit\u00ebsin. N\u00ebse kemi formimin e cip\u00ebs sip\u00ebrfaq\u00ebsore, n\u00eb \u00e7do rast b\u00ebhet heqja e saj. PU S880 aplikohet mbi sip\u00ebrfaqe me an\u00ebn e nj\u00eb malle t\u00eb dh\u00ebmb\u00ebzuar t\u00eb p\u00ebrshtatshme p\u00ebr parkete. Koha e punueshm\u00ebris\u00eb e produktit PU S880 \u00ebsht\u00eb maksimalisht 30 minuta n\u00eb kushte normale temperature dhe lag\u00ebshtie. N\u00ebse gjat\u00eb aplikimit shohim formimin e cip\u00ebs ngjit\u00ebsi hiqet dhe riaplikohet.<\/p>\n<p><strong>JET\u00cbGJAT\u00cbSIA DHE RUAJTJA<\/strong><br \/>\n12 muaj n\u00ebse ruhet n\u00eb paketim origjinal dhe t\u00eb pahapur n\u00eb v\u00ebnde t\u00eb thata<\/p>\n<p><strong>Paketimi<\/strong><br \/>\nKova plastike 5Kg \/ 15Kg<\/p>\n","protected":false},"excerpt":{"rendered":"<p>Ngjit\u00ebs p\u00ebr tapetet e barit sintetik, me baz\u00eb poliuretani.<\/p>\n","protected":false},"featured_media":24697,"comment_status":"closed","ping_status":"closed","template":"","meta":{"_glsr_average":0,"_glsr_ranking":0,"_glsr_reviews":0},"class_list":["post-24696","product","type-product","status-publish","has-post-thumbnail","hentry","product_cat-dysheme-dokorative-sportive-dhe-industriale","product_cat-dysheme-sportive"],"yoast_head":"<!-- This site is optimized with the Yoast SEO plugin v15.0 - https:\/\/yoast.com\/wordpress\/plugins\/seo\/ -->\n<title>PU S880 - Nivel t\u00eb lart\u00eb t\u00eb fleksibilitetit dhe ngjitshm\u00ebrie - Deutsch Color<\/title>\n<meta name=\"description\" content=\"PU S880 \u00ebsht\u00eb ngjit\u00ebs sintetik me baz\u00eb poliuretani. PU S880 arrin nj\u00eb nivel t\u00eb lart\u00eb t\u00eb fleksibilitetit dhe ngjitshm\u00ebrie.\" \/>\n<meta name=\"robots\" content=\"index, follow, max-snippet:-1, max-image-preview:large, max-video-preview:-1\" \/>\n<link rel=\"canonical\" href=\"https:\/\/deutschcolor.com\/al\/product\/pu-s880\/\" \/>\n<meta property=\"og:locale\" content=\"en_US\" \/>\n<meta property=\"og:type\" content=\"article\" \/>\n<meta property=\"og:title\" content=\"PU S880 - Nivel t\u00eb lart\u00eb t\u00eb fleksibilitetit dhe ngjitshm\u00ebrie - Deutsch Color\" \/>\n<meta property=\"og:description\" content=\"PU S880 \u00ebsht\u00eb ngjit\u00ebs sintetik me baz\u00eb poliuretani. PU S880 arrin nj\u00eb nivel t\u00eb lart\u00eb t\u00eb fleksibilitetit dhe ngjitshm\u00ebrie.\" \/>\n<meta property=\"og:url\" content=\"https:\/\/deutschcolor.com\/al\/product\/pu-s880\/\" \/>\n<meta property=\"og:site_name\" content=\"Deutschcolor\" \/>\n<meta property=\"article:publisher\" content=\"https:\/\/www.facebook.com\/deutschcolorofficial\" \/>\n<meta property=\"article:modified_time\" content=\"2025-03-08T09:00:00+00:00\" \/>\n<meta property=\"og:image\" content=\"https:\/\/deutschcolor.com\/al\/wp-content\/uploads\/2019\/12\/PU-S880-min.png\" \/>\n\t<meta property=\"og:image:width\" content=\"1000\" \/>\n\t<meta property=\"og:image:height\" content=\"1000\" \/>\n<meta name=\"twitter:card\" content=\"summary_large_image\" \/>\n<script type=\"application\/ld+json\" class=\"yoast-schema-graph\">{\"@context\":\"https:\/\/schema.org\",\"@graph\":[{\"@type\":\"WebSite\",\"@id\":\"https:\/\/deutschcolor.com\/al\/#website\",\"url\":\"https:\/\/deutschcolor.com\/al\/\",\"name\":\"Deutschcolor\",\"description\":\"Deutschcolor Albania\",\"potentialAction\":[{\"@type\":\"SearchAction\",\"target\":\"https:\/\/deutschcolor.com\/al\/?s={search_term_string}\",\"query-input\":\"required name=search_term_string\"}],\"inLanguage\":\"en-US\"},{\"@type\":\"ImageObject\",\"@id\":\"https:\/\/deutschcolor.com\/al\/product\/pu-s880\/#primaryimage\",\"inLanguage\":\"en-US\",\"url\":\"https:\/\/deutschcolor.com\/al\/wp-content\/uploads\/2019\/12\/PU-S880-min.png\",\"width\":1000,\"height\":1000},{\"@type\":\"WebPage\",\"@id\":\"https:\/\/deutschcolor.com\/al\/product\/pu-s880\/#webpage\",\"url\":\"https:\/\/deutschcolor.com\/al\/product\/pu-s880\/\",\"name\":\"PU S880 - Nivel t\\u00eb lart\\u00eb t\\u00eb fleksibilitetit dhe ngjitshm\\u00ebrie - Deutsch Color\",\"isPartOf\":{\"@id\":\"https:\/\/deutschcolor.com\/al\/#website\"},\"primaryImageOfPage\":{\"@id\":\"https:\/\/deutschcolor.com\/al\/product\/pu-s880\/#primaryimage\"},\"datePublished\":\"2019-12-27T09:46:12+00:00\",\"dateModified\":\"2025-03-08T09:00:00+00:00\",\"description\":\"PU S880 \\u00ebsht\\u00eb ngjit\\u00ebs sintetik me baz\\u00eb poliuretani. PU S880 arrin nj\\u00eb nivel t\\u00eb lart\\u00eb t\\u00eb fleksibilitetit dhe ngjitshm\\u00ebrie.\",\"breadcrumb\":{\"@id\":\"https:\/\/deutschcolor.com\/al\/product\/pu-s880\/#breadcrumb\"},\"inLanguage\":\"en-US\",\"potentialAction\":[{\"@type\":\"ReadAction\",\"target\":[\"https:\/\/deutschcolor.com\/al\/product\/pu-s880\/\"]}]},{\"@type\":\"BreadcrumbList\",\"@id\":\"https:\/\/deutschcolor.com\/al\/product\/pu-s880\/#breadcrumb\",\"itemListElement\":[{\"@type\":\"ListItem\",\"position\":1,\"item\":{\"@type\":\"WebPage\",\"@id\":\"https:\/\/deutschcolor.com\/al\/\",\"url\":\"https:\/\/deutschcolor.com\/al\/\",\"name\":\"Home\"}},{\"@type\":\"ListItem\",\"position\":2,\"item\":{\"@type\":\"WebPage\",\"@id\":\"https:\/\/deutschcolor.com\/al\/shop\/\",\"url\":\"https:\/\/deutschcolor.com\/al\/shop\/\",\"name\":\"SHOP\"}},{\"@type\":\"ListItem\",\"position\":3,\"item\":{\"@type\":\"WebPage\",\"@id\":\"https:\/\/deutschcolor.com\/al\/product-category\/dysheme-dokorative-sportive-dhe-industriale\/\",\"url\":\"https:\/\/deutschcolor.com\/al\/product-category\/dysheme-dokorative-sportive-dhe-industriale\/\",\"name\":\"Dysheme dekorative, sportive dhe industriale\"}},{\"@type\":\"ListItem\",\"position\":4,\"item\":{\"@type\":\"WebPage\",\"@id\":\"https:\/\/deutschcolor.com\/al\/product-category\/dysheme-dokorative-sportive-dhe-industriale\/dysheme-sportive\/\",\"url\":\"https:\/\/deutschcolor.com\/al\/product-category\/dysheme-dokorative-sportive-dhe-industriale\/dysheme-sportive\/\",\"name\":\"4.4. Dysheme sportive\"}},{\"@type\":\"ListItem\",\"position\":5,\"item\":{\"@type\":\"WebPage\",\"@id\":\"https:\/\/deutschcolor.com\/al\/product\/pu-s880\/\",\"url\":\"https:\/\/deutschcolor.com\/al\/product\/pu-s880\/\",\"name\":\"PU S880\"}}]}]}<\/script>\n<!-- \/ Yoast SEO plugin. -->","_links":{"self":[{"href":"https:\/\/deutschcolor.com\/al\/wp-json\/wp\/v2\/product\/24696","targetHints":{"allow":["GET"]}}],"collection":[{"href":"https:\/\/deutschcolor.com\/al\/wp-json\/wp\/v2\/product"}],"about":[{"href":"https:\/\/deutschcolor.com\/al\/wp-json\/wp\/v2\/types\/product"}],"replies":[{"embeddable":true,"href":"https:\/\/deutschcolor.com\/al\/wp-json\/wp\/v2\/comments?post=24696"}],"wp:featuredmedia":[{"embeddable":true,"href":"https:\/\/deutschcolor.com\/al\/wp-json\/wp\/v2\/media\/24697"}],"wp:attachment":[{"href":"https:\/\/deutschcolor.com\/al\/wp-json\/wp\/v2\/media?parent=24696"}],"curies":[{"name":"wp","href":"https:\/\/api.w.org\/{rel}","templated":true}]}}