{"id":24698,"date":"2019-12-27T09:47:44","date_gmt":"2019-12-27T09:47:44","guid":{"rendered":"https:\/\/deutschcolor.com\/al\/?post_type=product&#038;p=24698"},"modified":"2025-03-08T09:27:01","modified_gmt":"2025-03-08T09:27:01","slug":"rubbergum","status":"publish","type":"product","link":"https:\/\/deutschcolor.com\/al\/product\/rubbergum\/","title":{"rendered":"RUBBERGUM"},"content":{"rendered":"<p><strong>KARAKTERISTIKAT<\/strong><br \/>\nTapeti i gom\u00ebs RUBBERGUM \u00ebsht\u00eb i p\u00ebrb\u00ebr\u00eb nga grimca gom\u00eb te bluar dhe lidh\u00ebs poliuretani me cil\u00ebsi t\u00eb lart\u00eb. P\u00ebrdorimi i gom\u00ebs s\u00eb ricikluar e b\u00ebn produktin miq\u00ebsor me mjedisin.<\/p>\n<p><strong>REKOMANDIME P\u00cbR P\u00cbRDORIM<\/strong><br \/>\nShtres\u00eb fleksib\u00ebl e aplikuar n\u00eb kombinim me produkte n\u00eb gam\u00ebn e fushave sportive p\u00ebr fusha tenisi, basketbolli dhe fusha shum\u00eb p\u00ebrdorimshe.<br \/>\n###<br \/>\n<strong>P\u00ebrgatitja e produktit<\/strong><br \/>\nHapeni tapetin e Rubbergum mbi t\u00eb gjith\u00eb sip\u00ebrfaqen p\u00ebr t&#8217;u mbuluar s\u00eb paku nj\u00eb dit\u00eb para ngjitjes s\u00eb saj.<\/p>\n<p><strong>Aplikimi<\/strong><br \/>\nNgjitja e tapetit Rubbergum b\u00ebhet duke p\u00ebrdorur ngjit\u00ebs me baz\u00eb Epoksi poliuretan PU S 880.<\/p>\n<p><strong>PAKETIMI<\/strong><br \/>\nTopa me dimension 1m x 10m<\/p>\n","protected":false},"excerpt":{"rendered":"<p>Tapet gome fleksib\u00ebl i prodhuar nga grimca gome t\u00eb bluara i cili n\u00eb kombinim me gam\u00ebn e produkteve krijon dysheme sportive shum\u00eb p\u00ebrdorimshe<\/p>\n","protected":false},"featured_media":24699,"comment_status":"closed","ping_status":"closed","template":"","meta":{"_glsr_average":0,"_glsr_ranking":0,"_glsr_reviews":0},"class_list":["post-24698","product","type-product","status-publish","has-post-thumbnail","hentry","product_cat-dysheme-dokorative-sportive-dhe-industriale","product_cat-dysheme-sportive"],"yoast_head":"<!-- This site is optimized with the Yoast SEO plugin v15.0 - https:\/\/yoast.com\/wordpress\/plugins\/seo\/ -->\n<title>Rubbergum - Deutsch Color - Zgjidhje perfekte p\u00ebr mbulim siperfaqe.<\/title>\n<meta name=\"description\" content=\"Hapeni tapetin e Rubbergum mbi t\u00eb gjith\u00eb sip\u00ebrfaqen p\u00ebr t&#039;u mbuluar s\u00eb paku nj\u00eb dit\u00eb para ngjitjes s\u00eb saj.\" \/>\n<meta name=\"robots\" content=\"index, follow, max-snippet:-1, max-image-preview:large, max-video-preview:-1\" \/>\n<link rel=\"canonical\" href=\"https:\/\/deutschcolor.com\/al\/product\/rubbergum\/\" \/>\n<meta property=\"og:locale\" content=\"en_US\" \/>\n<meta property=\"og:type\" content=\"article\" \/>\n<meta property=\"og:title\" content=\"Rubbergum - Deutsch Color - Zgjidhje perfekte p\u00ebr mbulim siperfaqe.\" \/>\n<meta property=\"og:description\" content=\"Hapeni tapetin e Rubbergum mbi t\u00eb gjith\u00eb sip\u00ebrfaqen p\u00ebr t&#039;u mbuluar s\u00eb paku nj\u00eb dit\u00eb para ngjitjes s\u00eb saj.\" \/>\n<meta property=\"og:url\" content=\"https:\/\/deutschcolor.com\/al\/product\/rubbergum\/\" \/>\n<meta property=\"og:site_name\" content=\"Deutschcolor\" \/>\n<meta property=\"article:publisher\" content=\"https:\/\/www.facebook.com\/deutschcolorofficial\" \/>\n<meta property=\"article:modified_time\" content=\"2025-03-08T09:27:01+00:00\" \/>\n<meta property=\"og:image\" content=\"https:\/\/deutschcolor.com\/al\/wp-content\/uploads\/2019\/12\/rubbergum-min.png\" \/>\n\t<meta property=\"og:image:width\" content=\"1000\" \/>\n\t<meta property=\"og:image:height\" content=\"1000\" \/>\n<meta name=\"twitter:card\" content=\"summary_large_image\" \/>\n<script type=\"application\/ld+json\" class=\"yoast-schema-graph\">{\"@context\":\"https:\/\/schema.org\",\"@graph\":[{\"@type\":\"WebSite\",\"@id\":\"https:\/\/deutschcolor.com\/al\/#website\",\"url\":\"https:\/\/deutschcolor.com\/al\/\",\"name\":\"Deutschcolor\",\"description\":\"Deutschcolor Albania\",\"potentialAction\":[{\"@type\":\"SearchAction\",\"target\":\"https:\/\/deutschcolor.com\/al\/?s={search_term_string}\",\"query-input\":\"required name=search_term_string\"}],\"inLanguage\":\"en-US\"},{\"@type\":\"ImageObject\",\"@id\":\"https:\/\/deutschcolor.com\/al\/product\/rubbergum\/#primaryimage\",\"inLanguage\":\"en-US\",\"url\":\"https:\/\/deutschcolor.com\/al\/wp-content\/uploads\/2019\/12\/rubbergum-min.png\",\"width\":1000,\"height\":1000},{\"@type\":\"WebPage\",\"@id\":\"https:\/\/deutschcolor.com\/al\/product\/rubbergum\/#webpage\",\"url\":\"https:\/\/deutschcolor.com\/al\/product\/rubbergum\/\",\"name\":\"Rubbergum - Deutsch Color - Zgjidhje perfekte p\\u00ebr mbulim siperfaqe.\",\"isPartOf\":{\"@id\":\"https:\/\/deutschcolor.com\/al\/#website\"},\"primaryImageOfPage\":{\"@id\":\"https:\/\/deutschcolor.com\/al\/product\/rubbergum\/#primaryimage\"},\"datePublished\":\"2019-12-27T09:47:44+00:00\",\"dateModified\":\"2025-03-08T09:27:01+00:00\",\"description\":\"Hapeni tapetin e Rubbergum mbi t\\u00eb gjith\\u00eb sip\\u00ebrfaqen p\\u00ebr t'u mbuluar s\\u00eb paku nj\\u00eb dit\\u00eb para ngjitjes s\\u00eb saj.\",\"breadcrumb\":{\"@id\":\"https:\/\/deutschcolor.com\/al\/product\/rubbergum\/#breadcrumb\"},\"inLanguage\":\"en-US\",\"potentialAction\":[{\"@type\":\"ReadAction\",\"target\":[\"https:\/\/deutschcolor.com\/al\/product\/rubbergum\/\"]}]},{\"@type\":\"BreadcrumbList\",\"@id\":\"https:\/\/deutschcolor.com\/al\/product\/rubbergum\/#breadcrumb\",\"itemListElement\":[{\"@type\":\"ListItem\",\"position\":1,\"item\":{\"@type\":\"WebPage\",\"@id\":\"https:\/\/deutschcolor.com\/al\/\",\"url\":\"https:\/\/deutschcolor.com\/al\/\",\"name\":\"Home\"}},{\"@type\":\"ListItem\",\"position\":2,\"item\":{\"@type\":\"WebPage\",\"@id\":\"https:\/\/deutschcolor.com\/al\/shop\/\",\"url\":\"https:\/\/deutschcolor.com\/al\/shop\/\",\"name\":\"SHOP\"}},{\"@type\":\"ListItem\",\"position\":3,\"item\":{\"@type\":\"WebPage\",\"@id\":\"https:\/\/deutschcolor.com\/al\/product-category\/dysheme-dokorative-sportive-dhe-industriale\/\",\"url\":\"https:\/\/deutschcolor.com\/al\/product-category\/dysheme-dokorative-sportive-dhe-industriale\/\",\"name\":\"Dysheme dekorative, sportive dhe industriale\"}},{\"@type\":\"ListItem\",\"position\":4,\"item\":{\"@type\":\"WebPage\",\"@id\":\"https:\/\/deutschcolor.com\/al\/product-category\/dysheme-dokorative-sportive-dhe-industriale\/dysheme-sportive\/\",\"url\":\"https:\/\/deutschcolor.com\/al\/product-category\/dysheme-dokorative-sportive-dhe-industriale\/dysheme-sportive\/\",\"name\":\"4.4. Dysheme sportive\"}},{\"@type\":\"ListItem\",\"position\":5,\"item\":{\"@type\":\"WebPage\",\"@id\":\"https:\/\/deutschcolor.com\/al\/product\/rubbergum\/\",\"url\":\"https:\/\/deutschcolor.com\/al\/product\/rubbergum\/\",\"name\":\"RUBBERGUM\"}}]}]}<\/script>\n<!-- \/ Yoast SEO plugin. -->","_links":{"self":[{"href":"https:\/\/deutschcolor.com\/al\/wp-json\/wp\/v2\/product\/24698","targetHints":{"allow":["GET"]}}],"collection":[{"href":"https:\/\/deutschcolor.com\/al\/wp-json\/wp\/v2\/product"}],"about":[{"href":"https:\/\/deutschcolor.com\/al\/wp-json\/wp\/v2\/types\/product"}],"replies":[{"embeddable":true,"href":"https:\/\/deutschcolor.com\/al\/wp-json\/wp\/v2\/comments?post=24698"}],"wp:featuredmedia":[{"embeddable":true,"href":"https:\/\/deutschcolor.com\/al\/wp-json\/wp\/v2\/media\/24699"}],"wp:attachment":[{"href":"https:\/\/deutschcolor.com\/al\/wp-json\/wp\/v2\/media?parent=24698"}],"curies":[{"name":"wp","href":"https:\/\/api.w.org\/{rel}","templated":true}]}}