{"id":24700,"date":"2019-12-27T09:49:48","date_gmt":"2019-12-27T09:49:48","guid":{"rendered":"https:\/\/deutschcolor.com\/al\/?post_type=product&#038;p=24700"},"modified":"2025-03-19T08:27:07","modified_gmt":"2025-03-19T08:27:07","slug":"primer-880","status":"publish","type":"product","link":"https:\/\/deutschcolor.com\/al\/product\/primer-880\/","title":{"rendered":"PRIMER 880"},"content":{"rendered":"<p><strong>KARAKTERISTIKAT<\/strong><br \/>\nAstar p\u00ebr ambiente t\u00eb brendshme dhe t\u00eb jashtme me baz\u00eb rezinash akrilike n\u00eb dispersion ujor dhe fillerash me granulometri t\u00eb seleksionuar. P\u00ebr shkak t\u00eb formulacionit te produktit, PRIMER 880 ka ngjitshm\u00ebri shum\u00eb t\u00eb mir\u00eb dhe jet\u00ebgjat\u00ebsi. Produkti ka rezistenc\u00eb te lart\u00eb ndaj kushteve t\u00eb ndryshme t\u00eb motit. Produkti ka veti shum\u00eb t\u00eb mira ngjit\u00ebse si n\u00eb sip\u00ebrfaqe t\u00eb reja ashtu edhe n\u00eb ato t\u00eb paralyera.<\/p>\n<p><strong>REKOMANDIME P\u00cbR P\u00cbRDORIM<\/strong><br \/>\n<a href=\"https:\/\/deutschcolor.com\/al\/wp-content\/uploads\/2019\/12\/PRIMER-880.pdf\">PRIMER 880<\/a> p\u00ebrdoret per trajtimin e fushave sportive para lyerjes me FLOORCOAT FINAL si p\u00ebr shembull, fusha tenisi, fusha basketbolli, fusha handbolli, fusha volejbolli, pist\u00ebn e tartarit n\u00eb fusha futbolli, etj. Aplikohet mbi sip\u00ebrfaqe betoni, asfalti, etj.<br \/>\n###<br \/>\n<strong>PAKETIMI<\/strong><br \/>\nKova plastike 4Kg<\/p>\n<p><strong>KONSUMI<\/strong><br \/>\nSip\u00ebrfaqe e l\u00ebmuar: 250 &#8211; 300 gr\/m2 \/ shtres\u00eb<\/p>\n<p><strong>JET\u00cbGJAT\u00cbSIA <\/strong>DHE RUAJTJA<br \/>\nRuhet n\u00eb nj\u00eb ambalazh t\u00eb mbyllur mir\u00eb n\u00eb mjedise t\u00eb thata, me hije dhe me lag\u00ebshti t\u00eb ul\u00ebt.<\/p>\n","protected":false},"excerpt":{"rendered":"<p>Astar me baz\u00eb rezinash akrilike n\u00eb dispersion ujor, p\u00ebr trajtimin e fushave sportive<\/p>\n","protected":false},"featured_media":24701,"comment_status":"closed","ping_status":"closed","template":"","meta":{"_glsr_average":0,"_glsr_ranking":0,"_glsr_reviews":0},"class_list":["post-24700","product","type-product","status-publish","has-post-thumbnail","hentry","product_cat-dysheme-dokorative-sportive-dhe-industriale","product_cat-boje-me-baze-epokside-per-dysheme"],"yoast_head":"<!-- This site is optimized with the Yoast SEO plugin v15.0 - https:\/\/yoast.com\/wordpress\/plugins\/seo\/ -->\n<title>PRIMER 880 - Trajtimin e dyshemeve sportive - Deutsch Color<\/title>\n<meta name=\"description\" content=\"PRIMER 880 p\u00ebrdoret p\u00ebr trajtimin e dyshemeve sportive para se t\u00eb lyhen me RESIN SLP, si p.sh.: fushat e tenisit, basketbollit, etj\" \/>\n<meta name=\"robots\" content=\"index, follow, max-snippet:-1, max-image-preview:large, max-video-preview:-1\" \/>\n<link rel=\"canonical\" href=\"https:\/\/deutschcolor.com\/al\/product\/primer-880\/\" \/>\n<meta property=\"og:locale\" content=\"en_US\" \/>\n<meta property=\"og:type\" content=\"article\" \/>\n<meta property=\"og:title\" content=\"PRIMER 880 - Trajtimin e dyshemeve sportive - Deutsch Color\" \/>\n<meta property=\"og:description\" content=\"PRIMER 880 p\u00ebrdoret p\u00ebr trajtimin e dyshemeve sportive para se t\u00eb lyhen me RESIN SLP, si p.sh.: fushat e tenisit, basketbollit, etj\" \/>\n<meta property=\"og:url\" content=\"https:\/\/deutschcolor.com\/al\/product\/primer-880\/\" \/>\n<meta property=\"og:site_name\" content=\"Deutschcolor\" \/>\n<meta property=\"article:publisher\" content=\"https:\/\/www.facebook.com\/deutschcolorofficial\" \/>\n<meta property=\"article:modified_time\" content=\"2025-03-19T08:27:07+00:00\" \/>\n<meta property=\"og:image\" content=\"https:\/\/deutschcolor.com\/al\/wp-content\/uploads\/2019\/12\/PRIMER-880-min.png\" \/>\n\t<meta property=\"og:image:width\" content=\"1000\" \/>\n\t<meta property=\"og:image:height\" content=\"1000\" \/>\n<meta name=\"twitter:card\" content=\"summary_large_image\" \/>\n<script type=\"application\/ld+json\" class=\"yoast-schema-graph\">{\"@context\":\"https:\/\/schema.org\",\"@graph\":[{\"@type\":\"WebSite\",\"@id\":\"https:\/\/deutschcolor.com\/al\/#website\",\"url\":\"https:\/\/deutschcolor.com\/al\/\",\"name\":\"Deutschcolor\",\"description\":\"Deutschcolor Albania\",\"potentialAction\":[{\"@type\":\"SearchAction\",\"target\":\"https:\/\/deutschcolor.com\/al\/?s={search_term_string}\",\"query-input\":\"required name=search_term_string\"}],\"inLanguage\":\"en-US\"},{\"@type\":\"ImageObject\",\"@id\":\"https:\/\/deutschcolor.com\/al\/product\/primer-880\/#primaryimage\",\"inLanguage\":\"en-US\",\"url\":\"https:\/\/deutschcolor.com\/al\/wp-content\/uploads\/2019\/12\/PRIMER-880-min.png\",\"width\":1000,\"height\":1000},{\"@type\":\"WebPage\",\"@id\":\"https:\/\/deutschcolor.com\/al\/product\/primer-880\/#webpage\",\"url\":\"https:\/\/deutschcolor.com\/al\/product\/primer-880\/\",\"name\":\"PRIMER 880 - Trajtimin e dyshemeve sportive - Deutsch Color\",\"isPartOf\":{\"@id\":\"https:\/\/deutschcolor.com\/al\/#website\"},\"primaryImageOfPage\":{\"@id\":\"https:\/\/deutschcolor.com\/al\/product\/primer-880\/#primaryimage\"},\"datePublished\":\"2019-12-27T09:49:48+00:00\",\"dateModified\":\"2025-03-19T08:27:07+00:00\",\"description\":\"PRIMER 880 p\\u00ebrdoret p\\u00ebr trajtimin e dyshemeve sportive para se t\\u00eb lyhen me RESIN SLP, si p.sh.: fushat e tenisit, basketbollit, etj\",\"breadcrumb\":{\"@id\":\"https:\/\/deutschcolor.com\/al\/product\/primer-880\/#breadcrumb\"},\"inLanguage\":\"en-US\",\"potentialAction\":[{\"@type\":\"ReadAction\",\"target\":[\"https:\/\/deutschcolor.com\/al\/product\/primer-880\/\"]}]},{\"@type\":\"BreadcrumbList\",\"@id\":\"https:\/\/deutschcolor.com\/al\/product\/primer-880\/#breadcrumb\",\"itemListElement\":[{\"@type\":\"ListItem\",\"position\":1,\"item\":{\"@type\":\"WebPage\",\"@id\":\"https:\/\/deutschcolor.com\/al\/\",\"url\":\"https:\/\/deutschcolor.com\/al\/\",\"name\":\"Home\"}},{\"@type\":\"ListItem\",\"position\":2,\"item\":{\"@type\":\"WebPage\",\"@id\":\"https:\/\/deutschcolor.com\/al\/shop\/\",\"url\":\"https:\/\/deutschcolor.com\/al\/shop\/\",\"name\":\"SHOP\"}},{\"@type\":\"ListItem\",\"position\":3,\"item\":{\"@type\":\"WebPage\",\"@id\":\"https:\/\/deutschcolor.com\/al\/product-category\/dysheme-dokorative-sportive-dhe-industriale\/\",\"url\":\"https:\/\/deutschcolor.com\/al\/product-category\/dysheme-dokorative-sportive-dhe-industriale\/\",\"name\":\"Dysheme dekorative, sportive dhe industriale\"}},{\"@type\":\"ListItem\",\"position\":4,\"item\":{\"@type\":\"WebPage\",\"@id\":\"https:\/\/deutschcolor.com\/al\/product-category\/dysheme-dokorative-sportive-dhe-industriale\/boje-me-baze-epokside-per-dysheme\/\",\"url\":\"https:\/\/deutschcolor.com\/al\/product-category\/dysheme-dokorative-sportive-dhe-industriale\/boje-me-baze-epokside-per-dysheme\/\",\"name\":\"4.3. Boj\\u00eb me baz\\u00eb epokside p\\u00ebr dysheme\"}},{\"@type\":\"ListItem\",\"position\":5,\"item\":{\"@type\":\"WebPage\",\"@id\":\"https:\/\/deutschcolor.com\/al\/product\/primer-880\/\",\"url\":\"https:\/\/deutschcolor.com\/al\/product\/primer-880\/\",\"name\":\"PRIMER 880\"}}]}]}<\/script>\n<!-- \/ Yoast SEO plugin. -->","_links":{"self":[{"href":"https:\/\/deutschcolor.com\/al\/wp-json\/wp\/v2\/product\/24700","targetHints":{"allow":["GET"]}}],"collection":[{"href":"https:\/\/deutschcolor.com\/al\/wp-json\/wp\/v2\/product"}],"about":[{"href":"https:\/\/deutschcolor.com\/al\/wp-json\/wp\/v2\/types\/product"}],"replies":[{"embeddable":true,"href":"https:\/\/deutschcolor.com\/al\/wp-json\/wp\/v2\/comments?post=24700"}],"wp:featuredmedia":[{"embeddable":true,"href":"https:\/\/deutschcolor.com\/al\/wp-json\/wp\/v2\/media\/24701"}],"wp:attachment":[{"href":"https:\/\/deutschcolor.com\/al\/wp-json\/wp\/v2\/media?parent=24700"}],"curies":[{"name":"wp","href":"https:\/\/api.w.org\/{rel}","templated":true}]}}