{"id":24704,"date":"2019-12-27T09:55:22","date_gmt":"2019-12-27T09:55:22","guid":{"rendered":"https:\/\/deutschcolor.com\/al\/?post_type=product&#038;p=24704"},"modified":"2025-03-31T08:18:46","modified_gmt":"2025-03-31T08:18:46","slug":"3k-primer","status":"publish","type":"product","link":"https:\/\/deutschcolor.com\/al\/product\/3k-primer\/","title":{"rendered":"3K PRIMER"},"content":{"rendered":"<p><strong>Karakteristika<\/strong><br \/>\n3K PRIMER \u00ebsht\u00eb nj\u00eb produkt 3 \u2013 komponent\u00ebsh me baz\u00eb uji. Komponentet A+B jan\u00eb me baz\u00eb epokside kurse komponenti C \u00ebsht\u00eb me baz\u00eb \u00e7imento. \u00cbsht\u00eb i \u00e7ertifikuar si \u201c Klasa II \u201cp\u00ebr rezistenc\u00eb ndaj lag\u00ebshtis\u00eb, \u00e7ka e b\u00ebn at\u00eb ideal p\u00ebr aplikimet q\u00eb i n\u00ebnshtrohen presionit negativ. Produkti ofron rezistenc\u00eb t\u00eb lart\u00eb ndaj konsumimit. \u00cbsht\u00eb rezistent ndaj ujit, acideve, alkaleve, produkteve t\u00eb naft\u00ebs etj. 3K PRIMER mund t\u00eb aplikohet n\u00eb sip\u00ebrfaqe t\u00eb thata ose me pak lag\u00ebshti.<\/p>\n<p><strong>Rekomandime p\u00ebr p\u00ebrdorim<\/strong><br \/>\n3K PRIMER p\u00ebrdoret si astar p\u00ebr t\u00eb rritur ngjitshm\u00ebrin\u00eb n\u00eb sip\u00ebrfaqe n\u00eb t\u00eb cilat do aplikohen produkte si SL INDUSTRIAL ose BODEN FARBE. Ky produkt sugjerohet akoma n\u00eb raste q\u00eb sip\u00ebrfaqja ka p\u00ebrqindje t\u00eb lart\u00eb lag\u00ebshtie pasi krijon nj\u00eb shtres\u00eb izoluse midis n\u00ebshtresave edhe shtres\u00ebs finale q\u00eb do aplikohet.<br \/>\n###<br \/>\n<strong>PASTRIMI<\/strong><br \/>\nMjet\u00ebt e pun\u00ebs duhet t\u00eb pastrohen me uj\u00eb direkt mbas mbarimit t\u00eb pun\u00ebs edhe para fillimit t\u00eb reaksionit t\u00eb materialit.<\/p>\n<p><strong>JET\u00cbGJAT\u00cbSIA DHE RUAJTJA<\/strong><br \/>\n24 muaj n\u00ebse ruhet n\u00eb paketim origjinal dhe t\u00eb pahapur n\u00eb v\u00ebnde t\u00eb thata dhe n\u00eb temperatura nd\u00ebrmjet 50C dhe 250C.<\/p>\n<p><strong>KONSUMI<\/strong><br \/>\n250-300 g\/m2<\/p>\n<p><strong>PAKETIMI<\/strong><br \/>\nKana\u00e7e 2.8Kg (komp. A), Kova plastike 1.2Kg (komp. B) dhe kana\u00e7e (komp. C) 2Kg<\/p>\n","protected":false},"excerpt":{"rendered":"<p>Astar 3 komponent\u00ebsh me baz\u00eb epokside dhe \u00e7imento. P\u00ebrdoret p\u00ebr astarim t\u00eb sip\u00ebrfaqeve n\u00eb t\u00eb cilat do aplikohet produkti epoksid si SL INDUSTRIAL ose BODEN FARBE.<\/p>\n","protected":false},"featured_media":24705,"comment_status":"closed","ping_status":"closed","template":"","meta":{"_glsr_average":0,"_glsr_ranking":0,"_glsr_reviews":0},"class_list":["post-24704","product","type-product","status-publish","has-post-thumbnail","hentry","product_cat-dysheme-dokorative-sportive-dhe-industriale","product_cat-astare-me-baze-epokside"],"yoast_head":"<!-- This site is optimized with the Yoast SEO plugin v15.0 - https:\/\/yoast.com\/wordpress\/plugins\/seo\/ -->\n<title>3K PRIMER - Produkt prej 3 komponent\u00ebsh me baz\u00eb uji - Deutsch Color<\/title>\n<meta name=\"description\" content=\"P\u00ebr dysheme dekorative prej 3 komponent\u00ebsh me baz\u00eb uji. Komponentet A+B jan\u00eb me baz\u00eb epokside kurse komponenti C \u00ebsht\u00eb me baz\u00eb \u00e7imento.\" \/>\n<meta name=\"robots\" content=\"index, follow, max-snippet:-1, max-image-preview:large, max-video-preview:-1\" \/>\n<link rel=\"canonical\" href=\"https:\/\/deutschcolor.com\/al\/product\/3k-primer\/\" \/>\n<meta property=\"og:locale\" content=\"en_US\" \/>\n<meta property=\"og:type\" content=\"article\" \/>\n<meta property=\"og:title\" content=\"3K PRIMER - Produkt prej 3 komponent\u00ebsh me baz\u00eb uji - Deutsch Color\" \/>\n<meta property=\"og:description\" content=\"P\u00ebr dysheme dekorative prej 3 komponent\u00ebsh me baz\u00eb uji. Komponentet A+B jan\u00eb me baz\u00eb epokside kurse komponenti C \u00ebsht\u00eb me baz\u00eb \u00e7imento.\" \/>\n<meta property=\"og:url\" content=\"https:\/\/deutschcolor.com\/al\/product\/3k-primer\/\" \/>\n<meta property=\"og:site_name\" content=\"Deutschcolor\" \/>\n<meta property=\"article:publisher\" content=\"https:\/\/www.facebook.com\/deutschcolorofficial\" \/>\n<meta property=\"article:modified_time\" content=\"2025-03-31T08:18:46+00:00\" \/>\n<meta property=\"og:image\" content=\"https:\/\/deutschcolor.com\/al\/wp-content\/uploads\/2019\/12\/3K-Primer-min.png\" \/>\n\t<meta property=\"og:image:width\" content=\"1000\" \/>\n\t<meta property=\"og:image:height\" content=\"1000\" \/>\n<meta name=\"twitter:card\" content=\"summary_large_image\" \/>\n<script type=\"application\/ld+json\" class=\"yoast-schema-graph\">{\"@context\":\"https:\/\/schema.org\",\"@graph\":[{\"@type\":\"WebSite\",\"@id\":\"https:\/\/deutschcolor.com\/al\/#website\",\"url\":\"https:\/\/deutschcolor.com\/al\/\",\"name\":\"Deutschcolor\",\"description\":\"Deutschcolor Albania\",\"potentialAction\":[{\"@type\":\"SearchAction\",\"target\":\"https:\/\/deutschcolor.com\/al\/?s={search_term_string}\",\"query-input\":\"required name=search_term_string\"}],\"inLanguage\":\"en-US\"},{\"@type\":\"ImageObject\",\"@id\":\"https:\/\/deutschcolor.com\/al\/product\/3k-primer\/#primaryimage\",\"inLanguage\":\"en-US\",\"url\":\"https:\/\/deutschcolor.com\/al\/wp-content\/uploads\/2019\/12\/3K-Primer-min.png\",\"width\":1000,\"height\":1000,\"caption\":\"Boje primer cilesi maksimale per shtepine tuaj\"},{\"@type\":\"WebPage\",\"@id\":\"https:\/\/deutschcolor.com\/al\/product\/3k-primer\/#webpage\",\"url\":\"https:\/\/deutschcolor.com\/al\/product\/3k-primer\/\",\"name\":\"3K PRIMER - Produkt prej 3 komponent\\u00ebsh me baz\\u00eb uji - Deutsch Color\",\"isPartOf\":{\"@id\":\"https:\/\/deutschcolor.com\/al\/#website\"},\"primaryImageOfPage\":{\"@id\":\"https:\/\/deutschcolor.com\/al\/product\/3k-primer\/#primaryimage\"},\"datePublished\":\"2019-12-27T09:55:22+00:00\",\"dateModified\":\"2025-03-31T08:18:46+00:00\",\"description\":\"P\\u00ebr dysheme dekorative prej 3 komponent\\u00ebsh me baz\\u00eb uji. Komponentet A+B jan\\u00eb me baz\\u00eb epokside kurse komponenti C \\u00ebsht\\u00eb me baz\\u00eb \\u00e7imento.\",\"breadcrumb\":{\"@id\":\"https:\/\/deutschcolor.com\/al\/product\/3k-primer\/#breadcrumb\"},\"inLanguage\":\"en-US\",\"potentialAction\":[{\"@type\":\"ReadAction\",\"target\":[\"https:\/\/deutschcolor.com\/al\/product\/3k-primer\/\"]}]},{\"@type\":\"BreadcrumbList\",\"@id\":\"https:\/\/deutschcolor.com\/al\/product\/3k-primer\/#breadcrumb\",\"itemListElement\":[{\"@type\":\"ListItem\",\"position\":1,\"item\":{\"@type\":\"WebPage\",\"@id\":\"https:\/\/deutschcolor.com\/al\/\",\"url\":\"https:\/\/deutschcolor.com\/al\/\",\"name\":\"Home\"}},{\"@type\":\"ListItem\",\"position\":2,\"item\":{\"@type\":\"WebPage\",\"@id\":\"https:\/\/deutschcolor.com\/al\/shop\/\",\"url\":\"https:\/\/deutschcolor.com\/al\/shop\/\",\"name\":\"SHOP\"}},{\"@type\":\"ListItem\",\"position\":3,\"item\":{\"@type\":\"WebPage\",\"@id\":\"https:\/\/deutschcolor.com\/al\/product-category\/dysheme-dokorative-sportive-dhe-industriale\/\",\"url\":\"https:\/\/deutschcolor.com\/al\/product-category\/dysheme-dokorative-sportive-dhe-industriale\/\",\"name\":\"Dysheme dekorative, sportive dhe industriale\"}},{\"@type\":\"ListItem\",\"position\":4,\"item\":{\"@type\":\"WebPage\",\"@id\":\"https:\/\/deutschcolor.com\/al\/product-category\/dysheme-dokorative-sportive-dhe-industriale\/astare-me-baze-epokside\/\",\"url\":\"https:\/\/deutschcolor.com\/al\/product-category\/dysheme-dokorative-sportive-dhe-industriale\/astare-me-baze-epokside\/\",\"name\":\"4.5. Astar\\u00eb me baz\\u00eb epokside\"}},{\"@type\":\"ListItem\",\"position\":5,\"item\":{\"@type\":\"WebPage\",\"@id\":\"https:\/\/deutschcolor.com\/al\/product\/3k-primer\/\",\"url\":\"https:\/\/deutschcolor.com\/al\/product\/3k-primer\/\",\"name\":\"3K PRIMER\"}}]}]}<\/script>\n<!-- \/ Yoast SEO plugin. -->","_links":{"self":[{"href":"https:\/\/deutschcolor.com\/al\/wp-json\/wp\/v2\/product\/24704","targetHints":{"allow":["GET"]}}],"collection":[{"href":"https:\/\/deutschcolor.com\/al\/wp-json\/wp\/v2\/product"}],"about":[{"href":"https:\/\/deutschcolor.com\/al\/wp-json\/wp\/v2\/types\/product"}],"replies":[{"embeddable":true,"href":"https:\/\/deutschcolor.com\/al\/wp-json\/wp\/v2\/comments?post=24704"}],"wp:featuredmedia":[{"embeddable":true,"href":"https:\/\/deutschcolor.com\/al\/wp-json\/wp\/v2\/media\/24705"}],"wp:attachment":[{"href":"https:\/\/deutschcolor.com\/al\/wp-json\/wp\/v2\/media?parent=24704"}],"curies":[{"name":"wp","href":"https:\/\/api.w.org\/{rel}","templated":true}]}}