{"id":24707,"date":"2019-12-27T09:58:40","date_gmt":"2019-12-27T09:58:40","guid":{"rendered":"https:\/\/deutschcolor.com\/al\/?post_type=product&#038;p=24707"},"modified":"2025-04-10T11:15:12","modified_gmt":"2025-04-10T11:15:12","slug":"mortel-b3","status":"publish","type":"product","link":"https:\/\/deutschcolor.com\/al\/product\/mortel-b3\/","title":{"rendered":"M\u00d6RTEL B3"},"content":{"rendered":"<p><strong>KARAKTERISTIKAT<br \/>\n<\/strong>Ngjit\u00ebs pluhur me baz\u00eb \u00e7imento, g\u00eblqere, r\u00ebr\u00eb guri t\u00eb seleksionuar, t\u00eb pasuruar me rr\u00ebshira sintetike dhe aditiv\u00eb special\u00eb \u2014 ideal p\u00ebr aplikime nd\u00ebrtimi.<\/p>\n<p>1 Karakterizohet nga nj\u00eb punueshm\u00ebri mjaft e mir\u00eb.<br \/>\n2 Leht\u00ebsisht i p\u00ebrpunuesh\u00ebm dhe i aplikuesh\u00ebm.<br \/>\n3 Krijon nj\u00eb ngjitje mjaft t\u00eb mir\u00eb me suportin.<\/p>\n<p><strong>REKOMANDIME P\u00cbR P\u00cbRDORIM<\/strong><br \/>\nP\u00ebrdoret p\u00ebr ngjitje n\u00eb muret e tullave dhe blloqeve n\u00eb t\u00eb gjitha llojet e suporteve. Produkti aplikohet me makineri ose me dor\u00eb. Gjat\u00eb aplikimit t\u00eb produktit temperatura e suportit dhe temperatura e ambientit duhet t\u00eb jen\u00eb nga +5C deri n\u00eb +35C.<br \/>\n###<br \/>\n<strong>Ruajtja dhe jet\u00ebgjat\u00ebsia<\/strong><br \/>\n12 muaj n\u00ebse ruhet n\u00eb nj\u00eb vend t\u00eb that\u00eb, larg burimeve t\u00eb nxeht\u00ebsis\u00eb dhe mbrojeni nga ngrica.<\/p>\n<p><strong>KONSUMI<\/strong><br \/>\nAf\u00ebrsisht 25 Kg\/m2 trash\u00ebsi<\/p>\n<p><strong>PAKETIMI<\/strong><br \/>\nThas\u00eb letre 25Kg<\/p>\n<p>###<\/p>\n<p>P\u00ebr m\u00eb shume materiale lla\u00e7 p\u00ebr suvatime <a href=\"https:\/\/deutschcolor.com\/al\/product-category\/llac\/\">kliko ketu<\/a>. Partner tane <a href=\"https:\/\/deltacorporation.eu\/\">kliko ketu<\/a>.<\/p>\n","protected":false},"excerpt":{"rendered":"<p>Material q\u00eb sh\u00ebrben p\u00ebr ngjitjen e tullave n\u00eb mur n\u00eb ambiente t\u00eb brendshme dhe t\u00eb jashtme.<\/p>\n","protected":false},"featured_media":24712,"comment_status":"closed","ping_status":"closed","template":"","meta":{"_glsr_average":0,"_glsr_ranking":0,"_glsr_reviews":0},"class_list":["post-24707","product","type-product","status-publish","has-post-thumbnail","hentry","product_cat-llac","product_cat-llac-per-suvatim"],"yoast_head":"<!-- This site is optimized with the Yoast SEO plugin v15.0 - https:\/\/yoast.com\/wordpress\/plugins\/seo\/ -->\n<title>Baz\u00eb \u00e7imento - M\u00d6RTEL B3 - Deutsch Color - Nderto shtepin me standarte<\/title>\n<meta name=\"description\" content=\"Ngjit\u00ebs pluhur me baz\u00eb \u00e7imento sherben p\u00ebr ngjitjen e tullave n\u00eb mure. Nderto shtepin ose bisnesin me produktet me standarte Evropiane.\" \/>\n<meta name=\"robots\" content=\"index, follow, max-snippet:-1, max-image-preview:large, max-video-preview:-1\" \/>\n<link rel=\"canonical\" href=\"https:\/\/deutschcolor.com\/al\/product\/mortel-b3\/\" \/>\n<meta property=\"og:locale\" content=\"en_US\" \/>\n<meta property=\"og:type\" content=\"article\" \/>\n<meta property=\"og:title\" content=\"Baz\u00eb \u00e7imento - M\u00d6RTEL B3 - Deutsch Color - Nderto shtepin me standarte\" \/>\n<meta property=\"og:description\" content=\"Ngjit\u00ebs pluhur me baz\u00eb \u00e7imento sherben p\u00ebr ngjitjen e tullave n\u00eb mure. Nderto shtepin ose bisnesin me produktet me standarte Evropiane.\" \/>\n<meta property=\"og:url\" content=\"https:\/\/deutschcolor.com\/al\/product\/mortel-b3\/\" \/>\n<meta property=\"og:site_name\" content=\"Deutschcolor\" \/>\n<meta property=\"article:publisher\" content=\"https:\/\/www.facebook.com\/deutschcolorofficial\" \/>\n<meta property=\"article:modified_time\" content=\"2025-04-10T11:15:12+00:00\" \/>\n<meta property=\"og:image\" content=\"https:\/\/deutschcolor.com\/al\/wp-content\/uploads\/2019\/12\/Mortel-B3-min.png\" \/>\n\t<meta property=\"og:image:width\" content=\"1000\" \/>\n\t<meta property=\"og:image:height\" content=\"1000\" \/>\n<meta name=\"twitter:card\" content=\"summary_large_image\" \/>\n<script type=\"application\/ld+json\" class=\"yoast-schema-graph\">{\"@context\":\"https:\/\/schema.org\",\"@graph\":[{\"@type\":\"WebSite\",\"@id\":\"https:\/\/deutschcolor.com\/al\/#website\",\"url\":\"https:\/\/deutschcolor.com\/al\/\",\"name\":\"Deutschcolor\",\"description\":\"Deutschcolor Albania\",\"potentialAction\":[{\"@type\":\"SearchAction\",\"target\":\"https:\/\/deutschcolor.com\/al\/?s={search_term_string}\",\"query-input\":\"required name=search_term_string\"}],\"inLanguage\":\"en-US\"},{\"@type\":\"ImageObject\",\"@id\":\"https:\/\/deutschcolor.com\/al\/product\/mortel-b3\/#primaryimage\",\"inLanguage\":\"en-US\",\"url\":\"https:\/\/deutschcolor.com\/al\/wp-content\/uploads\/2019\/12\/Mortel-B3-min.png\",\"width\":1000,\"height\":1000,\"caption\":\"Ngjit\\u00ebs pluhur me baz\\u00eb \\u00e7imento, g\\u00eblqere, r\\u00ebr\\u00eb guri t\\u00eb seleksionuar, t\\u00eb pasuruar me rr\\u00ebshira sintetike dhe aditiv\\u00eb special\\u00eb \\u2014 ideal p\\u00ebr aplikime nd\\u00ebrtimi.\"},{\"@type\":\"WebPage\",\"@id\":\"https:\/\/deutschcolor.com\/al\/product\/mortel-b3\/#webpage\",\"url\":\"https:\/\/deutschcolor.com\/al\/product\/mortel-b3\/\",\"name\":\"Baz\\u00eb \\u00e7imento - M\\u00d6RTEL B3 - Deutsch Color - Nderto shtepin me standarte\",\"isPartOf\":{\"@id\":\"https:\/\/deutschcolor.com\/al\/#website\"},\"primaryImageOfPage\":{\"@id\":\"https:\/\/deutschcolor.com\/al\/product\/mortel-b3\/#primaryimage\"},\"datePublished\":\"2019-12-27T09:58:40+00:00\",\"dateModified\":\"2025-04-10T11:15:12+00:00\",\"description\":\"Ngjit\\u00ebs pluhur me baz\\u00eb \\u00e7imento sherben p\\u00ebr ngjitjen e tullave n\\u00eb mure. Nderto shtepin ose bisnesin me produktet me standarte Evropiane.\",\"breadcrumb\":{\"@id\":\"https:\/\/deutschcolor.com\/al\/product\/mortel-b3\/#breadcrumb\"},\"inLanguage\":\"en-US\",\"potentialAction\":[{\"@type\":\"ReadAction\",\"target\":[\"https:\/\/deutschcolor.com\/al\/product\/mortel-b3\/\"]}]},{\"@type\":\"BreadcrumbList\",\"@id\":\"https:\/\/deutschcolor.com\/al\/product\/mortel-b3\/#breadcrumb\",\"itemListElement\":[{\"@type\":\"ListItem\",\"position\":1,\"item\":{\"@type\":\"WebPage\",\"@id\":\"https:\/\/deutschcolor.com\/al\/\",\"url\":\"https:\/\/deutschcolor.com\/al\/\",\"name\":\"Home\"}},{\"@type\":\"ListItem\",\"position\":2,\"item\":{\"@type\":\"WebPage\",\"@id\":\"https:\/\/deutschcolor.com\/al\/shop\/\",\"url\":\"https:\/\/deutschcolor.com\/al\/shop\/\",\"name\":\"SHOP\"}},{\"@type\":\"ListItem\",\"position\":3,\"item\":{\"@type\":\"WebPage\",\"@id\":\"https:\/\/deutschcolor.com\/al\/product-category\/llac\/\",\"url\":\"https:\/\/deutschcolor.com\/al\/product-category\/llac\/\",\"name\":\"Lla\\u00e7\"}},{\"@type\":\"ListItem\",\"position\":4,\"item\":{\"@type\":\"WebPage\",\"@id\":\"https:\/\/deutschcolor.com\/al\/product-category\/llac\/llac-per-suvatim\/\",\"url\":\"https:\/\/deutschcolor.com\/al\/product-category\/llac\/llac-per-suvatim\/\",\"name\":\"5.1. Lla\\u00e7 p\\u00ebr suvatim\"}},{\"@type\":\"ListItem\",\"position\":5,\"item\":{\"@type\":\"WebPage\",\"@id\":\"https:\/\/deutschcolor.com\/al\/product\/mortel-b3\/\",\"url\":\"https:\/\/deutschcolor.com\/al\/product\/mortel-b3\/\",\"name\":\"M\\u00d6RTEL B3\"}}]}]}<\/script>\n<!-- \/ Yoast SEO plugin. -->","_links":{"self":[{"href":"https:\/\/deutschcolor.com\/al\/wp-json\/wp\/v2\/product\/24707","targetHints":{"allow":["GET"]}}],"collection":[{"href":"https:\/\/deutschcolor.com\/al\/wp-json\/wp\/v2\/product"}],"about":[{"href":"https:\/\/deutschcolor.com\/al\/wp-json\/wp\/v2\/types\/product"}],"replies":[{"embeddable":true,"href":"https:\/\/deutschcolor.com\/al\/wp-json\/wp\/v2\/comments?post=24707"}],"wp:featuredmedia":[{"embeddable":true,"href":"https:\/\/deutschcolor.com\/al\/wp-json\/wp\/v2\/media\/24712"}],"wp:attachment":[{"href":"https:\/\/deutschcolor.com\/al\/wp-json\/wp\/v2\/media?parent=24707"}],"curies":[{"name":"wp","href":"https:\/\/api.w.org\/{rel}","templated":true}]}}