{"id":24713,"date":"2019-12-27T09:59:42","date_gmt":"2019-12-27T09:59:42","guid":{"rendered":"https:\/\/deutschcolor.com\/al\/?post_type=product&#038;p=24713"},"modified":"2025-05-14T10:24:47","modified_gmt":"2025-05-14T10:24:47","slug":"mortel-y-tong","status":"publish","type":"product","link":"https:\/\/deutschcolor.com\/al\/product\/mortel-y-tong\/","title":{"rendered":"M\u00d6RTEL Y- TONG"},"content":{"rendered":"<p><strong>KARAKTERISTIKAT TEKNIKE<\/strong><br \/>\n1 Ngjit\u00ebs n\u00eb form\u00eb pluhuri me baz\u00eb: \u00e7imento, r\u00ebr\u00eb me granulometri t\u00eb seleksionuar, rezinash sintetike dhe adetiv\u00ebsh special\u00eb.<br \/>\n2 Ngjitje shum\u00eb e mir\u00eb, hapje e leht\u00eb dhe mbajtje shum\u00eb e mir\u00eb e ujit.<br \/>\n3 P\u00ebr ambjente t\u00eb brendshme dhe t\u00eb jashtme.<\/p>\n<p><strong>Rekomandime p\u00ebr p\u00ebrdorim<\/strong><br \/>\nP\u00ebrdoret p\u00ebr lidhjen n\u00eb muret e tullave dhe blloqeve, n\u00eb t\u00eb gjitha llojet e mb\u00ebshtet\u00ebseve.<br \/>\nProdukti aplikohet me makineri ose manualisht. Gjat\u00eb aplikimit t\u00eb produktit, temperatura e mb\u00ebshtetjes dhe ambienti duhet t\u00eb jen\u00eb nga + 5oC deri + 35oC.<br \/>\n###<br \/>\n<strong>P\u00ebrforcimi me Latex<\/strong><br \/>\nP\u00ebr t\u00eb p\u00ebrmir\u00ebsuar ngjitjen, rezistenc\u00ebn ndaj ujit, plasticitetin, fleksibilitetin, forc\u00ebn mekanike, etj., lla\u00e7i mund t\u00eb p\u00ebrforcohet me shtes\u00ebn Latex. Raporti i p\u00ebrzierjes \u00ebsht\u00eb 1: 5 n\u00eb uj\u00eb.<\/p>\n<p><strong>Ruajtja dhe jet\u00ebgjat\u00ebsia<\/strong><br \/>\n12 muaj n\u00ebse produkti ruhet n\u00eb paketimin e tij origjinal dhe t\u00eb pahapur, n\u00eb mjedise t\u00eb mbrojtura nga lag\u00ebshtia dhe ngricat.<\/p>\n<p><strong>Konsumi<\/strong>: 25 Kg \/ m2 \/ mm trash\u00ebsi<\/p>\n<p><strong>Paketimi<\/strong>: Thas\u00eb letre 25Kg<\/p>\n","protected":false},"excerpt":{"rendered":"<p>Ngjit\u00ebs me baz\u00eb \u00e7imentoje p\u00ebr blloqe AAC.<\/p>\n","protected":false},"featured_media":24708,"comment_status":"closed","ping_status":"closed","template":"","meta":{"_glsr_average":0,"_glsr_ranking":0,"_glsr_reviews":0},"class_list":["post-24713","product","type-product","status-publish","has-post-thumbnail","hentry","product_cat-llac","product_cat-llac-per-suvatim"],"yoast_head":"<!-- This site is optimized with the Yoast SEO plugin v15.0 - https:\/\/yoast.com\/wordpress\/plugins\/seo\/ -->\n<title>Lla\u00e7 per suvatim - Deutsch Color - Zgjedhje Profesionale<\/title>\n<meta name=\"description\" content=\"Lla\u00e7 per suvatim. Ngjit\u00ebs n\u00eb form\u00eb pluhuri me baz\u00eb \u00e7imento, r\u00ebr\u00eb me granulometri t\u00eb seleksionuar, rezina sintetike dhe aditiv\u00eb special\u00eb.\" \/>\n<meta name=\"robots\" content=\"index, follow, max-snippet:-1, max-image-preview:large, max-video-preview:-1\" \/>\n<link rel=\"canonical\" href=\"https:\/\/deutschcolor.com\/al\/product\/mortel-y-tong\/\" \/>\n<meta property=\"og:locale\" content=\"en_US\" \/>\n<meta property=\"og:type\" content=\"article\" \/>\n<meta property=\"og:title\" content=\"Lla\u00e7 per suvatim - Deutsch Color - Zgjedhje Profesionale\" \/>\n<meta property=\"og:description\" content=\"Lla\u00e7 per suvatim. Ngjit\u00ebs n\u00eb form\u00eb pluhuri me baz\u00eb \u00e7imento, r\u00ebr\u00eb me granulometri t\u00eb seleksionuar, rezina sintetike dhe aditiv\u00eb special\u00eb.\" \/>\n<meta property=\"og:url\" content=\"https:\/\/deutschcolor.com\/al\/product\/mortel-y-tong\/\" \/>\n<meta property=\"og:site_name\" content=\"Deutschcolor\" \/>\n<meta property=\"article:publisher\" content=\"https:\/\/www.facebook.com\/deutschcolorofficial\" \/>\n<meta property=\"article:modified_time\" content=\"2025-05-14T10:24:47+00:00\" \/>\n<meta property=\"og:image\" content=\"https:\/\/deutschcolor.com\/al\/wp-content\/uploads\/2019\/12\/Mortel-Y-Tong-min.png\" \/>\n\t<meta property=\"og:image:width\" content=\"1000\" \/>\n\t<meta property=\"og:image:height\" content=\"1000\" \/>\n<meta name=\"twitter:card\" content=\"summary_large_image\" \/>\n<script type=\"application\/ld+json\" class=\"yoast-schema-graph\">{\"@context\":\"https:\/\/schema.org\",\"@graph\":[{\"@type\":\"WebSite\",\"@id\":\"https:\/\/deutschcolor.com\/al\/#website\",\"url\":\"https:\/\/deutschcolor.com\/al\/\",\"name\":\"Deutschcolor\",\"description\":\"Deutschcolor Albania\",\"potentialAction\":[{\"@type\":\"SearchAction\",\"target\":\"https:\/\/deutschcolor.com\/al\/?s={search_term_string}\",\"query-input\":\"required name=search_term_string\"}],\"inLanguage\":\"en-US\"},{\"@type\":\"ImageObject\",\"@id\":\"https:\/\/deutschcolor.com\/al\/product\/mortel-y-tong\/#primaryimage\",\"inLanguage\":\"en-US\",\"url\":\"https:\/\/deutschcolor.com\/al\/wp-content\/uploads\/2019\/12\/Mortel-Y-Tong-min.png\",\"width\":1000,\"height\":1000},{\"@type\":\"WebPage\",\"@id\":\"https:\/\/deutschcolor.com\/al\/product\/mortel-y-tong\/#webpage\",\"url\":\"https:\/\/deutschcolor.com\/al\/product\/mortel-y-tong\/\",\"name\":\"Lla\\u00e7 per suvatim - Deutsch Color - Zgjedhje Profesionale\",\"isPartOf\":{\"@id\":\"https:\/\/deutschcolor.com\/al\/#website\"},\"primaryImageOfPage\":{\"@id\":\"https:\/\/deutschcolor.com\/al\/product\/mortel-y-tong\/#primaryimage\"},\"datePublished\":\"2019-12-27T09:59:42+00:00\",\"dateModified\":\"2025-05-14T10:24:47+00:00\",\"description\":\"Lla\\u00e7 per suvatim. Ngjit\\u00ebs n\\u00eb form\\u00eb pluhuri me baz\\u00eb \\u00e7imento, r\\u00ebr\\u00eb me granulometri t\\u00eb seleksionuar, rezina sintetike dhe aditiv\\u00eb special\\u00eb.\",\"breadcrumb\":{\"@id\":\"https:\/\/deutschcolor.com\/al\/product\/mortel-y-tong\/#breadcrumb\"},\"inLanguage\":\"en-US\",\"potentialAction\":[{\"@type\":\"ReadAction\",\"target\":[\"https:\/\/deutschcolor.com\/al\/product\/mortel-y-tong\/\"]}]},{\"@type\":\"BreadcrumbList\",\"@id\":\"https:\/\/deutschcolor.com\/al\/product\/mortel-y-tong\/#breadcrumb\",\"itemListElement\":[{\"@type\":\"ListItem\",\"position\":1,\"item\":{\"@type\":\"WebPage\",\"@id\":\"https:\/\/deutschcolor.com\/al\/\",\"url\":\"https:\/\/deutschcolor.com\/al\/\",\"name\":\"Home\"}},{\"@type\":\"ListItem\",\"position\":2,\"item\":{\"@type\":\"WebPage\",\"@id\":\"https:\/\/deutschcolor.com\/al\/shop\/\",\"url\":\"https:\/\/deutschcolor.com\/al\/shop\/\",\"name\":\"SHOP\"}},{\"@type\":\"ListItem\",\"position\":3,\"item\":{\"@type\":\"WebPage\",\"@id\":\"https:\/\/deutschcolor.com\/al\/product-category\/llac\/\",\"url\":\"https:\/\/deutschcolor.com\/al\/product-category\/llac\/\",\"name\":\"Lla\\u00e7\"}},{\"@type\":\"ListItem\",\"position\":4,\"item\":{\"@type\":\"WebPage\",\"@id\":\"https:\/\/deutschcolor.com\/al\/product-category\/llac\/llac-per-suvatim\/\",\"url\":\"https:\/\/deutschcolor.com\/al\/product-category\/llac\/llac-per-suvatim\/\",\"name\":\"5.1. Lla\\u00e7 p\\u00ebr suvatim\"}},{\"@type\":\"ListItem\",\"position\":5,\"item\":{\"@type\":\"WebPage\",\"@id\":\"https:\/\/deutschcolor.com\/al\/product\/mortel-y-tong\/\",\"url\":\"https:\/\/deutschcolor.com\/al\/product\/mortel-y-tong\/\",\"name\":\"M\\u00d6RTEL Y- TONG\"}}]}]}<\/script>\n<!-- \/ Yoast SEO plugin. -->","_links":{"self":[{"href":"https:\/\/deutschcolor.com\/al\/wp-json\/wp\/v2\/product\/24713","targetHints":{"allow":["GET"]}}],"collection":[{"href":"https:\/\/deutschcolor.com\/al\/wp-json\/wp\/v2\/product"}],"about":[{"href":"https:\/\/deutschcolor.com\/al\/wp-json\/wp\/v2\/types\/product"}],"replies":[{"embeddable":true,"href":"https:\/\/deutschcolor.com\/al\/wp-json\/wp\/v2\/comments?post=24713"}],"wp:featuredmedia":[{"embeddable":true,"href":"https:\/\/deutschcolor.com\/al\/wp-json\/wp\/v2\/media\/24708"}],"wp:attachment":[{"href":"https:\/\/deutschcolor.com\/al\/wp-json\/wp\/v2\/media?parent=24713"}],"curies":[{"name":"wp","href":"https:\/\/api.w.org\/{rel}","templated":true}]}}