{"id":24714,"date":"2019-12-27T10:00:50","date_gmt":"2019-12-27T10:00:50","guid":{"rendered":"https:\/\/deutschcolor.com\/al\/?post_type=product&#038;p=24714"},"modified":"2025-05-12T06:59:02","modified_gmt":"2025-05-12T06:59:02","slug":"mortel-m5","status":"publish","type":"product","link":"https:\/\/deutschcolor.com\/al\/product\/mortel-m5\/","title":{"rendered":"M\u00d6RTEL M5"},"content":{"rendered":"<p><strong>KAREKTERISTIKAT TEKNIKE<\/strong><br \/>\n<a href=\"https:\/\/deutschcolor.com\/al\/product-category\/llac\/\" target=\"_blank\" rel=\"noopener\">Lla\u00e7 p\u00ebr Suvatim<\/a>. Material n\u00eb form\u00eb pluhuri me baz\u00eb: \u00e7imento, g\u00eblqere, r\u00ebre guri me granulometri t\u00eb seleksionuar, rezina sintetike dhe adetiv\u00eb special.<br \/>\n1 Karakterizohet nga nj\u00eb punueshm\u00ebri mjaft e mir\u00eb.<br \/>\n2 Rezistenc\u00eb e lart\u00eb mekanike<br \/>\n3 Pa rr\u00ebshqitshm\u00ebri vertikale<br \/>\n4 Aft\u00ebsi ngjit\u00ebse n\u00eb mure dhe tavane.<\/p>\n<p><strong>REKOMANDIME P\u00cbR P\u00cbRDORIM<\/strong><br \/>\nP\u00ebrdoret si lla\u00e7 themelor p\u00ebr suvatimin e t\u00eb gjitha llojeve t\u00eb suporteve si mureve prej tulle, blloku etj. Produkti aplikohet me makineri ose me dor\u00eb. Gjat\u00eb aplikimit t\u00eb produktit temperatura e suportit dhe temperatura e ambientit duhet t\u00eb jen\u00eb nga +5oC deri n\u00eb +35oC.<br \/>\n###<br \/>\n<strong>P\u00cbRFORCIMI ME LATEX<\/strong><br \/>\nP\u00ebr t\u2019i p\u00ebrmir\u00ebsuar ngjitshm\u00ebrin\u00eb, pap\u00ebrshkueshm\u00ebrin\u00eb nga uji, plasticitetin, elasticitetin, forc\u00ebn mekanike etj, lla\u00e7i mund t\u00eb p\u00ebrforcohet me adetivin <a href=\"https:\/\/deutschcolor.com\/al\/product\/latex\/\" target=\"_blank\" rel=\"noopener\">LATEX<\/a>. Raporti i p\u00ebrzierjes \u00ebsht\u00eb 1:5 n\u00eb uj\u00eb.<\/p>\n<p><strong>Konsumi<\/strong><br \/>\n15Kg\/m2\/mm trash\u00ebsi<\/p>\n<p><strong>Paketimi<\/strong><br \/>\nThas\u00eb letre 25Kg<\/p>\n<p>###<\/p>\n<p>Partneret tane : <a href=\"https:\/\/deltacorporation.eu\/\" target=\"_blank\" rel=\"noopener\">Delta Corporation<\/a><\/p>\n","protected":false},"excerpt":{"rendered":"<p>Material mbush\u00ebs themelor p\u00ebr mure tulle ose blloku p\u00ebr ambiente te brendshme ose t\u00eb jashtme.<\/p>\n","protected":false},"featured_media":24711,"comment_status":"closed","ping_status":"closed","template":"","meta":{"_glsr_average":0,"_glsr_ranking":0,"_glsr_reviews":0},"class_list":["post-24714","product","type-product","status-publish","has-post-thumbnail","hentry","product_cat-llac","product_cat-llac-per-suvatim"],"yoast_head":"<!-- This site is optimized with the Yoast SEO plugin v15.0 - https:\/\/yoast.com\/wordpress\/plugins\/seo\/ -->\n<title>Lla\u00e7 p\u00ebr Suvatim - M\u00d6RTEL M5 - Deutsch Color - Zgjidhje Profesionale.<\/title>\n<meta name=\"description\" content=\"Lla\u00e7 themelor p\u00ebr suvatimin e t\u00eb gjitha llojeve t\u00eb suporteve si mureve prej tulle, blloku etj. Produkti aplikohet me makineri ose me dor\u00eb.\" \/>\n<meta name=\"robots\" content=\"index, follow, max-snippet:-1, max-image-preview:large, max-video-preview:-1\" \/>\n<link rel=\"canonical\" href=\"https:\/\/deutschcolor.com\/al\/product\/mortel-m5\/\" \/>\n<meta property=\"og:locale\" content=\"en_US\" \/>\n<meta property=\"og:type\" content=\"article\" \/>\n<meta property=\"og:title\" content=\"Lla\u00e7 p\u00ebr Suvatim - M\u00d6RTEL M5 - Deutsch Color - Zgjidhje Profesionale.\" \/>\n<meta property=\"og:description\" content=\"Lla\u00e7 themelor p\u00ebr suvatimin e t\u00eb gjitha llojeve t\u00eb suporteve si mureve prej tulle, blloku etj. Produkti aplikohet me makineri ose me dor\u00eb.\" \/>\n<meta property=\"og:url\" content=\"https:\/\/deutschcolor.com\/al\/product\/mortel-m5\/\" \/>\n<meta property=\"og:site_name\" content=\"Deutschcolor\" \/>\n<meta property=\"article:publisher\" content=\"https:\/\/www.facebook.com\/deutschcolorofficial\" \/>\n<meta property=\"article:modified_time\" content=\"2025-05-12T06:59:02+00:00\" \/>\n<meta property=\"og:image\" content=\"https:\/\/deutschcolor.com\/al\/wp-content\/uploads\/2019\/12\/Mortel-M5-model-2-min.png\" \/>\n\t<meta property=\"og:image:width\" content=\"1000\" \/>\n\t<meta property=\"og:image:height\" content=\"1000\" \/>\n<meta name=\"twitter:card\" content=\"summary_large_image\" \/>\n<script type=\"application\/ld+json\" class=\"yoast-schema-graph\">{\"@context\":\"https:\/\/schema.org\",\"@graph\":[{\"@type\":\"WebSite\",\"@id\":\"https:\/\/deutschcolor.com\/al\/#website\",\"url\":\"https:\/\/deutschcolor.com\/al\/\",\"name\":\"Deutschcolor\",\"description\":\"Deutschcolor Albania\",\"potentialAction\":[{\"@type\":\"SearchAction\",\"target\":\"https:\/\/deutschcolor.com\/al\/?s={search_term_string}\",\"query-input\":\"required name=search_term_string\"}],\"inLanguage\":\"en-US\"},{\"@type\":\"ImageObject\",\"@id\":\"https:\/\/deutschcolor.com\/al\/product\/mortel-m5\/#primaryimage\",\"inLanguage\":\"en-US\",\"url\":\"https:\/\/deutschcolor.com\/al\/wp-content\/uploads\/2019\/12\/Mortel-M5-model-2-min.png\",\"width\":1000,\"height\":1000},{\"@type\":\"WebPage\",\"@id\":\"https:\/\/deutschcolor.com\/al\/product\/mortel-m5\/#webpage\",\"url\":\"https:\/\/deutschcolor.com\/al\/product\/mortel-m5\/\",\"name\":\"Lla\\u00e7 p\\u00ebr Suvatim - M\\u00d6RTEL M5 - Deutsch Color - Zgjidhje Profesionale.\",\"isPartOf\":{\"@id\":\"https:\/\/deutschcolor.com\/al\/#website\"},\"primaryImageOfPage\":{\"@id\":\"https:\/\/deutschcolor.com\/al\/product\/mortel-m5\/#primaryimage\"},\"datePublished\":\"2019-12-27T10:00:50+00:00\",\"dateModified\":\"2025-05-12T06:59:02+00:00\",\"description\":\"Lla\\u00e7 themelor p\\u00ebr suvatimin e t\\u00eb gjitha llojeve t\\u00eb suporteve si mureve prej tulle, blloku etj. Produkti aplikohet me makineri ose me dor\\u00eb.\",\"breadcrumb\":{\"@id\":\"https:\/\/deutschcolor.com\/al\/product\/mortel-m5\/#breadcrumb\"},\"inLanguage\":\"en-US\",\"potentialAction\":[{\"@type\":\"ReadAction\",\"target\":[\"https:\/\/deutschcolor.com\/al\/product\/mortel-m5\/\"]}]},{\"@type\":\"BreadcrumbList\",\"@id\":\"https:\/\/deutschcolor.com\/al\/product\/mortel-m5\/#breadcrumb\",\"itemListElement\":[{\"@type\":\"ListItem\",\"position\":1,\"item\":{\"@type\":\"WebPage\",\"@id\":\"https:\/\/deutschcolor.com\/al\/\",\"url\":\"https:\/\/deutschcolor.com\/al\/\",\"name\":\"Home\"}},{\"@type\":\"ListItem\",\"position\":2,\"item\":{\"@type\":\"WebPage\",\"@id\":\"https:\/\/deutschcolor.com\/al\/shop\/\",\"url\":\"https:\/\/deutschcolor.com\/al\/shop\/\",\"name\":\"SHOP\"}},{\"@type\":\"ListItem\",\"position\":3,\"item\":{\"@type\":\"WebPage\",\"@id\":\"https:\/\/deutschcolor.com\/al\/product-category\/llac\/\",\"url\":\"https:\/\/deutschcolor.com\/al\/product-category\/llac\/\",\"name\":\"Lla\\u00e7\"}},{\"@type\":\"ListItem\",\"position\":4,\"item\":{\"@type\":\"WebPage\",\"@id\":\"https:\/\/deutschcolor.com\/al\/product-category\/llac\/llac-per-suvatim\/\",\"url\":\"https:\/\/deutschcolor.com\/al\/product-category\/llac\/llac-per-suvatim\/\",\"name\":\"5.1. Lla\\u00e7 p\\u00ebr suvatim\"}},{\"@type\":\"ListItem\",\"position\":5,\"item\":{\"@type\":\"WebPage\",\"@id\":\"https:\/\/deutschcolor.com\/al\/product\/mortel-m5\/\",\"url\":\"https:\/\/deutschcolor.com\/al\/product\/mortel-m5\/\",\"name\":\"M\\u00d6RTEL M5\"}}]}]}<\/script>\n<!-- \/ Yoast SEO plugin. -->","_links":{"self":[{"href":"https:\/\/deutschcolor.com\/al\/wp-json\/wp\/v2\/product\/24714","targetHints":{"allow":["GET"]}}],"collection":[{"href":"https:\/\/deutschcolor.com\/al\/wp-json\/wp\/v2\/product"}],"about":[{"href":"https:\/\/deutschcolor.com\/al\/wp-json\/wp\/v2\/types\/product"}],"replies":[{"embeddable":true,"href":"https:\/\/deutschcolor.com\/al\/wp-json\/wp\/v2\/comments?post=24714"}],"wp:featuredmedia":[{"embeddable":true,"href":"https:\/\/deutschcolor.com\/al\/wp-json\/wp\/v2\/media\/24711"}],"wp:attachment":[{"href":"https:\/\/deutschcolor.com\/al\/wp-json\/wp\/v2\/media?parent=24714"}],"curies":[{"name":"wp","href":"https:\/\/api.w.org\/{rel}","templated":true}]}}