{"id":24715,"date":"2019-12-27T10:02:03","date_gmt":"2019-12-27T10:02:03","guid":{"rendered":"https:\/\/deutschcolor.com\/al\/?post_type=product&#038;p=24715"},"modified":"2025-02-25T09:58:52","modified_gmt":"2025-02-25T09:58:52","slug":"mortel-m10","status":"publish","type":"product","link":"https:\/\/deutschcolor.com\/al\/product\/mortel-m10\/","title":{"rendered":"M\u00d6RTEL M10"},"content":{"rendered":"<p><strong>KARAKTERISTIKA<\/strong><br \/>\nM\u00d6RTEL M10 \u00ebsht\u00eb produkt me baz\u00eb \u00e7imento i parap\u00ebrgatitur, i p\u00ebrforcar me polimere te modifikuar, pa p\u00ebrb\u00ebr\u00ebs korrozive, i p\u00ebrshtatsh\u00ebm p\u00ebr aplikime t\u00eb brendshme dhe t\u00eb jashtme, duke ofruar:<br \/>\n&#8211; Rezistenc\u00eb t\u00eb mir\u00eb ndaj konsumimit.<br \/>\n&#8211; Ngjitje t\u00eb mir\u00eb me sip\u00ebrfaqen ku aplikohet.<br \/>\n&#8211; Rezistenc\u00eb t\u00eb lart\u00eb ndaj lag\u00ebshtir\u00ebs.<br \/>\n&#8211; Punueshm\u00ebri t\u00eb mir\u00eb.<br \/>\n&#8211; Klasifikuar sipas standardit EN 998 &#8211; 1.<\/p>\n<p><strong>Rekomandime p\u00ebr p\u00ebrdorim<\/strong><br \/>\nM\u00d6RTEL M10 \u00ebsht\u00eb p\u00ebrdorur p\u00ebr riparime n\u00eb suva antike si dhe n\u00eb riparimet e muratur\u00ebs, etj. M\u00d6RTEL M10 aplikohet deri n\u00eb 2 cm trash\u00ebsi p\u00ebr aplikime n\u00eb shkall\u00eb t\u00eb madhe dhe deri n\u00eb 5 cm p\u00ebr riparime t\u00eb lokalizuara.<br \/>\n###<br \/>\n<strong>KONSUMI<\/strong><br \/>\nRreth 15 Kg\/m2 p\u00ebr cm trash\u00ebsi.<\/p>\n<p><strong>PAKETIMI<\/strong><br \/>\nThas\u00eb letre 25 Kg.<\/p>\n<p><strong>JET\u00cbGJAT\u00cbSIA DHE RUAJTJA<\/strong><br \/>\n12 muaj n\u00eb qoft\u00eb se ruhet n\u00eb paketim origjinal t\u00eb pahapur, n\u00eb v\u00ebnde t\u00eb mbrojtura nga lag\u00ebshtia dhe ngricat.<\/p>\n","protected":false},"excerpt":{"rendered":"<p>Lla\u00e7 me baz\u00eb \u00e7imento dhe adetiv\u00ebsh speciale p\u00ebr suvatime dhe rifinitura me efekt antik.<\/p>\n","protected":false},"featured_media":24710,"comment_status":"closed","ping_status":"closed","template":"","meta":{"_glsr_average":0,"_glsr_ranking":0,"_glsr_reviews":0},"class_list":["post-24715","product","type-product","status-publish","has-post-thumbnail","hentry","product_cat-llac","product_cat-llac-per-suvatim"],"yoast_head":"<!-- This site is optimized with the Yoast SEO plugin v15.0 - https:\/\/yoast.com\/wordpress\/plugins\/seo\/ -->\n<title>M\u00d6RTEL M10 - Produkt me baz\u00eb \u00e7imento - Deutsch Color -<\/title>\n<meta name=\"description\" content=\"Produkt me baz\u00eb \u00e7imento i parap\u00ebrgatitur, I p\u00ebrforcar me polimere te modifikuar, pa p\u00ebrb\u00ebr\u00ebsit korrozive, p\u00ebr ambiente te jashtme dhe brendshme.\" \/>\n<meta name=\"robots\" content=\"index, follow, max-snippet:-1, max-image-preview:large, max-video-preview:-1\" \/>\n<link rel=\"canonical\" href=\"https:\/\/deutschcolor.com\/al\/product\/mortel-m10\/\" \/>\n<meta property=\"og:locale\" content=\"en_US\" \/>\n<meta property=\"og:type\" content=\"article\" \/>\n<meta property=\"og:title\" content=\"M\u00d6RTEL M10 - Produkt me baz\u00eb \u00e7imento - Deutsch Color -\" \/>\n<meta property=\"og:description\" content=\"Produkt me baz\u00eb \u00e7imento i parap\u00ebrgatitur, I p\u00ebrforcar me polimere te modifikuar, pa p\u00ebrb\u00ebr\u00ebsit korrozive, p\u00ebr ambiente te jashtme dhe brendshme.\" \/>\n<meta property=\"og:url\" content=\"https:\/\/deutschcolor.com\/al\/product\/mortel-m10\/\" \/>\n<meta property=\"og:site_name\" content=\"Deutschcolor\" \/>\n<meta property=\"article:publisher\" content=\"https:\/\/www.facebook.com\/deutschcolorofficial\" \/>\n<meta property=\"article:modified_time\" content=\"2025-02-25T09:58:52+00:00\" \/>\n<meta property=\"og:image\" content=\"https:\/\/deutschcolor.com\/al\/wp-content\/uploads\/2019\/12\/Mortel-M10-min.png\" \/>\n\t<meta property=\"og:image:width\" content=\"1000\" \/>\n\t<meta property=\"og:image:height\" content=\"1000\" \/>\n<meta name=\"twitter:card\" content=\"summary_large_image\" \/>\n<script type=\"application\/ld+json\" class=\"yoast-schema-graph\">{\"@context\":\"https:\/\/schema.org\",\"@graph\":[{\"@type\":\"WebSite\",\"@id\":\"https:\/\/deutschcolor.com\/al\/#website\",\"url\":\"https:\/\/deutschcolor.com\/al\/\",\"name\":\"Deutschcolor\",\"description\":\"Deutschcolor Albania\",\"potentialAction\":[{\"@type\":\"SearchAction\",\"target\":\"https:\/\/deutschcolor.com\/al\/?s={search_term_string}\",\"query-input\":\"required name=search_term_string\"}],\"inLanguage\":\"en-US\"},{\"@type\":\"ImageObject\",\"@id\":\"https:\/\/deutschcolor.com\/al\/product\/mortel-m10\/#primaryimage\",\"inLanguage\":\"en-US\",\"url\":\"https:\/\/deutschcolor.com\/al\/wp-content\/uploads\/2019\/12\/Mortel-M10-min.png\",\"width\":1000,\"height\":1000},{\"@type\":\"WebPage\",\"@id\":\"https:\/\/deutschcolor.com\/al\/product\/mortel-m10\/#webpage\",\"url\":\"https:\/\/deutschcolor.com\/al\/product\/mortel-m10\/\",\"name\":\"M\\u00d6RTEL M10 - Produkt me baz\\u00eb \\u00e7imento - Deutsch Color -\",\"isPartOf\":{\"@id\":\"https:\/\/deutschcolor.com\/al\/#website\"},\"primaryImageOfPage\":{\"@id\":\"https:\/\/deutschcolor.com\/al\/product\/mortel-m10\/#primaryimage\"},\"datePublished\":\"2019-12-27T10:02:03+00:00\",\"dateModified\":\"2025-02-25T09:58:52+00:00\",\"description\":\"Produkt me baz\\u00eb \\u00e7imento i parap\\u00ebrgatitur, I p\\u00ebrforcar me polimere te modifikuar, pa p\\u00ebrb\\u00ebr\\u00ebsit korrozive, p\\u00ebr ambiente te jashtme dhe brendshme.\",\"breadcrumb\":{\"@id\":\"https:\/\/deutschcolor.com\/al\/product\/mortel-m10\/#breadcrumb\"},\"inLanguage\":\"en-US\",\"potentialAction\":[{\"@type\":\"ReadAction\",\"target\":[\"https:\/\/deutschcolor.com\/al\/product\/mortel-m10\/\"]}]},{\"@type\":\"BreadcrumbList\",\"@id\":\"https:\/\/deutschcolor.com\/al\/product\/mortel-m10\/#breadcrumb\",\"itemListElement\":[{\"@type\":\"ListItem\",\"position\":1,\"item\":{\"@type\":\"WebPage\",\"@id\":\"https:\/\/deutschcolor.com\/al\/\",\"url\":\"https:\/\/deutschcolor.com\/al\/\",\"name\":\"Home\"}},{\"@type\":\"ListItem\",\"position\":2,\"item\":{\"@type\":\"WebPage\",\"@id\":\"https:\/\/deutschcolor.com\/al\/shop\/\",\"url\":\"https:\/\/deutschcolor.com\/al\/shop\/\",\"name\":\"SHOP\"}},{\"@type\":\"ListItem\",\"position\":3,\"item\":{\"@type\":\"WebPage\",\"@id\":\"https:\/\/deutschcolor.com\/al\/product-category\/llac\/\",\"url\":\"https:\/\/deutschcolor.com\/al\/product-category\/llac\/\",\"name\":\"Lla\\u00e7\"}},{\"@type\":\"ListItem\",\"position\":4,\"item\":{\"@type\":\"WebPage\",\"@id\":\"https:\/\/deutschcolor.com\/al\/product-category\/llac\/llac-per-suvatim\/\",\"url\":\"https:\/\/deutschcolor.com\/al\/product-category\/llac\/llac-per-suvatim\/\",\"name\":\"5.1. Lla\\u00e7 p\\u00ebr suvatim\"}},{\"@type\":\"ListItem\",\"position\":5,\"item\":{\"@type\":\"WebPage\",\"@id\":\"https:\/\/deutschcolor.com\/al\/product\/mortel-m10\/\",\"url\":\"https:\/\/deutschcolor.com\/al\/product\/mortel-m10\/\",\"name\":\"M\\u00d6RTEL M10\"}}]}]}<\/script>\n<!-- \/ Yoast SEO plugin. -->","_links":{"self":[{"href":"https:\/\/deutschcolor.com\/al\/wp-json\/wp\/v2\/product\/24715","targetHints":{"allow":["GET"]}}],"collection":[{"href":"https:\/\/deutschcolor.com\/al\/wp-json\/wp\/v2\/product"}],"about":[{"href":"https:\/\/deutschcolor.com\/al\/wp-json\/wp\/v2\/types\/product"}],"replies":[{"embeddable":true,"href":"https:\/\/deutschcolor.com\/al\/wp-json\/wp\/v2\/comments?post=24715"}],"wp:featuredmedia":[{"embeddable":true,"href":"https:\/\/deutschcolor.com\/al\/wp-json\/wp\/v2\/media\/24710"}],"wp:attachment":[{"href":"https:\/\/deutschcolor.com\/al\/wp-json\/wp\/v2\/media?parent=24715"}],"curies":[{"name":"wp","href":"https:\/\/api.w.org\/{rel}","templated":true}]}}