{"id":24717,"date":"2019-12-27T10:04:28","date_gmt":"2019-12-27T10:04:28","guid":{"rendered":"https:\/\/deutschcolor.com\/al\/?post_type=product&#038;p=24717"},"modified":"2025-02-25T10:50:49","modified_gmt":"2025-02-25T10:50:49","slug":"gp-repair","status":"publish","type":"product","link":"https:\/\/deutschcolor.com\/al\/product\/gp-repair\/","title":{"rendered":"GP REPAIR"},"content":{"rendered":"<p><strong>KARAKTERISTIKAT<\/strong><br \/>\n&#8211; Rezistenc\u00eb e lart\u00eb mekanike<br \/>\n&#8211; Nuk tkurret<br \/>\n&#8211; Ofron punuemshm\u00ebri t\u00eb lart\u00eb, ngjitshm\u00ebri, rezistenc\u00eb ndaj ngric\u00ebs, goditjeve dhe lag\u00ebshtis\u00eb<br \/>\n&#8211; Nuk \u00e7ahet dhe nuk rr\u00ebshket n\u00eb trash\u00ebsi t\u00eb m\u00ebdha.<\/p>\n<p><strong>REKOMANDIME P\u00cbR P\u00cbRDORIM<\/strong><br \/>\nGP REPAIR, riparon t\u00eb gjitha konstruksionet e parregullta me trash\u00ebsi deri n\u00eb 6 cm, me nj\u00eb shtres\u00eb, pa kall\u00ebpe dhe \u00ebsht\u00eb i p\u00ebrshtatsh\u00ebm p\u00ebr t\u00eb gjitha llojet e riparimeve t\u00eb betonit, rregullimin e cepave t\u00eb thyera n\u00eb shkall\u00eb, ballkone, kolona, vrima, krijim ulluqesh.<br \/>\n###<br \/>\n<strong>KONSUMI<\/strong><br \/>\nRreth 18 Kg\/m2 p\u00ebr cm trash\u00ebsi.<\/p>\n<p><strong>PAKETIMI<\/strong><br \/>\nThas\u00eb letre 25Kg<\/p>\n<p><strong>JET\u00cbGJAT\u00cbSIA DHE RUAJTJA<\/strong><br \/>\n12 muaj n\u00eb qoft\u00eb se ruhet n\u00eb paketim origjinal t\u00eb pahapur, n\u00eb v\u00ebnde t\u00eb mbrojtura nga lag\u00ebshtia dhe ngricat.<\/p>\n","protected":false},"excerpt":{"rendered":"<p>Lla\u00e7 riparues me baz\u00eb \u00e7imento, rezinash sintetike dhe adetiv\u00eb special<\/p>\n","protected":false},"featured_media":24719,"comment_status":"closed","ping_status":"closed","template":"","meta":{"_glsr_average":0,"_glsr_ranking":0,"_glsr_reviews":0},"class_list":["post-24717","product","type-product","status-publish","has-post-thumbnail","hentry","product_cat-llac","product_cat-llac-per-riparim"],"yoast_head":"<!-- This site is optimized with the Yoast SEO plugin v15.0 - https:\/\/yoast.com\/wordpress\/plugins\/seo\/ -->\n<title>GP REPAIR - Zgjidhja ideale p\u00ebr fiksime - Deutschcolor<\/title>\n<meta name=\"description\" content=\"Zgjidhja ideale p\u00ebr fiksime, ankorime metalike dhe vulosje vrimash. Ideale projekte q\u00eb k\u00ebrkojn\u00eb rezistenc\u00eb t\u00eb lart\u00eb dhe efikasitet n\u00eb punime!\" \/>\n<meta name=\"robots\" content=\"index, follow, max-snippet:-1, max-image-preview:large, max-video-preview:-1\" \/>\n<link rel=\"canonical\" href=\"https:\/\/deutschcolor.com\/al\/product\/gp-repair\/\" \/>\n<meta property=\"og:locale\" content=\"en_US\" \/>\n<meta property=\"og:type\" content=\"article\" \/>\n<meta property=\"og:title\" content=\"GP REPAIR - Zgjidhja ideale p\u00ebr fiksime - Deutschcolor\" \/>\n<meta property=\"og:description\" content=\"Zgjidhja ideale p\u00ebr fiksime, ankorime metalike dhe vulosje vrimash. Ideale projekte q\u00eb k\u00ebrkojn\u00eb rezistenc\u00eb t\u00eb lart\u00eb dhe efikasitet n\u00eb punime!\" \/>\n<meta property=\"og:url\" content=\"https:\/\/deutschcolor.com\/al\/product\/gp-repair\/\" \/>\n<meta property=\"og:site_name\" content=\"Deutschcolor\" \/>\n<meta property=\"article:publisher\" content=\"https:\/\/www.facebook.com\/deutschcolorofficial\" \/>\n<meta property=\"article:modified_time\" content=\"2025-02-25T10:50:49+00:00\" \/>\n<meta property=\"og:image\" content=\"https:\/\/deutschcolor.com\/al\/wp-content\/uploads\/2019\/12\/GP-Repair-min.png\" \/>\n\t<meta property=\"og:image:width\" content=\"1000\" \/>\n\t<meta property=\"og:image:height\" content=\"1000\" \/>\n<meta name=\"twitter:card\" content=\"summary_large_image\" \/>\n<script type=\"application\/ld+json\" class=\"yoast-schema-graph\">{\"@context\":\"https:\/\/schema.org\",\"@graph\":[{\"@type\":\"WebSite\",\"@id\":\"https:\/\/deutschcolor.com\/al\/#website\",\"url\":\"https:\/\/deutschcolor.com\/al\/\",\"name\":\"Deutschcolor\",\"description\":\"Deutschcolor Albania\",\"potentialAction\":[{\"@type\":\"SearchAction\",\"target\":\"https:\/\/deutschcolor.com\/al\/?s={search_term_string}\",\"query-input\":\"required name=search_term_string\"}],\"inLanguage\":\"en-US\"},{\"@type\":\"ImageObject\",\"@id\":\"https:\/\/deutschcolor.com\/al\/product\/gp-repair\/#primaryimage\",\"inLanguage\":\"en-US\",\"url\":\"https:\/\/deutschcolor.com\/al\/wp-content\/uploads\/2019\/12\/GP-Repair-min.png\",\"width\":1000,\"height\":1000},{\"@type\":\"WebPage\",\"@id\":\"https:\/\/deutschcolor.com\/al\/product\/gp-repair\/#webpage\",\"url\":\"https:\/\/deutschcolor.com\/al\/product\/gp-repair\/\",\"name\":\"GP REPAIR - Zgjidhja ideale p\\u00ebr fiksime - Deutschcolor\",\"isPartOf\":{\"@id\":\"https:\/\/deutschcolor.com\/al\/#website\"},\"primaryImageOfPage\":{\"@id\":\"https:\/\/deutschcolor.com\/al\/product\/gp-repair\/#primaryimage\"},\"datePublished\":\"2019-12-27T10:04:28+00:00\",\"dateModified\":\"2025-02-25T10:50:49+00:00\",\"description\":\"Zgjidhja ideale p\\u00ebr fiksime, ankorime metalike dhe vulosje vrimash. Ideale projekte q\\u00eb k\\u00ebrkojn\\u00eb rezistenc\\u00eb t\\u00eb lart\\u00eb dhe efikasitet n\\u00eb punime!\",\"breadcrumb\":{\"@id\":\"https:\/\/deutschcolor.com\/al\/product\/gp-repair\/#breadcrumb\"},\"inLanguage\":\"en-US\",\"potentialAction\":[{\"@type\":\"ReadAction\",\"target\":[\"https:\/\/deutschcolor.com\/al\/product\/gp-repair\/\"]}]},{\"@type\":\"BreadcrumbList\",\"@id\":\"https:\/\/deutschcolor.com\/al\/product\/gp-repair\/#breadcrumb\",\"itemListElement\":[{\"@type\":\"ListItem\",\"position\":1,\"item\":{\"@type\":\"WebPage\",\"@id\":\"https:\/\/deutschcolor.com\/al\/\",\"url\":\"https:\/\/deutschcolor.com\/al\/\",\"name\":\"Home\"}},{\"@type\":\"ListItem\",\"position\":2,\"item\":{\"@type\":\"WebPage\",\"@id\":\"https:\/\/deutschcolor.com\/al\/shop\/\",\"url\":\"https:\/\/deutschcolor.com\/al\/shop\/\",\"name\":\"SHOP\"}},{\"@type\":\"ListItem\",\"position\":3,\"item\":{\"@type\":\"WebPage\",\"@id\":\"https:\/\/deutschcolor.com\/al\/product-category\/llac\/\",\"url\":\"https:\/\/deutschcolor.com\/al\/product-category\/llac\/\",\"name\":\"Lla\\u00e7\"}},{\"@type\":\"ListItem\",\"position\":4,\"item\":{\"@type\":\"WebPage\",\"@id\":\"https:\/\/deutschcolor.com\/al\/product-category\/llac\/llac-per-riparim\/\",\"url\":\"https:\/\/deutschcolor.com\/al\/product-category\/llac\/llac-per-riparim\/\",\"name\":\"5.2. Lla\\u00e7 p\\u00ebr riparim\"}},{\"@type\":\"ListItem\",\"position\":5,\"item\":{\"@type\":\"WebPage\",\"@id\":\"https:\/\/deutschcolor.com\/al\/product\/gp-repair\/\",\"url\":\"https:\/\/deutschcolor.com\/al\/product\/gp-repair\/\",\"name\":\"GP REPAIR\"}}]}]}<\/script>\n<!-- \/ Yoast SEO plugin. -->","_links":{"self":[{"href":"https:\/\/deutschcolor.com\/al\/wp-json\/wp\/v2\/product\/24717","targetHints":{"allow":["GET"]}}],"collection":[{"href":"https:\/\/deutschcolor.com\/al\/wp-json\/wp\/v2\/product"}],"about":[{"href":"https:\/\/deutschcolor.com\/al\/wp-json\/wp\/v2\/types\/product"}],"replies":[{"embeddable":true,"href":"https:\/\/deutschcolor.com\/al\/wp-json\/wp\/v2\/comments?post=24717"}],"wp:featuredmedia":[{"embeddable":true,"href":"https:\/\/deutschcolor.com\/al\/wp-json\/wp\/v2\/media\/24719"}],"wp:attachment":[{"href":"https:\/\/deutschcolor.com\/al\/wp-json\/wp\/v2\/media?parent=24717"}],"curies":[{"name":"wp","href":"https:\/\/api.w.org\/{rel}","templated":true}]}}