{"id":24720,"date":"2019-12-27T10:05:40","date_gmt":"2019-12-27T10:05:40","guid":{"rendered":"https:\/\/deutschcolor.com\/al\/?post_type=product&#038;p=24720"},"modified":"2025-02-25T11:09:25","modified_gmt":"2025-02-25T11:09:25","slug":"gp-repair-fast","status":"publish","type":"product","link":"https:\/\/deutschcolor.com\/al\/product\/gp-repair-fast\/","title":{"rendered":"GP REPAIR FAST"},"content":{"rendered":"<p><strong>KARAKTERISTIKAT<\/strong><br \/>\n&#8211; Ngurt\u00ebsohet shpejt dhe ka rezistenc\u00eb t\u00eb lart\u00eb<br \/>\n&#8211; Nuk p\u00ebrmban kloride as p\u00ebrb\u00ebrje g\u00ebrryer\u00ebse<br \/>\n&#8211; I punuesh\u00ebm p\u00ebr 7 minuta nd\u00ebrsa pro\u00e7edura e ngurt\u00ebsimit fillon pas 15 minutash<br \/>\n&#8211; Ka rezistenc\u00eb t\u00eb madhe n\u00eb ngric\u00eb, lag\u00ebshti dhe g\u00ebrryerjen nga substancat kimike si\u00e7 jan\u00eb krip\u00ebrat nitrike, sulfurike dhe kloridet<br \/>\n&#8211; Paraqet ngjitshm\u00ebri t\u00eb lart\u00eb me n\u00ebnshtres\u00ebn, punueshm\u00ebri shum\u00eb t\u00eb mir\u00eb, tkurrje zero, dhe nuk \u00e7ahet.<br \/>\n###<br \/>\n<strong>KONSUMI<\/strong><br \/>\nRreth 18 Kg\/m2 p\u00ebr cm trash\u00ebsi.<\/p>\n<p><strong>PAKETIMI<\/strong><br \/>\nThas\u00eb letre 25Kg<\/p>\n<p><strong>JET\u00cbGJAT\u00cbSIA DHE RUAJTJA<\/strong><br \/>\n24 muaj n\u00eb qoft\u00eb se ruhet n\u00eb paketim origjinal t\u00eb pahapur, n\u00eb v\u00ebnde t\u00eb mbrojtura nga lag\u00ebshtia dhe ngricat dhe nga temperatura m\u00eb t\u00eb larta se +10oC<\/p>\n","protected":false},"excerpt":{"rendered":"<p>Pluhur specifik p\u00ebr riparime me baz\u00eb \u00e7imentore q\u00eb ngurt\u00ebsohet shpejt dhe me rezistenca t\u00eb larta.<\/p>\n","protected":false},"featured_media":24718,"comment_status":"closed","ping_status":"closed","template":"","meta":{"_glsr_average":0,"_glsr_ranking":0,"_glsr_reviews":0},"class_list":["post-24720","product","type-product","status-publish","has-post-thumbnail","hentry","product_cat-llac","product_cat-llac-per-riparim"],"yoast_head":"<!-- This site is optimized with the Yoast SEO plugin v15.0 - https:\/\/yoast.com\/wordpress\/plugins\/seo\/ -->\n<title>GP REPAIR FAST - Rezin\u00eb epokside 2 komponent\u00ebsh n\u00eb - Deutschcolor<\/title>\n<meta name=\"description\" content=\"Rezin\u00eb epokside 2 komponent\u00ebsh p\u00ebr inj\u00ebktim, pa tret\u00ebs, l\u00ebng i holl\u00eb, me tkurrje zero. . Nuk p\u00ebrmban kloride as p\u00ebrb\u00ebrje g\u00ebrryer\u00ebse.\" \/>\n<meta name=\"robots\" content=\"index, follow, max-snippet:-1, max-image-preview:large, max-video-preview:-1\" \/>\n<link rel=\"canonical\" href=\"https:\/\/deutschcolor.com\/al\/product\/gp-repair-fast\/\" \/>\n<meta property=\"og:locale\" content=\"en_US\" \/>\n<meta property=\"og:type\" content=\"article\" \/>\n<meta property=\"og:title\" content=\"GP REPAIR FAST - Rezin\u00eb epokside 2 komponent\u00ebsh n\u00eb - Deutschcolor\" \/>\n<meta property=\"og:description\" content=\"Rezin\u00eb epokside 2 komponent\u00ebsh p\u00ebr inj\u00ebktim, pa tret\u00ebs, l\u00ebng i holl\u00eb, me tkurrje zero. . Nuk p\u00ebrmban kloride as p\u00ebrb\u00ebrje g\u00ebrryer\u00ebse.\" \/>\n<meta property=\"og:url\" content=\"https:\/\/deutschcolor.com\/al\/product\/gp-repair-fast\/\" \/>\n<meta property=\"og:site_name\" content=\"Deutschcolor\" \/>\n<meta property=\"article:publisher\" content=\"https:\/\/www.facebook.com\/deutschcolorofficial\" \/>\n<meta property=\"article:modified_time\" content=\"2025-02-25T11:09:25+00:00\" \/>\n<meta property=\"og:image\" content=\"https:\/\/deutschcolor.com\/al\/wp-content\/uploads\/2019\/12\/GP-Repair-Fast-min.png\" \/>\n\t<meta property=\"og:image:width\" content=\"1000\" \/>\n\t<meta property=\"og:image:height\" content=\"1000\" \/>\n<meta name=\"twitter:card\" content=\"summary_large_image\" \/>\n<script type=\"application\/ld+json\" class=\"yoast-schema-graph\">{\"@context\":\"https:\/\/schema.org\",\"@graph\":[{\"@type\":\"WebSite\",\"@id\":\"https:\/\/deutschcolor.com\/al\/#website\",\"url\":\"https:\/\/deutschcolor.com\/al\/\",\"name\":\"Deutschcolor\",\"description\":\"Deutschcolor Albania\",\"potentialAction\":[{\"@type\":\"SearchAction\",\"target\":\"https:\/\/deutschcolor.com\/al\/?s={search_term_string}\",\"query-input\":\"required name=search_term_string\"}],\"inLanguage\":\"en-US\"},{\"@type\":\"ImageObject\",\"@id\":\"https:\/\/deutschcolor.com\/al\/product\/gp-repair-fast\/#primaryimage\",\"inLanguage\":\"en-US\",\"url\":\"https:\/\/deutschcolor.com\/al\/wp-content\/uploads\/2019\/12\/GP-Repair-Fast-min.png\",\"width\":1000,\"height\":1000},{\"@type\":\"WebPage\",\"@id\":\"https:\/\/deutschcolor.com\/al\/product\/gp-repair-fast\/#webpage\",\"url\":\"https:\/\/deutschcolor.com\/al\/product\/gp-repair-fast\/\",\"name\":\"GP REPAIR FAST - Rezin\\u00eb epokside 2 komponent\\u00ebsh n\\u00eb - Deutschcolor\",\"isPartOf\":{\"@id\":\"https:\/\/deutschcolor.com\/al\/#website\"},\"primaryImageOfPage\":{\"@id\":\"https:\/\/deutschcolor.com\/al\/product\/gp-repair-fast\/#primaryimage\"},\"datePublished\":\"2019-12-27T10:05:40+00:00\",\"dateModified\":\"2025-02-25T11:09:25+00:00\",\"description\":\"Rezin\\u00eb epokside 2 komponent\\u00ebsh p\\u00ebr inj\\u00ebktim, pa tret\\u00ebs, l\\u00ebng i holl\\u00eb, me tkurrje zero. . Nuk p\\u00ebrmban kloride as p\\u00ebrb\\u00ebrje g\\u00ebrryer\\u00ebse.\",\"breadcrumb\":{\"@id\":\"https:\/\/deutschcolor.com\/al\/product\/gp-repair-fast\/#breadcrumb\"},\"inLanguage\":\"en-US\",\"potentialAction\":[{\"@type\":\"ReadAction\",\"target\":[\"https:\/\/deutschcolor.com\/al\/product\/gp-repair-fast\/\"]}]},{\"@type\":\"BreadcrumbList\",\"@id\":\"https:\/\/deutschcolor.com\/al\/product\/gp-repair-fast\/#breadcrumb\",\"itemListElement\":[{\"@type\":\"ListItem\",\"position\":1,\"item\":{\"@type\":\"WebPage\",\"@id\":\"https:\/\/deutschcolor.com\/al\/\",\"url\":\"https:\/\/deutschcolor.com\/al\/\",\"name\":\"Home\"}},{\"@type\":\"ListItem\",\"position\":2,\"item\":{\"@type\":\"WebPage\",\"@id\":\"https:\/\/deutschcolor.com\/al\/shop\/\",\"url\":\"https:\/\/deutschcolor.com\/al\/shop\/\",\"name\":\"SHOP\"}},{\"@type\":\"ListItem\",\"position\":3,\"item\":{\"@type\":\"WebPage\",\"@id\":\"https:\/\/deutschcolor.com\/al\/product-category\/llac\/\",\"url\":\"https:\/\/deutschcolor.com\/al\/product-category\/llac\/\",\"name\":\"Lla\\u00e7\"}},{\"@type\":\"ListItem\",\"position\":4,\"item\":{\"@type\":\"WebPage\",\"@id\":\"https:\/\/deutschcolor.com\/al\/product-category\/llac\/llac-per-riparim\/\",\"url\":\"https:\/\/deutschcolor.com\/al\/product-category\/llac\/llac-per-riparim\/\",\"name\":\"5.2. Lla\\u00e7 p\\u00ebr riparim\"}},{\"@type\":\"ListItem\",\"position\":5,\"item\":{\"@type\":\"WebPage\",\"@id\":\"https:\/\/deutschcolor.com\/al\/product\/gp-repair-fast\/\",\"url\":\"https:\/\/deutschcolor.com\/al\/product\/gp-repair-fast\/\",\"name\":\"GP REPAIR FAST\"}}]}]}<\/script>\n<!-- \/ Yoast SEO plugin. -->","_links":{"self":[{"href":"https:\/\/deutschcolor.com\/al\/wp-json\/wp\/v2\/product\/24720","targetHints":{"allow":["GET"]}}],"collection":[{"href":"https:\/\/deutschcolor.com\/al\/wp-json\/wp\/v2\/product"}],"about":[{"href":"https:\/\/deutschcolor.com\/al\/wp-json\/wp\/v2\/types\/product"}],"replies":[{"embeddable":true,"href":"https:\/\/deutschcolor.com\/al\/wp-json\/wp\/v2\/comments?post=24720"}],"wp:featuredmedia":[{"embeddable":true,"href":"https:\/\/deutschcolor.com\/al\/wp-json\/wp\/v2\/media\/24718"}],"wp:attachment":[{"href":"https:\/\/deutschcolor.com\/al\/wp-json\/wp\/v2\/media?parent=24720"}],"curies":[{"name":"wp","href":"https:\/\/api.w.org\/{rel}","templated":true}]}}