{"id":24721,"date":"2019-12-27T10:14:59","date_gmt":"2019-12-27T10:14:59","guid":{"rendered":"https:\/\/deutschcolor.com\/al\/?post_type=product&#038;p=24721"},"modified":"2025-07-16T10:22:47","modified_gmt":"2025-07-16T10:22:47","slug":"betogrout-a11","status":"publish","type":"product","link":"https:\/\/deutschcolor.com\/al\/product\/betogrout-a11\/","title":{"rendered":"BETOGROUT A11"},"content":{"rendered":"<p><strong>KARAKTERISTIKAT<\/strong><br \/>\n-Rezistenc\u00eb e lart\u00eb mekanike<br \/>\n-Nuk tkurret<br \/>\n-P\u00ebr p\u00ebrdorim t\u00eb brendsh\u00ebm dhe t\u00eb jasht\u00ebm<br \/>\n-Ofron punueshm\u00ebri t\u00eb lart\u00eb, ngjitshm\u00ebri, rezistenc\u00eb ndaj ngric\u00ebs, goditjeve dhe lag\u00ebshtis\u00eb.<br \/>\n&#8211; P\u00ebr arsye t\u00eb lidhjeve hidraulike, t\u00eb polimer\u00ebve t\u00eb posa\u00e7me, t\u00eb inert\u00ebve t\u00eb p\u00ebrzgjedhura dhe t\u00eb fibrave sintetike q\u00eb p\u00ebrmban, nuk \u00e7ahet.<\/p>\n<p><strong>REKOMANDIME P\u00cbR P\u00cbRDORIM<\/strong><br \/>\nBETOGROUT A11, i p\u00ebrshtatsh\u00ebm p\u00ebr riparime t\u00eb shpejta t\u00eb element\u00ebve prej betoni, fiksime, ankorime, vulosje vrimash, krijim ulluqesh. P\u00ebrdoret atje ku nevojitet rezistenc\u00eb e lart\u00eb dhe shpejt\u00ebsi punimesh.<br \/>\n###<br \/>\n<strong>APLIKIMI<\/strong><br \/>\nHidhni pluhurin \u00e7imentor n\u00eb uj\u00eb t\u00eb past\u00ebr, n\u00eb raport 25 kg pluhur n\u00eb 5,5 lt uj\u00eb dhe p\u00ebrzieni mas\u00ebn me trapan me xhiro t\u00eb ul\u00ebta ose betoniere derisa t\u00eb krijohet nj\u00eb mas\u00eb homogjene, e p\u00ebrshtatshme p\u00ebr \u00e7do p\u00ebrdorim. Masa ngelet e punueshme p\u00ebr 10 minuta dhe zbatohet ose me mistri p\u00ebr riparime ose me makineri hedh\u00ebse n\u00ebse sip\u00ebrfaqet kan\u00eb nevoj\u00eb p\u00ebr nj\u00eb material mbulues me rezistenc\u00eb t\u00eb lart\u00eb mekanike.<\/p>\n<p><strong>KONSUMI<\/strong><br \/>\nRreth 18 kg\/m2 \/cm trash\u00ebsi shtres\u00eb<\/p>\n<p><strong>PAKETIMI<\/strong><br \/>\nThas\u00eb letre 25Kg<\/p>\n<p>###<\/p>\n<p>P\u00ebr m\u00eb shume produkte <a href=\"https:\/\/deutschcolor.com\/al\/product-category\/llac\/\">kliko ketu<\/a>.<\/p>\n<p>Dyqani Jone <a href=\"https:\/\/g.co\/kgs\/9a61piL\">kliko ketu<\/a>. Produktin e gjeni dhe n\u00eb pikat tona ne <a href=\"https:\/\/deutschcolor.com\/al\/dyqanet\/\">Tirane<\/a>.<\/p>\n\n","protected":false},"excerpt":{"rendered":"<p>Lla\u00e7 me baz\u00eb \u00e7imento me tharje t\u00eb shpejt\u00eb p\u00ebr riparime strukturash betoni, ankorime<\/p>\n","protected":false},"featured_media":24724,"comment_status":"closed","ping_status":"closed","template":"","meta":{"_glsr_average":0,"_glsr_ranking":0,"_glsr_reviews":0},"class_list":["post-24721","product","type-product","status-publish","has-post-thumbnail","hentry","product_cat-llac","product_cat-llac-per-riparim"],"yoast_head":"<!-- This site is optimized with the Yoast SEO plugin v15.0 - https:\/\/yoast.com\/wordpress\/plugins\/seo\/ -->\n<title>Lla\u00e7 p\u00ebr beton - BETOGROUT A11 - rezistenc\u00eb t\u00eb lart\u00eb - Deutsch Color<\/title>\n<meta name=\"description\" content=\"Lla\u00e7 p\u00ebr beton, fiksime, ankorime (inkastrime), vulosje vrimash dhe ka rezistenc\u00eb t\u00eb lart\u00eb dhe shpejt\u00ebsi punimesh.\" \/>\n<meta name=\"robots\" content=\"index, follow, max-snippet:-1, max-image-preview:large, max-video-preview:-1\" \/>\n<link rel=\"canonical\" href=\"https:\/\/deutschcolor.com\/al\/product\/betogrout-a11\/\" \/>\n<meta property=\"og:locale\" content=\"en_US\" \/>\n<meta property=\"og:type\" content=\"article\" \/>\n<meta property=\"og:title\" content=\"Lla\u00e7 p\u00ebr beton - BETOGROUT A11 - rezistenc\u00eb t\u00eb lart\u00eb - Deutsch Color\" \/>\n<meta property=\"og:description\" content=\"Lla\u00e7 p\u00ebr beton, fiksime, ankorime (inkastrime), vulosje vrimash dhe ka rezistenc\u00eb t\u00eb lart\u00eb dhe shpejt\u00ebsi punimesh.\" \/>\n<meta property=\"og:url\" content=\"https:\/\/deutschcolor.com\/al\/product\/betogrout-a11\/\" \/>\n<meta property=\"og:site_name\" content=\"Deutschcolor\" \/>\n<meta property=\"article:publisher\" content=\"https:\/\/www.facebook.com\/deutschcolorofficial\" \/>\n<meta property=\"article:modified_time\" content=\"2025-07-16T10:22:47+00:00\" \/>\n<meta property=\"og:image\" content=\"https:\/\/deutschcolor.com\/al\/wp-content\/uploads\/2019\/12\/Betogrout-A11-min.png\" \/>\n\t<meta property=\"og:image:width\" content=\"1000\" \/>\n\t<meta property=\"og:image:height\" content=\"1000\" \/>\n<meta name=\"twitter:card\" content=\"summary_large_image\" \/>\n<script type=\"application\/ld+json\" class=\"yoast-schema-graph\">{\"@context\":\"https:\/\/schema.org\",\"@graph\":[{\"@type\":\"WebSite\",\"@id\":\"https:\/\/deutschcolor.com\/al\/#website\",\"url\":\"https:\/\/deutschcolor.com\/al\/\",\"name\":\"Deutschcolor\",\"description\":\"Deutschcolor Albania\",\"potentialAction\":[{\"@type\":\"SearchAction\",\"target\":\"https:\/\/deutschcolor.com\/al\/?s={search_term_string}\",\"query-input\":\"required name=search_term_string\"}],\"inLanguage\":\"en-US\"},{\"@type\":\"ImageObject\",\"@id\":\"https:\/\/deutschcolor.com\/al\/product\/betogrout-a11\/#primaryimage\",\"inLanguage\":\"en-US\",\"url\":\"https:\/\/deutschcolor.com\/al\/wp-content\/uploads\/2019\/12\/Betogrout-A11-min.png\",\"width\":1000,\"height\":1000,\"caption\":\"Lla\\u00e7 p\\u00ebr beton, fiksime, ankorime (inkastrime), vulosje vrimash dhe ka rezistenc\\u00eb t\\u00eb lart\\u00eb dhe shpejt\\u00ebsi punimesh.\"},{\"@type\":\"WebPage\",\"@id\":\"https:\/\/deutschcolor.com\/al\/product\/betogrout-a11\/#webpage\",\"url\":\"https:\/\/deutschcolor.com\/al\/product\/betogrout-a11\/\",\"name\":\"Lla\\u00e7 p\\u00ebr beton - BETOGROUT A11 - rezistenc\\u00eb t\\u00eb lart\\u00eb - Deutsch Color\",\"isPartOf\":{\"@id\":\"https:\/\/deutschcolor.com\/al\/#website\"},\"primaryImageOfPage\":{\"@id\":\"https:\/\/deutschcolor.com\/al\/product\/betogrout-a11\/#primaryimage\"},\"datePublished\":\"2019-12-27T10:14:59+00:00\",\"dateModified\":\"2025-07-16T10:22:47+00:00\",\"description\":\"Lla\\u00e7 p\\u00ebr beton, fiksime, ankorime (inkastrime), vulosje vrimash dhe ka rezistenc\\u00eb t\\u00eb lart\\u00eb dhe shpejt\\u00ebsi punimesh.\",\"breadcrumb\":{\"@id\":\"https:\/\/deutschcolor.com\/al\/product\/betogrout-a11\/#breadcrumb\"},\"inLanguage\":\"en-US\",\"potentialAction\":[{\"@type\":\"ReadAction\",\"target\":[\"https:\/\/deutschcolor.com\/al\/product\/betogrout-a11\/\"]}]},{\"@type\":\"BreadcrumbList\",\"@id\":\"https:\/\/deutschcolor.com\/al\/product\/betogrout-a11\/#breadcrumb\",\"itemListElement\":[{\"@type\":\"ListItem\",\"position\":1,\"item\":{\"@type\":\"WebPage\",\"@id\":\"https:\/\/deutschcolor.com\/al\/\",\"url\":\"https:\/\/deutschcolor.com\/al\/\",\"name\":\"Home\"}},{\"@type\":\"ListItem\",\"position\":2,\"item\":{\"@type\":\"WebPage\",\"@id\":\"https:\/\/deutschcolor.com\/al\/shop\/\",\"url\":\"https:\/\/deutschcolor.com\/al\/shop\/\",\"name\":\"SHOP\"}},{\"@type\":\"ListItem\",\"position\":3,\"item\":{\"@type\":\"WebPage\",\"@id\":\"https:\/\/deutschcolor.com\/al\/product-category\/llac\/\",\"url\":\"https:\/\/deutschcolor.com\/al\/product-category\/llac\/\",\"name\":\"Lla\\u00e7\"}},{\"@type\":\"ListItem\",\"position\":4,\"item\":{\"@type\":\"WebPage\",\"@id\":\"https:\/\/deutschcolor.com\/al\/product-category\/llac\/llac-per-riparim\/\",\"url\":\"https:\/\/deutschcolor.com\/al\/product-category\/llac\/llac-per-riparim\/\",\"name\":\"5.2. Lla\\u00e7 p\\u00ebr riparim\"}},{\"@type\":\"ListItem\",\"position\":5,\"item\":{\"@type\":\"WebPage\",\"@id\":\"https:\/\/deutschcolor.com\/al\/product\/betogrout-a11\/\",\"url\":\"https:\/\/deutschcolor.com\/al\/product\/betogrout-a11\/\",\"name\":\"BETOGROUT A11\"}}]}]}<\/script>\n<!-- \/ Yoast SEO plugin. -->","_links":{"self":[{"href":"https:\/\/deutschcolor.com\/al\/wp-json\/wp\/v2\/product\/24721","targetHints":{"allow":["GET"]}}],"collection":[{"href":"https:\/\/deutschcolor.com\/al\/wp-json\/wp\/v2\/product"}],"about":[{"href":"https:\/\/deutschcolor.com\/al\/wp-json\/wp\/v2\/types\/product"}],"replies":[{"embeddable":true,"href":"https:\/\/deutschcolor.com\/al\/wp-json\/wp\/v2\/comments?post=24721"}],"wp:featuredmedia":[{"embeddable":true,"href":"https:\/\/deutschcolor.com\/al\/wp-json\/wp\/v2\/media\/24724"}],"wp:attachment":[{"href":"https:\/\/deutschcolor.com\/al\/wp-json\/wp\/v2\/media?parent=24721"}],"curies":[{"name":"wp","href":"https:\/\/api.w.org\/{rel}","templated":true}]}}