{"id":24725,"date":"2019-12-27T10:16:36","date_gmt":"2019-12-27T10:16:36","guid":{"rendered":"https:\/\/deutschcolor.com\/al\/?post_type=product&#038;p=24725"},"modified":"2025-07-16T10:01:27","modified_gmt":"2025-07-16T10:01:27","slug":"betogrout-b22","status":"publish","type":"product","link":"https:\/\/deutschcolor.com\/al\/product\/betogrout-b22\/","title":{"rendered":"BETOGROUT B22"},"content":{"rendered":"<p><strong>KARAKTERISTIKAT<\/strong><br \/>\n&#8211; Rezistenc\u00eb e lart\u00eb mekanike<br \/>\n&#8211; Nuk tkurret<br \/>\n&#8211; P\u00ebr p\u00ebrdorim t\u00eb brendsh\u00ebm dhe t\u00eb jasht\u00ebm<br \/>\n&#8211; P\u00ebr arsye t\u00eb lidhjeve hidraulike, t\u00eb polimer\u00ebve t\u00eb posa\u00e7\u00ebm, t\u00eb inerteve t\u00eb p\u00ebrzgjedhura dhe t\u00eb fibrave sintetike q\u00eb p\u00ebrmban, nuk \u00e7ahet.<\/p>\n<p><strong>REKOMANDIME P\u00cbR P\u00cbRDORIM<\/strong><br \/>\nBETOGROUT B22, i p\u00ebrshtatsh\u00ebm p\u00ebr fiksime, ankorime strukturash metalike, vulosje vrimash, dhe n\u00eb p\u00ebrgjith\u00ebsi atje ku nevojitet rezistenc\u00eb e lart\u00eb dhe shpejt\u00ebsi punimesh.<br \/>\n###<br \/>\n<strong>APLIKIMI<\/strong><br \/>\nHidhni pluhurin \u00e7imentor n\u00eb uj\u00eb t\u00eb past\u00ebr, n\u00eb raport 25 kg pluhur n\u00eb 5,5 lt uj\u00eb dhe p\u00ebrzieni me trapan me xhiro t\u00eb ul\u00ebta ose betoniere derisa t\u00eb krijohet nj\u00eb mas\u00eb homogjene, e p\u00ebrshtatshme p\u00ebr \u00e7do p\u00ebrdorim. Masa ngelet e punueshme p\u00ebr 10 minuta dhe zbatohet ose me mistri p\u00ebr riparime ose me makineri hedh\u00ebse n\u00ebse sip\u00ebrfaqet kan\u00eb nevoj\u00eb p\u00ebr nj\u00eb material mbulues me rezistenca t\u00eb larta mekanike.<\/p>\n<p><strong>KONSUMI <\/strong><br \/>\nRreth 18 kg\/m2 \/cm trash\u00ebsi shtres\u00eb<\/p>\n<p><strong>PAKETIMI<\/strong><br \/>\nThas\u00eb letre 25Kg<\/p>\n<p>###<\/p>\n<p>P\u00ebr m\u00eb shume produkte <a href=\"https:\/\/deutschcolor.com\/al\/product-category\/llac\/\">kliko ketu<\/a>.<\/p>\n<p>Dyqani Jone <a href=\"https:\/\/g.co\/kgs\/9a61piL\">kliko ketu<\/a>. Produktin e gjeni dhe n\u00eb pikat <a href=\"https:\/\/deutschcolor.com\/al\/dyqanet\/\">tona ne Tirane<\/a>.<\/p>\n\n","protected":false},"excerpt":{"rendered":"<p>Lla\u00e7 m\u00eb baz\u00eb \u00e7imento me tharje t\u00eb shpejt\u00eb p\u00ebr ankorime strukturash metalike<\/p>\n","protected":false},"featured_media":24723,"comment_status":"closed","ping_status":"closed","template":"","meta":{"_glsr_average":0,"_glsr_ranking":0,"_glsr_reviews":0},"class_list":["post-24725","product","type-product","status-publish","has-post-thumbnail","hentry","product_cat-llac","product_cat-llac-per-riparim"],"yoast_head":"<!-- This site is optimized with the Yoast SEO plugin v15.0 - https:\/\/yoast.com\/wordpress\/plugins\/seo\/ -->\n<title>Lla\u00e7 p\u00ebr riparim - BETOGROUT B22 - Rezistenc\u00eb t\u00eb larta - Deutsch Color<\/title>\n<meta name=\"description\" content=\"Lla\u00e7 p\u00ebr riparim, i p\u00ebrshtatsh\u00ebm p\u00ebr fiksime, ankorime strukturash metalike, vulosje vrimash, dhe ka rezistenca t\u00eb larta mekanike.\" \/>\n<meta name=\"robots\" content=\"index, follow, max-snippet:-1, max-image-preview:large, max-video-preview:-1\" \/>\n<link rel=\"canonical\" href=\"https:\/\/deutschcolor.com\/al\/product\/betogrout-b22\/\" \/>\n<meta property=\"og:locale\" content=\"en_US\" \/>\n<meta property=\"og:type\" content=\"article\" \/>\n<meta property=\"og:title\" content=\"Lla\u00e7 p\u00ebr riparim - BETOGROUT B22 - Rezistenc\u00eb t\u00eb larta - Deutsch Color\" \/>\n<meta property=\"og:description\" content=\"Lla\u00e7 p\u00ebr riparim, i p\u00ebrshtatsh\u00ebm p\u00ebr fiksime, ankorime strukturash metalike, vulosje vrimash, dhe ka rezistenca t\u00eb larta mekanike.\" \/>\n<meta property=\"og:url\" content=\"https:\/\/deutschcolor.com\/al\/product\/betogrout-b22\/\" \/>\n<meta property=\"og:site_name\" content=\"Deutschcolor\" \/>\n<meta property=\"article:publisher\" content=\"https:\/\/www.facebook.com\/deutschcolorofficial\" \/>\n<meta property=\"article:modified_time\" content=\"2025-07-16T10:01:27+00:00\" \/>\n<meta property=\"og:image\" content=\"https:\/\/deutschcolor.com\/al\/wp-content\/uploads\/2019\/12\/Betogrout-B22-min.png\" \/>\n\t<meta property=\"og:image:width\" content=\"1000\" \/>\n\t<meta property=\"og:image:height\" content=\"1000\" \/>\n<meta name=\"twitter:card\" content=\"summary_large_image\" \/>\n<script type=\"application\/ld+json\" class=\"yoast-schema-graph\">{\"@context\":\"https:\/\/schema.org\",\"@graph\":[{\"@type\":\"WebSite\",\"@id\":\"https:\/\/deutschcolor.com\/al\/#website\",\"url\":\"https:\/\/deutschcolor.com\/al\/\",\"name\":\"Deutschcolor\",\"description\":\"Deutschcolor Albania\",\"potentialAction\":[{\"@type\":\"SearchAction\",\"target\":\"https:\/\/deutschcolor.com\/al\/?s={search_term_string}\",\"query-input\":\"required name=search_term_string\"}],\"inLanguage\":\"en-US\"},{\"@type\":\"ImageObject\",\"@id\":\"https:\/\/deutschcolor.com\/al\/product\/betogrout-b22\/#primaryimage\",\"inLanguage\":\"en-US\",\"url\":\"https:\/\/deutschcolor.com\/al\/wp-content\/uploads\/2019\/12\/Betogrout-B22-min.png\",\"width\":1000,\"height\":1000,\"caption\":\"Lla\\u00e7 m\\u00eb baz\\u00eb \\u00e7imento Betogrout B22 me tharje t\\u00eb shpejt\\u00eb p\\u00ebr ankorime strukturash metalike\"},{\"@type\":\"WebPage\",\"@id\":\"https:\/\/deutschcolor.com\/al\/product\/betogrout-b22\/#webpage\",\"url\":\"https:\/\/deutschcolor.com\/al\/product\/betogrout-b22\/\",\"name\":\"Lla\\u00e7 p\\u00ebr riparim - BETOGROUT B22 - Rezistenc\\u00eb t\\u00eb larta - Deutsch Color\",\"isPartOf\":{\"@id\":\"https:\/\/deutschcolor.com\/al\/#website\"},\"primaryImageOfPage\":{\"@id\":\"https:\/\/deutschcolor.com\/al\/product\/betogrout-b22\/#primaryimage\"},\"datePublished\":\"2019-12-27T10:16:36+00:00\",\"dateModified\":\"2025-07-16T10:01:27+00:00\",\"description\":\"Lla\\u00e7 p\\u00ebr riparim, i p\\u00ebrshtatsh\\u00ebm p\\u00ebr fiksime, ankorime strukturash metalike, vulosje vrimash, dhe ka rezistenca t\\u00eb larta mekanike.\",\"breadcrumb\":{\"@id\":\"https:\/\/deutschcolor.com\/al\/product\/betogrout-b22\/#breadcrumb\"},\"inLanguage\":\"en-US\",\"potentialAction\":[{\"@type\":\"ReadAction\",\"target\":[\"https:\/\/deutschcolor.com\/al\/product\/betogrout-b22\/\"]}]},{\"@type\":\"BreadcrumbList\",\"@id\":\"https:\/\/deutschcolor.com\/al\/product\/betogrout-b22\/#breadcrumb\",\"itemListElement\":[{\"@type\":\"ListItem\",\"position\":1,\"item\":{\"@type\":\"WebPage\",\"@id\":\"https:\/\/deutschcolor.com\/al\/\",\"url\":\"https:\/\/deutschcolor.com\/al\/\",\"name\":\"Home\"}},{\"@type\":\"ListItem\",\"position\":2,\"item\":{\"@type\":\"WebPage\",\"@id\":\"https:\/\/deutschcolor.com\/al\/shop\/\",\"url\":\"https:\/\/deutschcolor.com\/al\/shop\/\",\"name\":\"SHOP\"}},{\"@type\":\"ListItem\",\"position\":3,\"item\":{\"@type\":\"WebPage\",\"@id\":\"https:\/\/deutschcolor.com\/al\/product-category\/llac\/\",\"url\":\"https:\/\/deutschcolor.com\/al\/product-category\/llac\/\",\"name\":\"Lla\\u00e7\"}},{\"@type\":\"ListItem\",\"position\":4,\"item\":{\"@type\":\"WebPage\",\"@id\":\"https:\/\/deutschcolor.com\/al\/product-category\/llac\/llac-per-riparim\/\",\"url\":\"https:\/\/deutschcolor.com\/al\/product-category\/llac\/llac-per-riparim\/\",\"name\":\"5.2. Lla\\u00e7 p\\u00ebr riparim\"}},{\"@type\":\"ListItem\",\"position\":5,\"item\":{\"@type\":\"WebPage\",\"@id\":\"https:\/\/deutschcolor.com\/al\/product\/betogrout-b22\/\",\"url\":\"https:\/\/deutschcolor.com\/al\/product\/betogrout-b22\/\",\"name\":\"BETOGROUT B22\"}}]}]}<\/script>\n<!-- \/ Yoast SEO plugin. -->","_links":{"self":[{"href":"https:\/\/deutschcolor.com\/al\/wp-json\/wp\/v2\/product\/24725","targetHints":{"allow":["GET"]}}],"collection":[{"href":"https:\/\/deutschcolor.com\/al\/wp-json\/wp\/v2\/product"}],"about":[{"href":"https:\/\/deutschcolor.com\/al\/wp-json\/wp\/v2\/types\/product"}],"replies":[{"embeddable":true,"href":"https:\/\/deutschcolor.com\/al\/wp-json\/wp\/v2\/comments?post=24725"}],"wp:featuredmedia":[{"embeddable":true,"href":"https:\/\/deutschcolor.com\/al\/wp-json\/wp\/v2\/media\/24723"}],"wp:attachment":[{"href":"https:\/\/deutschcolor.com\/al\/wp-json\/wp\/v2\/media?parent=24725"}],"curies":[{"name":"wp","href":"https:\/\/api.w.org\/{rel}","templated":true}]}}