{"id":24726,"date":"2019-12-27T10:17:41","date_gmt":"2019-12-27T10:17:41","guid":{"rendered":"https:\/\/deutschcolor.com\/al\/?post_type=product&#038;p=24726"},"modified":"2025-04-05T10:03:04","modified_gmt":"2025-04-05T10:03:04","slug":"betogrout-c57","status":"publish","type":"product","link":"https:\/\/deutschcolor.com\/al\/product\/betogrout-c57\/","title":{"rendered":"BETOGROUT C57"},"content":{"rendered":"<p><strong>KARAKTERISTIKAT<\/strong><br \/>\n&#8211; Lla\u00e7 Me Rezistenc\u00eb e lart\u00eb mekanike<br \/>\n&#8211; Nuk tkurret<br \/>\n&#8211; P\u00ebr p\u00ebrdorim t\u00eb brendsh\u00ebm dhe t\u00eb jasht\u00ebm<br \/>\n&#8211; P\u00ebr arsye t\u00eb lidhjeve hidraulike, t\u00eb polimer\u00ebve t\u00eb posa\u00e7\u00ebm, t\u00eb inerteve t\u00eb p\u00ebrzgjedhura dhe t\u00eb fibrave sintetike q\u00eb p\u00ebrmban, nuk \u00e7ahet.<\/p>\n<p><strong>REKOMANDIME P\u00cbR P\u00cbRDORIM<\/strong><br \/>\n<strong data-start=\"199\" data-end=\"235\">Lla\u00e7 Me Rezistenc\u00eb BETOGROUT C57<\/strong> \u00ebsht\u00eb nj\u00eb zgjidhje teknike ideale p\u00ebr aplikime q\u00eb k\u00ebrkojn\u00eb forc\u00eb t\u00eb lart\u00eb strukturore dhe q\u00ebndrueshm\u00ebri afatgjat\u00eb. Ky lla\u00e7 p\u00ebrdoret gjer\u00ebsisht p\u00ebr <strong data-start=\"383\" data-end=\"417\">fiksime t\u00eb element\u00ebve metalik\u00eb<\/strong>, <strong data-start=\"419\" data-end=\"455\">ankorime t\u00eb strukturave t\u00eb r\u00ebnda<\/strong>, si dhe p\u00ebr <strong data-start=\"468\" data-end=\"506\">vulosje t\u00eb vrimave apo boshll\u00ebqeve<\/strong> n\u00eb sip\u00ebrfaqe betoni apo materiale t\u00eb tjera nd\u00ebrtimore.<\/p>\n<p><strong>KONSUMI <\/strong><br \/>\nRreth 18 kg\/m2\/cm trash\u00ebsi shtres\u00eb<\/p>\n<p><strong>PAKETIMI<\/strong><br \/>\nThas\u00eb letre 25Kg<\/p>\n<p><strong>JET\u00cbGJAT\u00cbSIA DHE RUAJTJA<\/strong><br \/>\n24 muaj n\u00eb qoft\u00eb se ruhet n\u00eb paketim origjinal t\u00eb pahapur, n\u00eb v\u00ebnde t\u00eb mbrojtura nga lag\u00ebshtia dhe ngricat dhe nga temperatura m\u00eb t\u00eb larta se +10C<\/p>\n<p>###<\/p>\n<p>P\u00ebr m\u00eb Shume produkte ndertimi <a href=\"https:\/\/deutschcolor.com\/al\/product-category\/llac\/\">kliko ketu<\/a>. Kemi arritur <a href=\"https:\/\/iso.org\">standartet ISO<\/a> me te larta n\u00eb treg.<\/p>\n","protected":false},"excerpt":{"rendered":"<p>Lla\u00e7 me baz\u00eb \u00e7imento me tharje t\u00eb shpejt\u00eb p\u00ebr ankorime strukturash metalike<\/p>\n","protected":false},"featured_media":24722,"comment_status":"closed","ping_status":"closed","template":"","meta":{"_glsr_average":0,"_glsr_ranking":0,"_glsr_reviews":0},"class_list":["post-24726","product","type-product","status-publish","has-post-thumbnail","hentry","product_cat-llac","product_cat-llac-per-riparim"],"yoast_head":"<!-- This site is optimized with the Yoast SEO plugin v15.0 - https:\/\/yoast.com\/wordpress\/plugins\/seo\/ -->\n<title>Lla\u00e7 Me Rezistenc\u00eb T\u00eb Lart\u00eb Getogrout C57 - Deutsch Color Albania<\/title>\n<meta name=\"description\" content=\"Lla\u00e7 Me Rezistenc\u00eb dhe nje nivel t\u00eb lart\u00eb q\u00ebndrueshm\u00ebrie dhe forc\u00eb, ideal p\u00ebr p\u00ebrdorim n\u00eb projekte q\u00eb k\u00ebrkojn\u00eb rezistenc\u00eb t\u00eb lart\u00eb.\" \/>\n<meta name=\"robots\" content=\"index, follow, max-snippet:-1, max-image-preview:large, max-video-preview:-1\" \/>\n<link rel=\"canonical\" href=\"https:\/\/deutschcolor.com\/al\/product\/betogrout-c57\/\" \/>\n<meta property=\"og:locale\" content=\"en_US\" \/>\n<meta property=\"og:type\" content=\"article\" \/>\n<meta property=\"og:title\" content=\"Lla\u00e7 Me Rezistenc\u00eb T\u00eb Lart\u00eb Getogrout C57 - Deutsch Color Albania\" \/>\n<meta property=\"og:description\" content=\"Lla\u00e7 Me Rezistenc\u00eb dhe nje nivel t\u00eb lart\u00eb q\u00ebndrueshm\u00ebrie dhe forc\u00eb, ideal p\u00ebr p\u00ebrdorim n\u00eb projekte q\u00eb k\u00ebrkojn\u00eb rezistenc\u00eb t\u00eb lart\u00eb.\" \/>\n<meta property=\"og:url\" content=\"https:\/\/deutschcolor.com\/al\/product\/betogrout-c57\/\" \/>\n<meta property=\"og:site_name\" content=\"Deutschcolor\" \/>\n<meta property=\"article:publisher\" content=\"https:\/\/www.facebook.com\/deutschcolorofficial\" \/>\n<meta property=\"article:modified_time\" content=\"2025-04-05T10:03:04+00:00\" \/>\n<meta property=\"og:image\" content=\"https:\/\/deutschcolor.com\/al\/wp-content\/uploads\/2019\/12\/Betogrout-C57-min.png\" \/>\n\t<meta property=\"og:image:width\" content=\"1000\" \/>\n\t<meta property=\"og:image:height\" content=\"1000\" \/>\n<meta name=\"twitter:card\" content=\"summary_large_image\" \/>\n<script type=\"application\/ld+json\" class=\"yoast-schema-graph\">{\"@context\":\"https:\/\/schema.org\",\"@graph\":[{\"@type\":\"WebSite\",\"@id\":\"https:\/\/deutschcolor.com\/al\/#website\",\"url\":\"https:\/\/deutschcolor.com\/al\/\",\"name\":\"Deutschcolor\",\"description\":\"Deutschcolor Albania\",\"potentialAction\":[{\"@type\":\"SearchAction\",\"target\":\"https:\/\/deutschcolor.com\/al\/?s={search_term_string}\",\"query-input\":\"required name=search_term_string\"}],\"inLanguage\":\"en-US\"},{\"@type\":\"ImageObject\",\"@id\":\"https:\/\/deutschcolor.com\/al\/product\/betogrout-c57\/#primaryimage\",\"inLanguage\":\"en-US\",\"url\":\"https:\/\/deutschcolor.com\/al\/wp-content\/uploads\/2019\/12\/Betogrout-C57-min.png\",\"width\":1000,\"height\":1000},{\"@type\":\"WebPage\",\"@id\":\"https:\/\/deutschcolor.com\/al\/product\/betogrout-c57\/#webpage\",\"url\":\"https:\/\/deutschcolor.com\/al\/product\/betogrout-c57\/\",\"name\":\"Lla\\u00e7 Me Rezistenc\\u00eb T\\u00eb Lart\\u00eb Getogrout C57 - Deutsch Color Albania\",\"isPartOf\":{\"@id\":\"https:\/\/deutschcolor.com\/al\/#website\"},\"primaryImageOfPage\":{\"@id\":\"https:\/\/deutschcolor.com\/al\/product\/betogrout-c57\/#primaryimage\"},\"datePublished\":\"2019-12-27T10:17:41+00:00\",\"dateModified\":\"2025-04-05T10:03:04+00:00\",\"description\":\"Lla\\u00e7 Me Rezistenc\\u00eb dhe nje nivel t\\u00eb lart\\u00eb q\\u00ebndrueshm\\u00ebrie dhe forc\\u00eb, ideal p\\u00ebr p\\u00ebrdorim n\\u00eb projekte q\\u00eb k\\u00ebrkojn\\u00eb rezistenc\\u00eb t\\u00eb lart\\u00eb.\",\"breadcrumb\":{\"@id\":\"https:\/\/deutschcolor.com\/al\/product\/betogrout-c57\/#breadcrumb\"},\"inLanguage\":\"en-US\",\"potentialAction\":[{\"@type\":\"ReadAction\",\"target\":[\"https:\/\/deutschcolor.com\/al\/product\/betogrout-c57\/\"]}]},{\"@type\":\"BreadcrumbList\",\"@id\":\"https:\/\/deutschcolor.com\/al\/product\/betogrout-c57\/#breadcrumb\",\"itemListElement\":[{\"@type\":\"ListItem\",\"position\":1,\"item\":{\"@type\":\"WebPage\",\"@id\":\"https:\/\/deutschcolor.com\/al\/\",\"url\":\"https:\/\/deutschcolor.com\/al\/\",\"name\":\"Home\"}},{\"@type\":\"ListItem\",\"position\":2,\"item\":{\"@type\":\"WebPage\",\"@id\":\"https:\/\/deutschcolor.com\/al\/shop\/\",\"url\":\"https:\/\/deutschcolor.com\/al\/shop\/\",\"name\":\"SHOP\"}},{\"@type\":\"ListItem\",\"position\":3,\"item\":{\"@type\":\"WebPage\",\"@id\":\"https:\/\/deutschcolor.com\/al\/product-category\/llac\/\",\"url\":\"https:\/\/deutschcolor.com\/al\/product-category\/llac\/\",\"name\":\"Lla\\u00e7\"}},{\"@type\":\"ListItem\",\"position\":4,\"item\":{\"@type\":\"WebPage\",\"@id\":\"https:\/\/deutschcolor.com\/al\/product-category\/llac\/llac-per-riparim\/\",\"url\":\"https:\/\/deutschcolor.com\/al\/product-category\/llac\/llac-per-riparim\/\",\"name\":\"5.2. Lla\\u00e7 p\\u00ebr riparim\"}},{\"@type\":\"ListItem\",\"position\":5,\"item\":{\"@type\":\"WebPage\",\"@id\":\"https:\/\/deutschcolor.com\/al\/product\/betogrout-c57\/\",\"url\":\"https:\/\/deutschcolor.com\/al\/product\/betogrout-c57\/\",\"name\":\"BETOGROUT C57\"}}]}]}<\/script>\n<!-- \/ Yoast SEO plugin. -->","_links":{"self":[{"href":"https:\/\/deutschcolor.com\/al\/wp-json\/wp\/v2\/product\/24726","targetHints":{"allow":["GET"]}}],"collection":[{"href":"https:\/\/deutschcolor.com\/al\/wp-json\/wp\/v2\/product"}],"about":[{"href":"https:\/\/deutschcolor.com\/al\/wp-json\/wp\/v2\/types\/product"}],"replies":[{"embeddable":true,"href":"https:\/\/deutschcolor.com\/al\/wp-json\/wp\/v2\/comments?post=24726"}],"wp:featuredmedia":[{"embeddable":true,"href":"https:\/\/deutschcolor.com\/al\/wp-json\/wp\/v2\/media\/24722"}],"wp:attachment":[{"href":"https:\/\/deutschcolor.com\/al\/wp-json\/wp\/v2\/media?parent=24726"}],"curies":[{"name":"wp","href":"https:\/\/api.w.org\/{rel}","templated":true}]}}