{"id":24727,"date":"2019-12-27T10:22:01","date_gmt":"2019-12-27T10:22:01","guid":{"rendered":"https:\/\/deutschcolor.com\/al\/?post_type=product&#038;p=24727"},"modified":"2025-05-13T06:43:05","modified_gmt":"2025-05-13T06:43:05","slug":"epodur-m1","status":"publish","type":"product","link":"https:\/\/deutschcolor.com\/al\/product\/epodur-m1\/","title":{"rendered":"EPODUR M1"},"content":{"rendered":"<p><strong>KARAKTERISTIKAT<\/strong><\/p>\n<p>Injeksione me rresin\u00eb n\u00eb \u00e7arjet e <a href=\"https:\/\/deutschcolor.com\/al\/product-category\/llac\/\" target=\"_blank\" rel=\"noopener\">betonit<\/a>:<br \/>\n-Pa solvent<br \/>\n-L\u00ebng i holl\u00eb<br \/>\n-Zero tkurrje<br \/>\n-Fluiditeti i saj lejon rregullimin e \u00e7arjeve t\u00eb vogla<br \/>\n&#8211; Paraqet adezivitet t\u00eb lart\u00eb n\u00eb betonarme dhe n\u00eb \u00e7elik<br \/>\n&#8211; Ka rezistenc\u00eb t\u00eb lart\u00eb n\u00eb shtypje, p\u00ebrkulje dhe acide<br \/>\n&#8211; Nuk ndikohet nga alkalet, ngricat dhe lag\u00ebshtia.<br \/>\n###<br \/>\n<strong>JET\u00cbGJAT\u00cbSIA DHE RUAJTJA <\/strong><br \/>\n24 muaj n\u00ebse ruhet n\u00eb amballazhime t\u00eb mbyllura mir\u00eb, vende t\u00eb thata dhe n\u00eb temperatura me t\u00eb m\u00ebdha se +10oC.<\/p>\n<p><strong>KONSUMI<\/strong><br \/>\nVulosje \u00e7arjesh : 1,1 kg\/l v\u00ebllimi bosh.<\/p>\n<p><strong>PAKETIMI<\/strong><br \/>\nKana\u00e7e 1Kg\/4Kg<\/p>\n<p>###<\/p>\n<p>Gjithashtu operojme si me partneret tane <a href=\"https:\/\/deltacorporation.eu\/\" target=\"_blank\" rel=\"noopener\">Delta Corporation<\/a>.<\/p>\n","protected":false},"excerpt":{"rendered":"<p>Rr\u00ebshir\u00eb epokside prej 2 komponent\u00ebsh p\u00ebr injektim, pa tret\u00ebs, l\u00ebng i holl\u00eb, me tkurrje zero.<\/p>\n","protected":false},"featured_media":24733,"comment_status":"closed","ping_status":"closed","template":"","meta":{"_glsr_average":0,"_glsr_ranking":0,"_glsr_reviews":0},"class_list":["post-24727","product","type-product","status-publish","has-post-thumbnail","hentry","product_cat-llac","product_cat-produkte-injeksioni-dhe-ankorimi"],"yoast_head":"<!-- This site is optimized with the Yoast SEO plugin v15.0 - https:\/\/yoast.com\/wordpress\/plugins\/seo\/ -->\n<title>Injeksione me rresin\u00eb p\u00ebr \u00e7arje betoni - Deutsch Color Zgjidhje Profesionale.<\/title>\n<meta name=\"description\" content=\"Zgjidhje \u00e7arje betoni. P\u00ebrdoret p\u00ebr t\u00eb realizuar injeksione me rresin\u00eb n\u00eb \u00e7arjet e betonit q\u00eb jan\u00eb nga 0,1 - 1 mm t\u00eb gjer\u00eb.\" \/>\n<meta name=\"robots\" content=\"index, follow, max-snippet:-1, max-image-preview:large, max-video-preview:-1\" \/>\n<link rel=\"canonical\" href=\"https:\/\/deutschcolor.com\/al\/product\/epodur-m1\/\" \/>\n<meta property=\"og:locale\" content=\"en_US\" \/>\n<meta property=\"og:type\" content=\"article\" \/>\n<meta property=\"og:title\" content=\"Injeksione me rresin\u00eb p\u00ebr \u00e7arje betoni - Deutsch Color Zgjidhje Profesionale.\" \/>\n<meta property=\"og:description\" content=\"Zgjidhje \u00e7arje betoni. P\u00ebrdoret p\u00ebr t\u00eb realizuar injeksione me rresin\u00eb n\u00eb \u00e7arjet e betonit q\u00eb jan\u00eb nga 0,1 - 1 mm t\u00eb gjer\u00eb.\" \/>\n<meta property=\"og:url\" content=\"https:\/\/deutschcolor.com\/al\/product\/epodur-m1\/\" \/>\n<meta property=\"og:site_name\" content=\"Deutschcolor\" \/>\n<meta property=\"article:publisher\" content=\"https:\/\/www.facebook.com\/deutschcolorofficial\" \/>\n<meta property=\"article:modified_time\" content=\"2025-05-13T06:43:05+00:00\" \/>\n<meta property=\"og:image\" content=\"https:\/\/deutschcolor.com\/al\/wp-content\/uploads\/2019\/12\/EPODUR-M1-A-min.png\" \/>\n\t<meta property=\"og:image:width\" content=\"1000\" \/>\n\t<meta property=\"og:image:height\" content=\"1000\" \/>\n<meta name=\"twitter:card\" content=\"summary_large_image\" \/>\n<script type=\"application\/ld+json\" class=\"yoast-schema-graph\">{\"@context\":\"https:\/\/schema.org\",\"@graph\":[{\"@type\":\"WebSite\",\"@id\":\"https:\/\/deutschcolor.com\/al\/#website\",\"url\":\"https:\/\/deutschcolor.com\/al\/\",\"name\":\"Deutschcolor\",\"description\":\"Deutschcolor Albania\",\"potentialAction\":[{\"@type\":\"SearchAction\",\"target\":\"https:\/\/deutschcolor.com\/al\/?s={search_term_string}\",\"query-input\":\"required name=search_term_string\"}],\"inLanguage\":\"en-US\"},{\"@type\":\"ImageObject\",\"@id\":\"https:\/\/deutschcolor.com\/al\/product\/epodur-m1\/#primaryimage\",\"inLanguage\":\"en-US\",\"url\":\"https:\/\/deutschcolor.com\/al\/wp-content\/uploads\/2019\/12\/EPODUR-M1-A-min.png\",\"width\":1000,\"height\":1000},{\"@type\":\"WebPage\",\"@id\":\"https:\/\/deutschcolor.com\/al\/product\/epodur-m1\/#webpage\",\"url\":\"https:\/\/deutschcolor.com\/al\/product\/epodur-m1\/\",\"name\":\"Injeksione me rresin\\u00eb p\\u00ebr \\u00e7arje betoni - Deutsch Color Zgjidhje Profesionale.\",\"isPartOf\":{\"@id\":\"https:\/\/deutschcolor.com\/al\/#website\"},\"primaryImageOfPage\":{\"@id\":\"https:\/\/deutschcolor.com\/al\/product\/epodur-m1\/#primaryimage\"},\"datePublished\":\"2019-12-27T10:22:01+00:00\",\"dateModified\":\"2025-05-13T06:43:05+00:00\",\"description\":\"Zgjidhje \\u00e7arje betoni. P\\u00ebrdoret p\\u00ebr t\\u00eb realizuar injeksione me rresin\\u00eb n\\u00eb \\u00e7arjet e betonit q\\u00eb jan\\u00eb nga 0,1 - 1 mm t\\u00eb gjer\\u00eb.\",\"breadcrumb\":{\"@id\":\"https:\/\/deutschcolor.com\/al\/product\/epodur-m1\/#breadcrumb\"},\"inLanguage\":\"en-US\",\"potentialAction\":[{\"@type\":\"ReadAction\",\"target\":[\"https:\/\/deutschcolor.com\/al\/product\/epodur-m1\/\"]}]},{\"@type\":\"BreadcrumbList\",\"@id\":\"https:\/\/deutschcolor.com\/al\/product\/epodur-m1\/#breadcrumb\",\"itemListElement\":[{\"@type\":\"ListItem\",\"position\":1,\"item\":{\"@type\":\"WebPage\",\"@id\":\"https:\/\/deutschcolor.com\/al\/\",\"url\":\"https:\/\/deutschcolor.com\/al\/\",\"name\":\"Home\"}},{\"@type\":\"ListItem\",\"position\":2,\"item\":{\"@type\":\"WebPage\",\"@id\":\"https:\/\/deutschcolor.com\/al\/shop\/\",\"url\":\"https:\/\/deutschcolor.com\/al\/shop\/\",\"name\":\"SHOP\"}},{\"@type\":\"ListItem\",\"position\":3,\"item\":{\"@type\":\"WebPage\",\"@id\":\"https:\/\/deutschcolor.com\/al\/product-category\/llac\/\",\"url\":\"https:\/\/deutschcolor.com\/al\/product-category\/llac\/\",\"name\":\"Lla\\u00e7\"}},{\"@type\":\"ListItem\",\"position\":4,\"item\":{\"@type\":\"WebPage\",\"@id\":\"https:\/\/deutschcolor.com\/al\/product-category\/llac\/produkte-injeksioni-dhe-ankorimi\/\",\"url\":\"https:\/\/deutschcolor.com\/al\/product-category\/llac\/produkte-injeksioni-dhe-ankorimi\/\",\"name\":\"5.3. Produkte injeksioni dhe ankorimi\"}},{\"@type\":\"ListItem\",\"position\":5,\"item\":{\"@type\":\"WebPage\",\"@id\":\"https:\/\/deutschcolor.com\/al\/product\/epodur-m1\/\",\"url\":\"https:\/\/deutschcolor.com\/al\/product\/epodur-m1\/\",\"name\":\"EPODUR M1\"}}]}]}<\/script>\n<!-- \/ Yoast SEO plugin. -->","_links":{"self":[{"href":"https:\/\/deutschcolor.com\/al\/wp-json\/wp\/v2\/product\/24727","targetHints":{"allow":["GET"]}}],"collection":[{"href":"https:\/\/deutschcolor.com\/al\/wp-json\/wp\/v2\/product"}],"about":[{"href":"https:\/\/deutschcolor.com\/al\/wp-json\/wp\/v2\/types\/product"}],"replies":[{"embeddable":true,"href":"https:\/\/deutschcolor.com\/al\/wp-json\/wp\/v2\/comments?post=24727"}],"wp:featuredmedia":[{"embeddable":true,"href":"https:\/\/deutschcolor.com\/al\/wp-json\/wp\/v2\/media\/24733"}],"wp:attachment":[{"href":"https:\/\/deutschcolor.com\/al\/wp-json\/wp\/v2\/media?parent=24727"}],"curies":[{"name":"wp","href":"https:\/\/api.w.org\/{rel}","templated":true}]}}