{"id":24736,"date":"2019-12-27T10:27:38","date_gmt":"2019-12-27T10:27:38","guid":{"rendered":"https:\/\/deutschcolor.com\/al\/?post_type=product&#038;p=24736"},"modified":"2025-02-26T11:49:20","modified_gmt":"2025-02-26T11:49:20","slug":"epo-anchor","status":"publish","type":"product","link":"https:\/\/deutschcolor.com\/al\/product\/epo-anchor\/","title":{"rendered":"EPO ANCHOR"},"content":{"rendered":"<p><strong>P\u00cbRSHKRIMI<\/strong><br \/>\n&#8211; Ngjit\u00ebs 2 \u2013 komponent\u00ebsh<br \/>\n&#8211; Nuk p\u00ebrmban solvent<br \/>\n&#8211; Rezistenca t\u00eb larta n\u00eb ngjeshje, p\u00ebrkulje si dhe forc\u00eb ngjit\u00ebse<br \/>\n&#8211; Rezistent ndaj disa acideve, alkaleve, agjent\u00eb g\u00ebrryes p\u00ebr beton, agjent\u00eb pastrimi, uji detit dhe uj\u00eb t\u00eb kripur<br \/>\n&#8211; Punueshmeri e shk\u00eblqyer<\/p>\n<p><strong>FUSHAT E APLIKIMIT<\/strong><br \/>\nEPO ANCHOR aplikohet n\u00eb ato ambiente ku k\u00ebrkohet forc\u00eb e lart\u00eb ndaj ngarkesave mekanike dhe rezistenc\u00eb ndaj agjent\u00ebve kimike. Produkti p\u00ebrdoret p\u00ebr ngjitjen e materialeve t\u00eb nd\u00ebrtimit n\u00eb ambiente industriale. EPO ANCHOR sh\u00ebrben per ngjitjen e membranave TPE n\u00eb fugat e dilatimit duke i rezistuar presioneve negative dhe pozitive.<br \/>\n###<br \/>\n<strong>KONSUMI<\/strong><br \/>\nSi ngjit\u00ebs pllakash: Rreth. 0.8 &#8211; 1 Kg\/m2<\/p>\n<p><strong>PAKETIMI<\/strong><br \/>\nKova plastike 1Kg (A+B) dhe 5Kg (A+B)<\/p>\n<p><strong>JET\u00cbGJAT\u00cbSIA DHE RUAJTJA<\/strong><br \/>\n24 muaj n\u00eb qoft\u00eb se ruhet n\u00eb paketim origjinal t\u00eb mbyllur, n\u00eb ambiente t\u00eb mbrojtura nga lag\u00ebshtia dhe ekspozimit t\u00eb drejtp\u00ebrdrejt\u00eb n\u00eb diellit. Temperatura e magazinimit rekomandohet nd\u00ebrmjet +5\u00b0C dhe +35\u00b0C.<\/p>\n","protected":false},"excerpt":{"rendered":"<p>Ngjit\u00ebs universal me baz\u00eb epokside.<\/p>\n","protected":false},"featured_media":24738,"comment_status":"closed","ping_status":"closed","template":"","meta":{"_glsr_average":0,"_glsr_ranking":0,"_glsr_reviews":0},"class_list":["post-24736","product","type-product","status-publish","has-post-thumbnail","hentry","product_cat-llac","product_cat-produkte-injeksioni-dhe-ankorimi"],"yoast_head":"<!-- This site is optimized with the Yoast SEO plugin v15.0 - https:\/\/yoast.com\/wordpress\/plugins\/seo\/ -->\n<title>EPO ANCHOR p\u00ebrdoret p\u00ebr ngjitjen e materialeve - Deutsch Color<\/title>\n<meta name=\"description\" content=\"Produkti p\u00ebrdoret p\u00ebr ngjitjen e materialeve t\u00eb nd\u00ebrtimit n\u00eb ambiente industriale. EPO ANCHOR sh\u00ebrben per ngjitjen e membranave TPE.\" \/>\n<meta name=\"robots\" content=\"index, follow, max-snippet:-1, max-image-preview:large, max-video-preview:-1\" \/>\n<link rel=\"canonical\" href=\"https:\/\/deutschcolor.com\/al\/product\/epo-anchor\/\" \/>\n<meta property=\"og:locale\" content=\"en_US\" \/>\n<meta property=\"og:type\" content=\"article\" \/>\n<meta property=\"og:title\" content=\"EPO ANCHOR p\u00ebrdoret p\u00ebr ngjitjen e materialeve - Deutsch Color\" \/>\n<meta property=\"og:description\" content=\"Produkti p\u00ebrdoret p\u00ebr ngjitjen e materialeve t\u00eb nd\u00ebrtimit n\u00eb ambiente industriale. EPO ANCHOR sh\u00ebrben per ngjitjen e membranave TPE.\" \/>\n<meta property=\"og:url\" content=\"https:\/\/deutschcolor.com\/al\/product\/epo-anchor\/\" \/>\n<meta property=\"og:site_name\" content=\"Deutschcolor\" \/>\n<meta property=\"article:publisher\" content=\"https:\/\/www.facebook.com\/deutschcolorofficial\" \/>\n<meta property=\"article:modified_time\" content=\"2025-02-26T11:49:20+00:00\" \/>\n<meta property=\"og:image\" content=\"https:\/\/deutschcolor.com\/al\/wp-content\/uploads\/2019\/12\/Epo-Anchor-min.png\" \/>\n\t<meta property=\"og:image:width\" content=\"1000\" \/>\n\t<meta property=\"og:image:height\" content=\"1000\" \/>\n<meta name=\"twitter:card\" content=\"summary_large_image\" \/>\n<script type=\"application\/ld+json\" class=\"yoast-schema-graph\">{\"@context\":\"https:\/\/schema.org\",\"@graph\":[{\"@type\":\"WebSite\",\"@id\":\"https:\/\/deutschcolor.com\/al\/#website\",\"url\":\"https:\/\/deutschcolor.com\/al\/\",\"name\":\"Deutschcolor\",\"description\":\"Deutschcolor Albania\",\"potentialAction\":[{\"@type\":\"SearchAction\",\"target\":\"https:\/\/deutschcolor.com\/al\/?s={search_term_string}\",\"query-input\":\"required name=search_term_string\"}],\"inLanguage\":\"en-US\"},{\"@type\":\"ImageObject\",\"@id\":\"https:\/\/deutschcolor.com\/al\/product\/epo-anchor\/#primaryimage\",\"inLanguage\":\"en-US\",\"url\":\"https:\/\/deutschcolor.com\/al\/wp-content\/uploads\/2019\/12\/Epo-Anchor-min.png\",\"width\":1000,\"height\":1000},{\"@type\":\"WebPage\",\"@id\":\"https:\/\/deutschcolor.com\/al\/product\/epo-anchor\/#webpage\",\"url\":\"https:\/\/deutschcolor.com\/al\/product\/epo-anchor\/\",\"name\":\"EPO ANCHOR p\\u00ebrdoret p\\u00ebr ngjitjen e materialeve - Deutsch Color\",\"isPartOf\":{\"@id\":\"https:\/\/deutschcolor.com\/al\/#website\"},\"primaryImageOfPage\":{\"@id\":\"https:\/\/deutschcolor.com\/al\/product\/epo-anchor\/#primaryimage\"},\"datePublished\":\"2019-12-27T10:27:38+00:00\",\"dateModified\":\"2025-02-26T11:49:20+00:00\",\"description\":\"Produkti p\\u00ebrdoret p\\u00ebr ngjitjen e materialeve t\\u00eb nd\\u00ebrtimit n\\u00eb ambiente industriale. EPO ANCHOR sh\\u00ebrben per ngjitjen e membranave TPE.\",\"breadcrumb\":{\"@id\":\"https:\/\/deutschcolor.com\/al\/product\/epo-anchor\/#breadcrumb\"},\"inLanguage\":\"en-US\",\"potentialAction\":[{\"@type\":\"ReadAction\",\"target\":[\"https:\/\/deutschcolor.com\/al\/product\/epo-anchor\/\"]}]},{\"@type\":\"BreadcrumbList\",\"@id\":\"https:\/\/deutschcolor.com\/al\/product\/epo-anchor\/#breadcrumb\",\"itemListElement\":[{\"@type\":\"ListItem\",\"position\":1,\"item\":{\"@type\":\"WebPage\",\"@id\":\"https:\/\/deutschcolor.com\/al\/\",\"url\":\"https:\/\/deutschcolor.com\/al\/\",\"name\":\"Home\"}},{\"@type\":\"ListItem\",\"position\":2,\"item\":{\"@type\":\"WebPage\",\"@id\":\"https:\/\/deutschcolor.com\/al\/shop\/\",\"url\":\"https:\/\/deutschcolor.com\/al\/shop\/\",\"name\":\"SHOP\"}},{\"@type\":\"ListItem\",\"position\":3,\"item\":{\"@type\":\"WebPage\",\"@id\":\"https:\/\/deutschcolor.com\/al\/product-category\/llac\/\",\"url\":\"https:\/\/deutschcolor.com\/al\/product-category\/llac\/\",\"name\":\"Lla\\u00e7\"}},{\"@type\":\"ListItem\",\"position\":4,\"item\":{\"@type\":\"WebPage\",\"@id\":\"https:\/\/deutschcolor.com\/al\/product-category\/llac\/produkte-injeksioni-dhe-ankorimi\/\",\"url\":\"https:\/\/deutschcolor.com\/al\/product-category\/llac\/produkte-injeksioni-dhe-ankorimi\/\",\"name\":\"5.3. Produkte injeksioni dhe ankorimi\"}},{\"@type\":\"ListItem\",\"position\":5,\"item\":{\"@type\":\"WebPage\",\"@id\":\"https:\/\/deutschcolor.com\/al\/product\/epo-anchor\/\",\"url\":\"https:\/\/deutschcolor.com\/al\/product\/epo-anchor\/\",\"name\":\"EPO ANCHOR\"}}]}]}<\/script>\n<!-- \/ Yoast SEO plugin. -->","_links":{"self":[{"href":"https:\/\/deutschcolor.com\/al\/wp-json\/wp\/v2\/product\/24736","targetHints":{"allow":["GET"]}}],"collection":[{"href":"https:\/\/deutschcolor.com\/al\/wp-json\/wp\/v2\/product"}],"about":[{"href":"https:\/\/deutschcolor.com\/al\/wp-json\/wp\/v2\/types\/product"}],"replies":[{"embeddable":true,"href":"https:\/\/deutschcolor.com\/al\/wp-json\/wp\/v2\/comments?post=24736"}],"wp:featuredmedia":[{"embeddable":true,"href":"https:\/\/deutschcolor.com\/al\/wp-json\/wp\/v2\/media\/24738"}],"wp:attachment":[{"href":"https:\/\/deutschcolor.com\/al\/wp-json\/wp\/v2\/media?parent=24736"}],"curies":[{"name":"wp","href":"https:\/\/api.w.org\/{rel}","templated":true}]}}