{"id":24742,"date":"2019-12-27T10:31:49","date_gmt":"2019-12-27T10:31:49","guid":{"rendered":"https:\/\/deutschcolor.com\/al\/?post_type=product&#038;p=24742"},"modified":"2025-02-25T13:13:53","modified_gmt":"2025-02-25T13:13:53","slug":"dcs-c400","status":"publish","type":"product","link":"https:\/\/deutschcolor.com\/al\/product\/dcs-c400\/","title":{"rendered":"DCS C400"},"content":{"rendered":"<p>KARAKTERISTIKAT<br \/>\n&#8211; Pllaka t\u00eb parafabrikuara p\u00ebrb\u00ebhen nga 100 % fib\u00ebr karboni nj\u00ebdrejtim\u00ebsh gjetur n\u00eb nj\u00eb matric\u00eb rezin\u00eb epokside<br \/>\n&#8211; N\u00eb kombinim me DCS 2K 400 formon material kompozit<br \/>\n&#8211; Forcimi i element\u00ebve strukturore prej betoni<br \/>\n&#8211; Lejon difuzionin e avujve<br \/>\n&#8211; Sigurimin e forcave t\u00eb larta elastike dhe forcave n\u00eb p\u00ebrkulje<br \/>\n###<br \/>\n<strong>Sip\u00ebrfaqja<\/strong><br \/>\nSip\u00ebrfaqja duhet t\u00eb jet\u00eb pa pjes\u00eb t\u00eb shk\u00ebputura, suva, boj\u00eb, vaj ose graso. Pas pastrimit t\u00eb plot\u00eb, sip\u00ebrfaqja ashp\u00ebrsohet me nj\u00eb fur\u00e7\u00eb metalike.<br \/>\n-Te \u00e7arat ekzistuese n\u00eb beton duhet t\u00eb riparohen me injeksione me produktet EPODUR.<br \/>\n-Cepat e jasht\u00ebm duhet t\u00eb rrumbullakosen n\u00eb nj\u00eb rreze prej 10-30 mm.<br \/>\n-Sip\u00ebrfaqja duhet t\u00eb jet\u00eb sa m\u00eb e shesht\u00eb. \u00c7do defekt sip\u00ebrfaq\u00ebsor duhet t\u00eb riparohet duke p\u00ebrdorur EPOWRAP PRIMER.<br \/>\n<strong>PAKETIMI<\/strong><br \/>\nRul 50m x 60cm<\/p>\n","protected":false},"excerpt":{"rendered":"<p>Pllaka karboni p\u00ebr forcimin strukturore<\/p>\n","protected":false},"featured_media":24687,"comment_status":"closed","ping_status":"closed","template":"","meta":{"_glsr_average":0,"_glsr_ranking":0,"_glsr_reviews":0},"class_list":["post-24742","product","type-product","status-publish","has-post-thumbnail","hentry","product_cat-llac","product_cat-structural-reinforce-products-for-concrete"],"yoast_head":"<!-- This site is optimized with the Yoast SEO plugin v15.0 - https:\/\/yoast.com\/wordpress\/plugins\/seo\/ -->\n<title>Dyshek\u00ebt e karbonit - DCS C400 - Deutsch Color - garanton efikasitet maksimal<\/title>\n<meta name=\"description\" content=\"Dyshek\u00ebt e karbonit DCS C400 p\u00ebrdoren si forcim jasht\u00ebsh\u00ebn\u00ebs, p\u00ebr ngjitje dhe lidhje t\u00eb elementeve struktural\u00eb me rrezin\u00ebn epoksi DCS 2K 400.\" \/>\n<meta name=\"robots\" content=\"index, follow, max-snippet:-1, max-image-preview:large, max-video-preview:-1\" \/>\n<link rel=\"canonical\" href=\"https:\/\/deutschcolor.com\/al\/product\/dcs-c400\/\" \/>\n<meta property=\"og:locale\" content=\"en_US\" \/>\n<meta property=\"og:type\" content=\"article\" \/>\n<meta property=\"og:title\" content=\"Dyshek\u00ebt e karbonit - DCS C400 - Deutsch Color - garanton efikasitet maksimal\" \/>\n<meta property=\"og:description\" content=\"Dyshek\u00ebt e karbonit DCS C400 p\u00ebrdoren si forcim jasht\u00ebsh\u00ebn\u00ebs, p\u00ebr ngjitje dhe lidhje t\u00eb elementeve struktural\u00eb me rrezin\u00ebn epoksi DCS 2K 400.\" \/>\n<meta property=\"og:url\" content=\"https:\/\/deutschcolor.com\/al\/product\/dcs-c400\/\" \/>\n<meta property=\"og:site_name\" content=\"Deutschcolor\" \/>\n<meta property=\"article:publisher\" content=\"https:\/\/www.facebook.com\/deutschcolorofficial\" \/>\n<meta property=\"article:modified_time\" content=\"2025-02-25T13:13:53+00:00\" \/>\n<meta property=\"og:image\" content=\"https:\/\/deutschcolor.com\/al\/wp-content\/uploads\/2019\/12\/DCW-200-min.png\" \/>\n\t<meta property=\"og:image:width\" content=\"1000\" \/>\n\t<meta property=\"og:image:height\" content=\"1000\" \/>\n<meta name=\"twitter:card\" content=\"summary_large_image\" \/>\n<script type=\"application\/ld+json\" class=\"yoast-schema-graph\">{\"@context\":\"https:\/\/schema.org\",\"@graph\":[{\"@type\":\"WebSite\",\"@id\":\"https:\/\/deutschcolor.com\/al\/#website\",\"url\":\"https:\/\/deutschcolor.com\/al\/\",\"name\":\"Deutschcolor\",\"description\":\"Deutschcolor Albania\",\"potentialAction\":[{\"@type\":\"SearchAction\",\"target\":\"https:\/\/deutschcolor.com\/al\/?s={search_term_string}\",\"query-input\":\"required name=search_term_string\"}],\"inLanguage\":\"en-US\"},{\"@type\":\"ImageObject\",\"@id\":\"https:\/\/deutschcolor.com\/al\/product\/dcs-c400\/#primaryimage\",\"inLanguage\":\"en-US\",\"url\":\"https:\/\/deutschcolor.com\/al\/wp-content\/uploads\/2019\/12\/DCW-200-min.png\",\"width\":1000,\"height\":1000},{\"@type\":\"WebPage\",\"@id\":\"https:\/\/deutschcolor.com\/al\/product\/dcs-c400\/#webpage\",\"url\":\"https:\/\/deutschcolor.com\/al\/product\/dcs-c400\/\",\"name\":\"Dyshek\\u00ebt e karbonit - DCS C400 - Deutsch Color - garanton efikasitet maksimal\",\"isPartOf\":{\"@id\":\"https:\/\/deutschcolor.com\/al\/#website\"},\"primaryImageOfPage\":{\"@id\":\"https:\/\/deutschcolor.com\/al\/product\/dcs-c400\/#primaryimage\"},\"datePublished\":\"2019-12-27T10:31:49+00:00\",\"dateModified\":\"2025-02-25T13:13:53+00:00\",\"description\":\"Dyshek\\u00ebt e karbonit DCS C400 p\\u00ebrdoren si forcim jasht\\u00ebsh\\u00ebn\\u00ebs, p\\u00ebr ngjitje dhe lidhje t\\u00eb elementeve struktural\\u00eb me rrezin\\u00ebn epoksi DCS 2K 400.\",\"breadcrumb\":{\"@id\":\"https:\/\/deutschcolor.com\/al\/product\/dcs-c400\/#breadcrumb\"},\"inLanguage\":\"en-US\",\"potentialAction\":[{\"@type\":\"ReadAction\",\"target\":[\"https:\/\/deutschcolor.com\/al\/product\/dcs-c400\/\"]}]},{\"@type\":\"BreadcrumbList\",\"@id\":\"https:\/\/deutschcolor.com\/al\/product\/dcs-c400\/#breadcrumb\",\"itemListElement\":[{\"@type\":\"ListItem\",\"position\":1,\"item\":{\"@type\":\"WebPage\",\"@id\":\"https:\/\/deutschcolor.com\/al\/\",\"url\":\"https:\/\/deutschcolor.com\/al\/\",\"name\":\"Home\"}},{\"@type\":\"ListItem\",\"position\":2,\"item\":{\"@type\":\"WebPage\",\"@id\":\"https:\/\/deutschcolor.com\/al\/shop\/\",\"url\":\"https:\/\/deutschcolor.com\/al\/shop\/\",\"name\":\"SHOP\"}},{\"@type\":\"ListItem\",\"position\":3,\"item\":{\"@type\":\"WebPage\",\"@id\":\"https:\/\/deutschcolor.com\/al\/product-category\/llac\/\",\"url\":\"https:\/\/deutschcolor.com\/al\/product-category\/llac\/\",\"name\":\"Lla\\u00e7\"}},{\"@type\":\"ListItem\",\"position\":4,\"item\":{\"@type\":\"WebPage\",\"@id\":\"https:\/\/deutschcolor.com\/al\/product-category\/llac\/structural-reinforce-products-for-concrete\/\",\"url\":\"https:\/\/deutschcolor.com\/al\/product-category\/llac\/structural-reinforce-products-for-concrete\/\",\"name\":\"5.4. Produkte p\\u00ebrforcuese strukturore p\\u00ebr beton\"}},{\"@type\":\"ListItem\",\"position\":5,\"item\":{\"@type\":\"WebPage\",\"@id\":\"https:\/\/deutschcolor.com\/al\/product\/dcs-c400\/\",\"url\":\"https:\/\/deutschcolor.com\/al\/product\/dcs-c400\/\",\"name\":\"DCS C400\"}}]}]}<\/script>\n<!-- \/ Yoast SEO plugin. -->","_links":{"self":[{"href":"https:\/\/deutschcolor.com\/al\/wp-json\/wp\/v2\/product\/24742","targetHints":{"allow":["GET"]}}],"collection":[{"href":"https:\/\/deutschcolor.com\/al\/wp-json\/wp\/v2\/product"}],"about":[{"href":"https:\/\/deutschcolor.com\/al\/wp-json\/wp\/v2\/types\/product"}],"replies":[{"embeddable":true,"href":"https:\/\/deutschcolor.com\/al\/wp-json\/wp\/v2\/comments?post=24742"}],"wp:featuredmedia":[{"embeddable":true,"href":"https:\/\/deutschcolor.com\/al\/wp-json\/wp\/v2\/media\/24687"}],"wp:attachment":[{"href":"https:\/\/deutschcolor.com\/al\/wp-json\/wp\/v2\/media?parent=24742"}],"curies":[{"name":"wp","href":"https:\/\/api.w.org\/{rel}","templated":true}]}}