{"id":24743,"date":"2019-12-27T10:35:03","date_gmt":"2019-12-27T10:35:03","guid":{"rendered":"https:\/\/deutschcolor.com\/al\/?post_type=product&#038;p=24743"},"modified":"2025-02-25T14:24:40","modified_gmt":"2025-02-25T14:24:40","slug":"dcs-2k-level","status":"publish","type":"product","link":"https:\/\/deutschcolor.com\/al\/product\/dcs-2k-level\/","title":{"rendered":"DCS 2K LEVEL"},"content":{"rendered":"<p><strong>KARAKTERISTIKAT<\/strong><br \/>\n&#8211; Pa solvent<br \/>\n&#8211; Ofron lidhje shum\u00eb t\u00eb mir\u00eb me sip\u00ebrfaqen dhe jep rezistenc\u00eb te lart\u00eb fiziko \u2013 mekanike<br \/>\n&#8211; Rezistent ndaj acideve, alkaleve, detergjent\u00ebve, ujit t\u00eb detit dhe ndryshimeve t\u00eb temperaturave<br \/>\n&#8211; \u00cbsht\u00eb klasifikuar si lidh\u00ebs struktural p\u00ebr lla\u00e7ra dhe betone sipas EN 1504 &#8211; 4.<\/p>\n<p><strong>REKOMANDIME P\u00cbR P\u00cbRDORIM<\/strong><br \/>\nDCS 2K LEVEL p\u00ebrdoret p\u00ebr restaurimin e plasaritjeve n\u00eb lla\u00e7ra dhe betone, p\u00ebr ankorime si edhe n\u00eb raste kur duam te mbyllim<br \/>\nplasaritje me DCS 0.1 \u2013 1 mm, EPODUR 0.5 \u2013 3 mm ose DCS. Ngjit betone, hekur, gur\u00eb dhe dru.<br \/>\n###<br \/>\n<strong>KONSUMI<\/strong><br \/>\nAf\u00ebrsisht 1,85 kg\/m2 \/ mm trash\u00ebsi shtres\u00eb.<\/p>\n<p><strong>PAKETIMI<\/strong><br \/>\nKova plastike 15Kg (komp. A) dhe 5Kg (komp. B)<\/p>\n<p><strong>JET\u00cbGJAT\u00cbSIA DHE RUAJTJA<\/strong><br \/>\n12 muaj n\u00ebse ruhet n\u00eb paketim origjinal dhe t\u00eb pahapur, n\u00eb ambiente t\u00eb mbrojtura nga lag\u00ebshtia dhe ekspozimi i drejtp\u00ebrdrejt\u00eb n\u00eb diell. Temperatura e ruajtjes duhet t\u00eb jet\u00eb nd\u00ebrmjet +5\u00b0C dhe +35\u00b0C.<\/p>\n","protected":false},"excerpt":{"rendered":"<p>Stuko me baz\u00eb epokside 2 komponent\u00ebsh<\/p>\n","protected":false},"featured_media":24744,"comment_status":"closed","ping_status":"closed","template":"","meta":{"_glsr_average":0,"_glsr_ranking":0,"_glsr_reviews":0},"class_list":["post-24743","product","type-product","status-publish","has-post-thumbnail","hentry","product_cat-llac","product_cat-structural-reinforce-products-for-concrete"],"yoast_head":"<!-- This site is optimized with the Yoast SEO plugin v15.0 - https:\/\/yoast.com\/wordpress\/plugins\/seo\/ -->\n<title>DCS 2K LEVEL - P\u00ebrdoret p\u00ebr restaurimin - Deutsch Color - Zgjidhje ideale<\/title>\n<meta name=\"description\" content=\"P\u00ebrdoret p\u00ebr restaurimin e \u00e7arjeve n\u00eb mortare dhe beton, p\u00ebr ankorime, si dhe n\u00eb raste kur duam t\u00eb mbyllim \u00e7arje me DCS 0.1 - 1 mm,\" \/>\n<meta name=\"robots\" content=\"index, follow, max-snippet:-1, max-image-preview:large, max-video-preview:-1\" \/>\n<link rel=\"canonical\" href=\"https:\/\/deutschcolor.com\/al\/product\/dcs-2k-level\/\" \/>\n<meta property=\"og:locale\" content=\"en_US\" \/>\n<meta property=\"og:type\" content=\"article\" \/>\n<meta property=\"og:title\" content=\"DCS 2K LEVEL - P\u00ebrdoret p\u00ebr restaurimin - Deutsch Color - Zgjidhje ideale\" \/>\n<meta property=\"og:description\" content=\"P\u00ebrdoret p\u00ebr restaurimin e \u00e7arjeve n\u00eb mortare dhe beton, p\u00ebr ankorime, si dhe n\u00eb raste kur duam t\u00eb mbyllim \u00e7arje me DCS 0.1 - 1 mm,\" \/>\n<meta property=\"og:url\" content=\"https:\/\/deutschcolor.com\/al\/product\/dcs-2k-level\/\" \/>\n<meta property=\"og:site_name\" content=\"Deutschcolor\" \/>\n<meta property=\"article:publisher\" content=\"https:\/\/www.facebook.com\/deutschcolorofficial\" \/>\n<meta property=\"article:modified_time\" content=\"2025-02-25T14:24:40+00:00\" \/>\n<meta property=\"og:image\" content=\"https:\/\/deutschcolor.com\/al\/wp-content\/uploads\/2019\/12\/DCS-2K-LEVEL-min.png\" \/>\n\t<meta property=\"og:image:width\" content=\"1000\" \/>\n\t<meta property=\"og:image:height\" content=\"1000\" \/>\n<meta name=\"twitter:card\" content=\"summary_large_image\" \/>\n<script type=\"application\/ld+json\" class=\"yoast-schema-graph\">{\"@context\":\"https:\/\/schema.org\",\"@graph\":[{\"@type\":\"WebSite\",\"@id\":\"https:\/\/deutschcolor.com\/al\/#website\",\"url\":\"https:\/\/deutschcolor.com\/al\/\",\"name\":\"Deutschcolor\",\"description\":\"Deutschcolor Albania\",\"potentialAction\":[{\"@type\":\"SearchAction\",\"target\":\"https:\/\/deutschcolor.com\/al\/?s={search_term_string}\",\"query-input\":\"required name=search_term_string\"}],\"inLanguage\":\"en-US\"},{\"@type\":\"ImageObject\",\"@id\":\"https:\/\/deutschcolor.com\/al\/product\/dcs-2k-level\/#primaryimage\",\"inLanguage\":\"en-US\",\"url\":\"https:\/\/deutschcolor.com\/al\/wp-content\/uploads\/2019\/12\/DCS-2K-LEVEL-min.png\",\"width\":1000,\"height\":1000},{\"@type\":\"WebPage\",\"@id\":\"https:\/\/deutschcolor.com\/al\/product\/dcs-2k-level\/#webpage\",\"url\":\"https:\/\/deutschcolor.com\/al\/product\/dcs-2k-level\/\",\"name\":\"DCS 2K LEVEL - P\\u00ebrdoret p\\u00ebr restaurimin - Deutsch Color - Zgjidhje ideale\",\"isPartOf\":{\"@id\":\"https:\/\/deutschcolor.com\/al\/#website\"},\"primaryImageOfPage\":{\"@id\":\"https:\/\/deutschcolor.com\/al\/product\/dcs-2k-level\/#primaryimage\"},\"datePublished\":\"2019-12-27T10:35:03+00:00\",\"dateModified\":\"2025-02-25T14:24:40+00:00\",\"description\":\"P\\u00ebrdoret p\\u00ebr restaurimin e \\u00e7arjeve n\\u00eb mortare dhe beton, p\\u00ebr ankorime, si dhe n\\u00eb raste kur duam t\\u00eb mbyllim \\u00e7arje me DCS 0.1 - 1 mm,\",\"breadcrumb\":{\"@id\":\"https:\/\/deutschcolor.com\/al\/product\/dcs-2k-level\/#breadcrumb\"},\"inLanguage\":\"en-US\",\"potentialAction\":[{\"@type\":\"ReadAction\",\"target\":[\"https:\/\/deutschcolor.com\/al\/product\/dcs-2k-level\/\"]}]},{\"@type\":\"BreadcrumbList\",\"@id\":\"https:\/\/deutschcolor.com\/al\/product\/dcs-2k-level\/#breadcrumb\",\"itemListElement\":[{\"@type\":\"ListItem\",\"position\":1,\"item\":{\"@type\":\"WebPage\",\"@id\":\"https:\/\/deutschcolor.com\/al\/\",\"url\":\"https:\/\/deutschcolor.com\/al\/\",\"name\":\"Home\"}},{\"@type\":\"ListItem\",\"position\":2,\"item\":{\"@type\":\"WebPage\",\"@id\":\"https:\/\/deutschcolor.com\/al\/shop\/\",\"url\":\"https:\/\/deutschcolor.com\/al\/shop\/\",\"name\":\"SHOP\"}},{\"@type\":\"ListItem\",\"position\":3,\"item\":{\"@type\":\"WebPage\",\"@id\":\"https:\/\/deutschcolor.com\/al\/product-category\/llac\/\",\"url\":\"https:\/\/deutschcolor.com\/al\/product-category\/llac\/\",\"name\":\"Lla\\u00e7\"}},{\"@type\":\"ListItem\",\"position\":4,\"item\":{\"@type\":\"WebPage\",\"@id\":\"https:\/\/deutschcolor.com\/al\/product-category\/llac\/structural-reinforce-products-for-concrete\/\",\"url\":\"https:\/\/deutschcolor.com\/al\/product-category\/llac\/structural-reinforce-products-for-concrete\/\",\"name\":\"5.4. Produkte p\\u00ebrforcuese strukturore p\\u00ebr beton\"}},{\"@type\":\"ListItem\",\"position\":5,\"item\":{\"@type\":\"WebPage\",\"@id\":\"https:\/\/deutschcolor.com\/al\/product\/dcs-2k-level\/\",\"url\":\"https:\/\/deutschcolor.com\/al\/product\/dcs-2k-level\/\",\"name\":\"DCS 2K LEVEL\"}}]}]}<\/script>\n<!-- \/ Yoast SEO plugin. -->","_links":{"self":[{"href":"https:\/\/deutschcolor.com\/al\/wp-json\/wp\/v2\/product\/24743","targetHints":{"allow":["GET"]}}],"collection":[{"href":"https:\/\/deutschcolor.com\/al\/wp-json\/wp\/v2\/product"}],"about":[{"href":"https:\/\/deutschcolor.com\/al\/wp-json\/wp\/v2\/types\/product"}],"replies":[{"embeddable":true,"href":"https:\/\/deutschcolor.com\/al\/wp-json\/wp\/v2\/comments?post=24743"}],"wp:featuredmedia":[{"embeddable":true,"href":"https:\/\/deutschcolor.com\/al\/wp-json\/wp\/v2\/media\/24744"}],"wp:attachment":[{"href":"https:\/\/deutschcolor.com\/al\/wp-json\/wp\/v2\/media?parent=24743"}],"curies":[{"name":"wp","href":"https:\/\/api.w.org\/{rel}","templated":true}]}}