{"id":24746,"date":"2019-12-27T10:36:38","date_gmt":"2019-12-27T10:36:38","guid":{"rendered":"https:\/\/deutschcolor.com\/al\/?post_type=product&#038;p=24746"},"modified":"2025-02-25T14:57:13","modified_gmt":"2025-02-25T14:57:13","slug":"dcs-2k-primer","status":"publish","type":"product","link":"https:\/\/deutschcolor.com\/al\/product\/dcs-2k-primer\/","title":{"rendered":"DCS 2K PRIMER"},"content":{"rendered":"<p><strong>P\u00cbRSHKRIMI<\/strong><br \/>\nDCS 2K PRIMER \u00ebsht\u00eb nj\u00eb produkt me baz\u00eb epoksi dy \u2013 komponent\u00ebsh, me baz\u00eb uji. Produkti ofron rezistenc\u00eb t\u00eb lart\u00eb fiziko- mekanike, si p.sh. rezistenc\u00eb ndaj g\u00ebrryerjes, rezistenc\u00eb ndaj ujit, acideve, alkaleve, produkteve t\u00eb naft\u00ebs etj.<\/p>\n<p><strong>REKOMANDIME P\u00cbR P\u00cbRDORIM<\/strong><br \/>\nDCS 2K PRIMER p\u00ebrdoret si astar para p\u00ebrdorimit t\u00eb ndonj\u00eb prej produkteve t\u00eb linj\u00ebs DCS Wrap n\u00eb p\u00ebrforcimin e strukturave t\u00eb betonit.<br \/>\n###<br \/>\n<strong>KONSUMI<\/strong><br \/>\n300 gr\/m2 p\u00ebr shtres\u00eb.<\/p>\n<p><strong>PAKETIMI<\/strong><br \/>\nKova plastike 3Kg (komp. A) dhe 1Kg (komp. B)<\/p>\n<p><strong>JET\u00cbGJAT\u00cbSIA DHE RUAJTJA<\/strong><br \/>\n12 muaj n\u00ebse ruhet n\u00eb paketim origjinal dhe t\u00eb pahapur, n\u00eb ambiente t\u00eb mbrojtura nga lag\u00ebshtia dhe ekspozimi i drejtp\u00ebrdrejt\u00eb n\u00eb diell. Temperatura e ruajtjes duhet t\u00eb jet\u00eb nd\u00ebrmjet +5\u00b0C dhe +35\u00b0C.<\/p>\n","protected":false},"excerpt":{"rendered":"<p>Astar dy komponent\u00ebsh me baz\u00eb uji<\/p>\n","protected":false},"featured_media":24748,"comment_status":"closed","ping_status":"closed","template":"","meta":{"_glsr_average":0,"_glsr_ranking":0,"_glsr_reviews":0},"class_list":["post-24746","product","type-product","status-publish","has-post-thumbnail","hentry","product_cat-llac","product_cat-structural-reinforce-products-for-concrete"],"yoast_head":"<!-- This site is optimized with the Yoast SEO plugin v15.0 - https:\/\/yoast.com\/wordpress\/plugins\/seo\/ -->\n<title>DCS 2K PRIMER - Primer p\u00ebrdoret p\u00ebr t\u00eb forcuar strukturat e betonit - Deutschcolor<\/title>\n<meta name=\"description\" content=\"DCS 2K Primer p\u00ebrdoret si PRIMER para p\u00ebrdorimit t\u00eb nj\u00ebrit prej produkteve t\u00eb linj\u00ebs DCS Wrap, p\u00ebr t\u00eb forcuar strukturat e betonit.\" \/>\n<meta name=\"robots\" content=\"index, follow, max-snippet:-1, max-image-preview:large, max-video-preview:-1\" \/>\n<link rel=\"canonical\" href=\"https:\/\/deutschcolor.com\/al\/product\/dcs-2k-primer\/\" \/>\n<meta property=\"og:locale\" content=\"en_US\" \/>\n<meta property=\"og:type\" content=\"article\" \/>\n<meta property=\"og:title\" content=\"DCS 2K PRIMER - Primer p\u00ebrdoret p\u00ebr t\u00eb forcuar strukturat e betonit - Deutschcolor\" \/>\n<meta property=\"og:description\" content=\"DCS 2K Primer p\u00ebrdoret si PRIMER para p\u00ebrdorimit t\u00eb nj\u00ebrit prej produkteve t\u00eb linj\u00ebs DCS Wrap, p\u00ebr t\u00eb forcuar strukturat e betonit.\" \/>\n<meta property=\"og:url\" content=\"https:\/\/deutschcolor.com\/al\/product\/dcs-2k-primer\/\" \/>\n<meta property=\"og:site_name\" content=\"Deutschcolor\" \/>\n<meta property=\"article:publisher\" content=\"https:\/\/www.facebook.com\/deutschcolorofficial\" \/>\n<meta property=\"article:modified_time\" content=\"2025-02-25T14:57:13+00:00\" \/>\n<meta property=\"og:image\" content=\"https:\/\/deutschcolor.com\/al\/wp-content\/uploads\/2019\/12\/DCS-2K-PRIMER-min.png\" \/>\n\t<meta property=\"og:image:width\" content=\"1000\" \/>\n\t<meta property=\"og:image:height\" content=\"1000\" \/>\n<meta name=\"twitter:card\" content=\"summary_large_image\" \/>\n<script type=\"application\/ld+json\" class=\"yoast-schema-graph\">{\"@context\":\"https:\/\/schema.org\",\"@graph\":[{\"@type\":\"WebSite\",\"@id\":\"https:\/\/deutschcolor.com\/al\/#website\",\"url\":\"https:\/\/deutschcolor.com\/al\/\",\"name\":\"Deutschcolor\",\"description\":\"Deutschcolor Albania\",\"potentialAction\":[{\"@type\":\"SearchAction\",\"target\":\"https:\/\/deutschcolor.com\/al\/?s={search_term_string}\",\"query-input\":\"required name=search_term_string\"}],\"inLanguage\":\"en-US\"},{\"@type\":\"ImageObject\",\"@id\":\"https:\/\/deutschcolor.com\/al\/product\/dcs-2k-primer\/#primaryimage\",\"inLanguage\":\"en-US\",\"url\":\"https:\/\/deutschcolor.com\/al\/wp-content\/uploads\/2019\/12\/DCS-2K-PRIMER-min.png\",\"width\":1000,\"height\":1000},{\"@type\":\"WebPage\",\"@id\":\"https:\/\/deutschcolor.com\/al\/product\/dcs-2k-primer\/#webpage\",\"url\":\"https:\/\/deutschcolor.com\/al\/product\/dcs-2k-primer\/\",\"name\":\"DCS 2K PRIMER - Primer p\\u00ebrdoret p\\u00ebr t\\u00eb forcuar strukturat e betonit - Deutschcolor\",\"isPartOf\":{\"@id\":\"https:\/\/deutschcolor.com\/al\/#website\"},\"primaryImageOfPage\":{\"@id\":\"https:\/\/deutschcolor.com\/al\/product\/dcs-2k-primer\/#primaryimage\"},\"datePublished\":\"2019-12-27T10:36:38+00:00\",\"dateModified\":\"2025-02-25T14:57:13+00:00\",\"description\":\"DCS 2K Primer p\\u00ebrdoret si PRIMER para p\\u00ebrdorimit t\\u00eb nj\\u00ebrit prej produkteve t\\u00eb linj\\u00ebs DCS Wrap, p\\u00ebr t\\u00eb forcuar strukturat e betonit.\",\"breadcrumb\":{\"@id\":\"https:\/\/deutschcolor.com\/al\/product\/dcs-2k-primer\/#breadcrumb\"},\"inLanguage\":\"en-US\",\"potentialAction\":[{\"@type\":\"ReadAction\",\"target\":[\"https:\/\/deutschcolor.com\/al\/product\/dcs-2k-primer\/\"]}]},{\"@type\":\"BreadcrumbList\",\"@id\":\"https:\/\/deutschcolor.com\/al\/product\/dcs-2k-primer\/#breadcrumb\",\"itemListElement\":[{\"@type\":\"ListItem\",\"position\":1,\"item\":{\"@type\":\"WebPage\",\"@id\":\"https:\/\/deutschcolor.com\/al\/\",\"url\":\"https:\/\/deutschcolor.com\/al\/\",\"name\":\"Home\"}},{\"@type\":\"ListItem\",\"position\":2,\"item\":{\"@type\":\"WebPage\",\"@id\":\"https:\/\/deutschcolor.com\/al\/shop\/\",\"url\":\"https:\/\/deutschcolor.com\/al\/shop\/\",\"name\":\"SHOP\"}},{\"@type\":\"ListItem\",\"position\":3,\"item\":{\"@type\":\"WebPage\",\"@id\":\"https:\/\/deutschcolor.com\/al\/product-category\/llac\/\",\"url\":\"https:\/\/deutschcolor.com\/al\/product-category\/llac\/\",\"name\":\"Lla\\u00e7\"}},{\"@type\":\"ListItem\",\"position\":4,\"item\":{\"@type\":\"WebPage\",\"@id\":\"https:\/\/deutschcolor.com\/al\/product-category\/llac\/structural-reinforce-products-for-concrete\/\",\"url\":\"https:\/\/deutschcolor.com\/al\/product-category\/llac\/structural-reinforce-products-for-concrete\/\",\"name\":\"5.4. Produkte p\\u00ebrforcuese strukturore p\\u00ebr beton\"}},{\"@type\":\"ListItem\",\"position\":5,\"item\":{\"@type\":\"WebPage\",\"@id\":\"https:\/\/deutschcolor.com\/al\/product\/dcs-2k-primer\/\",\"url\":\"https:\/\/deutschcolor.com\/al\/product\/dcs-2k-primer\/\",\"name\":\"DCS 2K PRIMER\"}}]}]}<\/script>\n<!-- \/ Yoast SEO plugin. -->","_links":{"self":[{"href":"https:\/\/deutschcolor.com\/al\/wp-json\/wp\/v2\/product\/24746","targetHints":{"allow":["GET"]}}],"collection":[{"href":"https:\/\/deutschcolor.com\/al\/wp-json\/wp\/v2\/product"}],"about":[{"href":"https:\/\/deutschcolor.com\/al\/wp-json\/wp\/v2\/types\/product"}],"replies":[{"embeddable":true,"href":"https:\/\/deutschcolor.com\/al\/wp-json\/wp\/v2\/comments?post=24746"}],"wp:featuredmedia":[{"embeddable":true,"href":"https:\/\/deutschcolor.com\/al\/wp-json\/wp\/v2\/media\/24748"}],"wp:attachment":[{"href":"https:\/\/deutschcolor.com\/al\/wp-json\/wp\/v2\/media?parent=24746"}],"curies":[{"name":"wp","href":"https:\/\/api.w.org\/{rel}","templated":true}]}}