{"id":24749,"date":"2019-12-27T10:38:13","date_gmt":"2019-12-27T10:38:13","guid":{"rendered":"https:\/\/deutschcolor.com\/al\/?post_type=product&#038;p=24749"},"modified":"2025-04-10T10:45:55","modified_gmt":"2025-04-10T10:45:55","slug":"dcs-2k-200","status":"publish","type":"product","link":"https:\/\/deutschcolor.com\/al\/product\/dcs-2k-200\/","title":{"rendered":"DCS 2K 200"},"content":{"rendered":"<p>KARAKTERISTIKAT<br \/>\n&#8211; N\u00eb form\u00eb paste<br \/>\n&#8211; Siguron ngjitshm\u00ebri t\u00eb lart\u00eb me suportin, fort\u00ebsi t\u00eb lart\u00eb dhe rritje t\u00eb rezistencave n\u00eb shtypje dhe p\u00ebrkulje<br \/>\n&#8211; Produkti \u00ebsht\u00eb klasifikuar si nj\u00eb agjent lidh\u00ebs strukturor p\u00ebr p\u00ebrforcim e jasht\u00ebm t\u00eb betonit, sipas EN 1504 &#8211; 4.<\/p>\n<p>REKOMANDIME P\u00cbR P\u00cbRDORIM<br \/>\nDCS 2K 200 p\u00ebrdoret p\u00ebr lidhjen e p\u00eblhurave t\u00eb karbonit p\u00ebr p\u00ebrforcimet strukturore t\u00eb elementeve strukturor\u00eb t\u00eb nd\u00ebrtimit n\u00eb sistemet (F.R.P.).<br \/>\n###<br \/>\n<strong>KONSUMI<\/strong><br \/>\n0.7 &#8211; 1 kg\/m2 p\u00ebr 1 mm trash\u00ebsi<\/p>\n<p><strong>PAKETIMI<\/strong><br \/>\nKova plastike 15Kg (komp. A) dhe 5Kg (komp. B)<\/p>\n<p><strong>JET\u00cbGJAT\u00cbSIA DHE RUAJTJA<\/strong><br \/>\n12 muaj nga data e prodhimit n\u00ebse produkti ruhet n\u00eb ambalazh t\u00eb pahapur dhe i mbrojtur nga ekspozimi i drejtp\u00ebrdrejt\u00eb n\u00eb diell dhe ndaj ngricave.<\/p>\n<p>###<\/p>\n<p>P\u00ebr m\u00eb shume produkte me baze lla\u00e7 <a href=\"https:\/\/deutschcolor.com\/al\/product-category\/llac\/\">kliko ketu<\/a>.<\/p>\n","protected":false},"excerpt":{"rendered":"<p>Ngjit\u00ebs me baz\u00eb epokside dy komponent\u00ebsh p\u00ebr p\u00eblhurat me fibra karboni.<\/p>\n","protected":false},"featured_media":24751,"comment_status":"closed","ping_status":"closed","template":"","meta":{"_glsr_average":0,"_glsr_ranking":0,"_glsr_reviews":0},"class_list":["post-24749","product","type-product","status-publish","has-post-thumbnail","hentry","product_cat-llac","product_cat-structural-reinforce-products-for-concrete"],"yoast_head":"<!-- This site is optimized with the Yoast SEO plugin v15.0 - https:\/\/yoast.com\/wordpress\/plugins\/seo\/ -->\n<title>Ngjit\u00ebs me baz\u00eb epokside - DCS 2K 200 - Deutsch Color<\/title>\n<meta name=\"description\" content=\"Ngjit\u00ebs me baz\u00eb epokside dy komponent\u00ebsh. Ngjitj\u00ebn e p\u00eblhurave me fije karboni, p\u00ebr forcimin struktural t\u00eb elementeve t\u00eb nd\u00ebrtesave.\" \/>\n<meta name=\"robots\" content=\"index, follow, max-snippet:-1, max-image-preview:large, max-video-preview:-1\" \/>\n<link rel=\"canonical\" href=\"https:\/\/deutschcolor.com\/al\/product\/dcs-2k-200\/\" \/>\n<meta property=\"og:locale\" content=\"en_US\" \/>\n<meta property=\"og:type\" content=\"article\" \/>\n<meta property=\"og:title\" content=\"Ngjit\u00ebs me baz\u00eb epokside - DCS 2K 200 - Deutsch Color\" \/>\n<meta property=\"og:description\" content=\"Ngjit\u00ebs me baz\u00eb epokside dy komponent\u00ebsh. Ngjitj\u00ebn e p\u00eblhurave me fije karboni, p\u00ebr forcimin struktural t\u00eb elementeve t\u00eb nd\u00ebrtesave.\" \/>\n<meta property=\"og:url\" content=\"https:\/\/deutschcolor.com\/al\/product\/dcs-2k-200\/\" \/>\n<meta property=\"og:site_name\" content=\"Deutschcolor\" \/>\n<meta property=\"article:publisher\" content=\"https:\/\/www.facebook.com\/deutschcolorofficial\" \/>\n<meta property=\"article:modified_time\" content=\"2025-04-10T10:45:55+00:00\" \/>\n<meta property=\"og:image\" content=\"https:\/\/deutschcolor.com\/al\/wp-content\/uploads\/2019\/12\/DCS-2K-200-min.png\" \/>\n\t<meta property=\"og:image:width\" content=\"1000\" \/>\n\t<meta property=\"og:image:height\" content=\"1000\" \/>\n<meta name=\"twitter:card\" content=\"summary_large_image\" \/>\n<script type=\"application\/ld+json\" class=\"yoast-schema-graph\">{\"@context\":\"https:\/\/schema.org\",\"@graph\":[{\"@type\":\"WebSite\",\"@id\":\"https:\/\/deutschcolor.com\/al\/#website\",\"url\":\"https:\/\/deutschcolor.com\/al\/\",\"name\":\"Deutschcolor\",\"description\":\"Deutschcolor Albania\",\"potentialAction\":[{\"@type\":\"SearchAction\",\"target\":\"https:\/\/deutschcolor.com\/al\/?s={search_term_string}\",\"query-input\":\"required name=search_term_string\"}],\"inLanguage\":\"en-US\"},{\"@type\":\"ImageObject\",\"@id\":\"https:\/\/deutschcolor.com\/al\/product\/dcs-2k-200\/#primaryimage\",\"inLanguage\":\"en-US\",\"url\":\"https:\/\/deutschcolor.com\/al\/wp-content\/uploads\/2019\/12\/DCS-2K-200-min.png\",\"width\":1000,\"height\":1000,\"caption\":\"Ngjit\\u00ebs me baz\\u00eb epokside dy komponent\\u00ebsh.\"},{\"@type\":\"WebPage\",\"@id\":\"https:\/\/deutschcolor.com\/al\/product\/dcs-2k-200\/#webpage\",\"url\":\"https:\/\/deutschcolor.com\/al\/product\/dcs-2k-200\/\",\"name\":\"Ngjit\\u00ebs me baz\\u00eb epokside - DCS 2K 200 - Deutsch Color\",\"isPartOf\":{\"@id\":\"https:\/\/deutschcolor.com\/al\/#website\"},\"primaryImageOfPage\":{\"@id\":\"https:\/\/deutschcolor.com\/al\/product\/dcs-2k-200\/#primaryimage\"},\"datePublished\":\"2019-12-27T10:38:13+00:00\",\"dateModified\":\"2025-04-10T10:45:55+00:00\",\"description\":\"Ngjit\\u00ebs me baz\\u00eb epokside dy komponent\\u00ebsh. Ngjitj\\u00ebn e p\\u00eblhurave me fije karboni, p\\u00ebr forcimin struktural t\\u00eb elementeve t\\u00eb nd\\u00ebrtesave.\",\"breadcrumb\":{\"@id\":\"https:\/\/deutschcolor.com\/al\/product\/dcs-2k-200\/#breadcrumb\"},\"inLanguage\":\"en-US\",\"potentialAction\":[{\"@type\":\"ReadAction\",\"target\":[\"https:\/\/deutschcolor.com\/al\/product\/dcs-2k-200\/\"]}]},{\"@type\":\"BreadcrumbList\",\"@id\":\"https:\/\/deutschcolor.com\/al\/product\/dcs-2k-200\/#breadcrumb\",\"itemListElement\":[{\"@type\":\"ListItem\",\"position\":1,\"item\":{\"@type\":\"WebPage\",\"@id\":\"https:\/\/deutschcolor.com\/al\/\",\"url\":\"https:\/\/deutschcolor.com\/al\/\",\"name\":\"Home\"}},{\"@type\":\"ListItem\",\"position\":2,\"item\":{\"@type\":\"WebPage\",\"@id\":\"https:\/\/deutschcolor.com\/al\/shop\/\",\"url\":\"https:\/\/deutschcolor.com\/al\/shop\/\",\"name\":\"SHOP\"}},{\"@type\":\"ListItem\",\"position\":3,\"item\":{\"@type\":\"WebPage\",\"@id\":\"https:\/\/deutschcolor.com\/al\/product-category\/llac\/\",\"url\":\"https:\/\/deutschcolor.com\/al\/product-category\/llac\/\",\"name\":\"Lla\\u00e7\"}},{\"@type\":\"ListItem\",\"position\":4,\"item\":{\"@type\":\"WebPage\",\"@id\":\"https:\/\/deutschcolor.com\/al\/product-category\/llac\/structural-reinforce-products-for-concrete\/\",\"url\":\"https:\/\/deutschcolor.com\/al\/product-category\/llac\/structural-reinforce-products-for-concrete\/\",\"name\":\"5.4. Produkte p\\u00ebrforcuese strukturore p\\u00ebr beton\"}},{\"@type\":\"ListItem\",\"position\":5,\"item\":{\"@type\":\"WebPage\",\"@id\":\"https:\/\/deutschcolor.com\/al\/product\/dcs-2k-200\/\",\"url\":\"https:\/\/deutschcolor.com\/al\/product\/dcs-2k-200\/\",\"name\":\"DCS 2K 200\"}}]}]}<\/script>\n<!-- \/ Yoast SEO plugin. -->","_links":{"self":[{"href":"https:\/\/deutschcolor.com\/al\/wp-json\/wp\/v2\/product\/24749","targetHints":{"allow":["GET"]}}],"collection":[{"href":"https:\/\/deutschcolor.com\/al\/wp-json\/wp\/v2\/product"}],"about":[{"href":"https:\/\/deutschcolor.com\/al\/wp-json\/wp\/v2\/types\/product"}],"replies":[{"embeddable":true,"href":"https:\/\/deutschcolor.com\/al\/wp-json\/wp\/v2\/comments?post=24749"}],"wp:featuredmedia":[{"embeddable":true,"href":"https:\/\/deutschcolor.com\/al\/wp-json\/wp\/v2\/media\/24751"}],"wp:attachment":[{"href":"https:\/\/deutschcolor.com\/al\/wp-json\/wp\/v2\/media?parent=24749"}],"curies":[{"name":"wp","href":"https:\/\/api.w.org\/{rel}","templated":true}]}}