{"id":24755,"date":"2019-12-27T10:41:22","date_gmt":"2019-12-27T10:41:22","guid":{"rendered":"https:\/\/deutschcolor.com\/al\/?post_type=product&#038;p=24755"},"modified":"2025-02-26T07:26:14","modified_gmt":"2025-02-26T07:26:14","slug":"dcs-2k-400","status":"publish","type":"product","link":"https:\/\/deutschcolor.com\/al\/product\/dcs-2k-400\/","title":{"rendered":"DCS 2K 400"},"content":{"rendered":"<p>KARAKTERISTIKAT<br \/>\nDCS 2K 400 \u00ebsht\u00eb nj\u00eb ngjit\u00ebs epoksid dy\u2013komponent\u00ebsh n\u00eb form\u00eb paste.<br \/>\n&#8211; Pas ngurt\u00ebsimit, siguron ngjitshm\u00ebri t\u00eb lart\u00eb me suportin, fort\u00ebsi t\u00eb lart\u00eb dhe rritje t\u00eb rezistencave n\u00eb shtypje dhe p\u00ebrkulje.<br \/>\n&#8211; Produkti \u00ebsht\u00eb klasifikuar si nj\u00eb agjent lidh\u00ebs strukturor p\u00ebr p\u00ebrforcim t\u00eb jasht\u00ebm t\u00eb betonit, sipas EN 1504 &#8211; 4.<\/p>\n<p>REKOMANDIME P\u00cbR P\u00cbRDORIM<br \/>\nDCS 2K 400 p\u00ebrdoret p\u00ebr lidhjen e pllakave t\u00eb karbonit p\u00ebr p\u00ebrforcimet strukturore t\u00eb element\u00ebve strukturore t\u00eb nd\u00ebrtimit n\u00eb sistemet (F.R.P.).<br \/>\n###<br \/>\n<strong>KONSUMI<\/strong><br \/>\n1.5 &#8211; 2.0 kg\/m2 per 1mm trash\u00ebsi<\/p>\n<p><strong>PAKETIMI<\/strong><br \/>\nKova plastike 15Kg (komp. A) dhe 5Kg (komp. B)<\/p>\n<p><strong>JET\u00cbGJAT\u00cbSIA DHE RUAJTJA<\/strong><br \/>\n12 muaj n\u00ebse produkti ruhet n\u00eb ambalazh t\u00eb pahapur dhe i mbrojtur nga ekspozimi i drejtp\u00ebrdrejt\u00eb n\u00eb diell dhe ndaj ngricave.<\/p>\n","protected":false},"excerpt":{"rendered":"<p>Ngjit\u00ebs me baz\u00eb epokside dy-komponent\u00ebsh, p\u00ebr pllakat me fibra karboni.<\/p>\n","protected":false},"featured_media":24757,"comment_status":"closed","ping_status":"closed","template":"","meta":{"_glsr_average":0,"_glsr_ranking":0,"_glsr_reviews":0},"class_list":["post-24755","product","type-product","status-publish","has-post-thumbnail","hentry","product_cat-llac","product_cat-structural-reinforce-products-for-concrete"],"yoast_head":"<!-- This site is optimized with the Yoast SEO plugin v15.0 - https:\/\/yoast.com\/wordpress\/plugins\/seo\/ -->\n<title>DCS 2K 400 - Agjent lidh\u00ebs strukturor - Deutsch Color - certifikim EN 1504 - 4<\/title>\n<meta name=\"description\" content=\"Agjent lidh\u00ebs strukturor p\u00ebr p\u00ebrforcim t\u00eb jasht\u00ebm t\u00eb betonit,. Produkti \u00ebsht\u00eb klasifikuar me certifikim EN 1504 - 4 si nj\u00eb agjent lidh\u00ebs.\" \/>\n<meta name=\"robots\" content=\"index, follow, max-snippet:-1, max-image-preview:large, max-video-preview:-1\" \/>\n<link rel=\"canonical\" href=\"https:\/\/deutschcolor.com\/al\/product\/dcs-2k-400\/\" \/>\n<meta property=\"og:locale\" content=\"en_US\" \/>\n<meta property=\"og:type\" content=\"article\" \/>\n<meta property=\"og:title\" content=\"DCS 2K 400 - Agjent lidh\u00ebs strukturor - Deutsch Color - certifikim EN 1504 - 4\" \/>\n<meta property=\"og:description\" content=\"Agjent lidh\u00ebs strukturor p\u00ebr p\u00ebrforcim t\u00eb jasht\u00ebm t\u00eb betonit,. Produkti \u00ebsht\u00eb klasifikuar me certifikim EN 1504 - 4 si nj\u00eb agjent lidh\u00ebs.\" \/>\n<meta property=\"og:url\" content=\"https:\/\/deutschcolor.com\/al\/product\/dcs-2k-400\/\" \/>\n<meta property=\"og:site_name\" content=\"Deutschcolor\" \/>\n<meta property=\"article:publisher\" content=\"https:\/\/www.facebook.com\/deutschcolorofficial\" \/>\n<meta property=\"article:modified_time\" content=\"2025-02-26T07:26:14+00:00\" \/>\n<meta property=\"og:image\" content=\"https:\/\/deutschcolor.com\/al\/wp-content\/uploads\/2019\/12\/DCS-2K-400-min.png\" \/>\n\t<meta property=\"og:image:width\" content=\"1000\" \/>\n\t<meta property=\"og:image:height\" content=\"1000\" \/>\n<meta name=\"twitter:card\" content=\"summary_large_image\" \/>\n<script type=\"application\/ld+json\" class=\"yoast-schema-graph\">{\"@context\":\"https:\/\/schema.org\",\"@graph\":[{\"@type\":\"WebSite\",\"@id\":\"https:\/\/deutschcolor.com\/al\/#website\",\"url\":\"https:\/\/deutschcolor.com\/al\/\",\"name\":\"Deutschcolor\",\"description\":\"Deutschcolor Albania\",\"potentialAction\":[{\"@type\":\"SearchAction\",\"target\":\"https:\/\/deutschcolor.com\/al\/?s={search_term_string}\",\"query-input\":\"required name=search_term_string\"}],\"inLanguage\":\"en-US\"},{\"@type\":\"ImageObject\",\"@id\":\"https:\/\/deutschcolor.com\/al\/product\/dcs-2k-400\/#primaryimage\",\"inLanguage\":\"en-US\",\"url\":\"https:\/\/deutschcolor.com\/al\/wp-content\/uploads\/2019\/12\/DCS-2K-400-min.png\",\"width\":1000,\"height\":1000},{\"@type\":\"WebPage\",\"@id\":\"https:\/\/deutschcolor.com\/al\/product\/dcs-2k-400\/#webpage\",\"url\":\"https:\/\/deutschcolor.com\/al\/product\/dcs-2k-400\/\",\"name\":\"DCS 2K 400 - Agjent lidh\\u00ebs strukturor - Deutsch Color - certifikim EN 1504 - 4\",\"isPartOf\":{\"@id\":\"https:\/\/deutschcolor.com\/al\/#website\"},\"primaryImageOfPage\":{\"@id\":\"https:\/\/deutschcolor.com\/al\/product\/dcs-2k-400\/#primaryimage\"},\"datePublished\":\"2019-12-27T10:41:22+00:00\",\"dateModified\":\"2025-02-26T07:26:14+00:00\",\"description\":\"Agjent lidh\\u00ebs strukturor p\\u00ebr p\\u00ebrforcim t\\u00eb jasht\\u00ebm t\\u00eb betonit,. Produkti \\u00ebsht\\u00eb klasifikuar me certifikim EN 1504 - 4 si nj\\u00eb agjent lidh\\u00ebs.\",\"breadcrumb\":{\"@id\":\"https:\/\/deutschcolor.com\/al\/product\/dcs-2k-400\/#breadcrumb\"},\"inLanguage\":\"en-US\",\"potentialAction\":[{\"@type\":\"ReadAction\",\"target\":[\"https:\/\/deutschcolor.com\/al\/product\/dcs-2k-400\/\"]}]},{\"@type\":\"BreadcrumbList\",\"@id\":\"https:\/\/deutschcolor.com\/al\/product\/dcs-2k-400\/#breadcrumb\",\"itemListElement\":[{\"@type\":\"ListItem\",\"position\":1,\"item\":{\"@type\":\"WebPage\",\"@id\":\"https:\/\/deutschcolor.com\/al\/\",\"url\":\"https:\/\/deutschcolor.com\/al\/\",\"name\":\"Home\"}},{\"@type\":\"ListItem\",\"position\":2,\"item\":{\"@type\":\"WebPage\",\"@id\":\"https:\/\/deutschcolor.com\/al\/shop\/\",\"url\":\"https:\/\/deutschcolor.com\/al\/shop\/\",\"name\":\"SHOP\"}},{\"@type\":\"ListItem\",\"position\":3,\"item\":{\"@type\":\"WebPage\",\"@id\":\"https:\/\/deutschcolor.com\/al\/product-category\/llac\/\",\"url\":\"https:\/\/deutschcolor.com\/al\/product-category\/llac\/\",\"name\":\"Lla\\u00e7\"}},{\"@type\":\"ListItem\",\"position\":4,\"item\":{\"@type\":\"WebPage\",\"@id\":\"https:\/\/deutschcolor.com\/al\/product-category\/llac\/structural-reinforce-products-for-concrete\/\",\"url\":\"https:\/\/deutschcolor.com\/al\/product-category\/llac\/structural-reinforce-products-for-concrete\/\",\"name\":\"5.4. Produkte p\\u00ebrforcuese strukturore p\\u00ebr beton\"}},{\"@type\":\"ListItem\",\"position\":5,\"item\":{\"@type\":\"WebPage\",\"@id\":\"https:\/\/deutschcolor.com\/al\/product\/dcs-2k-400\/\",\"url\":\"https:\/\/deutschcolor.com\/al\/product\/dcs-2k-400\/\",\"name\":\"DCS 2K 400\"}}]}]}<\/script>\n<!-- \/ Yoast SEO plugin. -->","_links":{"self":[{"href":"https:\/\/deutschcolor.com\/al\/wp-json\/wp\/v2\/product\/24755","targetHints":{"allow":["GET"]}}],"collection":[{"href":"https:\/\/deutschcolor.com\/al\/wp-json\/wp\/v2\/product"}],"about":[{"href":"https:\/\/deutschcolor.com\/al\/wp-json\/wp\/v2\/types\/product"}],"replies":[{"embeddable":true,"href":"https:\/\/deutschcolor.com\/al\/wp-json\/wp\/v2\/comments?post=24755"}],"wp:featuredmedia":[{"embeddable":true,"href":"https:\/\/deutschcolor.com\/al\/wp-json\/wp\/v2\/media\/24757"}],"wp:attachment":[{"href":"https:\/\/deutschcolor.com\/al\/wp-json\/wp\/v2\/media?parent=24755"}],"curies":[{"name":"wp","href":"https:\/\/api.w.org\/{rel}","templated":true}]}}