{"id":24760,"date":"2019-12-27T10:44:49","date_gmt":"2019-12-27T10:44:49","guid":{"rendered":"https:\/\/deutschcolor.com\/al\/?post_type=product&#038;p=24760"},"modified":"2025-07-17T07:14:25","modified_gmt":"2025-07-17T07:14:25","slug":"beton-contact","status":"publish","type":"product","link":"https:\/\/deutschcolor.com\/al\/product\/beton-contact\/","title":{"rendered":"BETON CONTACT"},"content":{"rendered":"<p><strong>KARAKTERISTIKA <\/strong><br \/>\n1 \u00cbsht\u00eb material i l\u00ebngsh\u00ebm me baz\u00eb <a href=\"https:\/\/en.wikipedia.org\/wiki\/Acrylic_resin?utm_source=chatgpt.com\" target=\"_blank\" rel=\"noopener\">rezine akrilike<\/a>, q\u00eb p\u00ebrdoret p\u00ebr trajtimin e sip\u00ebrfaqeve t\u00eb l\u00ebmuara t\u00eb betonit.<br \/>\n2 Siguron nj\u00eb lidhje shum\u00eb t\u00eb mir\u00eb midis betonit dhe shtresave mbush\u00ebse si lla\u00e7, fino, stuko, <a href=\"https:\/\/deutschcolor.com\/al\/product-category\/hidroizolues\/\" target=\"_blank\" rel=\"noopener\">hidrizolues<\/a>, etj.<br \/>\n3 P\u00ebrdorimi i k\u00ebtij materiali eleminon nevoj\u00ebn e p\u00ebrdorimit t\u00eb sprucos s\u00eb \u00e7imentos n\u00eb sip\u00ebrfaqe t\u00eb l\u00ebmuara t\u00eb betonit.<br \/>\n4 Trajtimi i sip\u00ebrfaqeve me BETON CONTACT siguron nj\u00eb punueshm\u00ebri mjaft t\u00eb mir\u00eb si dhe leht\u00ebsi t\u00eb dukshme n\u00eb aplikimin e shtresave t\u00eb tjera.<br \/>\n5 \u00cbsht\u00eb produkt i gatsh\u00ebm p\u00ebr p\u00ebrdorim.<br \/>\n6 Uniformizon shkall\u00ebn e absorbueshm\u00ebris\u00eb s\u00eb sip\u00ebrfaq\u00ebs ku do t\u00eb aplikohet.<\/p>\n<p><strong>VETIT\u00cb E PRODUKTIT<\/strong><br \/>\n1 Zvog\u00eblon aft\u00ebsin\u00eb uj\u00ebthith\u00ebse t\u00eb suportit<br \/>\n2 Neutralizon vler\u00ebn e pH<br \/>\n3 Nuk ka solvent n\u00eb p\u00ebrb\u00ebrje<br \/>\n###<br \/>\n<strong>APLIKIMI<\/strong><br \/>\nProdukti aplikohet me fur\u00e7\u00eb ose me rul n\u00eb m\u00ebnyr\u00eb uniforme n\u00eb t\u00eb gjith\u00eb sip\u00ebrfaqen. Duhet pritur t\u00eb pakt\u00ebn 12 or\u00eb q\u00eb BETON CONTACT t\u00eb thahet n\u00eb var\u00ebsi t\u00eb temperatur\u00ebs p\u00ebrpara se t\u00eb aplikoni produktin pasardh\u00ebs mbi suport. Temperaturat e ulta si dhe prania e lag\u00ebshtir\u00ebs rrisin ndjesh\u00ebm koh\u00ebn e tharjes. Nuk duhet t\u00eb aplikohet kur suporti ka temperatur\u00eb m\u00eb t\u00eb ul\u00ebt se +5oC. Produkti nuk duhet t\u00eb ket\u00eb kontakt me ujin deri n\u00eb 24 or\u00eb pas aplikimit.<\/p>\n<p><strong>JET\u00cbGJAT\u00cbSIA DHE RUAJTJA<\/strong><br \/>\n24 muaj n\u00ebse ruhet n\u00eb paketimin e vet origjinal t\u00eb pahapur.<\/p>\n<p><strong>KONSUMI<\/strong><br \/>\n0.2 &#8211; 0.25 kg\/m2<\/p>\n<p><strong>PAKETIMI<\/strong><br \/>\nKova plastike 5Kg \/ 20Kg<\/p>\n<p>&nbsp;<\/p>\n<div class=\"product-snippet\" data-id=\"24760\">\r\n<h2 class=\"product-title\">BETON CONTACT<\/h2>\r\n<a href=\"https:\/\/deutschcolor.com\/al\/product\/beton-contact\/\" target=\"_blank\">\r\n<img decoding=\"async\" src=\"https:\/\/deutschcolor.com\/al\/wp-content\/uploads\/2019\/12\/Beton-Contakt-min.png\" alt=\"BETON CONTACT\">\r\n<\/a>\r\n<p class=\"product-description\">\r\nBeton Contact. Primer akrilik ngjit\u00ebs p\u00ebr stuko dekorative.Esht\u00eb nj\u00eb prajm\u00ebr akrilik me ngjyr\u00eb t\u00eb bardh\u00eb ose t\u00eb kuqe, me baz\u00eb uji.\r\n<\/p>\r\n<p>\r\n<strong>\u00c7mimi:<\/strong>\r\n<span class=\"price\" style=\"visibility:hidden;\">1<\/span>\r\n<strong>Data e skadenc\u00ebs:<\/strong> 31.12.2026\r\n<\/p>\r\n<p>\r\n<a href=\"https:\/\/deutschcolor.com\/al\/wp-content\/uploads\/2019\/12\/Beton-Contact.pdf\" target=\"_blank\">\r\nFlet\u00eb teknike (PDF)\r\n<\/a>\r\n<\/p>\r\n<\/div>\r\n\n","protected":false},"excerpt":{"rendered":"<p>Shtres\u00eb lidh\u00ebse q\u00eb p\u00ebrdoret p\u00ebr trajtimin e sip\u00ebrfaqeve t\u00eb l\u00ebmuara t\u00eb betonit p\u00ebr brenda dhe jasht\u00eb<\/p>\n","protected":false},"featured_media":24761,"comment_status":"closed","ping_status":"closed","template":"","meta":{"_glsr_average":0,"_glsr_ranking":0,"_glsr_reviews":0},"class_list":["post-24760","product","type-product","status-publish","has-post-thumbnail","hentry","product_cat-5-5-astar","product_cat-llac"],"yoast_head":"<!-- This site is optimized with the Yoast SEO plugin v15.0 - https:\/\/yoast.com\/wordpress\/plugins\/seo\/ -->\n<title>Astar - Beton Contact - Primer akrilik ngjit\u00ebs - Deutschcolor<\/title>\n<meta name=\"description\" content=\"Beton Contact. Primer akrilik ngjit\u00ebs p\u00ebr stuko dekorative. Esht\u00eb nj\u00eb prajm\u00ebr akrilik me ngjyr\u00eb t\u00eb bardh\u00eb ose t\u00eb kuqe, me baz\u00eb uji.\" \/>\n<meta name=\"robots\" content=\"index, follow, max-snippet:-1, max-image-preview:large, max-video-preview:-1\" \/>\n<link rel=\"canonical\" href=\"https:\/\/deutschcolor.com\/al\/product\/beton-contact\/\" \/>\n<meta property=\"og:locale\" content=\"en_US\" \/>\n<meta property=\"og:type\" content=\"article\" \/>\n<meta property=\"og:title\" content=\"Astar - Beton Contact - Primer akrilik ngjit\u00ebs - Deutschcolor\" \/>\n<meta property=\"og:description\" content=\"Beton Contact. Primer akrilik ngjit\u00ebs p\u00ebr stuko dekorative. Esht\u00eb nj\u00eb prajm\u00ebr akrilik me ngjyr\u00eb t\u00eb bardh\u00eb ose t\u00eb kuqe, me baz\u00eb uji.\" \/>\n<meta property=\"og:url\" content=\"https:\/\/deutschcolor.com\/al\/product\/beton-contact\/\" \/>\n<meta property=\"og:site_name\" content=\"Deutschcolor\" \/>\n<meta property=\"article:publisher\" content=\"https:\/\/www.facebook.com\/deutschcolorofficial\" \/>\n<meta property=\"article:modified_time\" content=\"2025-07-17T07:14:25+00:00\" \/>\n<meta property=\"og:image\" content=\"https:\/\/deutschcolor.com\/al\/wp-content\/uploads\/2019\/12\/Beton-Contakt-min.png\" \/>\n\t<meta property=\"og:image:width\" content=\"1000\" \/>\n\t<meta property=\"og:image:height\" content=\"1000\" \/>\n<meta name=\"twitter:card\" content=\"summary_large_image\" \/>\n<script type=\"application\/ld+json\" class=\"yoast-schema-graph\">{\"@context\":\"https:\/\/schema.org\",\"@graph\":[{\"@type\":\"WebSite\",\"@id\":\"https:\/\/deutschcolor.com\/al\/#website\",\"url\":\"https:\/\/deutschcolor.com\/al\/\",\"name\":\"Deutschcolor\",\"description\":\"Deutschcolor Albania\",\"potentialAction\":[{\"@type\":\"SearchAction\",\"target\":\"https:\/\/deutschcolor.com\/al\/?s={search_term_string}\",\"query-input\":\"required name=search_term_string\"}],\"inLanguage\":\"en-US\"},{\"@type\":\"ImageObject\",\"@id\":\"https:\/\/deutschcolor.com\/al\/product\/beton-contact\/#primaryimage\",\"inLanguage\":\"en-US\",\"url\":\"https:\/\/deutschcolor.com\/al\/wp-content\/uploads\/2019\/12\/Beton-Contakt-min.png\",\"width\":1000,\"height\":1000,\"caption\":\"Primer akrilik ngjit\\u00ebs - Cilesi e larte vetem n\\u00eb Deutsch Color\"},{\"@type\":\"WebPage\",\"@id\":\"https:\/\/deutschcolor.com\/al\/product\/beton-contact\/#webpage\",\"url\":\"https:\/\/deutschcolor.com\/al\/product\/beton-contact\/\",\"name\":\"Astar - Beton Contact - Primer akrilik ngjit\\u00ebs - Deutschcolor\",\"isPartOf\":{\"@id\":\"https:\/\/deutschcolor.com\/al\/#website\"},\"primaryImageOfPage\":{\"@id\":\"https:\/\/deutschcolor.com\/al\/product\/beton-contact\/#primaryimage\"},\"datePublished\":\"2019-12-27T10:44:49+00:00\",\"dateModified\":\"2025-07-17T07:14:25+00:00\",\"description\":\"Beton Contact. Primer akrilik ngjit\\u00ebs p\\u00ebr stuko dekorative. Esht\\u00eb nj\\u00eb prajm\\u00ebr akrilik me ngjyr\\u00eb t\\u00eb bardh\\u00eb ose t\\u00eb kuqe, me baz\\u00eb uji.\",\"breadcrumb\":{\"@id\":\"https:\/\/deutschcolor.com\/al\/product\/beton-contact\/#breadcrumb\"},\"inLanguage\":\"en-US\",\"potentialAction\":[{\"@type\":\"ReadAction\",\"target\":[\"https:\/\/deutschcolor.com\/al\/product\/beton-contact\/\"]}]},{\"@type\":\"BreadcrumbList\",\"@id\":\"https:\/\/deutschcolor.com\/al\/product\/beton-contact\/#breadcrumb\",\"itemListElement\":[{\"@type\":\"ListItem\",\"position\":1,\"item\":{\"@type\":\"WebPage\",\"@id\":\"https:\/\/deutschcolor.com\/al\/\",\"url\":\"https:\/\/deutschcolor.com\/al\/\",\"name\":\"Home\"}},{\"@type\":\"ListItem\",\"position\":2,\"item\":{\"@type\":\"WebPage\",\"@id\":\"https:\/\/deutschcolor.com\/al\/shop\/\",\"url\":\"https:\/\/deutschcolor.com\/al\/shop\/\",\"name\":\"SHOP\"}},{\"@type\":\"ListItem\",\"position\":3,\"item\":{\"@type\":\"WebPage\",\"@id\":\"https:\/\/deutschcolor.com\/al\/product-category\/llac\/\",\"url\":\"https:\/\/deutschcolor.com\/al\/product-category\/llac\/\",\"name\":\"Lla\\u00e7\"}},{\"@type\":\"ListItem\",\"position\":4,\"item\":{\"@type\":\"WebPage\",\"@id\":\"https:\/\/deutschcolor.com\/al\/product-category\/llac\/5-5-astar\/\",\"url\":\"https:\/\/deutschcolor.com\/al\/product-category\/llac\/5-5-astar\/\",\"name\":\"5.5 Astar\"}},{\"@type\":\"ListItem\",\"position\":5,\"item\":{\"@type\":\"WebPage\",\"@id\":\"https:\/\/deutschcolor.com\/al\/product\/beton-contact\/\",\"url\":\"https:\/\/deutschcolor.com\/al\/product\/beton-contact\/\",\"name\":\"BETON CONTACT\"}}]}]}<\/script>\n<!-- \/ Yoast SEO plugin. -->","_links":{"self":[{"href":"https:\/\/deutschcolor.com\/al\/wp-json\/wp\/v2\/product\/24760","targetHints":{"allow":["GET"]}}],"collection":[{"href":"https:\/\/deutschcolor.com\/al\/wp-json\/wp\/v2\/product"}],"about":[{"href":"https:\/\/deutschcolor.com\/al\/wp-json\/wp\/v2\/types\/product"}],"replies":[{"embeddable":true,"href":"https:\/\/deutschcolor.com\/al\/wp-json\/wp\/v2\/comments?post=24760"}],"wp:featuredmedia":[{"embeddable":true,"href":"https:\/\/deutschcolor.com\/al\/wp-json\/wp\/v2\/media\/24761"}],"wp:attachment":[{"href":"https:\/\/deutschcolor.com\/al\/wp-json\/wp\/v2\/media?parent=24760"}],"curies":[{"name":"wp","href":"https:\/\/api.w.org\/{rel}","templated":true}]}}