{"id":24762,"date":"2019-12-27T10:46:38","date_gmt":"2019-12-27T10:46:38","guid":{"rendered":"https:\/\/deutschcolor.com\/al\/?post_type=product&#038;p=24762"},"modified":"2025-02-26T13:17:46","modified_gmt":"2025-02-26T13:17:46","slug":"weiszement","status":"publish","type":"product","link":"https:\/\/deutschcolor.com\/al\/product\/weiszement\/","title":{"rendered":"WEI\u00dfZEMENT"},"content":{"rendered":"<p><strong>KARAKTERISTIKAT<\/strong><br \/>\n\u00c7imento e bardh\u00eb me rezistenca fizike dhe mekanike t\u00eb larta e cila p\u00ebrdoret p\u00ebr prodhimin e betonit, lla\u00e7it, finiturave t\u00eb ndryshme me ose pa pigment. Reagon mir\u00eb me ujin p\u00ebr shkak t\u00eb porozitetit dhe granulometris\u00eb s\u00eb tij t\u00eb zgjedhur m\u00eb t\u00eb vog\u00ebl se 90 mikron.<br \/>\n###<br \/>\n<strong>PAKETIMI<\/strong><br \/>\nThas\u00eb letre 25Kg<\/p>\n","protected":false},"excerpt":{"rendered":"<p>\u00c7imento e bardh\u00eb me rezistenca fizike dhe mekanike t\u00eb larta<\/p>\n","protected":false},"featured_media":24763,"comment_status":"closed","ping_status":"closed","template":"","meta":{"_glsr_average":0,"_glsr_ranking":0,"_glsr_reviews":0},"class_list":["post-24762","product","type-product","status-publish","has-post-thumbnail","hentry","product_cat-llac","product_cat-cimento"],"yoast_head":"<!-- This site is optimized with the Yoast SEO plugin v15.0 - https:\/\/yoast.com\/wordpress\/plugins\/seo\/ -->\n<title>WEI\u00dfZEMENT - P\u00ebrdoret p\u00ebr p\u00ebrgatitjen e betoneve - Deutsch Color<\/title>\n<meta name=\"description\" content=\"P\u00ebrdoret p\u00ebr p\u00ebrgatitjen e betoneve, mortareve dhe p\u00ebr mbylljen e sip\u00ebrfaqeve t\u00eb ndryshme, me ose pa ngjyrues.\" \/>\n<meta name=\"robots\" content=\"index, follow, max-snippet:-1, max-image-preview:large, max-video-preview:-1\" \/>\n<link rel=\"canonical\" href=\"https:\/\/deutschcolor.com\/al\/product\/weiszement\/\" \/>\n<meta property=\"og:locale\" content=\"en_US\" \/>\n<meta property=\"og:type\" content=\"article\" \/>\n<meta property=\"og:title\" content=\"WEI\u00dfZEMENT - P\u00ebrdoret p\u00ebr p\u00ebrgatitjen e betoneve - Deutsch Color\" \/>\n<meta property=\"og:description\" content=\"P\u00ebrdoret p\u00ebr p\u00ebrgatitjen e betoneve, mortareve dhe p\u00ebr mbylljen e sip\u00ebrfaqeve t\u00eb ndryshme, me ose pa ngjyrues.\" \/>\n<meta property=\"og:url\" content=\"https:\/\/deutschcolor.com\/al\/product\/weiszement\/\" \/>\n<meta property=\"og:site_name\" content=\"Deutschcolor\" \/>\n<meta property=\"article:publisher\" content=\"https:\/\/www.facebook.com\/deutschcolorofficial\" \/>\n<meta property=\"article:modified_time\" content=\"2025-02-26T13:17:46+00:00\" \/>\n<meta property=\"og:image\" content=\"https:\/\/deutschcolor.com\/al\/wp-content\/uploads\/2019\/12\/Thesi-Weis-Zement-min.png\" \/>\n\t<meta property=\"og:image:width\" content=\"1000\" \/>\n\t<meta property=\"og:image:height\" content=\"1000\" \/>\n<meta name=\"twitter:card\" content=\"summary_large_image\" \/>\n<script type=\"application\/ld+json\" class=\"yoast-schema-graph\">{\"@context\":\"https:\/\/schema.org\",\"@graph\":[{\"@type\":\"WebSite\",\"@id\":\"https:\/\/deutschcolor.com\/al\/#website\",\"url\":\"https:\/\/deutschcolor.com\/al\/\",\"name\":\"Deutschcolor\",\"description\":\"Deutschcolor Albania\",\"potentialAction\":[{\"@type\":\"SearchAction\",\"target\":\"https:\/\/deutschcolor.com\/al\/?s={search_term_string}\",\"query-input\":\"required name=search_term_string\"}],\"inLanguage\":\"en-US\"},{\"@type\":\"ImageObject\",\"@id\":\"https:\/\/deutschcolor.com\/al\/product\/weiszement\/#primaryimage\",\"inLanguage\":\"en-US\",\"url\":\"https:\/\/deutschcolor.com\/al\/wp-content\/uploads\/2019\/12\/Thesi-Weis-Zement-min.png\",\"width\":1000,\"height\":1000},{\"@type\":\"WebPage\",\"@id\":\"https:\/\/deutschcolor.com\/al\/product\/weiszement\/#webpage\",\"url\":\"https:\/\/deutschcolor.com\/al\/product\/weiszement\/\",\"name\":\"WEI\\u00dfZEMENT - P\\u00ebrdoret p\\u00ebr p\\u00ebrgatitjen e betoneve - Deutsch Color\",\"isPartOf\":{\"@id\":\"https:\/\/deutschcolor.com\/al\/#website\"},\"primaryImageOfPage\":{\"@id\":\"https:\/\/deutschcolor.com\/al\/product\/weiszement\/#primaryimage\"},\"datePublished\":\"2019-12-27T10:46:38+00:00\",\"dateModified\":\"2025-02-26T13:17:46+00:00\",\"description\":\"P\\u00ebrdoret p\\u00ebr p\\u00ebrgatitjen e betoneve, mortareve dhe p\\u00ebr mbylljen e sip\\u00ebrfaqeve t\\u00eb ndryshme, me ose pa ngjyrues.\",\"breadcrumb\":{\"@id\":\"https:\/\/deutschcolor.com\/al\/product\/weiszement\/#breadcrumb\"},\"inLanguage\":\"en-US\",\"potentialAction\":[{\"@type\":\"ReadAction\",\"target\":[\"https:\/\/deutschcolor.com\/al\/product\/weiszement\/\"]}]},{\"@type\":\"BreadcrumbList\",\"@id\":\"https:\/\/deutschcolor.com\/al\/product\/weiszement\/#breadcrumb\",\"itemListElement\":[{\"@type\":\"ListItem\",\"position\":1,\"item\":{\"@type\":\"WebPage\",\"@id\":\"https:\/\/deutschcolor.com\/al\/\",\"url\":\"https:\/\/deutschcolor.com\/al\/\",\"name\":\"Home\"}},{\"@type\":\"ListItem\",\"position\":2,\"item\":{\"@type\":\"WebPage\",\"@id\":\"https:\/\/deutschcolor.com\/al\/shop\/\",\"url\":\"https:\/\/deutschcolor.com\/al\/shop\/\",\"name\":\"SHOP\"}},{\"@type\":\"ListItem\",\"position\":3,\"item\":{\"@type\":\"WebPage\",\"@id\":\"https:\/\/deutschcolor.com\/al\/product-category\/llac\/\",\"url\":\"https:\/\/deutschcolor.com\/al\/product-category\/llac\/\",\"name\":\"Lla\\u00e7\"}},{\"@type\":\"ListItem\",\"position\":4,\"item\":{\"@type\":\"WebPage\",\"@id\":\"https:\/\/deutschcolor.com\/al\/product-category\/llac\/cimento\/\",\"url\":\"https:\/\/deutschcolor.com\/al\/product-category\/llac\/cimento\/\",\"name\":\"5.6. \\u00c7imento\"}},{\"@type\":\"ListItem\",\"position\":5,\"item\":{\"@type\":\"WebPage\",\"@id\":\"https:\/\/deutschcolor.com\/al\/product\/weiszement\/\",\"url\":\"https:\/\/deutschcolor.com\/al\/product\/weiszement\/\",\"name\":\"WEI\\u00dfZEMENT\"}}]}]}<\/script>\n<!-- \/ Yoast SEO plugin. -->","_links":{"self":[{"href":"https:\/\/deutschcolor.com\/al\/wp-json\/wp\/v2\/product\/24762","targetHints":{"allow":["GET"]}}],"collection":[{"href":"https:\/\/deutschcolor.com\/al\/wp-json\/wp\/v2\/product"}],"about":[{"href":"https:\/\/deutschcolor.com\/al\/wp-json\/wp\/v2\/types\/product"}],"replies":[{"embeddable":true,"href":"https:\/\/deutschcolor.com\/al\/wp-json\/wp\/v2\/comments?post=24762"}],"wp:featuredmedia":[{"embeddable":true,"href":"https:\/\/deutschcolor.com\/al\/wp-json\/wp\/v2\/media\/24763"}],"wp:attachment":[{"href":"https:\/\/deutschcolor.com\/al\/wp-json\/wp\/v2\/media?parent=24762"}],"curies":[{"name":"wp","href":"https:\/\/api.w.org\/{rel}","templated":true}]}}