{"id":24768,"date":"2019-12-27T10:51:00","date_gmt":"2019-12-27T10:51:00","guid":{"rendered":"https:\/\/deutschcolor.com\/al\/?post_type=product&#038;p=24768"},"modified":"2025-03-12T14:18:45","modified_gmt":"2025-03-12T14:18:45","slug":"plastolit","status":"publish","type":"product","link":"https:\/\/deutschcolor.com\/al\/product\/plastolit\/","title":{"rendered":"PLASTOLIT"},"content":{"rendered":"<p><strong>KARAKTERISTIKAT<\/strong><br \/>\nPlastolit \u00ebsht\u00eb nj\u00eb produkt i l\u00ebngsh\u00ebm q\u00eb i jep lla\u00e7it me baz\u00eb \u00e7imentoje plasticitet, fuqi lidh\u00ebse dhe t\u00eb gjitha avantazhet e g\u00eblqeres. \u00cbsht\u00eb shtesa ideale p\u00ebr prodhimin e lla\u00e7it p\u00ebr nd\u00ebrtim, suva, shtresa t\u00eb varf\u00ebra etj. Shtohet n\u00eb ujin q\u00eb i hidhet lla\u00e7it dhe p\u00ebr shkak t\u00eb plasticitetit sasia e ujit t\u00eb k\u00ebrkuar \u00ebsht\u00eb m\u00eb e vog\u00ebl.<\/p>\n<p><strong>P\u00cbRGATITJA E PRODUKTIT<\/strong><br \/>\nReduktojni sasin\u00eb e ujit p\u00ebr lla\u00e7in duke e z\u00ebv\u00ebnd\u00ebsuar g\u00eblqeren me PLASTOLIT.<br \/>\n\u2022 Lla\u00e7 p\u00ebr mure dhe shtresa t\u00eb varfra:<br \/>\n50g plastolit p\u00ebr 25 Kg \u00e7imento (0.2%)<br \/>\n\u2022 P\u00ebr p\u00ebrgatitjen e 1m3 lla\u00e7 nevojiten:<br \/>\n\u00c7imento: 225 Kg<br \/>\nR\u00ebr\u00eb: 0.90 m3<br \/>\nPLASTOLIT: 450 g<br \/>\n\u2022 P\u00ebr p\u00ebrgatitjen e lla\u00e7it p\u00ebr suvatim:<br \/>\n75 g PLASTOLIT p\u00ebr 25 Kg \u00e7imento (0.3%).<br \/>\n###<br \/>\n<strong>SHENIME<\/strong><br \/>\nPLASTOLIT ofron nj\u00eb punueshm\u00ebri m\u00eb t\u00eb mir\u00eb kur p\u00ebrzihet me r\u00ebr\u00eb me granulometri t\u00eb seleksionuar. Dozimi shtes\u00eb (m\u00eb shum\u00eb se 0.4% e pesh\u00ebs se \u00e7imentos) do t\u00eb reduktoj\u00eb fort\u00ebsin\u00eb e lla\u00e7it.<\/p>\n<p><strong>JET\u00cbGJAT\u00cbSIA DHE RUAJTJA<\/strong><br \/>\n18 muaj n\u00eb qoft\u00eb se ruhet n\u00eb paketim origjinal, i pahapur, n\u00eb temperatura midis +5\u00b0C dhe +35\u00b0C. T\u00eb mbrohet nga ekspozimi direkt n\u00eb diell dhe nga ngricat.<\/p>\n<p><strong>KONSUMI<\/strong><br \/>\n300 &#8211; 500 gr\/ 100Kg<\/p>\n<p><strong>PAKETIMI<\/strong><br \/>\nBidona plastik 1Kg \/ 5Kg \/ 10Kg<\/p>\n","protected":false},"excerpt":{"rendered":"<p>C LLA\u00c7I \u2013 Z\u00cbVEND\u00cbSUES I G\u00cbLQERES.<\/p>\n","protected":false},"featured_media":24769,"comment_status":"closed","ping_status":"closed","template":"","meta":{"_glsr_average":0,"_glsr_ranking":0,"_glsr_reviews":0},"class_list":["post-24768","product","type-product","status-publish","has-post-thumbnail","hentry","product_cat-aditive","product_cat-aditive-per-llac"],"yoast_head":"<!-- This site is optimized with the Yoast SEO plugin v15.0 - https:\/\/yoast.com\/wordpress\/plugins\/seo\/ -->\n<title>PLASTOLIT - Deutschcolor<\/title>\n<meta name=\"description\" content=\"Ofron nj\u00eb punueshm\u00ebri m\u00eb t\u00eb mir\u00eb kur p\u00ebrzihet me r\u00ebr\u00eb me granulometri t\u00eb seleksionuar. Cilesi p\u00ebr shtepine dhe zyr\u00ebn tuaj me Plastolit.\" \/>\n<meta name=\"robots\" content=\"index, follow, max-snippet:-1, max-image-preview:large, max-video-preview:-1\" \/>\n<link rel=\"canonical\" href=\"https:\/\/deutschcolor.com\/al\/product\/plastolit\/\" \/>\n<meta property=\"og:locale\" content=\"en_US\" \/>\n<meta property=\"og:type\" content=\"article\" \/>\n<meta property=\"og:title\" content=\"PLASTOLIT - Deutschcolor\" \/>\n<meta property=\"og:description\" content=\"Ofron nj\u00eb punueshm\u00ebri m\u00eb t\u00eb mir\u00eb kur p\u00ebrzihet me r\u00ebr\u00eb me granulometri t\u00eb seleksionuar. Cilesi p\u00ebr shtepine dhe zyr\u00ebn tuaj me Plastolit.\" \/>\n<meta property=\"og:url\" content=\"https:\/\/deutschcolor.com\/al\/product\/plastolit\/\" \/>\n<meta property=\"og:site_name\" content=\"Deutschcolor\" \/>\n<meta property=\"article:publisher\" content=\"https:\/\/www.facebook.com\/deutschcolorofficial\" \/>\n<meta property=\"article:modified_time\" content=\"2025-03-12T14:18:45+00:00\" \/>\n<meta property=\"og:image\" content=\"https:\/\/deutschcolor.com\/al\/wp-content\/uploads\/2019\/12\/Plastolit-min.png\" \/>\n\t<meta property=\"og:image:width\" content=\"1000\" \/>\n\t<meta property=\"og:image:height\" content=\"1000\" \/>\n<meta name=\"twitter:card\" content=\"summary_large_image\" \/>\n<script type=\"application\/ld+json\" class=\"yoast-schema-graph\">{\"@context\":\"https:\/\/schema.org\",\"@graph\":[{\"@type\":\"WebSite\",\"@id\":\"https:\/\/deutschcolor.com\/al\/#website\",\"url\":\"https:\/\/deutschcolor.com\/al\/\",\"name\":\"Deutschcolor\",\"description\":\"Deutschcolor Albania\",\"potentialAction\":[{\"@type\":\"SearchAction\",\"target\":\"https:\/\/deutschcolor.com\/al\/?s={search_term_string}\",\"query-input\":\"required name=search_term_string\"}],\"inLanguage\":\"en-US\"},{\"@type\":\"ImageObject\",\"@id\":\"https:\/\/deutschcolor.com\/al\/product\/plastolit\/#primaryimage\",\"inLanguage\":\"en-US\",\"url\":\"https:\/\/deutschcolor.com\/al\/wp-content\/uploads\/2019\/12\/Plastolit-min.png\",\"width\":1000,\"height\":1000},{\"@type\":\"WebPage\",\"@id\":\"https:\/\/deutschcolor.com\/al\/product\/plastolit\/#webpage\",\"url\":\"https:\/\/deutschcolor.com\/al\/product\/plastolit\/\",\"name\":\"PLASTOLIT - Deutschcolor\",\"isPartOf\":{\"@id\":\"https:\/\/deutschcolor.com\/al\/#website\"},\"primaryImageOfPage\":{\"@id\":\"https:\/\/deutschcolor.com\/al\/product\/plastolit\/#primaryimage\"},\"datePublished\":\"2019-12-27T10:51:00+00:00\",\"dateModified\":\"2025-03-12T14:18:45+00:00\",\"description\":\"Ofron nj\\u00eb punueshm\\u00ebri m\\u00eb t\\u00eb mir\\u00eb kur p\\u00ebrzihet me r\\u00ebr\\u00eb me granulometri t\\u00eb seleksionuar. Cilesi p\\u00ebr shtepine dhe zyr\\u00ebn tuaj me Plastolit.\",\"breadcrumb\":{\"@id\":\"https:\/\/deutschcolor.com\/al\/product\/plastolit\/#breadcrumb\"},\"inLanguage\":\"en-US\",\"potentialAction\":[{\"@type\":\"ReadAction\",\"target\":[\"https:\/\/deutschcolor.com\/al\/product\/plastolit\/\"]}]},{\"@type\":\"BreadcrumbList\",\"@id\":\"https:\/\/deutschcolor.com\/al\/product\/plastolit\/#breadcrumb\",\"itemListElement\":[{\"@type\":\"ListItem\",\"position\":1,\"item\":{\"@type\":\"WebPage\",\"@id\":\"https:\/\/deutschcolor.com\/al\/\",\"url\":\"https:\/\/deutschcolor.com\/al\/\",\"name\":\"Home\"}},{\"@type\":\"ListItem\",\"position\":2,\"item\":{\"@type\":\"WebPage\",\"@id\":\"https:\/\/deutschcolor.com\/al\/shop\/\",\"url\":\"https:\/\/deutschcolor.com\/al\/shop\/\",\"name\":\"SHOP\"}},{\"@type\":\"ListItem\",\"position\":3,\"item\":{\"@type\":\"WebPage\",\"@id\":\"https:\/\/deutschcolor.com\/al\/product-category\/aditive\/\",\"url\":\"https:\/\/deutschcolor.com\/al\/product-category\/aditive\/\",\"name\":\"Aditiv\\u00eb\"}},{\"@type\":\"ListItem\",\"position\":4,\"item\":{\"@type\":\"WebPage\",\"@id\":\"https:\/\/deutschcolor.com\/al\/product-category\/aditive\/aditive-per-llac\/\",\"url\":\"https:\/\/deutschcolor.com\/al\/product-category\/aditive\/aditive-per-llac\/\",\"name\":\"6.1. Aditiv\\u00eb p\\u00ebr lla\\u00e7\"}},{\"@type\":\"ListItem\",\"position\":5,\"item\":{\"@type\":\"WebPage\",\"@id\":\"https:\/\/deutschcolor.com\/al\/product\/plastolit\/\",\"url\":\"https:\/\/deutschcolor.com\/al\/product\/plastolit\/\",\"name\":\"PLASTOLIT\"}}]}]}<\/script>\n<!-- \/ Yoast SEO plugin. -->","_links":{"self":[{"href":"https:\/\/deutschcolor.com\/al\/wp-json\/wp\/v2\/product\/24768","targetHints":{"allow":["GET"]}}],"collection":[{"href":"https:\/\/deutschcolor.com\/al\/wp-json\/wp\/v2\/product"}],"about":[{"href":"https:\/\/deutschcolor.com\/al\/wp-json\/wp\/v2\/types\/product"}],"replies":[{"embeddable":true,"href":"https:\/\/deutschcolor.com\/al\/wp-json\/wp\/v2\/comments?post=24768"}],"wp:featuredmedia":[{"embeddable":true,"href":"https:\/\/deutschcolor.com\/al\/wp-json\/wp\/v2\/media\/24769"}],"wp:attachment":[{"href":"https:\/\/deutschcolor.com\/al\/wp-json\/wp\/v2\/media?parent=24768"}],"curies":[{"name":"wp","href":"https:\/\/api.w.org\/{rel}","templated":true}]}}