{"id":24770,"date":"2019-12-27T10:53:21","date_gmt":"2019-12-27T10:53:21","guid":{"rendered":"https:\/\/deutschcolor.com\/al\/?post_type=product&#038;p=24770"},"modified":"2025-05-20T06:13:54","modified_gmt":"2025-05-20T06:13:54","slug":"admix-cem","status":"publish","type":"product","link":"https:\/\/deutschcolor.com\/al\/product\/admix-cem\/","title":{"rendered":"ADMIX CEM"},"content":{"rendered":"<p><strong>KARAKTERISTIKAT<\/strong><br \/>\n1 Reagon me \u00e7imenton gjat\u00eb pro\u00e7esit t\u00eb hidratimit,<br \/>\n2 Mund\u00ebson rritje t\u00eb substancave minerale q\u00eb bllokojn\u00eb kapilar\u00ebt e betonit dhe lla\u00e7it, duke siguruar k\u00ebshtu pap\u00ebrshkueshm\u00ebri t\u00eb lart\u00eb t\u00eb ujit ndaj lla\u00e7it ose betonit<br \/>\n3 Nuk k\u00ebrkon rritjen e sasis\u00eb s\u00eb ujit gjat\u00eb p\u00ebrzierjes.<br \/>\n4 Nuk p\u00ebrmban kloride<br \/>\n###<br \/>\n<strong>JET\u00cbGJAT\u00cbSIA DHE RUAJTJA<\/strong><br \/>\n24 muaj n\u00eb qoft\u00eb se ruhet n\u00eb paketim origjinal, i pahapur dhe t\u00eb mbrohet nga ekspozimi direkt n\u00eb diell dhe nga ngricat.<\/p>\n<p><strong>KONSUMI<\/strong><br \/>\n1 &#8211; 3 kg\/ 25Kg<\/p>\n<p><strong>PAKETIMI<\/strong><br \/>\nBidona plastik 1Kg \/ 5Kg \/ 10Kg<\/p>\n","protected":false},"excerpt":{"rendered":"<p>Pluhur hidroizolues p\u00ebr lla\u00e7 dhe beton, pa p\u00ebrmbajtje t\u00eb klorideve<\/p>\n","protected":false},"featured_media":24771,"comment_status":"closed","ping_status":"closed","template":"","meta":{"_glsr_average":0,"_glsr_ranking":0,"_glsr_reviews":0},"class_list":["post-24770","product","type-product","status-publish","has-post-thumbnail","hentry","product_cat-aditive","product_cat-aditive-per-beton"],"yoast_head":"<!-- This site is optimized with the Yoast SEO plugin v15.0 - https:\/\/yoast.com\/wordpress\/plugins\/seo\/ -->\n<title>Pluhur Hidroizolues P\u00ebr Lla\u00e7 Bhe Beton Admix Cem - Deutsch Color<\/title>\n<meta name=\"description\" content=\"Pluhur hidroizolues p\u00ebr lla\u00e7 dhe beton reagon me \u00e7imenton gjat\u00eb pro\u00e7esit t\u00eb hidratimit. Nuk k\u00ebrkon rritjen e sasis\u00eb s\u00eb ujit gjat\u00eb p\u00ebrzierjes.\" \/>\n<meta name=\"robots\" content=\"index, follow, max-snippet:-1, max-image-preview:large, max-video-preview:-1\" \/>\n<link rel=\"canonical\" href=\"https:\/\/deutschcolor.com\/al\/product\/admix-cem\/\" \/>\n<meta property=\"og:locale\" content=\"en_US\" \/>\n<meta property=\"og:type\" content=\"article\" \/>\n<meta property=\"og:title\" content=\"Pluhur Hidroizolues P\u00ebr Lla\u00e7 Bhe Beton Admix Cem - Deutsch Color\" \/>\n<meta property=\"og:description\" content=\"Pluhur hidroizolues p\u00ebr lla\u00e7 dhe beton reagon me \u00e7imenton gjat\u00eb pro\u00e7esit t\u00eb hidratimit. Nuk k\u00ebrkon rritjen e sasis\u00eb s\u00eb ujit gjat\u00eb p\u00ebrzierjes.\" \/>\n<meta property=\"og:url\" content=\"https:\/\/deutschcolor.com\/al\/product\/admix-cem\/\" \/>\n<meta property=\"og:site_name\" content=\"Deutschcolor\" \/>\n<meta property=\"article:publisher\" content=\"https:\/\/www.facebook.com\/deutschcolorofficial\" \/>\n<meta property=\"article:modified_time\" content=\"2025-05-20T06:13:54+00:00\" \/>\n<meta property=\"og:image\" content=\"https:\/\/deutschcolor.com\/al\/wp-content\/uploads\/2019\/12\/Admix-Cen-min.png\" \/>\n\t<meta property=\"og:image:width\" content=\"1000\" \/>\n\t<meta property=\"og:image:height\" content=\"1000\" \/>\n<meta name=\"twitter:card\" content=\"summary_large_image\" \/>\n<script type=\"application\/ld+json\" class=\"yoast-schema-graph\">{\"@context\":\"https:\/\/schema.org\",\"@graph\":[{\"@type\":\"WebSite\",\"@id\":\"https:\/\/deutschcolor.com\/al\/#website\",\"url\":\"https:\/\/deutschcolor.com\/al\/\",\"name\":\"Deutschcolor\",\"description\":\"Deutschcolor Albania\",\"potentialAction\":[{\"@type\":\"SearchAction\",\"target\":\"https:\/\/deutschcolor.com\/al\/?s={search_term_string}\",\"query-input\":\"required name=search_term_string\"}],\"inLanguage\":\"en-US\"},{\"@type\":\"ImageObject\",\"@id\":\"https:\/\/deutschcolor.com\/al\/product\/admix-cem\/#primaryimage\",\"inLanguage\":\"en-US\",\"url\":\"https:\/\/deutschcolor.com\/al\/wp-content\/uploads\/2019\/12\/Admix-Cen-min.png\",\"width\":1000,\"height\":1000},{\"@type\":\"WebPage\",\"@id\":\"https:\/\/deutschcolor.com\/al\/product\/admix-cem\/#webpage\",\"url\":\"https:\/\/deutschcolor.com\/al\/product\/admix-cem\/\",\"name\":\"Pluhur Hidroizolues P\\u00ebr Lla\\u00e7 Bhe Beton Admix Cem - Deutsch Color\",\"isPartOf\":{\"@id\":\"https:\/\/deutschcolor.com\/al\/#website\"},\"primaryImageOfPage\":{\"@id\":\"https:\/\/deutschcolor.com\/al\/product\/admix-cem\/#primaryimage\"},\"datePublished\":\"2019-12-27T10:53:21+00:00\",\"dateModified\":\"2025-05-20T06:13:54+00:00\",\"description\":\"Pluhur hidroizolues p\\u00ebr lla\\u00e7 dhe beton reagon me \\u00e7imenton gjat\\u00eb pro\\u00e7esit t\\u00eb hidratimit. Nuk k\\u00ebrkon rritjen e sasis\\u00eb s\\u00eb ujit gjat\\u00eb p\\u00ebrzierjes.\",\"breadcrumb\":{\"@id\":\"https:\/\/deutschcolor.com\/al\/product\/admix-cem\/#breadcrumb\"},\"inLanguage\":\"en-US\",\"potentialAction\":[{\"@type\":\"ReadAction\",\"target\":[\"https:\/\/deutschcolor.com\/al\/product\/admix-cem\/\"]}]},{\"@type\":\"BreadcrumbList\",\"@id\":\"https:\/\/deutschcolor.com\/al\/product\/admix-cem\/#breadcrumb\",\"itemListElement\":[{\"@type\":\"ListItem\",\"position\":1,\"item\":{\"@type\":\"WebPage\",\"@id\":\"https:\/\/deutschcolor.com\/al\/\",\"url\":\"https:\/\/deutschcolor.com\/al\/\",\"name\":\"Home\"}},{\"@type\":\"ListItem\",\"position\":2,\"item\":{\"@type\":\"WebPage\",\"@id\":\"https:\/\/deutschcolor.com\/al\/shop\/\",\"url\":\"https:\/\/deutschcolor.com\/al\/shop\/\",\"name\":\"SHOP\"}},{\"@type\":\"ListItem\",\"position\":3,\"item\":{\"@type\":\"WebPage\",\"@id\":\"https:\/\/deutschcolor.com\/al\/product-category\/aditive\/\",\"url\":\"https:\/\/deutschcolor.com\/al\/product-category\/aditive\/\",\"name\":\"Aditiv\\u00eb\"}},{\"@type\":\"ListItem\",\"position\":4,\"item\":{\"@type\":\"WebPage\",\"@id\":\"https:\/\/deutschcolor.com\/al\/product-category\/aditive\/aditive-per-beton\/\",\"url\":\"https:\/\/deutschcolor.com\/al\/product-category\/aditive\/aditive-per-beton\/\",\"name\":\"6.2. Aditiv\\u00eb p\\u00ebr beton\"}},{\"@type\":\"ListItem\",\"position\":5,\"item\":{\"@type\":\"WebPage\",\"@id\":\"https:\/\/deutschcolor.com\/al\/product\/admix-cem\/\",\"url\":\"https:\/\/deutschcolor.com\/al\/product\/admix-cem\/\",\"name\":\"ADMIX CEM\"}}]}]}<\/script>\n<!-- \/ Yoast SEO plugin. -->","_links":{"self":[{"href":"https:\/\/deutschcolor.com\/al\/wp-json\/wp\/v2\/product\/24770","targetHints":{"allow":["GET"]}}],"collection":[{"href":"https:\/\/deutschcolor.com\/al\/wp-json\/wp\/v2\/product"}],"about":[{"href":"https:\/\/deutschcolor.com\/al\/wp-json\/wp\/v2\/types\/product"}],"replies":[{"embeddable":true,"href":"https:\/\/deutschcolor.com\/al\/wp-json\/wp\/v2\/comments?post=24770"}],"wp:featuredmedia":[{"embeddable":true,"href":"https:\/\/deutschcolor.com\/al\/wp-json\/wp\/v2\/media\/24771"}],"wp:attachment":[{"href":"https:\/\/deutschcolor.com\/al\/wp-json\/wp\/v2\/media?parent=24770"}],"curies":[{"name":"wp","href":"https:\/\/api.w.org\/{rel}","templated":true}]}}